{"id":3252,"date":"2020-02-18T09:45:39","date_gmt":"2020-02-18T12:45:39","guid":{"rendered":"https:\/\/www.ufsm.br\/pro-reitorias\/proplan\/?page_id=3252"},"modified":"2022-01-06T13:51:44","modified_gmt":"2022-01-06T16:51:44","slug":"resolucao-n-004-1999","status":"publish","type":"page","link":"https:\/\/www.ufsm.br\/pro-reitorias\/proplan\/resolucao-n-004-1999","title":{"rendered":"Resolu\u00e7\u00e3o N. 004\/1999"},"content":{"rendered":"\t\t<div data-elementor-type=\"wp-page\" data-elementor-id=\"3252\" class=\"elementor elementor-3252\">\n\t\t\t\t\t\t<section class=\"elementor-section elementor-top-section elementor-element elementor-element-67da50b elementor-section-boxed elementor-section-height-default elementor-section-height-default\" data-id=\"67da50b\" data-element_type=\"section\">\n\t\t\t\t\t\t<div class=\"elementor-container elementor-column-gap-default\">\n\t\t\t\t\t<div class=\"elementor-column elementor-col-100 elementor-top-column elementor-element elementor-element-c505433\" data-id=\"c505433\" data-element_type=\"column\">\n\t\t\t<div class=\"elementor-widget-wrap elementor-element-populated\">\n\t\t\t\t\t\t<div class=\"elementor-element elementor-element-8cc12e5 elementor-widget elementor-widget-html\" data-id=\"8cc12e5\" data-element_type=\"widget\" data-widget_type=\"html.default\">\n\t\t\t\t<div class=\"elementor-widget-container\">\n\t\t\t\n\n\n<title><b>RESOLU\u00c7\u00c3O N. 004\/1999<\/b><\/title>\n\n\n<div align=\"center\"><img decoding=\"async\" src=\"https:\/\/www.ufsm.br\/pro-reitorias\/proplan\/wp-content\/uploads\/sites\/344\/2019\/09\/brasao-da-republica-do-brasil-logo.png\" alt=\"Bras\u00e3o Rep\u00fablica Federativa do Brasil\" width=\"6%\" height=\"6%\"><\/div>    \n<h1><font color=\"blue\"><font size=\"5\"><div align=\"center\">SERVI\u00c7O P\u00daBLICO FEDERAL<\/b><\/font><\/font><\/div><\/H1>\n<p><b><font color=\"0000blue\"><div align=\"center\">UNIVERSIDADE FEDERAL DE SANTA MARIA<\/b><\/font><\/div><\/p>\n\n<p><div align=\"center\"><b><a href=\"https:\/\/portal.ufsm.br\/documentos\/publico\/documento.html?id=4507662\"><font color=\"blue\">RESOLU\u00c7\u00c3O N. 004\/1999<\/font><\/a><\/b><\/div><\/p>\n<br>\n<p><div align=\"right\"><font color=\"800000\"><strike>Disciplina a tramita\u00e7\u00e3o dos processos de compra de aparelhos\/equipamentos eletro-eletr\u00f4nicos na Institui\u00e7\u00e3o.<\/strike><\/font><\/div><\/p>\n<br>\n<br><div align=\"justify\">\n<p><a href=\"https:\/\/www.ufsm.br\/pro-reitorias\/proplan\/resolucao-ufsm-n-055-2021\/\"><font color=\"blue\">Revogado pela Resolu\u00e7\u00e3o N. 055\/2021<\/font><\/a><\/p><\/p>\n<br>\n<strike>\n<p>O REITOR DA UNIVERSIDADE FEDERAL DE SANTA MARIA, usando as atribui\u00e7\u00f5es que lhe conferem o Regimento Geral e o Estatuto da Institui\u00e7\u00e3o e, considerando:<\/p>\n<p>- a necessidade de disciplinar a tramita\u00e7\u00e3o dos processos para aquisi\u00e7\u00e3o e\/ou instala\u00e7\u00e3o de aparelhos\/equipamentos eletro-eletr\u00f4nicos no \u00e2mbito da Institui\u00e7\u00e3o;<\/p>\n<p>- o reduzido n\u00famero de servidores na fun\u00e7\u00e3o de eletricista na Institui\u00e7\u00e3o;<\/p>\n<p>- a crescente demanda e a consequente demora para a execu\u00e7\u00e3o de servi\u00e7os de instala\u00e7\u00e3o de aparelhos\/equipamentos eletro-eletr\u00f4nicos;<\/p>\n<p>- as diversas atividades a serem executadas, tais como: manuten\u00e7\u00e3o das instala\u00e7\u00f5es el\u00e9tricas prediais em alta e baixa tens\u00e3o no Campus e na Cidade; redes de distribui\u00e7\u00e3o em alta e baixa tens\u00e3o e ilumina\u00e7\u00e3o p\u00fablica no Campus; instala\u00e7\u00e3o e reinstala\u00e7\u00e3o de equipamentos el\u00e9tricos; execu\u00e7\u00e3o de instala\u00e7\u00f5es novas; adequa\u00e7\u00e3o de instala\u00e7\u00f5es em fun\u00e7\u00e3o de altera\u00e7\u00f5es dos espa\u00e7os f\u00edsicos:<\/p>\n<br>\n<p><div align=\"center\">RESOLVE:<\/div><\/p>\n<br>\n<p>Disciplinar a tramita\u00e7\u00e3o dos processos de compra de aparelhos\/equipamentos eletro-eletr\u00f4nicos na Institui\u00e7\u00e3o:<\/p>\n<p>I - Antes de ser remetido ao DEMAPA para licita\u00e7\u00e3o, o processo de compra deve ser enviado \u00e0 Coordenadoria de Obras e Manuten\u00e7\u00e3o da Prefeitura da Cidade Universit\u00e1ria para an\u00e1lise e parecer t\u00e9cnico, onde devem constar todas as necessidades para execu\u00e7\u00e3o, bem como anexar um croqui (projeto) informando a maneira correta da instala\u00e7\u00e3o;<\/p>\n<p>II - Ser\u00e1 de responsabilidade da Coordenadoria de Obras e Manuten\u00e7\u00e3o da Prefeitura da Cidade Universit\u00e1ria verificar as condi\u00e7\u00f5es do local, bem como informar todos os servi\u00e7os e materiais necess\u00e1rios para a devida instala\u00e7\u00e3o do(s) aparelho(s)\/equipamento(s);<\/p>\n<p>III - No processo de aquisi\u00e7\u00e3o de aparelhos\/equipamentos eletroeletr\u00f4nicos deve ser inclu\u00eddo o custo dos servi\u00e7os de instala\u00e7\u00e3o;<\/p>\n<p>IV - Ap\u00f3s a execu\u00e7\u00e3o do estabelecido nos itens anteriores, o processo deve ser encaminhado ao DEMAPA para que seja procedida a licita\u00e7\u00e3o;<\/p>\n<p>V - O processo somente ser\u00e1 liberado para pagamento ap\u00f3s a vistoria, pela Prefeitura da Cidade Universit\u00e1ria, dos servi\u00e7os executados.<\/p>\n\n\n\n<p>GABINETE DO REITOR DA UNIVERSIDADE FEDERAL DE SANTA MARIA, aos vinte e oito dias do m\u00eas de abril de mil, novecentos e noventa e nove.<\/p>\n<\/div>\n<p>Paulo Jorge Sarkis.<\/p>\n\n<p><font color=\"red0000\">Este texto n\u00e3o substitui o documento original, publicado no Portal de Documentos.<\/font> Dispon\u00edvel em: <a href=\"https:\/\/portal.ufsm.br\/documentos\/publico\/documento.html?id=4507662\"><font color=\"blue\">https:\/\/portal.ufsm.br\/documentos\/publico\/documento.html?id=4507662<\/font><\/a>\n<\/strike>\n\n\t\t<\/div>\n\t\t\t\t<\/div>\n\t\t\t\t\t<\/div>\n\t\t<\/div>\n\t\t\t\t\t<\/div>\n\t\t<\/section>\n\t\t\t\t<\/div>\n\t\t","protected":false},"excerpt":{"rendered":"<p>RESOLU\u00c7\u00c3O N. 004\/1999 SERVI\u00c7O P\u00daBLICO FEDERAL UNIVERSIDADE FEDERAL DE SANTA MARIA RESOLU\u00c7\u00c3O N. 004\/1999 Disciplina a tramita\u00e7\u00e3o dos processos de compra de aparelhos\/equipamentos eletro-eletr\u00f4nicos na Institui\u00e7\u00e3o. Revogado pela Resolu\u00e7\u00e3o N. 055\/2021 O REITOR DA UNIVERSIDADE FEDERAL DE SANTA MARIA, usando as atribui\u00e7\u00f5es que lhe conferem o Regimento Geral e o Estatuto da Institui\u00e7\u00e3o e, considerando: [&hellip;]<\/p>\n","protected":false},"author":205,"featured_media":0,"parent":0,"menu_order":0,"comment_status":"closed","ping_status":"closed","template":"","meta":{"footnotes":""},"categories":[],"tags":[],"class_list":["post-3252","page","type-page","status-publish","hentry"],"acf":[],"_links":{"self":[{"href":"https:\/\/www.ufsm.br\/pro-reitorias\/proplan\/wp-json\/wp\/v2\/pages\/3252","targetHints":{"allow":["GET"]}}],"collection":[{"href":"https:\/\/www.ufsm.br\/pro-reitorias\/proplan\/wp-json\/wp\/v2\/pages"}],"about":[{"href":"https:\/\/www.ufsm.br\/pro-reitorias\/proplan\/wp-json\/wp\/v2\/types\/page"}],"author":[{"embeddable":true,"href":"https:\/\/www.ufsm.br\/pro-reitorias\/proplan\/wp-json\/wp\/v2\/users\/205"}],"replies":[{"embeddable":true,"href":"https:\/\/www.ufsm.br\/pro-reitorias\/proplan\/wp-json\/wp\/v2\/comments?post=3252"}],"version-history":[{"count":0,"href":"https:\/\/www.ufsm.br\/pro-reitorias\/proplan\/wp-json\/wp\/v2\/pages\/3252\/revisions"}],"wp:attachment":[{"href":"https:\/\/www.ufsm.br\/pro-reitorias\/proplan\/wp-json\/wp\/v2\/media?parent=3252"}],"wp:term":[{"taxonomy":"category","embeddable":true,"href":"https:\/\/www.ufsm.br\/pro-reitorias\/proplan\/wp-json\/wp\/v2\/categories?post=3252"},{"taxonomy":"post_tag","embeddable":true,"href":"https:\/\/www.ufsm.br\/pro-reitorias\/proplan\/wp-json\/wp\/v2\/tags?post=3252"}],"curies":[{"name":"wp","href":"https:\/\/api.w.org\/{rel}","templated":true}]}}