{"id":3253,"date":"2020-02-18T09:45:43","date_gmt":"2020-02-18T12:45:43","guid":{"rendered":"https:\/\/www.ufsm.br\/pro-reitorias\/proplan\/?page_id=3253"},"modified":"2020-05-27T18:42:54","modified_gmt":"2020-05-27T21:42:54","slug":"resolucao-n-005-1999","status":"publish","type":"page","link":"https:\/\/www.ufsm.br\/pro-reitorias\/proplan\/resolucao-n-005-1999","title":{"rendered":"Resolu\u00e7\u00e3o N. 005\/1999"},"content":{"rendered":"\t\t<div data-elementor-type=\"wp-page\" data-elementor-id=\"3253\" class=\"elementor elementor-3253\">\n\t\t\t\t\t\t<section class=\"elementor-section elementor-top-section elementor-element elementor-element-1453c7a elementor-section-boxed elementor-section-height-default elementor-section-height-default\" data-id=\"1453c7a\" data-element_type=\"section\">\n\t\t\t\t\t\t<div class=\"elementor-container elementor-column-gap-default\">\n\t\t\t\t\t<div class=\"elementor-column elementor-col-100 elementor-top-column elementor-element elementor-element-c508c2e\" data-id=\"c508c2e\" data-element_type=\"column\">\n\t\t\t<div class=\"elementor-widget-wrap elementor-element-populated\">\n\t\t\t\t\t\t<div class=\"elementor-element elementor-element-2d486bf elementor-widget elementor-widget-html\" data-id=\"2d486bf\" data-element_type=\"widget\" data-widget_type=\"html.default\">\n\t\t\t\t<div class=\"elementor-widget-container\">\n\t\t\t\r\n\r\n\r\n<title><b>RESOLU\u00c7\u00c3O N. 005\/1999<\/b><\/title>\r\n\r\n\r\n<div align=\"center\"><img decoding=\"async\" src=\"https:\/\/www.ufsm.br\/pro-reitorias\/proplan\/wp-content\/uploads\/sites\/344\/2019\/09\/brasao-da-republica-do-brasil-logo.png\" alt=\"Bras\u00e3o Rep\u00fablica Federativa do Brasil\" width=\"6%\" height=\"6%\"><\/div>    \r\n<h1><font color=\"blue\"><font size=\"5\"><div align=\"center\">SERVI\u00c7O P\u00daBLICO FEDERAL<\/b><\/font><\/font><\/div><\/H1>\r\n\r\n<p><div align=\"center\"><b><a href=\"https:\/\/portal.ufsm.br\/documentos\/publico\/documento.html?id=4507668\"><font color=\"blue\">RESOLU\u00c7\u00c3O N. 005\/1999<\/font><\/a><\/b><\/div><\/p>\r\n<br>\r\n<p><div align=\"right\"><font color=\"800000\"><strike>Altera a Resolu\u00e7\u00e3o n\u00ba 0007\/93 que regulamenta a contrata\u00e7\u00e3o de Professores Visitantes, de acordo com o Artigo 8\u00ba do Anexo ao Decreto n\u00ba 94664, de 23.07.87.<\/strike><\/font><\/div><\/p>\r\n<br>\r\n<p><a href=\"https:\/\/www.ufsm.br\/pro-reitorias\/proplan\/resolucao-n-006-2007\/\"><font color=\"blue\">Revogada pela Resolu\u00e7\u00e3o N. 006\/2007<\/font><\/a><\/p>\r\n<br>\r\n<br><div align=\"justify\">\r\n<strike>\r\n<p>O Reitor da UNIVERSIDADE FEDERAL DE SANTA MARIA, no uso de suas atribui\u00e7\u00f5es legais e estatut\u00e1rias, tendo em vista a decis\u00e3o aprovada e alterada, pelo Conselho de Ensino, Pesquisa e Extens\u00e3o, nas Sess\u00f5es n\u00ba 407 de 21.06.92, n\u00ba 415 de 15.12.92 e Sess\u00e3o n\u00ba 548 de 20.04.99, respectivamente<\/p>\r\n<br>\r\n<p><div align=\"center\">RESOLVE:<\/div><\/p>\r\n<br>\r\n<p>Declarar que a contrata\u00e7\u00e3o de Professor Visitante por esta Universidade far-se-\u00e1 de acordo com as seguintes Normas Internas Complementares ao que disp\u00f5e o Artigo 8\u00ba e seus par\u00e1grafos 1\u00ba e 2\u00ba do Anexo ao <a href=\"http:\/\/www.planalto.gov.br\/ccivil_03\/decreto\/antigos\/d94664.htm\" target=\"_blank\"><font color=\"blue\"><u>Decreto n\u00ba 94664, de 23.07.87<\/u><\/font><\/a>:<\/p>\r\n\r\n<p>Art. 1\u00ba Poder\u00e3o ser contratados Professores Visitantes para o atendimento do Ensino (prioritariamente de P\u00f3s-Gradua\u00e7\u00e3o) e a Pesquisa.<\/p>\r\n<p>Art. 2\u00ba Somente ser\u00e3o contratados como Professores Visitantes portadores do t\u00edtulo de Doutor ou de Not\u00f3rio Saber obtido na forma da legisla\u00e7\u00e3o vigente.<\/p>\r\n<p>Art. 3\u00ba A contrata\u00e7\u00e3o de Professor Visitante resultar\u00e1 da elabora\u00e7\u00e3o de proposta detalhada do plano de trabalho em rela\u00e7\u00e3o ao ensino e a pesquisa. A mesma dever\u00e1 ser aprovada no Colegiado da P\u00f3s-Gradua\u00e7\u00e3o, encaminhada ao Departamento, Conselho de Centro e homologada pelo CEPE.<\/p>\r\n<p>Art. 4\u00ba Para aprova\u00e7\u00e3o no Conselho do Centro a proposta deve conter parecer t\u00e9cnico da Pr\u00f3-Reitoria de P\u00f3s-Gradua\u00e7\u00e3o e Pesquisa (PRPGP) e da Comiss\u00e3o Permanente de Pessoal Docente (CPPD) e da Pr\u00f3-Reitoria de Planejamento (Proplan), com garantia da exist\u00eancia dos recursos necess\u00e1rios, dada pela Administra\u00e7\u00e3o Superior da Universidade.<\/p>\r\n<p>Art.5\u00ba A escolha do Professor Visitante far-se-\u00e1 atrav\u00e9s de processo seletivo simplificado divulgado na imprensa e consistir\u00e1 essencialmente no exame do \u201cCurriculum Vitae\u201d, de car\u00e1ter eliminat\u00f3rio. A crit\u00e9rio da banca examinadora a escolha poder\u00e1 ser complementada por uma entrevista.<\/p>\r\n<p>Art.6\u00ba O contrato de loca\u00e7\u00e3o de servi\u00e7os de Professor Visitante, vigorar\u00e1 pelo prazo m\u00e1ximo de 4 anos e conter\u00e1 cl\u00e1usula detalhando os objetivos a serem atingidos em etapas previstas no projeto, cujo n\u00e3o atendimento caracterizar\u00e1 justa causa para rescis\u00e3o.<\/p>\r\n<p>Par\u00e1grafo \u00fanico - Os Professores Visitantes contratados pela Universidade Federal de Santa Maria, o ser\u00e3o como Professores Titulares, Doutores em Dedica\u00e7\u00e3o Exclusiva. N\u00e3o sendo poss\u00edvel ao docente a sua dedica\u00e7\u00e3o exclusiva \u00e0 Universidade, ele poder\u00e1 ser contratado por outros regimes. Em qualquer caso ele o ser\u00e1 por tempo determinado e amplamente variado.<\/p>\r\n\r\n<p>Art.7\u00ba Esta Resolu\u00e7\u00e3o entra em vigor na data de sua publica\u00e7\u00e3o, revogando-se a <a href=\"https:\/\/www.ufsm.br\/pro-reitorias\/proplan\/resolucao-n-007-1993\/\" target=\"_blank\"><font color=\"blue\"><u>Resolu\u00e7\u00e3o n\u00ba 0007\/93<\/u><\/font><\/a>.<\/p>\r\n\r\n<p>GABINETE DO REITOR DA UNIVERSIDADE FEDERAL DE SANTA MARIA, aos sete dias do m\u00eas de maio do ano de mil, novecentos e noventa e nove.<\/p>\r\n<\/div>\r\n<p>Paulo Jorge Sarkis.<\/p>\r\n<\/strike>\r\n<p><font color=\"red0000\">Este texto n\u00e3o substitui o documento original, publicado no Portal de Documentos.<\/font> Dispon\u00edvel em: <a href=\"https:\/\/portal.ufsm.br\/documentos\/publico\/documento.html?id=4507668\"><font color=\"blue\">https:\/\/portal.ufsm.br\/documentos\/publico\/documento.html?id=4507668<\/font><\/a>\r\n\r\n\t\t<\/div>\n\t\t\t\t<\/div>\n\t\t\t\t\t<\/div>\n\t\t<\/div>\n\t\t\t\t\t<\/div>\n\t\t<\/section>\n\t\t\t\t<\/div>\n\t\t","protected":false},"excerpt":{"rendered":"<p>RESOLU\u00c7\u00c3O N. 005\/1999 SERVI\u00c7O P\u00daBLICO FEDERAL RESOLU\u00c7\u00c3O N. 005\/1999 Altera a Resolu\u00e7\u00e3o n\u00ba 0007\/93 que regulamenta a contrata\u00e7\u00e3o de Professores Visitantes, de acordo com o Artigo 8\u00ba do Anexo ao Decreto n\u00ba 94664, de 23.07.87. Revogada pela Resolu\u00e7\u00e3o N. 006\/2007 O Reitor da UNIVERSIDADE FEDERAL DE SANTA MARIA, no uso de suas atribui\u00e7\u00f5es legais e [&hellip;]<\/p>\n","protected":false},"author":205,"featured_media":0,"parent":0,"menu_order":0,"comment_status":"closed","ping_status":"closed","template":"","meta":{"footnotes":""},"categories":[],"tags":[],"class_list":["post-3253","page","type-page","status-publish","hentry"],"acf":[],"_links":{"self":[{"href":"https:\/\/www.ufsm.br\/pro-reitorias\/proplan\/wp-json\/wp\/v2\/pages\/3253","targetHints":{"allow":["GET"]}}],"collection":[{"href":"https:\/\/www.ufsm.br\/pro-reitorias\/proplan\/wp-json\/wp\/v2\/pages"}],"about":[{"href":"https:\/\/www.ufsm.br\/pro-reitorias\/proplan\/wp-json\/wp\/v2\/types\/page"}],"author":[{"embeddable":true,"href":"https:\/\/www.ufsm.br\/pro-reitorias\/proplan\/wp-json\/wp\/v2\/users\/205"}],"replies":[{"embeddable":true,"href":"https:\/\/www.ufsm.br\/pro-reitorias\/proplan\/wp-json\/wp\/v2\/comments?post=3253"}],"version-history":[{"count":0,"href":"https:\/\/www.ufsm.br\/pro-reitorias\/proplan\/wp-json\/wp\/v2\/pages\/3253\/revisions"}],"wp:attachment":[{"href":"https:\/\/www.ufsm.br\/pro-reitorias\/proplan\/wp-json\/wp\/v2\/media?parent=3253"}],"wp:term":[{"taxonomy":"category","embeddable":true,"href":"https:\/\/www.ufsm.br\/pro-reitorias\/proplan\/wp-json\/wp\/v2\/categories?post=3253"},{"taxonomy":"post_tag","embeddable":true,"href":"https:\/\/www.ufsm.br\/pro-reitorias\/proplan\/wp-json\/wp\/v2\/tags?post=3253"}],"curies":[{"name":"wp","href":"https:\/\/api.w.org\/{rel}","templated":true}]}}