{"id":3254,"date":"2020-02-18T09:51:58","date_gmt":"2020-02-18T12:51:58","guid":{"rendered":"https:\/\/www.ufsm.br\/pro-reitorias\/proplan\/?page_id=3254"},"modified":"2023-01-03T16:06:38","modified_gmt":"2023-01-03T19:06:38","slug":"resolucao-n-010-1999","status":"publish","type":"page","link":"https:\/\/www.ufsm.br\/pro-reitorias\/proplan\/resolucao-n-010-1999","title":{"rendered":"Resolu\u00e7\u00e3o N. 010\/1999"},"content":{"rendered":"\t\t<div data-elementor-type=\"wp-page\" data-elementor-id=\"3254\" class=\"elementor elementor-3254\">\n\t\t\t\t\t\t<section class=\"elementor-section elementor-top-section elementor-element elementor-element-02b4baf elementor-section-boxed elementor-section-height-default elementor-section-height-default\" data-id=\"02b4baf\" data-element_type=\"section\">\n\t\t\t\t\t\t<div class=\"elementor-container elementor-column-gap-default\">\n\t\t\t\t\t<div class=\"elementor-column elementor-col-100 elementor-top-column elementor-element elementor-element-aa88ed6\" data-id=\"aa88ed6\" data-element_type=\"column\">\n\t\t\t<div class=\"elementor-widget-wrap elementor-element-populated\">\n\t\t\t\t\t\t<div class=\"elementor-element elementor-element-2c69610 elementor-widget elementor-widget-html\" data-id=\"2c69610\" data-element_type=\"widget\" data-widget_type=\"html.default\">\n\t\t\t\t<div class=\"elementor-widget-container\">\n\t\t\t\r\n\r\n\r\n<title><b>RESOLU\u00c7\u00c3O N. 010\/1999<\/b><\/title>\r\n\r\n\r\n<div align=\"center\"><img decoding=\"async\" src=\"https:\/\/www.ufsm.br\/pro-reitorias\/proplan\/wp-content\/uploads\/sites\/344\/2019\/09\/brasao-da-republica-do-brasil-logo.png\" alt=\"Bras\u00e3o Rep\u00fablica Federativa do Brasil\" width=\"6%\" height=\"6%\"><\/div>    \r\n<h1><font color=\"blue\"><font size=\"5\"><div align=\"center\">MINIST\u00c9RIO DA EDUCA\u00c7\u00c3O<\/b><\/font><\/font><\/div><\/H1>\r\n<p><b><font color=\"0000blue\"><div align=\"center\">UNIVERSIDADE FEDERAL DE SANTA MARIA<\/b><\/font><\/div><\/p>\r\n\r\n<p><div align=\"center\"><b><a href=\"https:\/\/portal.ufsm.br\/documentos\/publico\/documento.html?id=4507641\"><font color=\"blue\">RESOLU\u00c7\u00c3O N. 010\/1999<\/font><\/a><\/b><\/div><\/p>\r\n<br>\r\n<p><div align=\"right\"><font color=\"800000\"><S>Cria o F\u00f3rum de Licenciaturas na UFSM<\/s><\/font><\/div><\/p>\r\n<br>\r\n<p><a href=\"https:\/\/www.ufsm.br\/pro-reitorias\/proplan\/?page_id=4859\"><font color=\"blue\">Revogada pela Resolu\u00e7\u00e3o N. 082\/2022<\/font><\/a><\/p>\r\n<br><div align=\"justify\">\r\n<p><s>O REITOR DA UNIVERSIDADE FEDERAL DE SANTA MARIA, usando as atribui\u00e7\u00f5es que lhe conferem o Regimento Geral e o Estatuto da Institui\u00e7\u00e3o e, considerando a necessidade de:<\/p>\r\n<p>- tra\u00e7ar uma pol\u00edtica que contribua para unificar as a\u00e7\u00f5es dos Cursos de Licenciatura da UFSM;<\/p>\r\n<p>- readequar os Cursos de Forma\u00e7\u00e3o de Professores \u00e0s novas exig\u00eancias legais, s\u00f3cio-pol\u00edtico-econ\u00f4micas e culturais do momento em que vivemos;<\/p>\r\n<p>- fortalecer as rela\u00e7\u00f5es entre Universidade e Ensino Fundamental e M\u00e9dio de maneira sistem\u00e1tica e adequada;<\/p>\r\n<p>- instalar o F\u00f3rum de Licenciaturas, aprovado pelos Diretores de Centro formadores de Professores, desta Universidade,<\/p>\r\n<br>\r\n<p><div align=\"center\">RESOLVE:<\/div><\/p>\r\n<br>\r\n<p>Art. 1\u00ba Criar o F\u00f3rum de Licenciaturas, vinculado \u00e0 PROGRAD, cujos objetivos, composi\u00e7\u00e3o, funcionamento e a\u00e7\u00f5es s\u00e3o contemplados na presente Resolu\u00e7\u00e3o.<\/p>\r\n<p>Art. 2\u00ba O F\u00f3rum de Licenciaturas tem como objetivos:<\/p>\r\n<p>I - Discutir os pontos fundamentais da pol\u00edtica de forma\u00e7\u00e3o de professores da UFSM;<\/p>\r\n<p>II - Encaminhar \u00e0s coordena\u00e7\u00f5es dos Cursos de Licenciatura orienta\u00e7\u00f5es resultantes do processo de discuss\u00e3o;<\/p>\r\n<p>III - Manter permanente di\u00e1logo com a PROGRAD e institui\u00e7\u00f5es ligadas ao ensino a respeito das discuss\u00f5es.<\/p>\r\n\r\n<p>Art. 3\u00ba O F\u00f3rum de Licenciaturas ser\u00e1 composto por:<\/p>\r\n<p>I - Pr\u00f3-Reitor de Gradua\u00e7\u00e3o da UFSM;<\/p>\r\n<p>II - Coordenador de Planejamento Acad\u00eamico da PROGRAD;<\/p>\r\n<p>III - Coordenadores dos Cursos de Licenciaturas da UFSM;<\/p>\r\n<p>IV - 02(dois) representantes discentes, regularmente matriculados em diferentes Cursos de Licenciaturas da Universidade Federal de Santa Maria, indicados pelo DCE;<\/p>\r\n<p>V - 01(um) representante da Secretaria Estadual de Educa\u00e7\u00e3o indicado pela Delegacia de Educa\u00e7\u00e3o local;<\/p>\r\n<p>VI - 01(um) representante da Secretaria Municipal de Educa\u00e7\u00e3o, indicado pela pr\u00f3pria Secretaria.<\/p>\r\n<p>\u00a7 1\u00ba - A presid\u00eancia do F\u00f3rum estar\u00e1 com o Pr\u00f3-Reitor de Gradua\u00e7\u00e3o.<\/p>\r\n<p>\u00a7 2\u00ba - O F\u00f3rum escolher\u00e1, dentre os Coordenadores dos Cursos de Licenciaturas, uma Comiss\u00e3o Executiva, composta de quatro Coordenadores e um representante da PROGRAD, com mandato de dois anos, para assessorar o Presidente na condu\u00e7\u00e3o dos trabalhos do F\u00f3rum.<\/p>\r\n\r\n<p>Art. 4\u00ba A Comiss\u00e3o executiva reunir-se-\u00e1 regularmente e o F\u00f3rum ser\u00e1 convocado para posicionar-se diante das decis\u00f5es da Comiss\u00e3o, de acordo com as necessidades da pauta.<\/p>\r\n<p>Art. 5\u00ba Considerar-se-\u00e3o relevantes as a\u00e7\u00f5es do F\u00f3rum de Licenciaturas com os seguintes prop\u00f3sitos:<\/p>\r\n<p>1 - Desenvolver uma reflex\u00e3o permanente sobre a forma\u00e7\u00e3o do professor-educador e seu papel como futuro agente do processo educativo;<\/p>\r\n<p>2 - Sensibilizar o corpo docente e discente dos Cursos de Licenciatura para a necessidade de uma an\u00e1lise e de um posicionamento frente aos valores contempor\u00e2neos;<\/p>\r\n<p>3 - Imprimir uma filosofia que concorra para a unidade de a\u00e7\u00e3o em todos os Cursos de Licenciatura da UFSM, com vistas \u00e0 forma\u00e7\u00e3o integral do futuro professor;<\/p>\r\n<p>4 - Estabelecer-se como \u00f3rg\u00e3o sistematizador dos documentos MEC\/CNE\/UFSM, contribuindo para a qualifica\u00e7\u00e3o dos Cursos de Licenciaturas;<\/p>\r\n<p>5 - Fixar modalidades objetivas que permitam um tratamento metodol\u00f3gico e experimental espec\u00edfico para cada \u00e1rea de conhecimento, objeto da forma\u00e7\u00e3o do futuro professor a fim de instrumentaliz\u00e1-lo para garantir a efici\u00eancia do processo educativo;<\/p>\r\n<p>6 - Atuar como \u00f3rg\u00e3o de apoio aos Colegiados dos Cursos de Licenciatura;<\/p>\r\n<p>7 - Acompanhar, estudar e divulgar diretrizes e proposi\u00e7\u00f5es emanadas dos \u00f3rg\u00e3os respons\u00e1veis pelo Ensino Fundamental e M\u00e9dio, visando a melhoria qualitativa da forma\u00e7\u00e3o de recursos humanos para a educa\u00e7\u00e3o.<\/p>\r\n\r\n<p>Art. 6\u00ba Esta Resolu\u00e7\u00e3o entra em vigor na data de sua publica\u00e7\u00e3o, revogadas todas as disposi\u00e7\u00f5es anteriores ou contr\u00e1rias.<\/p>\r\n\r\n<p>GABINETE DO REITOR DA UNIVERSIDADE FEDERAL DE SANTA MARIA, aos vinte e tr\u00eas dias do m\u00eas de julho de mil, novecentos e noventa e nove.<\/p>\r\n<\/div>\r\n<p>Paulo Jorge Sarkis.<\/s><\/p>\r\n\r\n<p><font color=\"red0000\">Este texto n\u00e3o substitui o documento original, publicado no Portal de Documentos.<\/font> Dispon\u00edvel em: <a href=\"https:\/\/portal.ufsm.br\/documentos\/publico\/documento.html?id=4507641\"><font color=\"blue\">https:\/\/portal.ufsm.br\/documentos\/publico\/documento.html?id=4507641<\/font><\/a>\r\n\r\n\t\t<\/div>\n\t\t\t\t<\/div>\n\t\t\t\t\t<\/div>\n\t\t<\/div>\n\t\t\t\t\t<\/div>\n\t\t<\/section>\n\t\t\t\t<\/div>\n\t\t","protected":false},"excerpt":{"rendered":"<p>RESOLU\u00c7\u00c3O N. 010\/1999 MINIST\u00c9RIO DA EDUCA\u00c7\u00c3O UNIVERSIDADE FEDERAL DE SANTA MARIA RESOLU\u00c7\u00c3O N. 010\/1999 Cria o F\u00f3rum de Licenciaturas na UFSM Revogada pela Resolu\u00e7\u00e3o N. 082\/2022 O REITOR DA UNIVERSIDADE FEDERAL DE SANTA MARIA, usando as atribui\u00e7\u00f5es que lhe conferem o Regimento Geral e o Estatuto da Institui\u00e7\u00e3o e, considerando a necessidade de: &#8211; tra\u00e7ar [&hellip;]<\/p>\n","protected":false},"author":205,"featured_media":0,"parent":0,"menu_order":0,"comment_status":"closed","ping_status":"closed","template":"","meta":{"footnotes":""},"categories":[],"tags":[],"class_list":["post-3254","page","type-page","status-publish","hentry"],"acf":[],"_links":{"self":[{"href":"https:\/\/www.ufsm.br\/pro-reitorias\/proplan\/wp-json\/wp\/v2\/pages\/3254","targetHints":{"allow":["GET"]}}],"collection":[{"href":"https:\/\/www.ufsm.br\/pro-reitorias\/proplan\/wp-json\/wp\/v2\/pages"}],"about":[{"href":"https:\/\/www.ufsm.br\/pro-reitorias\/proplan\/wp-json\/wp\/v2\/types\/page"}],"author":[{"embeddable":true,"href":"https:\/\/www.ufsm.br\/pro-reitorias\/proplan\/wp-json\/wp\/v2\/users\/205"}],"replies":[{"embeddable":true,"href":"https:\/\/www.ufsm.br\/pro-reitorias\/proplan\/wp-json\/wp\/v2\/comments?post=3254"}],"version-history":[{"count":0,"href":"https:\/\/www.ufsm.br\/pro-reitorias\/proplan\/wp-json\/wp\/v2\/pages\/3254\/revisions"}],"wp:attachment":[{"href":"https:\/\/www.ufsm.br\/pro-reitorias\/proplan\/wp-json\/wp\/v2\/media?parent=3254"}],"wp:term":[{"taxonomy":"category","embeddable":true,"href":"https:\/\/www.ufsm.br\/pro-reitorias\/proplan\/wp-json\/wp\/v2\/categories?post=3254"},{"taxonomy":"post_tag","embeddable":true,"href":"https:\/\/www.ufsm.br\/pro-reitorias\/proplan\/wp-json\/wp\/v2\/tags?post=3254"}],"curies":[{"name":"wp","href":"https:\/\/api.w.org\/{rel}","templated":true}]}}