{"id":3255,"date":"2020-02-18T09:51:52","date_gmt":"2020-02-18T12:51:52","guid":{"rendered":"https:\/\/www.ufsm.br\/pro-reitorias\/proplan\/?page_id=3255"},"modified":"2020-07-20T13:30:38","modified_gmt":"2020-07-20T16:30:38","slug":"resolucao-n-009-1999","status":"publish","type":"page","link":"https:\/\/www.ufsm.br\/pro-reitorias\/proplan\/resolucao-n-009-1999","title":{"rendered":"Resolu\u00e7\u00e3o N. 009\/1999"},"content":{"rendered":"\t\t<div data-elementor-type=\"wp-page\" data-elementor-id=\"3255\" class=\"elementor elementor-3255\">\n\t\t\t\t\t\t<section class=\"elementor-section elementor-top-section elementor-element elementor-element-24c8d1c elementor-section-boxed elementor-section-height-default elementor-section-height-default\" data-id=\"24c8d1c\" data-element_type=\"section\">\n\t\t\t\t\t\t<div class=\"elementor-container elementor-column-gap-default\">\n\t\t\t\t\t<div class=\"elementor-column elementor-col-100 elementor-top-column elementor-element elementor-element-58ed90d\" data-id=\"58ed90d\" data-element_type=\"column\">\n\t\t\t<div class=\"elementor-widget-wrap elementor-element-populated\">\n\t\t\t\t\t\t<div class=\"elementor-element elementor-element-ca4a016 elementor-widget elementor-widget-html\" data-id=\"ca4a016\" data-element_type=\"widget\" data-widget_type=\"html.default\">\n\t\t\t\t<div class=\"elementor-widget-container\">\n\t\t\t\r\n\r\n\r\n<title><b>RESOLU\u00c7\u00c3O N. 009\/1999<\/b><\/title>\r\n\r\n\r\n<div align=\"center\"><img decoding=\"async\" src=\"https:\/\/www.ufsm.br\/pro-reitorias\/proplan\/wp-content\/uploads\/sites\/344\/2019\/09\/brasao-da-republica-do-brasil-logo.png\" alt=\"Bras\u00e3o Rep\u00fablica Federativa do Brasil\" width=\"6%\" height=\"6%\"><\/div>    \r\n<h1><font color=\"blue\"><font size=\"5\"><div align=\"center\">MINIST\u00c9RIO DA EDUCA\u00c7\u00c3O<\/b><\/font><\/font><\/div><\/H1>\r\n<p><b><font color=\"0000blue\"><div align=\"center\">UNIVERSIDADE FEDERAL DE SANTA MARIA<\/b><\/font><\/div><\/p>\r\n\r\n<p><div align=\"center\"><b><a href=\"https:\/\/portal.ufsm.br\/documentos\/publico\/documento.html?id=4507664\"><font color=\"blue\">RESOLU\u00c7\u00c3O N. 009\/1999<\/font><\/a><\/b><\/div><\/p>\r\n<br>\r\n<p><div align=\"right\"><font color=\"800000\"><strike>Altera a categoria da Prefeitura da Cidade Universit\u00e1ria de \u00d3rg\u00e3o Executivo da Administra\u00e7\u00e3o Superior para \u00d3rg\u00e3o de Dire\u00e7\u00e3o e Assessoria, diretamente subordinada ao Reitor e d\u00e1 outras provid\u00eancias.<\/strike><\/font><\/div><\/p>\r\n<br>\r\n<p><a href=\"https:\/\/www.ufsm.br\/pro-reitorias\/proplan\/resolucao-n-022-2020\/\" target=\"_blank\"><font color=\"blue\">Revogada pela Resolu\u00e7\u00e3o N. 022\/2020<\/font><\/a><\/p>\r\n<br>\r\n<br><div align=\"justify\">\r\n<strike>\r\n<p>O REITOR DA UNIVERSIDADE FEDERAL DE SANTA MARIA, usando as atribui\u00e7\u00f5es que lhe conferem o Regimento Geral e o Estatuto da Institui\u00e7\u00e3o e, considerando:<\/p>\r\n<p>- O Parecer n. 051\/98, da Comiss\u00e3o de Legisla\u00e7\u00e3o e Regimentos, aprovado na 576\u00aa Sess\u00e3o do Conselho Universit\u00e1rio, de 02-10-98, que aprovou a proposta de reestrutura\u00e7\u00e3o da Prefeitura da Cidade Universit\u00e1ria;<\/p>\r\n<p>- que a Resolu\u00e7\u00e3o n. 013\/98 transferiu a Coordenadoria de Planejamento F\u00edsico - COPLAFI da Pr\u00f3-Reitoria de Planejamento para a Prefeitura da Cidade Universit\u00e1ria e estabeleceu para esta uma estrutura, mas n\u00e3o fez refer\u00eancia a altera\u00e7\u00e3o de categoria e de sua vincula\u00e7\u00e3o administrativa,<\/p>\r\n<br>\r\n<p><div align=\"center\">RESOLVE:<\/div><\/p>\r\n<br>\r\n<p>Art. 1\u00ba A Prefeitura da Cidade Universit\u00e1ria passa a configurar-se como \u00d3rg\u00e3o de Dire\u00e7\u00e3o e Assessoria, diretamente subordinada ao Reitor.\/p&gt;\r\n<p>Art. 2\u00ba A Prefeitura da Cidade Universit\u00e1ria, em virtude de sua reestrutura\u00e7\u00e3o, deixa de ter a supervis\u00e3o administrativa da Pr\u00f3-Reitoria de Administra\u00e7\u00e3o.\/p&gt;\r\n<p>Art. 3\u00ba Esta Resolu\u00e7\u00e3o entra em vigor na data de sua publica\u00e7\u00e3o, revogadas as disposi\u00e7\u00f5es em contr\u00e1rio.<\/p>\r\n\r\n<p>GABINETE DO REITOR DA UNIVERSIDADE FEDERAL DE SANTA MARIA, aos vinte e tr\u00eas dias do m\u00eas de julho de mil, novecentos e noventa e nove.<\/p>\r\n<\/div>\r\n<p>Paulo Jorge Sarkis.<\/p>\r\n<\/strike>\r\n\r\n<p><font color=\"red0000\">Este texto n\u00e3o substitui o documento original, publicado no Portal de Documentos.<\/font> Dispon\u00edvel em: <a href=\"https:\/\/portal.ufsm.br\/documentos\/publico\/documento.html?id=4507664\"><font color=\"blue\">https:\/\/portal.ufsm.br\/documentos\/publico\/documento.html?id=4507664<\/font><\/a>\r\n\r\n\t\t<\/div>\n\t\t\t\t<\/div>\n\t\t\t\t\t<\/div>\n\t\t<\/div>\n\t\t\t\t\t<\/div>\n\t\t<\/section>\n\t\t\t\t<\/div>\n\t\t","protected":false},"excerpt":{"rendered":"<p>RESOLU\u00c7\u00c3O N. 009\/1999 MINIST\u00c9RIO DA EDUCA\u00c7\u00c3O UNIVERSIDADE FEDERAL DE SANTA MARIA RESOLU\u00c7\u00c3O N. 009\/1999 Altera a categoria da Prefeitura da Cidade Universit\u00e1ria de \u00d3rg\u00e3o Executivo da Administra\u00e7\u00e3o Superior para \u00d3rg\u00e3o de Dire\u00e7\u00e3o e Assessoria, diretamente subordinada ao Reitor e d\u00e1 outras provid\u00eancias. Revogada pela Resolu\u00e7\u00e3o N. 022\/2020 O REITOR DA UNIVERSIDADE FEDERAL DE SANTA MARIA, [&hellip;]<\/p>\n","protected":false},"author":205,"featured_media":0,"parent":0,"menu_order":0,"comment_status":"closed","ping_status":"closed","template":"","meta":{"footnotes":""},"categories":[],"tags":[],"class_list":["post-3255","page","type-page","status-publish","hentry"],"acf":[],"_links":{"self":[{"href":"https:\/\/www.ufsm.br\/pro-reitorias\/proplan\/wp-json\/wp\/v2\/pages\/3255","targetHints":{"allow":["GET"]}}],"collection":[{"href":"https:\/\/www.ufsm.br\/pro-reitorias\/proplan\/wp-json\/wp\/v2\/pages"}],"about":[{"href":"https:\/\/www.ufsm.br\/pro-reitorias\/proplan\/wp-json\/wp\/v2\/types\/page"}],"author":[{"embeddable":true,"href":"https:\/\/www.ufsm.br\/pro-reitorias\/proplan\/wp-json\/wp\/v2\/users\/205"}],"replies":[{"embeddable":true,"href":"https:\/\/www.ufsm.br\/pro-reitorias\/proplan\/wp-json\/wp\/v2\/comments?post=3255"}],"version-history":[{"count":0,"href":"https:\/\/www.ufsm.br\/pro-reitorias\/proplan\/wp-json\/wp\/v2\/pages\/3255\/revisions"}],"wp:attachment":[{"href":"https:\/\/www.ufsm.br\/pro-reitorias\/proplan\/wp-json\/wp\/v2\/media?parent=3255"}],"wp:term":[{"taxonomy":"category","embeddable":true,"href":"https:\/\/www.ufsm.br\/pro-reitorias\/proplan\/wp-json\/wp\/v2\/categories?post=3255"},{"taxonomy":"post_tag","embeddable":true,"href":"https:\/\/www.ufsm.br\/pro-reitorias\/proplan\/wp-json\/wp\/v2\/tags?post=3255"}],"curies":[{"name":"wp","href":"https:\/\/api.w.org\/{rel}","templated":true}]}}