{"id":3256,"date":"2020-02-18T09:51:49","date_gmt":"2020-02-18T12:51:49","guid":{"rendered":"https:\/\/www.ufsm.br\/pro-reitorias\/proplan\/?page_id=3256"},"modified":"2020-05-27T18:43:19","modified_gmt":"2020-05-27T21:43:19","slug":"resolucao-n-008-1999","status":"publish","type":"page","link":"https:\/\/www.ufsm.br\/pro-reitorias\/proplan\/resolucao-n-008-1999","title":{"rendered":"Resolu\u00e7\u00e3o N. 008\/1999"},"content":{"rendered":"\t\t<div data-elementor-type=\"wp-page\" data-elementor-id=\"3256\" class=\"elementor elementor-3256\">\n\t\t\t\t\t\t<section class=\"elementor-section elementor-top-section elementor-element elementor-element-c2e2313 elementor-section-boxed elementor-section-height-default elementor-section-height-default\" data-id=\"c2e2313\" data-element_type=\"section\">\n\t\t\t\t\t\t<div class=\"elementor-container elementor-column-gap-default\">\n\t\t\t\t\t<div class=\"elementor-column elementor-col-100 elementor-top-column elementor-element elementor-element-06ca746\" data-id=\"06ca746\" data-element_type=\"column\">\n\t\t\t<div class=\"elementor-widget-wrap elementor-element-populated\">\n\t\t\t\t\t\t<div class=\"elementor-element elementor-element-09ebd39 elementor-widget elementor-widget-html\" data-id=\"09ebd39\" data-element_type=\"widget\" data-widget_type=\"html.default\">\n\t\t\t\t<div class=\"elementor-widget-container\">\n\t\t\t\r\n\r\n\r\n<title><b>RESOLU\u00c7\u00c3O N. 008\/1999<\/b><\/title>\r\n\r\n\r\n<div align=\"center\"><img decoding=\"async\" src=\"https:\/\/www.ufsm.br\/pro-reitorias\/proplan\/wp-content\/uploads\/sites\/344\/2019\/09\/brasao-da-republica-do-brasil-logo.png\" alt=\"Bras\u00e3o Rep\u00fablica Federativa do Brasil\" width=\"6%\" height=\"6%\"><\/div>    \r\n<h1><font color=\"blue\"><font size=\"5\"><div align=\"center\">SERVI\u00c7O P\u00daBLICO FEDERAL<\/b><\/font><\/font><\/div><\/H1>\r\n\r\n<p><div align=\"center\"><b><a href=\"https:\/\/portal.ufsm.br\/documentos\/publico\/documento.html?id=4507663\"><font color=\"blue\">RESOLU\u00c7\u00c3O N. 008\/1999<\/font><\/a><\/b><\/div><\/p>\r\n<br>\r\n<p><div align=\"right\"><font color=\"800000\">Disp\u00f5e sobre as publica\u00e7\u00f5es oficiais da UFSM e d\u00e1 outras provid\u00eancias.<\/font><\/div><\/p>\r\n<br>\r\n<br><div align=\"justify\">\r\n<p>O REITOR DA UNIVERSIDADE FEDERAL DE SANTA MARIA, no uso de suas atribui\u00e7\u00f5es legais e estatut\u00e1rias e, considerando:<\/p>\r\n<p>o contido no Parecer n. 149\/98, da Comiss\u00e3o de Legisla\u00e7\u00e3o e Normas do Conselho de Ensino, Pesquisa e Extens\u00e3o, aprovado na 537\u00aa Sess\u00e3o, de 27-10-98;<\/p>\r\n<p>o que consta do Processo n. <a href=\"https:\/\/portal.ufsm.br\/documentos\/publico\/processo\/documento.html?idDocumento=109062\" target=\"_blank\"><font color=\"blue\"><u>23081.011904\/98-45<\/u><\/font><\/a>, da Se\u00e7\u00e3o de Protocolo;<\/p>\r\n<p>que os diversos atos da Universidade Federal de Santa Maria devem ser divulgados como publica\u00e7\u00f5es oficiais,<\/p>\r\n<br>\r\n<p><div align=\"center\">RESOLVE:<\/div><\/p>\r\n<br>\r\n<p>EXPEDIR a presente Resolu\u00e7\u00e3o para declarar que as publica\u00e7\u00f5es: Boletim de Pessoal, Cat\u00e1logo Geral, Programas para Concurso de Sele\u00e7\u00e3o e Ingresso de estudantes na UFSM, Manual de Concurso de Sele\u00e7\u00e3o e Ingresso de estudantes na UFSM, Guia do Estudante, Calend\u00e1rio Escolar e Ement\u00e1rio de disciplinas, editadas pela Universidade Federal de Santa Maria, e destinadas a divulga\u00e7\u00e3o dos atos em geral, s\u00e3o consideradas PUBLICA\u00c7\u00d5ES OFICIAIS.<\/p>\r\n<p>II - As publica\u00e7\u00f5es oficiais referidas na presente resolu\u00e7\u00e3o ser\u00e3o impressas e tamb\u00e9m divulgadas via INTERNET, atrav\u00e9s do \u201cSite\u201d da UFSM, com exce\u00e7\u00e3o do Ement\u00e1rio de disciplinas, que ter\u00e1 somente divulga\u00e7\u00e3o eletr\u00f4nica.<\/p>\r\n<p>III - REVOGAM-SE as Resolu\u00e7\u00f5es <a href=\"https:\/\/www.ufsm.br\/pro-reitorias\/proplan\/resolucao-n-052-1979\/\" target=\"_blank\"><font color=\"blue\"><u>n.s 52\/79, de 10 de abril de 1979<\/u><\/font><\/a> e <a href=\"https:\/\/www.ufsm.br\/pro-reitorias\/proplan\/resolucao-n-020-1998\/\" target=\"_blank\"><font color=\"blue\"><u>020\/98, de 05 de novembro de 1998<\/u><\/font><\/a>.<\/p>\r\n\r\n<p>GABINETE DO REITOR DA UNIVERSIDADE FEDERAL DE SANTA MARIA, aos vinte e dois dias do m\u00eas de julho de mil novecentos e noventa e nove.<\/p>\r\n<\/div>\r\n<p>Paulo Jorge Sarkis.<\/p>\r\n\r\n<p><font color=\"red0000\">Este texto n\u00e3o substitui o documento original, publicado no Portal de Documentos.<\/font> Dispon\u00edvel em: <a href=\"https:\/\/portal.ufsm.br\/documentos\/publico\/documento.html?id=4507663\"><font color=\"blue\">https:\/\/portal.ufsm.br\/documentos\/publico\/documento.html?id=4507663<\/font><\/a>\r\n\r\n\t\t<\/div>\n\t\t\t\t<\/div>\n\t\t\t\t\t<\/div>\n\t\t<\/div>\n\t\t\t\t\t<\/div>\n\t\t<\/section>\n\t\t\t\t<\/div>\n\t\t","protected":false},"excerpt":{"rendered":"<p>RESOLU\u00c7\u00c3O N. 008\/1999 SERVI\u00c7O P\u00daBLICO FEDERAL RESOLU\u00c7\u00c3O N. 008\/1999 Disp\u00f5e sobre as publica\u00e7\u00f5es oficiais da UFSM e d\u00e1 outras provid\u00eancias. O REITOR DA UNIVERSIDADE FEDERAL DE SANTA MARIA, no uso de suas atribui\u00e7\u00f5es legais e estatut\u00e1rias e, considerando: o contido no Parecer n. 149\/98, da Comiss\u00e3o de Legisla\u00e7\u00e3o e Normas do Conselho de Ensino, Pesquisa [&hellip;]<\/p>\n","protected":false},"author":205,"featured_media":0,"parent":0,"menu_order":0,"comment_status":"closed","ping_status":"closed","template":"","meta":{"footnotes":""},"categories":[],"tags":[],"class_list":["post-3256","page","type-page","status-publish","hentry"],"acf":[],"_links":{"self":[{"href":"https:\/\/www.ufsm.br\/pro-reitorias\/proplan\/wp-json\/wp\/v2\/pages\/3256","targetHints":{"allow":["GET"]}}],"collection":[{"href":"https:\/\/www.ufsm.br\/pro-reitorias\/proplan\/wp-json\/wp\/v2\/pages"}],"about":[{"href":"https:\/\/www.ufsm.br\/pro-reitorias\/proplan\/wp-json\/wp\/v2\/types\/page"}],"author":[{"embeddable":true,"href":"https:\/\/www.ufsm.br\/pro-reitorias\/proplan\/wp-json\/wp\/v2\/users\/205"}],"replies":[{"embeddable":true,"href":"https:\/\/www.ufsm.br\/pro-reitorias\/proplan\/wp-json\/wp\/v2\/comments?post=3256"}],"version-history":[{"count":0,"href":"https:\/\/www.ufsm.br\/pro-reitorias\/proplan\/wp-json\/wp\/v2\/pages\/3256\/revisions"}],"wp:attachment":[{"href":"https:\/\/www.ufsm.br\/pro-reitorias\/proplan\/wp-json\/wp\/v2\/media?parent=3256"}],"wp:term":[{"taxonomy":"category","embeddable":true,"href":"https:\/\/www.ufsm.br\/pro-reitorias\/proplan\/wp-json\/wp\/v2\/categories?post=3256"},{"taxonomy":"post_tag","embeddable":true,"href":"https:\/\/www.ufsm.br\/pro-reitorias\/proplan\/wp-json\/wp\/v2\/tags?post=3256"}],"curies":[{"name":"wp","href":"https:\/\/api.w.org\/{rel}","templated":true}]}}