{"id":3257,"date":"2020-02-18T09:51:44","date_gmt":"2020-02-18T12:51:44","guid":{"rendered":"https:\/\/www.ufsm.br\/pro-reitorias\/proplan\/?page_id=3257"},"modified":"2021-07-01T13:56:18","modified_gmt":"2021-07-01T16:56:18","slug":"resolucao-n-007-1999","status":"publish","type":"page","link":"https:\/\/www.ufsm.br\/pro-reitorias\/proplan\/resolucao-n-007-1999","title":{"rendered":"Resolu\u00e7\u00e3o N. 007\/1999"},"content":{"rendered":"\t\t<div data-elementor-type=\"wp-page\" data-elementor-id=\"3257\" class=\"elementor elementor-3257\">\n\t\t\t\t\t\t<section class=\"elementor-section elementor-top-section elementor-element elementor-element-c3235e0 elementor-section-boxed elementor-section-height-default elementor-section-height-default\" data-id=\"c3235e0\" data-element_type=\"section\">\n\t\t\t\t\t\t<div class=\"elementor-container elementor-column-gap-default\">\n\t\t\t\t\t<div class=\"elementor-column elementor-col-100 elementor-top-column elementor-element elementor-element-9cd18bd\" data-id=\"9cd18bd\" data-element_type=\"column\">\n\t\t\t<div class=\"elementor-widget-wrap elementor-element-populated\">\n\t\t\t\t\t\t<div class=\"elementor-element elementor-element-5d99760 elementor-widget elementor-widget-html\" data-id=\"5d99760\" data-element_type=\"widget\" data-widget_type=\"html.default\">\n\t\t\t\t<div class=\"elementor-widget-container\">\n\t\t\t\n\n\n<title><b>RESOLU\u00c7\u00c3O N. 007\/1999<\/b><\/title>\n\n\n<div align=\"center\"><img decoding=\"async\" src=\"https:\/\/www.ufsm.br\/pro-reitorias\/proplan\/wp-content\/uploads\/sites\/344\/2019\/09\/brasao-da-republica-do-brasil-logo.png\" alt=\"Bras\u00e3o Rep\u00fablica Federativa do Brasil\" width=\"6%\" height=\"6%\"><\/div>    \n<h1><font color=\"blue\"><font size=\"5\"><div align=\"center\">SERVI\u00c7O P\u00daBLICO FEDERAL<\/b><\/font><\/font><\/div><\/H1>\n\n<p><div align=\"center\"><b><a href=\"https:\/\/portal.ufsm.br\/documentos\/publico\/documento.html?id=4507665\"><font color=\"blue\">RESOLU\u00c7\u00c3O N. 007\/1999<\/font><\/a><\/b><\/div><\/p>\n<br>\n<p><div align=\"right\"><font color=\"800000\"><strike>Altera o Percentual dos Recursos do Fundo de Incentivo \u00e0 Extens\u00e3o \u2014 FIEX destinados a Custeio e Bolsas para as atividades de extens\u00e3o, aprovado pelo Conselho de Ensino, Pesquisa e Extens\u00e3o em sua 540\u00aa Sess\u00e3o, de 1\u00ba.12.98.<\/strike><\/font><\/div><\/p>\n<br>\n<br><div align=\"justify\">\n<p><a href=\"https:\/\/www.ufsm.br\/pro-reitorias\/proplan\/resolucao-ufsm-n-055-2021\/\"><font color=\"blue\">Revogado pela Resolu\u00e7\u00e3o N. 055\/2021<\/font><\/a><\/p><\/p>\n<br>\n<strike>\n<p>O REITOR DA UNIVERSIDADE FEDERAL DE SANTA MARIA, no uso de suas atribui\u00e7\u00f5es legais e estatut\u00e1rias e, considerando:<\/p>\n<p>- A \u201cPol\u00edtica de Extens\u00e3o da UFSM\" para o per\u00edodo de 1998-2001, aprovada pelo Conselho de Ensino, Pesquisa e Extens\u00e3o, em sua 540\u00aa Sess\u00e3o, de 01.12.98, e pelo Conselho Universit\u00e1rio, em sua 580\u00aa Sess\u00e3o, de 09.12.98;<\/p>\n<p>- a decis\u00e3o da C\u00e2mara de Extens\u00e3o, retirada em reuni\u00e3o no dia 07.04.99;<\/p>\n<p>- a aprova\u00e7\u00e3o pelo Conselho de Ensino, Pesquisa e Extens\u00e3o, em reuni\u00e3o de 22.06.99,<\/p>\n<br>\n<p><div align=\"center\">RESOLVE:<\/div><\/p>\n<br>\n<p>Art. 1\u00ba Alterar o percentual dos recursos do Fundo de Incentivo \u00e0 Extens\u00e3o - FIEX atribu\u00eddos ao Custeio e \u00e0s Bolsas para as Atividades de Extens\u00e3o, com destina\u00e7\u00e3o integral \u00e0s Unidades Universit\u00e1rias, devendo estas reservarem 50% dos recursos para o Custeio das atividades de extens\u00e3o e 50% para Bolsas de Extens\u00e3o.<\/p>\n<p>Art. 2\u00ba Os recursos or\u00e7ament\u00e1rios de Extens\u00e3o da Institui\u00e7\u00e3o ser\u00e3o alocados em Programas, Projetos e Eventos sob a responsabilidade das Comiss\u00f5es de Extens\u00e3o de cada Unidade Universit\u00e1ria, com prioridades definidas pela C\u00e2mara de Extens\u00e3o e sob supervis\u00e3o administrativa da Pr\u00f3-Reitoria de Extens\u00e3o.<\/p>\n<p>Art. 3\u00ba Esta resolu\u00e7\u00e3o entra em vigor na data de sua publica\u00e7\u00e3o.<\/p>\n\n<p>GABINETE DO REITOR DA UNIVERSIDADE FEDERAL DE SANTA MARIA, aos vinte e oito dias do m\u00eas de junho do ano de mil, novecentos e noventa e nove.<\/p>\n<\/div>\n<p>Paulo Jorge Sarkis.<\/p>\n\n<p><font color=\"red0000\">Este texto n\u00e3o substitui o documento original, publicado no Portal de Documentos.<\/font> Dispon\u00edvel em: <a><font color=\"blue\">https:\/\/portal.ufsm.br\/documentos\/publico\/documento.html?id=4507665<\/font><\/a>\n<\/strike>\n\n\t\t<\/div>\n\t\t\t\t<\/div>\n\t\t\t\t\t<\/div>\n\t\t<\/div>\n\t\t\t\t\t<\/div>\n\t\t<\/section>\n\t\t\t\t<\/div>\n\t\t","protected":false},"excerpt":{"rendered":"<p>RESOLU\u00c7\u00c3O N. 007\/1999 SERVI\u00c7O P\u00daBLICO FEDERAL RESOLU\u00c7\u00c3O N. 007\/1999 Altera o Percentual dos Recursos do Fundo de Incentivo \u00e0 Extens\u00e3o \u2014 FIEX destinados a Custeio e Bolsas para as atividades de extens\u00e3o, aprovado pelo Conselho de Ensino, Pesquisa e Extens\u00e3o em sua 540\u00aa Sess\u00e3o, de 1\u00ba.12.98. Revogado pela Resolu\u00e7\u00e3o N. 055\/2021 O REITOR DA UNIVERSIDADE [&hellip;]<\/p>\n","protected":false},"author":205,"featured_media":0,"parent":0,"menu_order":0,"comment_status":"closed","ping_status":"closed","template":"","meta":{"footnotes":""},"categories":[],"tags":[],"class_list":["post-3257","page","type-page","status-publish","hentry"],"acf":[],"_links":{"self":[{"href":"https:\/\/www.ufsm.br\/pro-reitorias\/proplan\/wp-json\/wp\/v2\/pages\/3257","targetHints":{"allow":["GET"]}}],"collection":[{"href":"https:\/\/www.ufsm.br\/pro-reitorias\/proplan\/wp-json\/wp\/v2\/pages"}],"about":[{"href":"https:\/\/www.ufsm.br\/pro-reitorias\/proplan\/wp-json\/wp\/v2\/types\/page"}],"author":[{"embeddable":true,"href":"https:\/\/www.ufsm.br\/pro-reitorias\/proplan\/wp-json\/wp\/v2\/users\/205"}],"replies":[{"embeddable":true,"href":"https:\/\/www.ufsm.br\/pro-reitorias\/proplan\/wp-json\/wp\/v2\/comments?post=3257"}],"version-history":[{"count":0,"href":"https:\/\/www.ufsm.br\/pro-reitorias\/proplan\/wp-json\/wp\/v2\/pages\/3257\/revisions"}],"wp:attachment":[{"href":"https:\/\/www.ufsm.br\/pro-reitorias\/proplan\/wp-json\/wp\/v2\/media?parent=3257"}],"wp:term":[{"taxonomy":"category","embeddable":true,"href":"https:\/\/www.ufsm.br\/pro-reitorias\/proplan\/wp-json\/wp\/v2\/categories?post=3257"},{"taxonomy":"post_tag","embeddable":true,"href":"https:\/\/www.ufsm.br\/pro-reitorias\/proplan\/wp-json\/wp\/v2\/tags?post=3257"}],"curies":[{"name":"wp","href":"https:\/\/api.w.org\/{rel}","templated":true}]}}