{"id":3258,"date":"2020-02-18T09:51:40","date_gmt":"2020-02-18T12:51:40","guid":{"rendered":"https:\/\/www.ufsm.br\/pro-reitorias\/proplan\/?page_id=3258"},"modified":"2022-01-06T14:31:00","modified_gmt":"2022-01-06T17:31:00","slug":"resolucao-n-006-1999","status":"publish","type":"page","link":"https:\/\/www.ufsm.br\/pro-reitorias\/proplan\/resolucao-n-006-1999","title":{"rendered":"Resolu\u00e7\u00e3o N. 006\/1999"},"content":{"rendered":"\t\t<div data-elementor-type=\"wp-page\" data-elementor-id=\"3258\" class=\"elementor elementor-3258\">\n\t\t\t\t\t\t<section class=\"elementor-section elementor-top-section elementor-element elementor-element-03834bc elementor-section-boxed elementor-section-height-default elementor-section-height-default\" data-id=\"03834bc\" data-element_type=\"section\">\n\t\t\t\t\t\t<div class=\"elementor-container elementor-column-gap-default\">\n\t\t\t\t\t<div class=\"elementor-column elementor-col-100 elementor-top-column elementor-element elementor-element-9e4616c\" data-id=\"9e4616c\" data-element_type=\"column\">\n\t\t\t<div class=\"elementor-widget-wrap elementor-element-populated\">\n\t\t\t\t\t\t<div class=\"elementor-element elementor-element-7a8049c elementor-widget elementor-widget-html\" data-id=\"7a8049c\" data-element_type=\"widget\" data-widget_type=\"html.default\">\n\t\t\t\t<div class=\"elementor-widget-container\">\n\t\t\t\n\n\n<title><b>RESOLU\u00c7\u00c3O N. 006\/1999<\/b><\/title>\n\n\n<div align=\"center\"><img decoding=\"async\" src=\"https:\/\/www.ufsm.br\/pro-reitorias\/proplan\/wp-content\/uploads\/sites\/344\/2019\/09\/brasao-da-republica-do-brasil-logo.png\" alt=\"Bras\u00e3o Rep\u00fablica Federativa do Brasil\" width=\"6%\" height=\"6%\"><\/div>    \n<h1><font color=\"blue\"><font size=\"5\"><div align=\"center\">SERVI\u00c7O P\u00daBLICO FEDERAL<\/b><\/font><\/font><\/div><\/H1>\n\n<p><div align=\"center\"><b><a href=\"https:\/\/portal.ufsm.br\/documentos\/publico\/documento.html?id=4507667\"><font color=\"blue\">RESOLU\u00c7\u00c3O N. 006\/1999<\/font><\/a><\/b><\/div><\/p>\n<br>\n<p><div align=\"right\"><font color=\"800000\"><strike>Estabelece normas para registro das Atividades Complementares de Gradua\u00e7\u00e3o como parte flex\u00edvel do Curr\u00edculo do Curso de Direito.<\/strike><\/font><\/div><\/p>\n<br>\n<p><a href=\"https:\/\/www.ufsm.br\/pro-reitorias\/proplan\/resolucao-n-022-1999\/\"><font color=\"blue\">Revogada pela Resolu\u00e7\u00e3o N. 022\/1999<\/font><\/a><\/p>\n<br>\n<br><div align=\"justify\">\n<strike>\n<p>O REITOR DA UNIVERSIDADE FEDERAL DE SANTA MARIA, no uso de suas atribui\u00e7\u00f5es legais e estatut\u00e1rias, considerando:<\/p>\n<p>- o disposto pela <a href=\"http:\/\/www.zumbidospalmares.edu.br\/pdf\/legislacao-ensino-juridico.pdf\" target=\"_blank\"><font color=\"blue\"><u>Portaria N. 1886\/MEC, de 30 de dezembro de 1994<\/u><\/font><\/a>;<\/p>\n<p>- as Recomenda\u00e7\u00f5es da Comiss\u00e3o de Especialistas do Ensino do Direito;<\/p>\n<br>\n<p><div align=\"center\">RESOLVE:<\/div><\/p>\n<br>\n<p>Art. 1\u00ba - A Parte Flex\u00edvel do Curr\u00edculo do Curso de Direito compreender\u00e1 at\u00e9 300 horas, integralizadas atrav\u00e9s de Atividades Complementares de Gradua\u00e7\u00e3o.<\/p>\n<p>Par\u00e1grafo \u00fanico - As Atividades Complementares de Gradua\u00e7\u00e3o devem ser pertinentes e \u00fateis para a forma\u00e7\u00e3o humana e profissional do bacharel em Direito, detendo o Colegiado do Curso o poder discricion\u00e1rio concernente ao seu registro e\/ou c\u00f4mputo de carga hor\u00e1ria.<\/p>\n\n<p>Art. 2\u00ba - S\u00e3o consideradas Atividades Complementares de Gradua\u00e7\u00e3o:<\/p>\n<p>I - participa\u00e7\u00e3o em eventos;<\/p>\n<p>II - atua\u00e7\u00e3o em n\u00facleos tem\u00e1ticos;<\/p>\n<p>III - atividades de extens\u00e3o;<\/p>\n<p>IV - est\u00e1gios extracurriculares;<\/p>\n<p>V - atividades de pesquisa e inicia\u00e7\u00e3o cient\u00edfica;<\/p>\n<p>VI - trabalhos publicados;<\/p>\n<p>VII - participa\u00e7\u00e3o em \u00f3rg\u00e3os colegiados e comiss\u00f5es nesta Institui\u00e7\u00e3o;<\/p>\n<p>IX - monitoria;<\/p>\n<p>X - outras atividades a crit\u00e9rio do colegiado do Curso.<\/p>\n\n<p>Art. 3\u00ba - No que se refere ao Inciso I, entende-se por eventos: semin\u00e1rios, congressos, confer\u00eancias, encontros nacionais e estudantis, cursos de atualiza\u00e7\u00e3o, e outras atividades que, embora tenham denomina\u00e7\u00e3o diversa, perten\u00e7am ao mesmo g\u00eanero.<\/p>\n<p>Par\u00e1grafo \u00fanico - Quando conclu\u00edda a atividade, o aluno solicitar\u00e1, atrav\u00e9s de requerimento pr\u00f3prio, ao Colegiado do Curso, o registro e \/ou o c\u00f4mputo de horas como ACG, anexando obrigatoriamente ao requerimento:<\/p>\n<p>- o certificado de participa\u00e7\u00e3o no evento ou instrumento equivalente de aferi\u00e7\u00e3o da frequ\u00eancia;<\/p>\n<p>- relat\u00f3rio sum\u00e1rio das atividades desenvolvidas.<\/p>\n\n<p>Art. 4\u00ba - No caso dos incisos II a V, a institui\u00e7\u00e3o jur\u00eddica, \u00f3rg\u00e3o do Curso, professor do Curso ou profissional do Direito interessados, apresentar\u00e3o ao Colegiado o projeto de atividade, devidamente dotado de um cronograma, solicitando seu credenciamento como ACG. Uma vez encerrada sua participa\u00e7\u00e3o no projeto, o aluno poder\u00e1 requerer o registro e\/ou o c\u00f4mputo das horas, atrav\u00e9s de requerimento pr\u00f3prio ao Colegiado, anexando obrigatoriamente um relat\u00f3rio detalhado de sua atividade e a recomenda\u00e7\u00e3o do Orientador.<\/p>\n<p>Art. 5\u00ba - No que se refere ao inciso VI, o aluno poder\u00e1 requerer ao Colegiado do Curso o c\u00f4mputo de horas como ACG, apresentando c\u00f3pia da publica\u00e7\u00e3o em tela, nela estando claras o nome, a periodicidade, o editor, a data e a pagina\u00e7\u00e3o do ve\u00edculo.<\/p>\n<p>Art. 6\u00ba - Para efeitos de aplica\u00e7\u00e3o do inciso VII, o aluno dever\u00e1 instruir seu requerimento com a portaria de nomea\u00e7\u00e3o como membro de \u00f3rg\u00e3o colegiado ou comiss\u00e3o. O Colegiado poder\u00e1, se entender necess\u00e1rio, consultar o Secretariado do \u00f3rg\u00e3o ou comiss\u00e3o em tela, a fim de formar sua convic\u00e7\u00e3o sobre a pertin\u00eancia do c\u00f4mputo de horas.<\/p>\n<p>Art. 7\u00ba - Em todas as hip\u00f3teses do artigo 2\u00ba, o c\u00f4mputo de horas obedecer\u00e1 aos limites elencados no Anexo I. Uma Comiss\u00e3o especialmente designada para este fim, constitu\u00edda de membros do Colegiado do Curso e composta por pelo menos um representante estudantil, dever\u00e1 relatar os requerimentos ao plen\u00e1rio.<\/p>\n<p>Par\u00e1grafo \u00fanico - Entendendo o Colegiado que o aproveitamento da atividade resta prejudicado diante do n\u00e3o atendimento de pr\u00e9-requisitos pelo aluno, poder\u00e1 indeferir tanto o registro como o c\u00f4mputo de horas.<\/p>\n\n<p>Art. 8\u00ba - Proferida a decis\u00e3o de registro ou do c\u00f4mputo de horas pelo Colegiado do Curso, a Presid\u00eancia do \u00f3rg\u00e3o informar\u00e1 o Departamento de Registro e Controle Acad\u00eamico, atrav\u00e9s de Of\u00edcio, o nome e o n\u00famero de matr\u00edcula do aluno, a classifica\u00e7\u00e3o da atividade nos termos do artigo 2\u00ba, o semestre de refer\u00eancia, assim como o t\u00edtulo a ser registrado e, se for o caso, o n\u00famero de horas a ser computado na parte flex\u00edvel do Curr\u00edculo.<\/p>\n<p>Art. 9\u00ba - A documenta\u00e7\u00e3o que comprova a realiza\u00e7\u00e3o das Atividades Complementares de Gradua\u00e7\u00e3o, prevista nessa Resolu\u00e7\u00e3o, s\u00e3o de responsabilidade e guarda do acad\u00eamico.<\/p>\n<p>Art. 10\u00ba - Os casos omissos ser\u00e3o dirimidos pelo Colegiado do Curso.<\/p>\n<p>Art. 11\u00ba - Esta Resolu\u00e7\u00e3o entra em vigor nesta data, restrita sua aplica\u00e7\u00e3o ao Curso de Direito, revogadas assim todas as disposi\u00e7\u00f5es em contr\u00e1rio.<\/p>\n\n\n\n\n\n\n<p>GABINETE DO REITOR DA UNIVERSIDADE FEDERAL DE SANTA MARIA, aos onze dias do m\u00eas de junho do ano de mil, novecentos e noventa e nove.<\/p>\n<\/div>\n<p>Paulo Jorge Sarkis.<\/p>\n\n\n<p>ANEXO I <\/p>\n\n\n<p>Fixa os limites m\u00e1ximos para o c\u00f4mputo de ACGs.<\/p>\n<table><table width=\"75%\">\n<tr><td><div align=\"center\">Atividade<\/div><\/td><td><div align=\"center\">Carga hor\u00e1ria m\u00e1xima<\/div><\/td><\/tr>\n\n<tr><td><div align=\"center\">Para todas as hip\u00f3teses<\/div><\/td><td><div align=\"center\">M\u00e1ximo anual de 20% da carga hor\u00e1ria total prevista pelo art. 1\u00ba<\/div><\/td><\/tr>\n<tr><td><div align=\"center\">Art. 2\u00ba, Inciso I<\/div><\/td><td><div align=\"center\">At\u00e9 150 horas no total; At\u00e9 4 horas por dia como expectador; At\u00e9 8 horas por dia com apresenta\u00e7\u00e3o de trabalho<\/div><\/td><\/tr>\n\n<tr><td><div align=\"center\">Art. 2\u00ba, Inciso Il \u00e0 V<\/div><\/td><td><div align=\"center\">At\u00e9 100 horas no total<\/div><\/td><\/tr>\n\n<tr><td><div align=\"center\">Art. 2\u00ba, Inciso VI<\/div><\/td><td><div align=\"center\">At\u00e9 30 horas no total<\/div><\/td><\/tr>\n<tr><td><div align=\"center\">Art. 2\u00ba, Inciso VII<\/div><\/td><td><div align=\"center\">At\u00e9 100 horas<\/div><\/td><\/tr>\n<\/div><\/table>\n<br>\n\n\n\n\n\n\n<\/strike>\n<p><font color=\"red0000\">Este texto n\u00e3o substitui o documento original, publicado no Portal de Documentos.<\/font> Dispon\u00edvel em: <a href=\"https:\/\/portal.ufsm.br\/documentos\/publico\/documento.html?id=4507667\"><font color=\"blue\">https:\/\/portal.ufsm.br\/documentos\/publico\/documento.html?id=4507667<\/font><\/a>\n\n\t\t<\/div>\n\t\t\t\t<\/div>\n\t\t\t\t\t<\/div>\n\t\t<\/div>\n\t\t\t\t\t<\/div>\n\t\t<\/section>\n\t\t\t\t<\/div>\n\t\t","protected":false},"excerpt":{"rendered":"<p>RESOLU\u00c7\u00c3O N. 006\/1999 SERVI\u00c7O P\u00daBLICO FEDERAL RESOLU\u00c7\u00c3O N. 006\/1999 Estabelece normas para registro das Atividades Complementares de Gradua\u00e7\u00e3o como parte flex\u00edvel do Curr\u00edculo do Curso de Direito. Revogada pela Resolu\u00e7\u00e3o N. 022\/1999 O REITOR DA UNIVERSIDADE FEDERAL DE SANTA MARIA, no uso de suas atribui\u00e7\u00f5es legais e estatut\u00e1rias, considerando: &#8211; o disposto pela Portaria N. [&hellip;]<\/p>\n","protected":false},"author":205,"featured_media":0,"parent":0,"menu_order":0,"comment_status":"closed","ping_status":"closed","template":"","meta":{"footnotes":""},"categories":[],"tags":[],"class_list":["post-3258","page","type-page","status-publish","hentry"],"acf":[],"_links":{"self":[{"href":"https:\/\/www.ufsm.br\/pro-reitorias\/proplan\/wp-json\/wp\/v2\/pages\/3258","targetHints":{"allow":["GET"]}}],"collection":[{"href":"https:\/\/www.ufsm.br\/pro-reitorias\/proplan\/wp-json\/wp\/v2\/pages"}],"about":[{"href":"https:\/\/www.ufsm.br\/pro-reitorias\/proplan\/wp-json\/wp\/v2\/types\/page"}],"author":[{"embeddable":true,"href":"https:\/\/www.ufsm.br\/pro-reitorias\/proplan\/wp-json\/wp\/v2\/users\/205"}],"replies":[{"embeddable":true,"href":"https:\/\/www.ufsm.br\/pro-reitorias\/proplan\/wp-json\/wp\/v2\/comments?post=3258"}],"version-history":[{"count":0,"href":"https:\/\/www.ufsm.br\/pro-reitorias\/proplan\/wp-json\/wp\/v2\/pages\/3258\/revisions"}],"wp:attachment":[{"href":"https:\/\/www.ufsm.br\/pro-reitorias\/proplan\/wp-json\/wp\/v2\/media?parent=3258"}],"wp:term":[{"taxonomy":"category","embeddable":true,"href":"https:\/\/www.ufsm.br\/pro-reitorias\/proplan\/wp-json\/wp\/v2\/categories?post=3258"},{"taxonomy":"post_tag","embeddable":true,"href":"https:\/\/www.ufsm.br\/pro-reitorias\/proplan\/wp-json\/wp\/v2\/tags?post=3258"}],"curies":[{"name":"wp","href":"https:\/\/api.w.org\/{rel}","templated":true}]}}