{"id":3272,"date":"2020-02-18T10:14:37","date_gmt":"2020-02-18T13:14:37","guid":{"rendered":"https:\/\/www.ufsm.br\/pro-reitorias\/proplan\/?page_id=3272"},"modified":"2020-05-27T18:48:23","modified_gmt":"2020-05-27T21:48:23","slug":"resolucao-n-023-1999","status":"publish","type":"page","link":"https:\/\/www.ufsm.br\/pro-reitorias\/proplan\/resolucao-n-023-1999","title":{"rendered":"Resolu\u00e7\u00e3o N. 023\/1999"},"content":{"rendered":"\t\t<div data-elementor-type=\"wp-page\" data-elementor-id=\"3272\" class=\"elementor elementor-3272\">\n\t\t\t\t\t\t<section class=\"elementor-section elementor-top-section elementor-element elementor-element-84ef143 elementor-section-boxed elementor-section-height-default elementor-section-height-default\" data-id=\"84ef143\" data-element_type=\"section\">\n\t\t\t\t\t\t<div class=\"elementor-container elementor-column-gap-default\">\n\t\t\t\t\t<div class=\"elementor-column elementor-col-100 elementor-top-column elementor-element elementor-element-5f3e06f\" data-id=\"5f3e06f\" data-element_type=\"column\">\n\t\t\t<div class=\"elementor-widget-wrap elementor-element-populated\">\n\t\t\t\t\t\t<div class=\"elementor-element elementor-element-2dfbc1e elementor-widget elementor-widget-html\" data-id=\"2dfbc1e\" data-element_type=\"widget\" data-widget_type=\"html.default\">\n\t\t\t\t<div class=\"elementor-widget-container\">\n\t\t\t\r\n\r\n\r\n<title><b>RESOLU\u00c7\u00c3O N. 023\/1999<\/b><\/title>\r\n\r\n\r\n<div align=\"center\"><img decoding=\"async\" src=\"https:\/\/www.ufsm.br\/pro-reitorias\/proplan\/wp-content\/uploads\/sites\/344\/2019\/09\/brasao-da-republica-do-brasil-logo.png\" alt=\"Bras\u00e3o Rep\u00fablica Federativa do Brasil\" width=\"6%\" height=\"6%\"><\/div>    \r\n<h1><font color=\"blue\"><font size=\"5\"><div align=\"center\">MINIST\u00c9RIO DA EDUCA\u00c7\u00c3O<\/b><\/font><\/font><\/div><\/H1>\r\n<p><b><font color=\"0000blue\"><div align=\"center\">UNIVERSIDADE FEDERAL DE SANTA MARIA<\/b><\/font><\/div><\/p>\r\n\r\n<p><div align=\"center\"><b><a href=\"https:\/\/portal.ufsm.br\/documentos\/publico\/documento.html?id=4507656\"><font color=\"blue\">RESOLU\u00c7\u00c3O N. 023\/1999<\/font><\/a><\/b><\/div><\/p>\r\n<br>\r\n<p><div align=\"right\"><font color=\"800000\">Estabelece nova sistem\u00e1tica para a Avalia\u00e7\u00e3o Discente na UFSM, revoga a Resolu\u00e7\u00e3o N. 009\/91, e d\u00e1 outras provid\u00eancias.<\/font><\/div><\/p>\r\n<br>\r\n<br><div align=\"justify\">\r\n<p>O DIRETOR DO CENTRO DE CI\u00caNCIAS NATURAIS E EXATAS, no exerc\u00edcio da Reitoria, no uso de suas atribui\u00e7\u00f5es, e tendo em vista o disposto na <a href=\"https:\/\/www.ufsm.br\/pro-reitorias\/proplan\/resolucao-n-020-1999\/\" target=\"_blank\"><font color=\"blue\"><u>Resolu\u00e7\u00e3o N. 020\/99<\/u><\/font><\/a> e seu Anexo I,<\/p>\r\n<br>\r\n<p><div align=\"center\">RESOLVE:<\/div><\/p>\r\n<br>\r\n<p>Art. 1\u00ba - A avalia\u00e7\u00e3o Discente na Universidade Federal de Santa Maria ser\u00e1 \u00fanica para todos os casos em que seja exigida, e obedecer\u00e1 o disposto no Anexo I da <a href=\"https:\/\/www.ufsm.br\/pro-reitorias\/proplan\/resolucao-n-020-1999\/\" target=\"_blank\"><font color=\"blue\"><u>Resolu\u00e7\u00e3o N. 020\/99<\/u><\/font><\/a>.<\/p>\r\n<p>Art. 2\u00ba - Os docentes submetidos ao Regime de Trabalho de 20(vinte) horas semanais, para fins de progress\u00e3o, dever\u00e3o atingir a metade dos pontos constantes do artigo 15 e do artigo 16 e seu par\u00e1grafo primeiro da <a href=\"https:\/\/www.ufsm.br\/pro-reitorias\/proplan\/resolucao-n-004-1990\/\" target=\"_blank\"><font color=\"blue\"><u>Resolu\u00e7\u00e3o N. 004\/90<\/u><\/font><\/a>.<\/p>\r\n<p>Art. 3\u00ba - Esta Resolu\u00e7\u00e3o entra em vigor na data de sua expedi\u00e7\u00e3o e revoga a <a href=\"https:\/\/www.ufsm.br\/pro-reitorias\/proplan\/resolucao-n-009-1991\/\" target=\"_blank\"><font color=\"blue\"><u>Resolu\u00e7\u00e3o N. 009\/91, de 06 de junho de 1991<\/u><\/font><\/a> e disposi\u00e7\u00f5es em contr\u00e1rio.<\/p>\r\n\r\n<p>GABINETE DO REITOR DA UNIVERSIDADE FEDERAL DE SANTA MARIA, aos vinte e dois dias do m\u00eas de novembro de mil, novecentos e noventa e nove.<\/p>\r\n<\/div>\r\n<p>Edgardo Ramos Medeiros,<\/p>\r\n<p>Reitor em exerc\u00edcio.<\/p>\r\n\r\n<p><font color=\"red0000\">Este texto n\u00e3o substitui o documento original, publicado no Portal de Documentos.<\/font> Dispon\u00edvel em: <a href=\"https:\/\/portal.ufsm.br\/documentos\/publico\/documento.html?id=4507656\"><font color=\"blue\">https:\/\/portal.ufsm.br\/documentos\/publico\/documento.html?id=4507656<\/font><\/a>\r\n\r\n\t\t<\/div>\n\t\t\t\t<\/div>\n\t\t\t\t\t<\/div>\n\t\t<\/div>\n\t\t\t\t\t<\/div>\n\t\t<\/section>\n\t\t\t\t<\/div>\n\t\t","protected":false},"excerpt":{"rendered":"<p>RESOLU\u00c7\u00c3O N. 023\/1999 MINIST\u00c9RIO DA EDUCA\u00c7\u00c3O UNIVERSIDADE FEDERAL DE SANTA MARIA RESOLU\u00c7\u00c3O N. 023\/1999 Estabelece nova sistem\u00e1tica para a Avalia\u00e7\u00e3o Discente na UFSM, revoga a Resolu\u00e7\u00e3o N. 009\/91, e d\u00e1 outras provid\u00eancias. O DIRETOR DO CENTRO DE CI\u00caNCIAS NATURAIS E EXATAS, no exerc\u00edcio da Reitoria, no uso de suas atribui\u00e7\u00f5es, e tendo em vista o [&hellip;]<\/p>\n","protected":false},"author":205,"featured_media":0,"parent":0,"menu_order":0,"comment_status":"closed","ping_status":"closed","template":"","meta":{"footnotes":""},"categories":[],"tags":[],"class_list":["post-3272","page","type-page","status-publish","hentry"],"acf":[],"_links":{"self":[{"href":"https:\/\/www.ufsm.br\/pro-reitorias\/proplan\/wp-json\/wp\/v2\/pages\/3272","targetHints":{"allow":["GET"]}}],"collection":[{"href":"https:\/\/www.ufsm.br\/pro-reitorias\/proplan\/wp-json\/wp\/v2\/pages"}],"about":[{"href":"https:\/\/www.ufsm.br\/pro-reitorias\/proplan\/wp-json\/wp\/v2\/types\/page"}],"author":[{"embeddable":true,"href":"https:\/\/www.ufsm.br\/pro-reitorias\/proplan\/wp-json\/wp\/v2\/users\/205"}],"replies":[{"embeddable":true,"href":"https:\/\/www.ufsm.br\/pro-reitorias\/proplan\/wp-json\/wp\/v2\/comments?post=3272"}],"version-history":[{"count":0,"href":"https:\/\/www.ufsm.br\/pro-reitorias\/proplan\/wp-json\/wp\/v2\/pages\/3272\/revisions"}],"wp:attachment":[{"href":"https:\/\/www.ufsm.br\/pro-reitorias\/proplan\/wp-json\/wp\/v2\/media?parent=3272"}],"wp:term":[{"taxonomy":"category","embeddable":true,"href":"https:\/\/www.ufsm.br\/pro-reitorias\/proplan\/wp-json\/wp\/v2\/categories?post=3272"},{"taxonomy":"post_tag","embeddable":true,"href":"https:\/\/www.ufsm.br\/pro-reitorias\/proplan\/wp-json\/wp\/v2\/tags?post=3272"}],"curies":[{"name":"wp","href":"https:\/\/api.w.org\/{rel}","templated":true}]}}