{"id":3283,"date":"2020-02-19T10:27:06","date_gmt":"2020-02-19T13:27:06","guid":{"rendered":"https:\/\/www.ufsm.br\/pro-reitorias\/proplan\/?page_id=3283"},"modified":"2020-05-27T18:50:51","modified_gmt":"2020-05-27T21:50:51","slug":"resolucao-n-002-1998","status":"publish","type":"page","link":"https:\/\/www.ufsm.br\/pro-reitorias\/proplan\/resolucao-n-002-1998","title":{"rendered":"Resolu\u00e7\u00e3o N. 002\/1998"},"content":{"rendered":"\t\t<div data-elementor-type=\"wp-page\" data-elementor-id=\"3283\" class=\"elementor elementor-3283\">\n\t\t\t\t\t\t<section class=\"elementor-section elementor-top-section elementor-element elementor-element-d18e603 elementor-section-boxed elementor-section-height-default elementor-section-height-default\" data-id=\"d18e603\" data-element_type=\"section\">\n\t\t\t\t\t\t<div class=\"elementor-container elementor-column-gap-default\">\n\t\t\t\t\t<div class=\"elementor-column elementor-col-100 elementor-top-column elementor-element elementor-element-c522612\" data-id=\"c522612\" data-element_type=\"column\">\n\t\t\t<div class=\"elementor-widget-wrap elementor-element-populated\">\n\t\t\t\t\t\t<div class=\"elementor-element elementor-element-0ce83c3 elementor-widget elementor-widget-html\" data-id=\"0ce83c3\" data-element_type=\"widget\" data-widget_type=\"html.default\">\n\t\t\t\t<div class=\"elementor-widget-container\">\n\t\t\t\r\n\r\n\r\n<title><b>RESOLU\u00c7\u00c3O N. 002\/1998<\/b><\/title>\r\n\r\n\r\n<div align=\"center\"><img decoding=\"async\" src=\"https:\/\/www.ufsm.br\/pro-reitorias\/proplan\/wp-content\/uploads\/sites\/344\/2019\/09\/brasao-da-republica-do-brasil-logo.png\" alt=\"Bras\u00e3o Rep\u00fablica Federativa do Brasil\" width=\"6%\" height=\"6%\"><\/div>    \r\n<h1><font color=\"blue\"><font size=\"5\"><div align=\"center\">SERVI\u00c7O P\u00daBLICO FEDERAL<\/b><\/font><\/font><\/div><\/H1>\r\n\r\n<p><div align=\"center\"><b><a href=\"https:\/\/portal.ufsm.br\/documentos\/publico\/documento.html?id=4507715\"><font color=\"blue\">RESOLU\u00c7\u00c3O N. 002\/1998<\/font><\/a><\/b><\/div><\/p>\r\n<br>\r\n<p><div align=\"right\"><font color=\"800000\">Aprova a Tabela de Temporalidade dos Documentos da Pr\u00f3-Reitoria de Recursos Humanos.<\/font><\/div><\/p>\r\n<br>\r\n<br><div align=\"justify\">\r\n<p>O REITOR DA UNIVERSIDADE FEDERAL DE SANTA MARIA, no uso de suas atribui\u00e7\u00f5es legais e estatut\u00e1rias, e<\/p>\r\n<p>Considerando as disposi\u00e7\u00f5es constantes no artigo 9\u00ba, cap\u00edtulo II da <a href=\"http:\/\/www.planalto.gov.br\/ccivil_03\/Leis\/L8159.htm\" target=\"_blank\"><font color=\"blue\"><u>Lei 8.159, de 08 de janeiro de 1991<\/u><\/font><\/a>;<\/p>\r\n<p>Considerando a <a href=\"http:\/\/www.conarq.gov.br\/index.php\/resolucoes-do-conarq\/246-resolucao-n-4,-de-28-de-marco-de-1996\" target=\"_blank\"><font color=\"blue\"><u>Resolu\u00e7\u00e3o n\u00ba 04, de 28 de mar\u00e7o de 1996, do Conselho Nacional de Arquivos \/ Arquivo Nacional<\/u><\/font><\/a>;<\/p>\r\n<p>Considerando a Ata da 3\u00ba Reuni\u00e3o da Comiss\u00e3o de Avalia\u00e7\u00e3o de Documentos \u2014 CAD, designada pela portaria n\u00ba 34.070\/96,<\/p>\r\n<br>\r\n<p><div align=\"center\">RESOLVE:<\/div><\/p>\r\n<br>\r\n<p>Art. 1\u00ba - Aprovar a Tabela de Temporalidade da Pr\u00f3-Reitoria de Recursos Humanos, que estabelece prazos de guarda e destina\u00e7\u00e3o dos documentos produzidos e recebidos em decorr\u00eancia de suas atividades.<\/p>\r\n<p>Art. 2\u00ba - A aplica\u00e7\u00e3o da Tabela de Temporalidade refere-se aos procedimentos adotados para a sele\u00e7\u00e3o e destina\u00e7\u00e3o dos documentos, desde que cumpridos os prazos de guarda estabelecidos:<\/p>\r\n<p>I - Compete \u00e0 Pr\u00f3-Reitoria de Recursos Humanos arquivar os documentos na fase corrente de acordo com orienta\u00e7\u00f5es da Divis\u00e3o de Arquivo Geral e selecionar os documentos a serem recolhidos ao Arquivo Permanente;<\/p>\r\n<p>II - A aplica\u00e7\u00e3o da Tabela est\u00e1 condicionada ao cumprimento dos prazos de guarda e da elabora\u00e7\u00e3o dos Termos de Elimina\u00e7\u00e3o dos Documentos Par\u00e1grafo \u00danico: Caber\u00e1 \u00e0 Comiss\u00e3o de Avalia\u00e7\u00e3o de Documentos orientar e supervisionar a aplica\u00e7\u00e3o da Tabela, controlando seu cumprimento e registro.<\/p>\r\n\r\n<p>Art. 3\u00ba - A revis\u00e3o e atualiza\u00e7\u00e3o da tabela dever\u00e1 ser promovida a cada dois anos, ou toda vez que houver altera\u00e7\u00f5es estruturais e funcionais nesta Pr\u00f3-Reitoria.<\/p>\r\n<p>Art. 4\u00ba - Esta Resolu\u00e7\u00e3o entra em vigor na data da sua publica\u00e7\u00e3o, revogadas as disposi\u00e7\u00f5es em contr\u00e1rio.<\/p>\r\n\r\n<p>GABINETE DO REITOR DA UNIVERSIDADE FEDERAL DE SANTA MARIA, aos vinte e nove dias do m\u00eas de janeiro do ano de mil novecentos e noventa e oito.<\/p>\r\n<\/div>\r\n<p>Paulo Jorge Sarkis,<\/p>\r\n<p>Reitor.<\/p>\r\n\r\n<p><font color=\"red0000\">Este texto n\u00e3o substitui o documento original, publicado no Portal de Documentos.<\/font> Dispon\u00edvel em: <a href=\"https:\/\/portal.ufsm.br\/documentos\/publico\/documento.html?id=4507715\"><font color=\"blue\">https:\/\/portal.ufsm.br\/documentos\/publico\/documento.html?id=4507715<\/font><\/a>\r\n\r\n\t\t<\/div>\n\t\t\t\t<\/div>\n\t\t\t\t\t<\/div>\n\t\t<\/div>\n\t\t\t\t\t<\/div>\n\t\t<\/section>\n\t\t\t\t<\/div>\n\t\t","protected":false},"excerpt":{"rendered":"<p>RESOLU\u00c7\u00c3O N. 002\/1998 SERVI\u00c7O P\u00daBLICO FEDERAL RESOLU\u00c7\u00c3O N. 002\/1998 Aprova a Tabela de Temporalidade dos Documentos da Pr\u00f3-Reitoria de Recursos Humanos. O REITOR DA UNIVERSIDADE FEDERAL DE SANTA MARIA, no uso de suas atribui\u00e7\u00f5es legais e estatut\u00e1rias, e Considerando as disposi\u00e7\u00f5es constantes no artigo 9\u00ba, cap\u00edtulo II da Lei 8.159, de 08 de janeiro de [&hellip;]<\/p>\n","protected":false},"author":205,"featured_media":0,"parent":0,"menu_order":0,"comment_status":"closed","ping_status":"closed","template":"","meta":{"footnotes":""},"categories":[],"tags":[],"class_list":["post-3283","page","type-page","status-publish","hentry"],"acf":[],"_links":{"self":[{"href":"https:\/\/www.ufsm.br\/pro-reitorias\/proplan\/wp-json\/wp\/v2\/pages\/3283","targetHints":{"allow":["GET"]}}],"collection":[{"href":"https:\/\/www.ufsm.br\/pro-reitorias\/proplan\/wp-json\/wp\/v2\/pages"}],"about":[{"href":"https:\/\/www.ufsm.br\/pro-reitorias\/proplan\/wp-json\/wp\/v2\/types\/page"}],"author":[{"embeddable":true,"href":"https:\/\/www.ufsm.br\/pro-reitorias\/proplan\/wp-json\/wp\/v2\/users\/205"}],"replies":[{"embeddable":true,"href":"https:\/\/www.ufsm.br\/pro-reitorias\/proplan\/wp-json\/wp\/v2\/comments?post=3283"}],"version-history":[{"count":0,"href":"https:\/\/www.ufsm.br\/pro-reitorias\/proplan\/wp-json\/wp\/v2\/pages\/3283\/revisions"}],"wp:attachment":[{"href":"https:\/\/www.ufsm.br\/pro-reitorias\/proplan\/wp-json\/wp\/v2\/media?parent=3283"}],"wp:term":[{"taxonomy":"category","embeddable":true,"href":"https:\/\/www.ufsm.br\/pro-reitorias\/proplan\/wp-json\/wp\/v2\/categories?post=3283"},{"taxonomy":"post_tag","embeddable":true,"href":"https:\/\/www.ufsm.br\/pro-reitorias\/proplan\/wp-json\/wp\/v2\/tags?post=3283"}],"curies":[{"name":"wp","href":"https:\/\/api.w.org\/{rel}","templated":true}]}}