{"id":3288,"date":"2020-02-19T10:32:40","date_gmt":"2020-02-19T13:32:40","guid":{"rendered":"https:\/\/www.ufsm.br\/pro-reitorias\/proplan\/?page_id=3288"},"modified":"2020-07-20T13:22:39","modified_gmt":"2020-07-20T16:22:39","slug":"resolucao-n-007-1998","status":"publish","type":"page","link":"https:\/\/www.ufsm.br\/pro-reitorias\/proplan\/resolucao-n-007-1998","title":{"rendered":"Resolu\u00e7\u00e3o N. 007\/1998"},"content":{"rendered":"\t\t<div data-elementor-type=\"wp-page\" data-elementor-id=\"3288\" class=\"elementor elementor-3288\">\n\t\t\t\t\t\t<section class=\"elementor-section elementor-top-section elementor-element elementor-element-5021b31 elementor-section-boxed elementor-section-height-default elementor-section-height-default\" data-id=\"5021b31\" data-element_type=\"section\">\n\t\t\t\t\t\t<div class=\"elementor-container elementor-column-gap-default\">\n\t\t\t\t\t<div class=\"elementor-column elementor-col-100 elementor-top-column elementor-element elementor-element-4955b84\" data-id=\"4955b84\" data-element_type=\"column\">\n\t\t\t<div class=\"elementor-widget-wrap elementor-element-populated\">\n\t\t\t\t\t\t<div class=\"elementor-element elementor-element-6a1564e elementor-widget elementor-widget-html\" data-id=\"6a1564e\" data-element_type=\"widget\" data-widget_type=\"html.default\">\n\t\t\t\t<div class=\"elementor-widget-container\">\n\t\t\t\r\n\r\n\r\n<title><b>RESOLU\u00c7\u00c3O N. 007\/1998<\/b><\/title>\r\n\r\n\r\n<div align=\"center\"><img decoding=\"async\" src=\"https:\/\/www.ufsm.br\/pro-reitorias\/proplan\/wp-content\/uploads\/sites\/344\/2019\/09\/brasao-da-republica-do-brasil-logo.png\" alt=\"Bras\u00e3o Rep\u00fablica Federativa do Brasil\" width=\"6%\" height=\"6%\"><\/div>    \r\n<h1><font color=\"blue\"><font size=\"5\"><div align=\"center\">SERVI\u00c7O P\u00daBLICO FEDERAL<\/b><\/font><\/font><\/div><\/H1>\r\n\r\n<p><div align=\"center\"><b><a href=\"https:\/\/portal.ufsm.br\/documentos\/publico\/documento.html?id=4507711\"><font color=\"blue\">RESOLU\u00c7\u00c3O N. 007\/1998<\/font><\/a><\/b><\/div><\/p>\r\n<br>\r\n<p><div align=\"right\"><font color=\"800000\"><strike>Disp\u00f5e sobre o Programa  de Ingresso ao Ensino Superior da UFSM (PEIES).<\/strike><\/font><\/div><\/p>\r\n<br>\r\n<p><a href=\"https:\/\/www.ufsm.br\/pro-reitorias\/proplan\/resolucao-n-022-2020\/\" target=\"_blank\"><font color=\"blue\">Revogada pela Resolu\u00e7\u00e3o N. 022\/2020<\/font><\/a><\/p>\r\n<br>\r\n<br><div align=\"justify\">\r\n<strike>\r\n<p>O REITOR DA UNIVERSIDADE FEDERAL DE SANTA MARIA, no uso de suas atribui\u00e7\u00f5es legais e estatut\u00e1rias e, considerando o aprovado na 525\u00aa Sess\u00e3o do CEPE, realizada em 1\u00ba de junho de 1998,<\/p>\r\n<br>\r\n<p><div align=\"center\">RESOLVE:<\/div><\/p>\r\n<br>\r\n<p>Art. 1\u00ba - Al\u00e9m do Concurso Vestibular tradicional, fica institu\u00eddo, na UFSM, o Programa de Ingresso ao Ensino Superior \u2014 PEIES.<\/p>\r\n<p>Art. 2\u00ba - O PEIES tem como objetivo orientar, selecionar e classificar Alunos- Candidatos oriundos das escolas credenciadas na Regi\u00e3o de Abrang\u00eancia do Programa e selecionar e classificar os demais Alunos-Candidatos inscritos para preencher um percentual de vagas dos Cursos de Gradua\u00e7\u00e3o da UFSM, mediante a realiza\u00e7\u00e3o de tr\u00eas Provas de Acompanhamento, uma no final de cada s\u00e9rie do Ensino M\u00e9dio.<\/p>\r\n<p>\u00a7 1\u00ba - A orienta\u00e7\u00e3o ser\u00e1 feita atrav\u00e9s de a\u00e7\u00f5es pedag\u00f3gicas que ser\u00e3o realizadas pela COPERVES, visando \u00e0 integra\u00e7\u00e3o do Ensino M\u00e9dio com o Ensino Superior.<\/p>\r\n<p>\u00a7 2\u00ba - A regulamenta\u00e7\u00e3o da participa\u00e7\u00e3o dos Alunos-Candidatos regulares da 2\u00ba s\u00e9rie, inscritos em 1997, durante a fase experimental do PEIES, ser\u00e1 feita atrav\u00e9s dos Manuais do Aluno-Candidato 11\/98 e III\/99, que dever\u00e1 estar em conson\u00e2ncia com orienta\u00e7\u00f5es j\u00e1 fornecidas atrav\u00e9s do Manual do Aluno-Candidato 1\/95 ou 1\/96.<\/p>\r\n<p>\u00a7 3\u00ba - A regulamenta\u00e7\u00e3o da participa\u00e7\u00e3o dos alunos-candidatos regulares da 3\u00ba s\u00e9rie, inscritos em 1996, durante a fase experimental do PEIES, ser\u00e1 feita atrav\u00e9s do Manual do Aluno-Candidato II\/98, que dever\u00e1 estar em conson\u00e2ncia com orienta\u00e7\u00f5es j\u00e1 fornecidas atrav\u00e9s dos Manuais do Aluno-Candidato anteriores.<\/p>\r\n\r\n<p>Art. 3\u00ba - Compete \u00e0 Comiss\u00e3o Permanente do Vestibular da UFSM (COPERVES) planejar, organizar, coordenar e executar estrat\u00e9gias e servi\u00e7os para a realiza\u00e7\u00e3o do objetivo estabelecido no artigo anterior.<\/p>\r\n<p>Par\u00e1grafo \u00danico - Para o cumprimento de suas atribui\u00e7\u00f5es, a COPERVES poder\u00e1 contar com a assessoria de comit\u00eas especializados a serem criados \u00e0 medida de suas necessidades.<\/p>\r\n\r\n<p>Art. 4\u00ba - Fica mantido o Comit\u00ea de Engenharia de Programas (CEPRO) como \u00f3rg\u00e3o de assessoramento da COPERVES.<\/p>\r\n<p>Par\u00e1grafo \u00danico - Ao Comit\u00ea de Engenharias de Programas compete elaborar, avaliar e aperfei\u00e7oar o Curr\u00edculo B\u00e1sico do PEIES, sempre vinculando suas decis\u00f5es a turmas (per\u00edodo de tr\u00eas anos) que j\u00e1 ingressaram ou ir\u00e3o ingressar no PEIES.<\/p>\r\n\r\n<p>Art. 5\u00ba - A escola do Ensino M\u00e9dio que pretende se credenciar ao PEIES deve, al\u00e9m de situar-se na Regi\u00e3o de Abrang\u00eancia do PEIES - RAP, obedecer ao Regimento de Credenciamento vigente.<\/p>\r\n<p>Art. 6\u00ba - Poder\u00e1 participar do PEIES o aluno que preencher as seguintes condi\u00e7\u00f5es:<\/p>\r\n<p>I - Estar matriculado na 1\u00ba s\u00e9rie do Ensino M\u00e9dio regular;<\/p>\r\n<p>II - estar cursando a 2\u00ba ou 3\u00ba s\u00e9rie e j\u00e1 ter participado do Programa em s\u00e9rie(s) anterior(es);<\/p>\r\n<p>III - obedecer \u00e0s exig\u00eancias previstas no Manual do Aluno-Candidato em vigor.<\/p>\r\n\r\n<p>\u00a7 1\u00ba - Em caso de reprova\u00e7\u00e3o na s\u00e9rie em que estiver cursando na escola, o Aluno-Candidato ter\u00e1 invalidada a sua Prova de Acompanhamento correspondente \u00e0 s\u00e9rie em que foi reprovado.<\/p>\r\n<p>\u00a7 2\u00ba - Ser\u00e1 anulada a inscri\u00e7\u00e3o\/renova\u00e7\u00e3o do Aluno-Candidato:<\/p>\r\n<p>a) que n\u00e3o renovar sua inscri\u00e7\u00e3o por um per\u00edodo superior a um ano letivo de intervalo em cada s\u00e9rie;<\/p>\r\n<p>b) que no momento de confirma\u00e7\u00e3o da vaga, apresentar documenta\u00e7\u00e3o de conclus\u00e3o do Ensino M\u00e9dio com data incompat\u00edvel com o ano em que realizou a Prova de Acompanhamento III.<\/p>\r\n\r\n<p>\u00a7 3\u00ba - A regulamenta\u00e7\u00e3o das Inscri\u00e7\u00f5es\/Renova\u00e7\u00f5es ser\u00e1 divulgada atrav\u00e9s de Edital.<\/p>\r\n\r\n<p>Art. 7\u00ba - O Aluno-Candidato da 3\u00ba s\u00e9rie do Ensino M\u00e9dio, inscrito a partir de 1998, que estiver concorrendo a um curso da UFSM como participante do PEIES ter\u00e1 a segunda etapa da Prova de Acompanhamento III - Prova de Reda\u00e7\u00e3o - coincidindo com a prova realizada no 4\u00ba dia do Concurso Vestidos.<\/p>\r\n<p>Art. 8\u00ba - \u00c0 COPERVES compete adotar provid\u00eancias referentes \u00e0 inscri\u00e7\u00e3o, elabora\u00e7\u00e3o, impress\u00e3o, aplica\u00e7\u00e3o, supervis\u00e3o e corre\u00e7\u00e3o das provas e \u00e0 classifica\u00e7\u00e3o dos Alunos-Candidatos ao PEIES.<\/p>\r\n<p>Art. 9\u00ba - A UFSM prover\u00e1 \u00e0 COPERVES dos meios necess\u00e1rios para o eficaz cumprimento desta Resolu\u00e7\u00e3o.<\/p>\r\n<p>Art. 10\u00ba - Esta Resolu\u00e7\u00e3o entra em vigor na data de sua publica\u00e7\u00e3o, revogando-se as disposi\u00e7\u00f5es em contr\u00e1rio, especialmente a <a href=\"https:\/\/www.ufsm.br\/pro-reitorias\/proplan\/resolucao-n-019-1995\/\" target=\"_blank\"><font color=\"blue\"><u>Resolu\u00e7\u00e3o n. 019\/95<\/u><\/font><\/a> e a <a href=\"https:\/\/www.ufsm.br\/pro-reitorias\/proplan\/resolucao-n-008-1997\/\" target=\"_blank\"><font color=\"blue\"><u>Resolu\u00e7\u00e3o 008\/97<\/u><\/font><\/a>.<\/p>\r\n\r\n<p>GABINETE DO REITOR DA UNIVERSIDADE FEDERAL DE SANTA MARIA, aos nove dias do m\u00eas de junho do ano de mil novecentos e noventa e oito.<\/p>\r\n<\/div>\r\n<p>Paulo Jorge Sarkis,<\/p>\r\n<p>Reitor.<\/p>\r\n<\/strike>\r\n\r\n<p><font color=\"red0000\">Este texto n\u00e3o substitui o documento original, publicado no Portal de Documentos.<\/font> Dispon\u00edvel em: <a href=\"https:\/\/portal.ufsm.br\/documentos\/publico\/documento.html?id=4507711\"><font color=\"blue\">https:\/\/portal.ufsm.br\/documentos\/publico\/documento.html?id=4507711<\/font><\/a>\r\n\r\n\t\t<\/div>\n\t\t\t\t<\/div>\n\t\t\t\t\t<\/div>\n\t\t<\/div>\n\t\t\t\t\t<\/div>\n\t\t<\/section>\n\t\t\t\t<\/div>\n\t\t","protected":false},"excerpt":{"rendered":"<p>RESOLU\u00c7\u00c3O N. 007\/1998 SERVI\u00c7O P\u00daBLICO FEDERAL RESOLU\u00c7\u00c3O N. 007\/1998 Disp\u00f5e sobre o Programa de Ingresso ao Ensino Superior da UFSM (PEIES). Revogada pela Resolu\u00e7\u00e3o N. 022\/2020 O REITOR DA UNIVERSIDADE FEDERAL DE SANTA MARIA, no uso de suas atribui\u00e7\u00f5es legais e estatut\u00e1rias e, considerando o aprovado na 525\u00aa Sess\u00e3o do CEPE, realizada em 1\u00ba de [&hellip;]<\/p>\n","protected":false},"author":205,"featured_media":0,"parent":0,"menu_order":0,"comment_status":"closed","ping_status":"closed","template":"","meta":{"footnotes":""},"categories":[],"tags":[],"class_list":["post-3288","page","type-page","status-publish","hentry"],"acf":[],"_links":{"self":[{"href":"https:\/\/www.ufsm.br\/pro-reitorias\/proplan\/wp-json\/wp\/v2\/pages\/3288","targetHints":{"allow":["GET"]}}],"collection":[{"href":"https:\/\/www.ufsm.br\/pro-reitorias\/proplan\/wp-json\/wp\/v2\/pages"}],"about":[{"href":"https:\/\/www.ufsm.br\/pro-reitorias\/proplan\/wp-json\/wp\/v2\/types\/page"}],"author":[{"embeddable":true,"href":"https:\/\/www.ufsm.br\/pro-reitorias\/proplan\/wp-json\/wp\/v2\/users\/205"}],"replies":[{"embeddable":true,"href":"https:\/\/www.ufsm.br\/pro-reitorias\/proplan\/wp-json\/wp\/v2\/comments?post=3288"}],"version-history":[{"count":0,"href":"https:\/\/www.ufsm.br\/pro-reitorias\/proplan\/wp-json\/wp\/v2\/pages\/3288\/revisions"}],"wp:attachment":[{"href":"https:\/\/www.ufsm.br\/pro-reitorias\/proplan\/wp-json\/wp\/v2\/media?parent=3288"}],"wp:term":[{"taxonomy":"category","embeddable":true,"href":"https:\/\/www.ufsm.br\/pro-reitorias\/proplan\/wp-json\/wp\/v2\/categories?post=3288"},{"taxonomy":"post_tag","embeddable":true,"href":"https:\/\/www.ufsm.br\/pro-reitorias\/proplan\/wp-json\/wp\/v2\/tags?post=3288"}],"curies":[{"name":"wp","href":"https:\/\/api.w.org\/{rel}","templated":true}]}}