{"id":3290,"date":"2020-02-19T10:32:49","date_gmt":"2020-02-19T13:32:49","guid":{"rendered":"https:\/\/www.ufsm.br\/pro-reitorias\/proplan\/?page_id=3290"},"modified":"2020-05-27T18:54:18","modified_gmt":"2020-05-27T21:54:18","slug":"resolucao-n-009-1998","status":"publish","type":"page","link":"https:\/\/www.ufsm.br\/pro-reitorias\/proplan\/resolucao-n-009-1998","title":{"rendered":"Resolu\u00e7\u00e3o N. 009\/1998"},"content":{"rendered":"\t\t<div data-elementor-type=\"wp-page\" data-elementor-id=\"3290\" class=\"elementor elementor-3290\">\n\t\t\t\t\t\t<section class=\"elementor-section elementor-top-section elementor-element elementor-element-eef6d11 elementor-section-boxed elementor-section-height-default elementor-section-height-default\" data-id=\"eef6d11\" data-element_type=\"section\">\n\t\t\t\t\t\t<div class=\"elementor-container elementor-column-gap-default\">\n\t\t\t\t\t<div class=\"elementor-column elementor-col-100 elementor-top-column elementor-element elementor-element-9660d99\" data-id=\"9660d99\" data-element_type=\"column\">\n\t\t\t<div class=\"elementor-widget-wrap elementor-element-populated\">\n\t\t\t\t\t\t<div class=\"elementor-element elementor-element-b8d5fb8 elementor-widget elementor-widget-html\" data-id=\"b8d5fb8\" data-element_type=\"widget\" data-widget_type=\"html.default\">\n\t\t\t\t<div class=\"elementor-widget-container\">\n\t\t\t\r\n\r\n\r\n<title><b>RESOLU\u00c7\u00c3O N. 009\/1998<\/b><\/title>\r\n\r\n\r\n<div align=\"center\"><img decoding=\"async\" src=\"https:\/\/www.ufsm.br\/pro-reitorias\/proplan\/wp-content\/uploads\/sites\/344\/2019\/09\/brasao-da-republica-do-brasil-logo.png\" alt=\"Bras\u00e3o Rep\u00fablica Federativa do Brasil\" width=\"6%\" height=\"6%\"><\/div>    \r\n<h1><font color=\"blue\"><font size=\"5\"><div align=\"center\">SERVI\u00c7O P\u00daBLICO FEDERAL<\/b><\/font><\/font><\/div><\/H1>\r\n\r\n<p><div align=\"center\"><b><a href=\"https:\/\/portal.ufsm.br\/documentos\/publico\/documento.html?id=4507706\"><font color=\"blue\">RESOLU\u00c7\u00c3O N. 009\/1998<\/font><\/a><\/b><\/div><\/p>\r\n<br>\r\n<p><div align=\"right\"><font color=\"800000\"><strike>Regulamenta o processo de cancelamento de matr\u00edcula e v\u00ednculo com a Universidade Federal de Santa Maria<\/strike><\/font><\/div><\/p>\r\n<br>\r\n<p><a href=\"https:\/\/www.ufsm.br\/pro-reitorias\/proplan\/resolucao-n-033-2015\/\"><font color=\"blue\">Revogada pela Resolu\u00e7\u00e3o N. 033\/2015<\/font><\/a><\/p>\r\n<br>\r\n<br><div align=\"justify\">\r\n<strike>\r\n<p>O VICE-REITOR DA UNIVERSIDADE FEDERAL DE SANTA MARIA, no exerc\u00edcio da Reitoria e no uso de suas atribui\u00e7\u00f5es regimentais e:<\/p>\r\n<p>- considerando o que consta no processo n.\u00ba <a href=\"23081.016013\/97-21\" target=\"_blank\"><font color=\"blue\"><u>23081.016013\/97-21<\/u><\/font><\/a> da Se\u00e7\u00e3o de Protocolo;<\/p>\r\n<p>- considerando o que prev\u00ea a <a href=\"http:\/\/www.planalto.gov.br\/ccivil_03\/leis\/1970-1979\/L5789.htm\" target=\"_blank\"><font color=\"blue\"><u>Lei n.\u00ba 5.789, de 27.07.72<\/u><\/font><\/a>;<\/p>\r\n<p>- considerando o que disp\u00f5e os atuais Regimento Geral e o Estatuto da UFSM;<\/p>\r\n<p>- considerando o que expressa o item 3.20 e sub-item 3.20.2-a, do Guia de Matr\u00edcula da UFSM;<\/p>\r\n<p>- considerando o que disp\u00f5e o artigo n.\u00ba 47, \u00a7 1\u00ba da <a href=\"http:\/\/www.planalto.gov.br\/ccivil_03\/leis\/l9394.htm\" target=\"_blank\"><font color=\"blue\"><u>Lei de Diretrizes e Bases da Educa\u00e7\u00e3o<\/u><\/font><\/a>;<\/p>\r\n<p>- considerando manifesta\u00e7\u00e3o da C\u00e2mara de Coordenadores,<\/p>\r\n<br>\r\n<p><div align=\"center\">RESOLVE:<\/div><\/p>\r\n<br>\r\n<p>Art. 1\u00ba - Regulamentar, no \u00e2mbito dos Cursos de Gradua\u00e7\u00e3o, o processo de cancelamento de matr\u00edcula e v\u00ednculo com a Institui\u00e7\u00e3o por decurso de prazo de integraliza\u00e7\u00e3o curricular.<\/p>\r\n<p>Art. 2\u00ba - A regulamenta\u00e7\u00e3o visa padronizar os procedimentos em todos os cursos, respeitados os prazos de integraliza\u00e7\u00e3o curricular.<\/p>\r\n<p>Art. 3\u00ba - O Colegiado de cada Curso de Gradua\u00e7\u00e3o indicar\u00e1 uma Comiss\u00e3o Especial, composta de, no m\u00ednimo, tr\u00eas docentes e um acad\u00eamico dentre os seus membros, que ter\u00e1 a responsabilidade de conduzir o processo e o acompanhamento de aplica\u00e7\u00e3o do cancelamento.<\/p>\r\n<p>\u00a7 1\u00ba - A defini\u00e7\u00e3o do cancelamento pelo t\u00e9rmino dos prazos de integraliza\u00e7\u00e3o curricular de cada curso, respeitar\u00e1 as naturais adapta\u00e7\u00f5es curriculares ap\u00f3s implanta\u00e7\u00e3o de novo curr\u00edculo, bem como os per\u00edodos de trancamento total de matr\u00edcula.<\/p>\r\n<p>\u00a7 2\u00ba - Os ingressantes nos Cursos de Gradua\u00e7\u00e3o ser\u00e3o cientificados dos prazos da integraliza\u00e7\u00e3o curricular de forma inequ\u00edvoca, bem como orienta\u00e7\u00e3o por parte da Coordena\u00e7\u00e3o do Curso.<\/p>\r\n\r\n<p>I - N-A informa\u00e7\u00e3o ser\u00e1 prestada atrav\u00e9s de TERMO DE NOTIFICA\u00c7\u00c3O onde dever\u00e1 constar, especialmente:<\/p>\r\n<p>a) identifica\u00e7\u00e3o da normativa da UFSM;<\/p>\r\n<p>b) prazo de integraliza\u00e7\u00e3o do respectivo curso<\/p>\r\n<p>c) observa\u00e7\u00e3o de que o n\u00e3o cumprimento do prazo implicar\u00e1 em cancelamento de matr\u00edcula e desligamento da Universidade.<\/p>\r\n\r\n<p>II - A notifica\u00e7\u00e3o de cancelamento ser\u00e1 feita pela Coordena\u00e7\u00e3o do Curso mediante a ci\u00eancia do aluno ou por Aviso de Recebimento (AR).<\/p>\r\n\r\n<p>Art. 4\u00ba - Caber\u00e1 a cada coordena\u00e7\u00e3o de curso subsidiar a Comiss\u00e3o Especial, atrav\u00e9s de informa\u00e7\u00f5es acad\u00eamicas, tais como hist\u00f3rico escolar, relat\u00f3rios e quaisquer outras informa\u00e7\u00f5es necess\u00e1rias.<\/p>\r\n<p>Art. 5\u00ba - O acad\u00eamico notificado de eminente desligamento, poder\u00e1 recorrer da decis\u00e3o, ao Colegiado do Curso, no prazo de quinze (15) dias, a contar da data de recebimento da notifica\u00e7\u00e3o.<\/p>\r\n\r\n<p>GABINETE DO REITOR DA UNIVERSIDADE FEDERAL DE SANTA MARIA, aos cinco dias do m\u00eas de agosto do ano de mil, novecentos e noventa e oito.<\/p>\r\n<\/div>\r\n<p>Clovis Silva Lima,<\/p>\r\nVice-Reitor, no Exerc\u00edcio da Reitoria.<\/p>\r\n<\/strike>\r\n<p><font color=\"red0000\">Este texto n\u00e3o substitui o documento original, publicado no Portal de Documentos.<\/font> Dispon\u00edvel em: <a href=\"https:\/\/portal.ufsm.br\/documentos\/publico\/documento.html?id=4507706\"><font color=\"blue\">https:\/\/portal.ufsm.br\/documentos\/publico\/documento.html?id=4507706<\/font><\/a>\r\n\r\n\t\t<\/div>\n\t\t\t\t<\/div>\n\t\t\t\t\t<\/div>\n\t\t<\/div>\n\t\t\t\t\t<\/div>\n\t\t<\/section>\n\t\t\t\t<\/div>\n\t\t","protected":false},"excerpt":{"rendered":"<p>RESOLU\u00c7\u00c3O N. 009\/1998 SERVI\u00c7O P\u00daBLICO FEDERAL RESOLU\u00c7\u00c3O N. 009\/1998 Regulamenta o processo de cancelamento de matr\u00edcula e v\u00ednculo com a Universidade Federal de Santa Maria Revogada pela Resolu\u00e7\u00e3o N. 033\/2015 O VICE-REITOR DA UNIVERSIDADE FEDERAL DE SANTA MARIA, no exerc\u00edcio da Reitoria e no uso de suas atribui\u00e7\u00f5es regimentais e: &#8211; considerando o que consta [&hellip;]<\/p>\n","protected":false},"author":205,"featured_media":0,"parent":0,"menu_order":0,"comment_status":"closed","ping_status":"closed","template":"","meta":{"footnotes":""},"categories":[],"tags":[],"class_list":["post-3290","page","type-page","status-publish","hentry"],"acf":[],"_links":{"self":[{"href":"https:\/\/www.ufsm.br\/pro-reitorias\/proplan\/wp-json\/wp\/v2\/pages\/3290","targetHints":{"allow":["GET"]}}],"collection":[{"href":"https:\/\/www.ufsm.br\/pro-reitorias\/proplan\/wp-json\/wp\/v2\/pages"}],"about":[{"href":"https:\/\/www.ufsm.br\/pro-reitorias\/proplan\/wp-json\/wp\/v2\/types\/page"}],"author":[{"embeddable":true,"href":"https:\/\/www.ufsm.br\/pro-reitorias\/proplan\/wp-json\/wp\/v2\/users\/205"}],"replies":[{"embeddable":true,"href":"https:\/\/www.ufsm.br\/pro-reitorias\/proplan\/wp-json\/wp\/v2\/comments?post=3290"}],"version-history":[{"count":0,"href":"https:\/\/www.ufsm.br\/pro-reitorias\/proplan\/wp-json\/wp\/v2\/pages\/3290\/revisions"}],"wp:attachment":[{"href":"https:\/\/www.ufsm.br\/pro-reitorias\/proplan\/wp-json\/wp\/v2\/media?parent=3290"}],"wp:term":[{"taxonomy":"category","embeddable":true,"href":"https:\/\/www.ufsm.br\/pro-reitorias\/proplan\/wp-json\/wp\/v2\/categories?post=3290"},{"taxonomy":"post_tag","embeddable":true,"href":"https:\/\/www.ufsm.br\/pro-reitorias\/proplan\/wp-json\/wp\/v2\/tags?post=3290"}],"curies":[{"name":"wp","href":"https:\/\/api.w.org\/{rel}","templated":true}]}}