{"id":3291,"date":"2020-02-19T10:32:51","date_gmt":"2020-02-19T13:32:51","guid":{"rendered":"https:\/\/www.ufsm.br\/pro-reitorias\/proplan\/?page_id=3291"},"modified":"2020-11-11T10:17:47","modified_gmt":"2020-11-11T13:17:47","slug":"resolucao-n-010-1998","status":"publish","type":"page","link":"https:\/\/www.ufsm.br\/pro-reitorias\/proplan\/resolucao-n-010-1998","title":{"rendered":"Resolu\u00e7\u00e3o N. 010\/1998"},"content":{"rendered":"\t\t<div data-elementor-type=\"wp-page\" data-elementor-id=\"3291\" class=\"elementor elementor-3291\">\n\t\t\t\t\t\t<section class=\"elementor-section elementor-top-section elementor-element elementor-element-8826e30 elementor-section-boxed elementor-section-height-default elementor-section-height-default\" data-id=\"8826e30\" data-element_type=\"section\">\n\t\t\t\t\t\t<div class=\"elementor-container elementor-column-gap-default\">\n\t\t\t\t\t<div class=\"elementor-column elementor-col-100 elementor-top-column elementor-element elementor-element-5a65523\" data-id=\"5a65523\" data-element_type=\"column\">\n\t\t\t<div class=\"elementor-widget-wrap elementor-element-populated\">\n\t\t\t\t\t\t<div class=\"elementor-element elementor-element-5a7ead1 elementor-widget elementor-widget-html\" data-id=\"5a7ead1\" data-element_type=\"widget\" data-widget_type=\"html.default\">\n\t\t\t\t<div class=\"elementor-widget-container\">\n\t\t\t\r\n\r\n\r\n<title><b>RESOLU\u00c7\u00c3O N. 010\/1998<\/b><\/title>\r\n\r\n\r\n<div align=\"center\"><img decoding=\"async\" src=\"https:\/\/www.ufsm.br\/pro-reitorias\/proplan\/wp-content\/uploads\/sites\/344\/2019\/09\/brasao-da-republica-do-brasil-logo.png\" alt=\"Bras\u00e3o Rep\u00fablica Federativa do Brasil\" width=\"6%\" height=\"6%\"><\/div>    \r\n<h1><font color=\"blue\"><font size=\"5\"><div align=\"center\">SERVI\u00c7O P\u00daBLICO FEDERAL<\/b><\/font><\/font><\/div><\/H1>\r\n\r\n<p><div align=\"center\"><b><a href=\"https:\/\/portal.ufsm.br\/documentos\/publico\/documento.html?id=4507705\"><font color=\"blue\">RESOLU\u00c7\u00c3O N. 010\/1998<\/font><\/a><\/b><\/div><\/p>\r\n<br>\r\n<p><div align=\"right\"><font color=\"800000\">Disp\u00f5e sobre a antecipa\u00e7\u00e3o de Matr\u00edcula dos est\u00e1gios curriculares do ano letivo de 1998 e 1\u00ba Semestre de 1999.<\/font><\/div><\/p>\r\n<br>\r\n<p><a href=\"https:\/\/www.ufsm.br\/pro-reitorias\/proplan\/resolucao-n-028-2020\/\" target=\"_blank\"><font color=\"blue\">Revogada pela Resolu\u00e7\u00e3o N. 028\/2020<\/font><\/a><\/p>\r\n<br>\r\n<br><div align=\"justify\">\r\n<strike>\r\n<p>O Reitor da Universidade Federal de Santa Maria, no uso de suas atribui\u00e7\u00f5es legais e estatut\u00e1rias e considerando:<\/p>\r\n<p>- O Processo n\u00ba <a href=\"https:\/\/portal.ufsm.br\/documentos\/publico\/processo\/documento.html?idDocumento=64556\" target=\"_blank\"><font color=\"blue\"><u>23081.006954\/98-74<\/u><\/font><\/a> aprovado na 530\u00ba sess\u00e3o do Conselho de Ensino, Pesquisa e Extens\u00e3o, que reformulou o Calend\u00e1rio Escolar da UFSM:<\/p>\r\n<p>- que os Est\u00e1gios Curriculares e as Pr\u00e1ticas de Ensino que se desenvolver\u00e3o na Institui\u00e7\u00e3o, ou fora dela, se diferenciam do calend\u00e1rio semestral civil, comumente coincidentes, e<\/p>\r\n<p>- a proposi\u00e7\u00e3o aprovada na sess\u00e3o 533\u00aa do Conselho de Ensino, Pesquisa e Extens\u00e3o;<\/p>\r\n<br>\r\n<p><div align=\"center\">RESOLVE:<\/div><\/p>\r\n<br>\r\n<p>Art. 1\u00ba - Todas as atividades pr\u00e9-profissionais supervisionadas, que se realizar\u00e3o nos campos de est\u00e1gio fora do atual calend\u00e1rio, dever\u00e3o ser programadas e aprovadas pelos respectivos Colegiados de Curso, respeitado o cumprimento dos conte\u00fados previstos no atual semestre;<\/p>\r\n<p>Art. 2\u00ba - A responsabilidade do cumprimento integral das atividades citadas no artigo anterior, estar\u00e3o subordinadas a Coordena\u00e7\u00e3o do respectivo Curso;<\/p>\r\n<p>Art. 3\u00ba - A programa\u00e7\u00e3o das atividades pr\u00e9-profissionais aprovada pelos Colegiados dos respectivos Cursos, dever\u00e1 ser encaminhada \u00e0 Pr\u00f3-Reitoria de Gradua\u00e7\u00e3o para conhecimento, que repassar\u00e1 ao Departamento de Registro e Controle Acad\u00eamico \u2014 DERCA para efetiva\u00e7\u00e3o da matr\u00edcula fora dos prazos estabelecidos no atual calend\u00e1rio;<\/p>\r\n<p>Art. 4\u00ba - A antecipa\u00e7\u00e3o das atividades pr\u00e9-profissionais somente ter\u00e1 validade para o ano de 1998 e primeiro semestre letivo de 1999;<\/p>\r\n<p>Art. 5\u00ba - Os casos omissos ou supervenientes a presente resolu\u00e7\u00e3o, dever\u00e3o ser analisados e decididos em comum acordo com a Pr\u00f3-Reitoria de Gradua\u00e7\u00e3o.<\/p>\r\n\r\n<p>GABINETE DO REITOR DA UNIVERSIDADE FEDERAL DE SANTA MARIA, aos nove dias do m\u00eas de setembro do ano de mil novecentos e noventa e oito.<\/p>\r\n<\/div>\r\n<p>Paulo Jorge Sarkis,<\/p>\r\n<p>Reitor.<\/p>\r\n<\/strike>\r\n<p><font color=\"red0000\">Este texto n\u00e3o substitui o documento original, publicado no Portal de Documentos.<\/font> Dispon\u00edvel em: <a href=\"https:\/\/portal.ufsm.br\/documentos\/publico\/documento.html?id=4507705\"><font color=\"blue\">https:\/\/portal.ufsm.br\/documentos\/publico\/documento.html?id=4507705<\/font><\/a>\r\n\r\n\t\t<\/div>\n\t\t\t\t<\/div>\n\t\t\t\t\t<\/div>\n\t\t<\/div>\n\t\t\t\t\t<\/div>\n\t\t<\/section>\n\t\t\t\t<\/div>\n\t\t","protected":false},"excerpt":{"rendered":"<p>RESOLU\u00c7\u00c3O N. 010\/1998 SERVI\u00c7O P\u00daBLICO FEDERAL RESOLU\u00c7\u00c3O N. 010\/1998 Disp\u00f5e sobre a antecipa\u00e7\u00e3o de Matr\u00edcula dos est\u00e1gios curriculares do ano letivo de 1998 e 1\u00ba Semestre de 1999. Revogada pela Resolu\u00e7\u00e3o N. 028\/2020 O Reitor da Universidade Federal de Santa Maria, no uso de suas atribui\u00e7\u00f5es legais e estatut\u00e1rias e considerando: &#8211; O Processo n\u00ba [&hellip;]<\/p>\n","protected":false},"author":205,"featured_media":0,"parent":0,"menu_order":0,"comment_status":"closed","ping_status":"closed","template":"","meta":{"footnotes":""},"categories":[],"tags":[],"class_list":["post-3291","page","type-page","status-publish","hentry"],"acf":[],"_links":{"self":[{"href":"https:\/\/www.ufsm.br\/pro-reitorias\/proplan\/wp-json\/wp\/v2\/pages\/3291","targetHints":{"allow":["GET"]}}],"collection":[{"href":"https:\/\/www.ufsm.br\/pro-reitorias\/proplan\/wp-json\/wp\/v2\/pages"}],"about":[{"href":"https:\/\/www.ufsm.br\/pro-reitorias\/proplan\/wp-json\/wp\/v2\/types\/page"}],"author":[{"embeddable":true,"href":"https:\/\/www.ufsm.br\/pro-reitorias\/proplan\/wp-json\/wp\/v2\/users\/205"}],"replies":[{"embeddable":true,"href":"https:\/\/www.ufsm.br\/pro-reitorias\/proplan\/wp-json\/wp\/v2\/comments?post=3291"}],"version-history":[{"count":0,"href":"https:\/\/www.ufsm.br\/pro-reitorias\/proplan\/wp-json\/wp\/v2\/pages\/3291\/revisions"}],"wp:attachment":[{"href":"https:\/\/www.ufsm.br\/pro-reitorias\/proplan\/wp-json\/wp\/v2\/media?parent=3291"}],"wp:term":[{"taxonomy":"category","embeddable":true,"href":"https:\/\/www.ufsm.br\/pro-reitorias\/proplan\/wp-json\/wp\/v2\/categories?post=3291"},{"taxonomy":"post_tag","embeddable":true,"href":"https:\/\/www.ufsm.br\/pro-reitorias\/proplan\/wp-json\/wp\/v2\/tags?post=3291"}],"curies":[{"name":"wp","href":"https:\/\/api.w.org\/{rel}","templated":true}]}}