{"id":3295,"date":"2020-02-19T10:37:18","date_gmt":"2020-02-19T13:37:18","guid":{"rendered":"https:\/\/www.ufsm.br\/pro-reitorias\/proplan\/?page_id=3295"},"modified":"2025-12-12T11:50:01","modified_gmt":"2025-12-12T14:50:01","slug":"resolucao-n-014-1998","status":"publish","type":"page","link":"https:\/\/www.ufsm.br\/pro-reitorias\/proplan\/resolucao-n-014-1998","title":{"rendered":"Resolu\u00e7\u00e3o N. 014\/1998"},"content":{"rendered":"\t\t<div data-elementor-type=\"wp-page\" data-elementor-id=\"3295\" class=\"elementor elementor-3295\">\n\t\t\t\t\t\t<section class=\"elementor-section elementor-top-section elementor-element elementor-element-7bd4f4e elementor-section-boxed elementor-section-height-default elementor-section-height-default\" data-id=\"7bd4f4e\" data-element_type=\"section\">\n\t\t\t\t\t\t<div class=\"elementor-container elementor-column-gap-default\">\n\t\t\t\t\t<div class=\"elementor-column elementor-col-100 elementor-top-column elementor-element elementor-element-775647c\" data-id=\"775647c\" data-element_type=\"column\">\n\t\t\t<div class=\"elementor-widget-wrap elementor-element-populated\">\n\t\t\t\t\t\t<div class=\"elementor-element elementor-element-b9beb96 elementor-widget elementor-widget-html\" data-id=\"b9beb96\" data-element_type=\"widget\" data-widget_type=\"html.default\">\n\t\t\t\t<div class=\"elementor-widget-container\">\n\t\t\t<br><div align=\"justify\"><font color=\"black\">\r\n<div align=\"center\">\r\n<img decoding=\"async\" src=\"https:\/\/www.ufsm.br\/pro-reitorias\/proplan\/wp-content\/uploads\/sites\/344\/2019\/09\/brasao-da-republica-do-brasil-logo.png\" alt=\"Bras\u00e3o Rep\u00fablica Federativa do Brasil\" width=\"6%\" height=\"6%\" style=\"text-align: justify\">\r\n<\/div>    \r\n<h1 style=\"text-align: justify\">\r\n<font color=\"blue\">\r\n<font size=\"5\">\r\n<\/font>\r\n<\/font>\r\n<div align=\"center\">\r\n<font color=\"blue\" style=\"text-align: justify\">\r\n<font size=\"5\">SERVI\u00c7O P\u00daBLICO FEDERAL<\/font>\r\n<\/font>\r\n<\/div>\r\n<\/h1>\r\n\r\n<p>\r\n<\/p>\r\n<div align=\"center\">\r\n<b style=\"text-align: justify\">\r\n<a href=\"https:\/\/portal.ufsm.br\/documentos\/publico\/documento.html?id=4507703\" style=\"color: blue !important;text-decoration: underline !important\" data-elementor-preserved=\"true\">\r\n<font color=\"blue\">RESOLU\u00c7\u00c3O N. 014\/1998<\/font>\r\n<\/a>\r\n<\/b>\r\n<\/div>\r\n<p>\r\n<\/p>\r\n<br>\r\n<p>\r\n<\/p>\r\n<div align=\"right\">\r\n<font color=\"800000\" style=\"text-align: justify\">\r\n<strike>Transforma a Secretaria de Apoio Administrativo da Procuradoria Jur\u00eddica em Se\u00e7\u00e3o Administrativa.<\/strike>\r\n<\/font>\r\n<\/div>\r\n<p>\r\n<\/p>\r\n<br>\r\n<font color=\"#ff0000\">Revogada pela<\/font> <a href=\"https:\/\/www.ufsm.br\/pro-reitorias\/proplan\/resolucao-ufsm-n-239-2025\" style=\"color: blue !important;text-decoration: underline !important\" data-elementor-preserved=\"true\">Resolu\u00e7\u00e3o UFSM N. 239\/2025<\/a>\r\n<br>\r\n<div align=\"justify\">\r\n<p>\r\n<strike>O REITOR DA UNIVERSIDADE FEDERAL DE SANTA MARIA, no uso de suas atribui\u00e7\u00f5es legais e estatut\u00e1rias e, considerando:<\/strike>\r\n<\/p>\r\n<p>\r\n<strike>- O grau de complexidade e o n\u00edvel de responsabilidade exigidos para o desenvolvimento das atividades da Secretaria de Apoio Administrativo da Procuradoria Jur\u00eddica;<\/strike>\r\n<\/p>\r\n<p>\r\n<strike>- a solicita\u00e7\u00e3o de altera\u00e7\u00e3o do n\u00edvel da Fun\u00e7\u00e3o da Secretaria da PROJUR, c\u00f3digo FG6 para FG4;<\/strike>\r\n<\/p>\r\n<p>\r\n<strike>- a disponibilidade de uma Fun\u00e7\u00e3o Gratificada - C\u00f3digo FG5, decorrente dos estudos de readequa\u00e7\u00e3o da estrutura organizacional da Prefeitura da Cidade Universit\u00e1ria;<\/strike>\r\n<\/p>\r\n<p>\r\n<strike>- O Parecer n. 051\/98 da Comiss\u00e3o de Legisla\u00e7\u00e3o e Regimentos, aprovado na 576\u00aa sess\u00e3o do Conselho Universit\u00e1rio, em 02.10.98,<\/strike>\r\n<\/p>\r\n<strike>\r\n<br>\r\n<\/strike>\r\n<p>\r\n<\/p>\r\n<div align=\"center\">\r\n<strike>RESOLVE:<\/strike>\r\n<\/div>\r\n<p>\r\n<\/p>\r\n<strike>\r\n<br>\r\n<\/strike>\r\n<p>\r\n<strike>Art. 1\u00ba - Transformar a Secretaria de Apoio Administrativo da Procuradoria Jur\u00eddica, Fun\u00e7\u00e3o Gratificada C\u00f3digo FG6, em Se\u00e7\u00e3o Administrativa com Fun\u00e7\u00e3o Gratificada C\u00f3digo FG5.<\/strike>\r\n<\/p>\r\n<p>\r\n<strike>Art. 2\u00ba - Esta Resolu\u00e7\u00e3o entra em vigor na data de sua publica\u00e7\u00e3o, revogadas as disposi\u00e7\u00f5es em contr\u00e1rio.<\/strike>\r\n<\/p>\r\n\r\n<p>\r\n<strike>GABINETE DO REITOR DA UNIVERSIDADE FEDERAL DE SANTA MARIA, aos trinta dias do m\u00eas de outubro do ano de mil, novecentos e noventa e oito.<\/strike>\r\n<\/p>\r\n<\/div>\r\n<p>\r\n<strike>Clovis Silva Lima,<\/strike>\r\n<\/p>\r\n<p>\r\n<strike>Vice-Reitor, no exerc\u00edcio da Reitoria.<\/strike>\r\n<\/p>\r\n\r\n<p>\r\n<strike>\r\n<font color=\"red0000\">Este texto n\u00e3o substitui o documento original, publicado no Portal de Documentos.<\/font> Dispon\u00edvel em: <a href=\"https:\/\/portal.ufsm.br\/documentos\/publico\/documento.html?id=4507703\" style=\"color: blue !important;text-decoration: underline !important\" data-elementor-preserved=\"true\">\r\n<font color=\"blue\">https:\/\/portal.ufsm.br\/documentos\/publico\/documento.html?id=4507703<\/font>\r\n<\/a>\r\n<\/strike>\r\n<\/p>\r\n<\/font><\/div>\t\t<\/div>\n\t\t\t\t<\/div>\n\t\t\t\t\t<\/div>\n\t\t<\/div>\n\t\t\t\t\t<\/div>\n\t\t<\/section>\n\t\t\t\t<\/div>\n\t\t","protected":false},"excerpt":{"rendered":"<p>SERVI\u00c7O P\u00daBLICO FEDERAL RESOLU\u00c7\u00c3O N. 014\/1998 Transforma a Secretaria de Apoio Administrativo da Procuradoria Jur\u00eddica em Se\u00e7\u00e3o Administrativa. Revogada pela Resolu\u00e7\u00e3o UFSM N. 239\/2025 O REITOR DA UNIVERSIDADE FEDERAL DE SANTA MARIA, no uso de suas atribui\u00e7\u00f5es legais e estatut\u00e1rias e, considerando: &#8211; O grau de complexidade e o n\u00edvel de responsabilidade exigidos para o [&hellip;]<\/p>\n","protected":false},"author":205,"featured_media":0,"parent":0,"menu_order":0,"comment_status":"closed","ping_status":"closed","template":"","meta":{"footnotes":""},"categories":[],"tags":[],"class_list":["post-3295","page","type-page","status-publish","hentry"],"acf":[],"_links":{"self":[{"href":"https:\/\/www.ufsm.br\/pro-reitorias\/proplan\/wp-json\/wp\/v2\/pages\/3295","targetHints":{"allow":["GET"]}}],"collection":[{"href":"https:\/\/www.ufsm.br\/pro-reitorias\/proplan\/wp-json\/wp\/v2\/pages"}],"about":[{"href":"https:\/\/www.ufsm.br\/pro-reitorias\/proplan\/wp-json\/wp\/v2\/types\/page"}],"author":[{"embeddable":true,"href":"https:\/\/www.ufsm.br\/pro-reitorias\/proplan\/wp-json\/wp\/v2\/users\/205"}],"replies":[{"embeddable":true,"href":"https:\/\/www.ufsm.br\/pro-reitorias\/proplan\/wp-json\/wp\/v2\/comments?post=3295"}],"version-history":[{"count":0,"href":"https:\/\/www.ufsm.br\/pro-reitorias\/proplan\/wp-json\/wp\/v2\/pages\/3295\/revisions"}],"wp:attachment":[{"href":"https:\/\/www.ufsm.br\/pro-reitorias\/proplan\/wp-json\/wp\/v2\/media?parent=3295"}],"wp:term":[{"taxonomy":"category","embeddable":true,"href":"https:\/\/www.ufsm.br\/pro-reitorias\/proplan\/wp-json\/wp\/v2\/categories?post=3295"},{"taxonomy":"post_tag","embeddable":true,"href":"https:\/\/www.ufsm.br\/pro-reitorias\/proplan\/wp-json\/wp\/v2\/tags?post=3295"}],"curies":[{"name":"wp","href":"https:\/\/api.w.org\/{rel}","templated":true}]}}