{"id":3297,"date":"2020-02-19T12:09:11","date_gmt":"2020-02-19T15:09:11","guid":{"rendered":"https:\/\/www.ufsm.br\/pro-reitorias\/proplan\/?page_id=3297"},"modified":"2020-05-27T18:55:29","modified_gmt":"2020-05-27T21:55:29","slug":"resolucao-n-016-1998","status":"publish","type":"page","link":"https:\/\/www.ufsm.br\/pro-reitorias\/proplan\/resolucao-n-016-1998","title":{"rendered":"Resolu\u00e7\u00e3o N. 016\/1998"},"content":{"rendered":"\t\t<div data-elementor-type=\"wp-page\" data-elementor-id=\"3297\" class=\"elementor elementor-3297\">\n\t\t\t\t\t\t<section class=\"elementor-section elementor-top-section elementor-element elementor-element-b5d972c elementor-section-boxed elementor-section-height-default elementor-section-height-default\" data-id=\"b5d972c\" data-element_type=\"section\">\n\t\t\t\t\t\t<div class=\"elementor-container elementor-column-gap-default\">\n\t\t\t\t\t<div class=\"elementor-column elementor-col-100 elementor-top-column elementor-element elementor-element-2ccf6c9\" data-id=\"2ccf6c9\" data-element_type=\"column\">\n\t\t\t<div class=\"elementor-widget-wrap elementor-element-populated\">\n\t\t\t\t\t\t<div class=\"elementor-element elementor-element-1691691 elementor-widget elementor-widget-html\" data-id=\"1691691\" data-element_type=\"widget\" data-widget_type=\"html.default\">\n\t\t\t\t<div class=\"elementor-widget-container\">\n\t\t\t\r\n\r\n\r\n<title><b>RESOLU\u00c7\u00c3O N. 016\/1998<\/b><\/title>\r\n\r\n\r\n<div align=\"center\"><img decoding=\"async\" src=\"https:\/\/www.ufsm.br\/pro-reitorias\/proplan\/wp-content\/uploads\/sites\/344\/2019\/09\/brasao-da-republica-do-brasil-logo.png\" alt=\"Bras\u00e3o Rep\u00fablica Federativa do Brasil\" width=\"6%\" height=\"6%\"><\/div>    \r\n<h1><font color=\"blue\"><font size=\"5\"><div align=\"center\">SERVI\u00c7O P\u00daBLICO FEDERAL<\/b><\/font><\/font><\/div><\/H1>\r\n\r\n<p><div align=\"center\"><b><a href=\"https:\/\/portal.ufsm.br\/documentos\/publico\/documento.html?id=4507700\"><font color=\"blue\">RESOLU\u00c7\u00c3O N. 016\/1998<\/font><\/a><\/b><\/div><\/p>\r\n<br>\r\n<p><div align=\"right\"><font color=\"800000\">Institui a Coordenadoria de Comunica\u00e7\u00e3o Social da UFSM, absorvendo a infraestrutura da R\u00e1dio Universidade e da Assessoria de Imprensa do Gabinete do Reitor.<\/font><\/div><\/p>\r\n<br>\r\n<p><a href=\"https:\/\/www.ufsm.br\/pro-reitorias\/proplan\/resolucao-n-033-2011\/\"><font color=\"blue\">Alterada pela Resolu\u00e7\u00e3o N. 033\/2011<\/font><\/a><\/p>\r\n<br>\r\n<br><div align=\"justify\">\r\n<br>\r\n<p>O VICE-REITOR DA UNIVERSIDADE FEDERAL DE SANTA MARIA, no uso de suas atribui\u00e7\u00f5es legais e estatut\u00e1rias e, considerando:<\/p>\r\n<p>- a necessidade de concentrar em uma mesma subunidade os servi\u00e7os de r\u00e1dio, televis\u00e3o, comunica\u00e7\u00e3o institucional e produ\u00e7\u00e3o de not\u00edcias;<\/p>\r\n<p>- a inten\u00e7\u00e3o de estabelecer-se uma pol\u00edtica global de comunica\u00e7\u00e3o para a Institui\u00e7\u00e3o;<\/p>\r\n<p>- a pretens\u00e3o de agilizar-se os servi\u00e7os de comunica\u00e7\u00e3o hoje existentes, criando novos, de acordo com as necessidades;<\/p>\r\n<p>- O prop\u00f3sito de facilitar a a\u00e7\u00e3o dos ve\u00edculos de comunica\u00e7\u00e3o na busca de informa\u00e7\u00f5es sobre a Universidade e manter constante relacionamento com a imprensa local, regional e nacional;<\/p>\r\n<p>- a aspira\u00e7\u00e3o de dar apoio aos eventos cient\u00edficos, educacionais e culturais que se realizam na Institui\u00e7\u00e3o;<\/p>\r\n<p>- a necessidade de informar a sociedade sobre os fatos e acontecimentos ocorridos na UFSM;<\/p>\r\n<p>- O Parecer n. 013\/98 da Comiss\u00e3o de Legisla\u00e7\u00e3o e Regimentos, aprovado na 570\u00aa sess\u00e3o do Conselho Universit\u00e1rio, em 27.05.98,<\/p>\r\n<br>\r\n<p><div align=\"center\">RESOLVE:<\/div><\/p>\r\n<br>\r\n<p>Art. 1\u00ba - Criar a Coordenadoria de Comunica\u00e7\u00e3o Social da UFSM, como \u00d3rg\u00e3o Executivo da Administra\u00e7\u00e3o Superior, diretamente subordinada ao Gabinete do Reitor, a partir da infraestrutura da R\u00e1dio Universidade e da Assessoria de Imprensa do Gabinete do Reitor.<\/p>\r\n<p>Art. 2\u00ba - A Coordenadoria de Comunica\u00e7\u00e3o Social da UFSM ter\u00e1 a seguinte estrutura e respecitvas Fun\u00e7\u00f5es de Confian\u00e7a:<\/p>\r\n<p>1 - Coordenador de Comunica\u00e7\u00e3o Social - CD4<\/p>\r\n<p>2 - Secretaria de Apoio Administrativo - FG7<\/p>\r\n<p>3 - N\u00facleo de R\u00e1dio Universidade - FG4<\/p>\r\n<p>4 - N\u00facleo de TV Universit\u00e1ria - FG4<\/p>\r\n<p><strike>5 - N\u00facleo de Comunica\u00e7\u00e3o Institucional - FG4 <\/strike><a href=\"https:\/\/www.ufsm.br\/pro-reitorias\/proplan\/resolucao-n-033-2011\/\"><font color=\"blue\">(Alterado pela Resolu\u00e7\u00e3o N. 033\/2011)<\/font><\/a><\/p>\r\n<p>5 - N\u00facleo de Apoio T\u00e9cnico <a href=\"https:\/\/www.ufsm.br\/pro-reitorias\/proplan\/resolucao-n-033-2011\/\"><font color=\"blue\">(Reda\u00e7\u00e3o dada pela Resolu\u00e7\u00e3o N. 033\/2011)<\/font><\/a><\/p>\r\n<p>6 - N\u00facleo de Ag\u00eancia de Not\u00edcias - FG4<\/p>\r\n\r\n<p>Art. 3\u00ba - Ficam exclu\u00eddos os incisos I e II da <a href=\"https:\/\/www.ufsm.br\/pro-reitorias\/proplan\/resolucao-n-025-1987\/\" target=\"_blank\"><font color=\"blue\"><u>Resolu\u00e7\u00e3o n. 0025\/87 - UFSM, de 15.05.87<\/u><\/font><\/a>.<\/p>\r\n<p>Art. 4\u00ba - Esta Resolu\u00e7\u00e3o entra em vigor na data de sua publica\u00e7\u00e3o, revogadas as disposi\u00e7\u00f5es em contr\u00e1rio.<\/p>\r\n\r\n<p>GABINETE DO REITOR DA UNIVERSIDADE FEDERAL DE SANTA MARIA, aos trinta dias do m\u00eas de outubro do ano de mil, novecentos e noventa e oito.<\/p>\r\n<\/div>\r\n<p>Clovis Silva Lima,\r\nVice-Reitor, no exerc\u00edcio da Reitoria.<\/p>\r\n\r\n<p><font color=\"red0000\">Este texto n\u00e3o substitui o documento original, publicado no Portal de Documentos.<\/font> Dispon\u00edvel em: <a href=\"https:\/\/portal.ufsm.br\/documentos\/publico\/documento.html?id=4507700\"><font color=\"blue\">https:\/\/portal.ufsm.br\/documentos\/publico\/documento.html?id=4507700<\/font><\/a>\r\n\r\n\t\t<\/div>\n\t\t\t\t<\/div>\n\t\t\t\t\t<\/div>\n\t\t<\/div>\n\t\t\t\t\t<\/div>\n\t\t<\/section>\n\t\t\t\t<\/div>\n\t\t","protected":false},"excerpt":{"rendered":"<p>RESOLU\u00c7\u00c3O N. 016\/1998 SERVI\u00c7O P\u00daBLICO FEDERAL RESOLU\u00c7\u00c3O N. 016\/1998 Institui a Coordenadoria de Comunica\u00e7\u00e3o Social da UFSM, absorvendo a infraestrutura da R\u00e1dio Universidade e da Assessoria de Imprensa do Gabinete do Reitor. Alterada pela Resolu\u00e7\u00e3o N. 033\/2011 O VICE-REITOR DA UNIVERSIDADE FEDERAL DE SANTA MARIA, no uso de suas atribui\u00e7\u00f5es legais e estatut\u00e1rias e, considerando: [&hellip;]<\/p>\n","protected":false},"author":205,"featured_media":0,"parent":0,"menu_order":0,"comment_status":"closed","ping_status":"closed","template":"","meta":{"footnotes":""},"categories":[],"tags":[],"class_list":["post-3297","page","type-page","status-publish","hentry"],"acf":[],"_links":{"self":[{"href":"https:\/\/www.ufsm.br\/pro-reitorias\/proplan\/wp-json\/wp\/v2\/pages\/3297","targetHints":{"allow":["GET"]}}],"collection":[{"href":"https:\/\/www.ufsm.br\/pro-reitorias\/proplan\/wp-json\/wp\/v2\/pages"}],"about":[{"href":"https:\/\/www.ufsm.br\/pro-reitorias\/proplan\/wp-json\/wp\/v2\/types\/page"}],"author":[{"embeddable":true,"href":"https:\/\/www.ufsm.br\/pro-reitorias\/proplan\/wp-json\/wp\/v2\/users\/205"}],"replies":[{"embeddable":true,"href":"https:\/\/www.ufsm.br\/pro-reitorias\/proplan\/wp-json\/wp\/v2\/comments?post=3297"}],"version-history":[{"count":0,"href":"https:\/\/www.ufsm.br\/pro-reitorias\/proplan\/wp-json\/wp\/v2\/pages\/3297\/revisions"}],"wp:attachment":[{"href":"https:\/\/www.ufsm.br\/pro-reitorias\/proplan\/wp-json\/wp\/v2\/media?parent=3297"}],"wp:term":[{"taxonomy":"category","embeddable":true,"href":"https:\/\/www.ufsm.br\/pro-reitorias\/proplan\/wp-json\/wp\/v2\/categories?post=3297"},{"taxonomy":"post_tag","embeddable":true,"href":"https:\/\/www.ufsm.br\/pro-reitorias\/proplan\/wp-json\/wp\/v2\/tags?post=3297"}],"curies":[{"name":"wp","href":"https:\/\/api.w.org\/{rel}","templated":true}]}}