{"id":3298,"date":"2020-02-19T12:09:14","date_gmt":"2020-02-19T15:09:14","guid":{"rendered":"https:\/\/www.ufsm.br\/pro-reitorias\/proplan\/?page_id=3298"},"modified":"2020-04-27T11:42:17","modified_gmt":"2020-04-27T14:42:17","slug":"resolucao-n-017-1998","status":"publish","type":"page","link":"https:\/\/www.ufsm.br\/pro-reitorias\/proplan\/resolucao-n-017-1998","title":{"rendered":"Resolu\u00e7\u00e3o N. 017\/1998"},"content":{"rendered":"\t\t<div data-elementor-type=\"wp-page\" data-elementor-id=\"3298\" class=\"elementor elementor-3298\">\n\t\t\t\t\t\t<section class=\"elementor-section elementor-top-section elementor-element elementor-element-b9ec823 elementor-section-boxed elementor-section-height-default elementor-section-height-default\" data-id=\"b9ec823\" data-element_type=\"section\">\n\t\t\t\t\t\t<div class=\"elementor-container elementor-column-gap-default\">\n\t\t\t\t\t<div class=\"elementor-column elementor-col-100 elementor-top-column elementor-element elementor-element-8951a43\" data-id=\"8951a43\" data-element_type=\"column\">\n\t\t\t<div class=\"elementor-widget-wrap elementor-element-populated\">\n\t\t\t\t\t\t<div class=\"elementor-element elementor-element-289fd83 elementor-widget elementor-widget-html\" data-id=\"289fd83\" data-element_type=\"widget\" data-widget_type=\"html.default\">\n\t\t\t\t<div class=\"elementor-widget-container\">\n\t\t\t\r\n\r\n\r\n<title><b>RESOLU\u00c7\u00c3O N. 017\/1998<\/b><\/title>\r\n\r\n\r\n<div align=\"center\"><img decoding=\"async\" src=\"https:\/\/www.ufsm.br\/pro-reitorias\/proplan\/wp-content\/uploads\/sites\/344\/2019\/09\/brasao-da-republica-do-brasil-logo.png\" alt=\"Bras\u00e3o Rep\u00fablica Federativa do Brasil\" width=\"6%\" height=\"6%\"><\/div>    \r\n<h1><font color=\"blue\"><font size=\"5\"><div align=\"center\">SERVI\u00c7O P\u00daBLICO FEDERAL<\/b><\/font><\/font><\/div><\/H1>\r\n\r\n<p><div align=\"center\"><b><a href=\"https:\/\/portal.ufsm.br\/documentos\/publico\/documento.html?id=4507699\"><font color=\"blue\">RESOLU\u00c7\u00c3O N. 017\/1998<\/font><\/a><\/b><\/div><\/p>\r\n<br>\r\n<p><div align=\"right\"><font color=\"800000\"><strike>Regulamenta a atividade de fiscaliza\u00e7\u00e3o do Concurso Vestibular\/99 e disp\u00f5e sobre o expediente da Institui\u00e7\u00e3o no per\u00edodo de sua realiza\u00e7\u00e3o.<\/strike><\/font><\/div><\/p>\r\n<br>\r\n<p><a href=\"https:\/\/www.ufsm.br\/pro-reitorias\/proplan\/resolucao-n-008-2020\/\" target=\"_blank\"><font color=\"blue\">Revogada pela Resolu\u00e7\u00e3o N. 008\/2020<\/font><\/a><\/p>\r\n<br>\r\n<br><div align=\"justify\">\r\n<strike>\r\n<p>O VICE-REITOR DA UNIVERSIDADE FEDERAL DE SANTA MARIA, no exerc\u00edcio da Reitoria, e no uso de suas atribui\u00e7\u00f5es legais e estatut\u00e1rias,<\/p>\r\n<br>\r\n<p><div align=\"center\">RESOLVE:<\/div><\/p>\r\n<br>\r\n<p>Art. 1\u00ba - O Concurso Vestibular \u00e9 considerado priorit\u00e1rio sobre as demais atividades da Universidade Federal de Santa Maria, no per\u00edodo de realiza\u00e7\u00e3o das provas.<\/p>\r\n<p>Art. 2\u00ba - Os servidores e alunos dos Cursos de p\u00f3s-gradua\u00e7\u00e3o da Universidade Federal de Santa Maria, e os servidores das escolas cadastradas pela Comiss\u00e3o Permanente de Vestibular (COPERVES), ser\u00e3o convidados, por ades\u00e3o, a participarem do Processo de Fiscaliza\u00e7\u00e3o do Vestibular\/99. A ades\u00e3o ser\u00e1 feita mediante a assinatura do servidor na respectiva rela\u00e7\u00e3o nominal, que ser\u00e1 enviada pela COPERVES a cada \u00f3rg\u00e3o de lota\u00e7\u00e3o da UFSM e as escolas cadastradas, bem como pelo preenchimento do formul\u00e1rio, devidamente assinador pelo aluno, que ser\u00e1 igualmente remetido pela Comiss\u00e3o as Coordena\u00e7\u00f5es dos Cursos de p\u00f3s-gradua\u00e7\u00e3o da Universidade. Os alunos de p\u00f3s-gradua\u00e7\u00e3o e servidores da UFSM que pretendem aderir ao Processo de Fiscaliza\u00e7\u00e3o, dever\u00e3o preencher o formul\u00e1rio enviado ao Curso a que estiverem vinculados e ao \u00f3rg\u00e3o em que estiverem lotados, respectivamente.<\/p>\r\n<p>Art. 3\u00ba - Os docentes e t\u00e9cnico-administrativos e os alunos de p\u00f3s-gradua\u00e7\u00e3o que forem selecionados, participar\u00e3o da Reuni\u00e3o de Treinamento, exercer\u00e3o suas atividades durante os quatro dias de realiza\u00e7\u00e3o do Concurso Vestibular\/99, no hor\u00e1rio da 7h15min \u00e0s 12 horas, e receber\u00e3o o valor de R$ 78,00.<\/p>\r\n<p>Par\u00e1grafo \u00danico. Os docentes e t\u00e9cnico-administrativos poder\u00e3o optar por 5 dias de folga, ao inv\u00e9s do pagamento previsto no caput deste artigo, ficando \u00e0 crit\u00e9rio das respectivas chefias a defini\u00e7\u00e3o do per\u00edodo de gozo.<\/p>\r\n\r\n<p>Art. 4\u00ba - O expediente da UFSM, durante o per\u00edodo do Concurso Vestibular\/99, nos dias 5,6,7 e 8 de janeiro\/99 ser\u00e1 na parte da tarde, das 14 \u00e0 18 horas.<\/p>\r\n<p>Par\u00e1grafo \u00danico. A obten\u00e7\u00e3o de um dos benef\u00edcios referidos no Artigo 3\u00ba e seu par\u00e1grafo \u00fanico n\u00e3o desobriga o servidor da UFSM a cumprir a jornada de trabalho no per\u00edodo da tarde, nos dias 5,6,7 e 8 de janeiro\/99.<\/p>\r\n\r\n<p>Art. 5\u00ba - Esta Resolu\u00e7\u00e3o entra em vigor na data de sua publica\u00e7\u00e3o, revogadas as disposi\u00e7\u00f5es em contr\u00e1rio.<\/p>\r\n\r\n<p>GABINETE DO REITOR DA UNIVERSIDADE FEDERAL DE SANTA MARIA, aos vinte e sete dias do m\u00eas de outubro do ano de mil novecentos e noventa e oito.<\/p>\r\n<\/div>\r\n<p>Clovis Silva Lima.<\/p>\r\n<\/strike>\r\n<p><font color=\"red0000\">Este texto n\u00e3o substitui o documento original, publicado no Portal de Documentos.<\/font> Dispon\u00edvel em: <a href=\"https:\/\/portal.ufsm.br\/documentos\/publico\/documento.html?id=4507699\"><font color=\"blue\">https:\/\/portal.ufsm.br\/documentos\/publico\/documento.html?id=4507699<\/font><\/a>\r\n\r\n\t\t<\/div>\n\t\t\t\t<\/div>\n\t\t\t\t\t<\/div>\n\t\t<\/div>\n\t\t\t\t\t<\/div>\n\t\t<\/section>\n\t\t\t\t<\/div>\n\t\t","protected":false},"excerpt":{"rendered":"<p>RESOLU\u00c7\u00c3O N. 017\/1998 SERVI\u00c7O P\u00daBLICO FEDERAL RESOLU\u00c7\u00c3O N. 017\/1998 Regulamenta a atividade de fiscaliza\u00e7\u00e3o do Concurso Vestibular\/99 e disp\u00f5e sobre o expediente da Institui\u00e7\u00e3o no per\u00edodo de sua realiza\u00e7\u00e3o. Revogada pela Resolu\u00e7\u00e3o N. 008\/2020 O VICE-REITOR DA UNIVERSIDADE FEDERAL DE SANTA MARIA, no exerc\u00edcio da Reitoria, e no uso de suas atribui\u00e7\u00f5es legais e estatut\u00e1rias, [&hellip;]<\/p>\n","protected":false},"author":205,"featured_media":0,"parent":0,"menu_order":0,"comment_status":"closed","ping_status":"closed","template":"","meta":{"footnotes":""},"categories":[],"tags":[],"class_list":["post-3298","page","type-page","status-publish","hentry"],"acf":[],"_links":{"self":[{"href":"https:\/\/www.ufsm.br\/pro-reitorias\/proplan\/wp-json\/wp\/v2\/pages\/3298","targetHints":{"allow":["GET"]}}],"collection":[{"href":"https:\/\/www.ufsm.br\/pro-reitorias\/proplan\/wp-json\/wp\/v2\/pages"}],"about":[{"href":"https:\/\/www.ufsm.br\/pro-reitorias\/proplan\/wp-json\/wp\/v2\/types\/page"}],"author":[{"embeddable":true,"href":"https:\/\/www.ufsm.br\/pro-reitorias\/proplan\/wp-json\/wp\/v2\/users\/205"}],"replies":[{"embeddable":true,"href":"https:\/\/www.ufsm.br\/pro-reitorias\/proplan\/wp-json\/wp\/v2\/comments?post=3298"}],"version-history":[{"count":0,"href":"https:\/\/www.ufsm.br\/pro-reitorias\/proplan\/wp-json\/wp\/v2\/pages\/3298\/revisions"}],"wp:attachment":[{"href":"https:\/\/www.ufsm.br\/pro-reitorias\/proplan\/wp-json\/wp\/v2\/media?parent=3298"}],"wp:term":[{"taxonomy":"category","embeddable":true,"href":"https:\/\/www.ufsm.br\/pro-reitorias\/proplan\/wp-json\/wp\/v2\/categories?post=3298"},{"taxonomy":"post_tag","embeddable":true,"href":"https:\/\/www.ufsm.br\/pro-reitorias\/proplan\/wp-json\/wp\/v2\/tags?post=3298"}],"curies":[{"name":"wp","href":"https:\/\/api.w.org\/{rel}","templated":true}]}}