{"id":3302,"date":"2020-02-19T12:20:27","date_gmt":"2020-02-19T15:20:27","guid":{"rendered":"https:\/\/www.ufsm.br\/pro-reitorias\/proplan\/?page_id=3302"},"modified":"2020-11-11T10:19:20","modified_gmt":"2020-11-11T13:19:20","slug":"resolucao-n-019-1998-anexo-ii","status":"publish","type":"page","link":"https:\/\/www.ufsm.br\/pro-reitorias\/proplan\/resolucao-n-019-1998-anexo-ii","title":{"rendered":"Resolu\u00e7\u00e3o N. 019\/1998 &#8211; Anexo II"},"content":{"rendered":"\t\t<div data-elementor-type=\"wp-page\" data-elementor-id=\"3302\" class=\"elementor elementor-3302\">\n\t\t\t\t\t\t<section class=\"elementor-section elementor-top-section elementor-element elementor-element-161c64f elementor-section-boxed elementor-section-height-default elementor-section-height-default\" data-id=\"161c64f\" data-element_type=\"section\">\n\t\t\t\t\t\t<div class=\"elementor-container elementor-column-gap-default\">\n\t\t\t\t\t<div class=\"elementor-column elementor-col-100 elementor-top-column elementor-element elementor-element-65d5394\" data-id=\"65d5394\" data-element_type=\"column\">\n\t\t\t<div class=\"elementor-widget-wrap elementor-element-populated\">\n\t\t\t\t\t\t<div class=\"elementor-element elementor-element-3e0cbc9 elementor-widget elementor-widget-html\" data-id=\"3e0cbc9\" data-element_type=\"widget\" data-widget_type=\"html.default\">\n\t\t\t\t<div class=\"elementor-widget-container\">\n\t\t\t\r\n\r\n\r\n<title><b>RESOLU\u00c7\u00c3O N. 019\/1998-ANEXO II<\/b><\/title>\r\n\r\n\r\n<div align=\"center\"><img decoding=\"async\" src=\"https:\/\/www.ufsm.br\/pro-reitorias\/proplan\/wp-content\/uploads\/sites\/344\/2019\/09\/brasao-da-republica-do-brasil-logo.png\" alt=\"Bras\u00e3o Rep\u00fablica Federativa do Brasil\" width=\"6%\" height=\"6%\"><\/div>    \r\n<h1><font color=\"blue\"><font size=\"5\"><div align=\"center\">MINIST\u00c9RIO DA EDUCA\u00c7\u00c3O<\/b><\/font><\/font><\/div><\/H1>\r\n<p><b><font color=\"0000blue\"><div align=\"center\">UNIVERSIDADE FEDERAL DE SANTA MARIA<\/b><\/font><\/div><\/p>\r\n\r\n<p><div align=\"center\"><b><a href=\"https:\/\/portal.ufsm.br\/documentos\/publico\/documento.html?id=12956622\"><font color=\"blue\">RESOLU\u00c7\u00c3O N. 019\/1998 - ANEXO II<\/font><\/a><\/b><\/div><\/p>\r\n<br>\r\n<p><a href=\"https:\/\/www.ufsm.br\/pro-reitorias\/proplan\/resolucao-n-020-1999\/\"><font color=\"blue\">Alterada pela Resolu\u00e7\u00e3o N. 020\/1999<\/font><\/a><\/p>\r\n<p><a href=\"https:\/\/www.ufsm.br\/pro-reitorias\/proplan\/resolucao-n-028-2020\/\" target=\"_blank\"><font color=\"blue\">Revogada pela Resolu\u00e7\u00e3o N. 028\/2020<\/font><\/a><\/p>\r\n<br>\r\n<br><div align=\"justify\">\r\n<strike>\r\n<br>\r\n<p><div align=\"center\"><b>RELAT\u00d3RIO ANUAL DE ATIVIDADES<\/b><\/div><\/p>\r\n<br>\r\n<table><table width=\"50%\">\r\n<p><b>1. Identifica\u00e7\u00e3o\u00b9<\/b><\/p>\r\n<tr><td>Nome:<\/td><td colspan=\"3\"><\/td><\/tr>\r\n<tr><td>Institui\u00e7\u00e3o:<\/td><td colspan=\"3\"><\/td><\/tr>\r\n<tr><td>Programa:<\/td><td colspan=\"3\"><\/td><\/tr>\r\n<tr><td>Curso:<\/td><td colspan=\"3\"><\/td><\/tr>\r\n<tr><td>In\u00edcio do curso:<\/td><td width=\"25%\"><\/td><td>Bolsa:<\/td><td width=\"25%\"><\/td><\/tr>\r\n<tr><td>Per\u00edodo:<\/td><td colspan=\"3\"><\/td><\/tr>\r\n<\/div><\/table>\r\n<p>\u00b9 Neste quadro os dados s\u00e3o relativos \u00e0 institui\u00e7\u00e3o onde realiza a qualifica\u00e7\u00e3o: dever\u00e3o ser indicados seu nome, o Programa de P\u00f3s-gradua\u00e7\u00e3o no qual se encontra matriculado, o n\u00edvel do curso realizado (Mestrado ou Doutorado), o ano de in\u00edcio do curso, a ag\u00eancia e a data de in\u00edcio da bolsa de estudos (se receber) e o per\u00edodo do relat\u00f3rio de atividades.<\/p>\r\n<br>\r\n<br>\r\n<p><b>2. Desempenho Acad\u00eamico\u00b2<\/b><\/p>\r\n<br>\r\n<table><table width=\"50%\">\r\n<tr><td width=\"50%\">Disciplinas cursadas<\/td><td align=\"center\">Carga hor.<\/div><\/td><td align=\"center\">Cr\u00e9ditos<\/div><\/td><td align=\"center\">Conceito<\/div><\/td><\/tr>\r\n<tr><td><br><\/td><td><\/td><td><\/td><td><\/td><\/tr>\r\n<tr><td><br><\/td><td><\/td><td><\/td><td><\/td><\/tr>\r\n<tr><td><br><\/td><td><\/td><td><\/td><td><\/td><\/tr>\r\n<tr><td><br><\/td><td><\/td><td><\/td><td><\/td><\/tr>\r\n<\/div><\/table>\r\n<p>\u00b2 Dever\u00e3o ser anexados os documentos comprobat\u00f3rios de todas as atividades realizadas.<\/p>\r\n<br>\r\n<table><table width=\"50%\">\r\n<tr><td width=\"50%\">Est\u00e1gios, semin\u00e1rios outras atividades<\/td><td align=\"center\">Carga hor.<\/div><\/td><td align=\"center\">Cr\u00e9ditos<\/div><\/td><td align=\"center\">Conceito<\/div><\/td><\/tr>\r\n<tr><td><br><\/td><td><\/td><td><\/td><td><\/td><\/tr>\r\n<tr><td><br><\/td><td><\/td><td><\/td><td><\/td><\/tr>\r\n<tr><td><br><\/td><td><\/td><td><\/td><td><\/td><\/tr>\r\n<tr><td><br><\/td><td><\/td><td><\/td><td><\/td><\/tr>\r\n<\/div><\/table>\r\n<br>\r\n<table><table width=\"50%\">\r\n<tr><td width=\"50%\"><b>Est\u00e1gio<\/b><\/td><td><b>Coment\u00e1rios<\/b><\/div><\/td><\/tr>\r\n<tr><td>N\u00e3o iniciada<\/td><td><\/td><\/tr>\r\n<tr><td>Elabora\u00e7\u00e3o do projeto<\/td><td><\/td><\/tr>\r\n<tr><td>Revis\u00e3o bibliogr\u00e1fica<\/td><td><\/td><\/tr>\r\n<tr><td>Coleta de dados<\/td><td><\/td><\/tr>\r\n<tr><td>An\u00e1lise dos dados<\/td><td><\/td><\/tr>\r\n<tr><td>Prepara\u00e7\u00e3o do exame de qualifica\u00e7\u00e3o<\/td><td><\/td><\/tr>\r\n<\/div><\/table>\r\n<br>\r\n<table><table width=\"50%\">\r\n<tr><td width=\"50%\"><b>Previs\u00e3o de defesa:<\/b><\/td><td><b><\/b><\/div><\/td><\/tr>\r\n<\/div><\/table>\r\n<br>\r\n<br>\r\n<br>\r\n<p><b>4. Outras atividades no per\u00edodo, incluindo aquelas do est\u00e1gio de p\u00f3s-doutorado e a produ\u00e7\u00e3o cient\u00edfica.<\/b><\/p>\r\n<br>\r\n<table><table width=\"75%\">\r\n<tr><td><b>DESCRI\u00c7\u00c3O POR ATIVIDADE<\/b><\/td><td><b>N\u00ba DE PONTOS<\/b><\/td><td><b>QUANTIDADE<\/b><\/td><td><b>PONTUA\u00c7\u00c3O (N\u00ba de pontos x quantidade)<\/b><\/td><\/tr>\r\n<tr><td><b>Organiza\u00e7\u00e3o de livro did\u00e1tico, cultural ou t\u00e9cnico<\/b><\/td><td align=\"center\"><b>10<\/b><\/td><td><b><\/b><\/td><td><b><\/b><\/td><\/tr>\r\n<tr><td><b>Tradu\u00e7\u00e3o de livro did\u00e1tico, cultural ou t\u00e9cnico<\/b><\/td><td align=\"center\"><b>15<\/b><\/td><td><b><\/b><\/td><td><b><\/b><\/td><\/tr>\r\n<tr><td><b>Patente registrada<\/b><\/td><td align=\"center\"><b>30<\/b><\/td><td><b><\/b><\/td><td><b><\/b><\/td><\/tr>\r\n<tr><td><b>Obra art\u00edstica ou cultural premiada em n\u00edvel Internacional<\/b><\/td><td align=\"center\"><b>30<\/b><\/td><td><b><\/b><\/td><td><b><\/b><\/td><\/tr>\r\n<tr><td><b>Obra art\u00edstica ou cultural premiada em n\u00edvel Nacional<\/b><\/td><td align=\"center\"><b>15<\/b><\/td><td><b><\/b><\/td><td><b><\/b><\/td><\/tr>\r\n<tr><td><b>Obra art\u00edstica ou cultural premiada em n\u00edvel Regional<\/b><\/td><td align=\"center\"><b>8<\/b><\/td><td><b><\/b><\/td><td><b><\/b><\/td><\/tr>\r\n<tr><td><b>Obra art\u00edstica ou cultural premiada em n\u00edvel Local<\/b><\/td><td align=\"center\"><b>5<\/b><\/td><td><b><\/b><\/td><td><b><\/b><\/td><\/tr>\r\n<tr><td><b>Tese de Doutorado defendida pelo docente<\/b><\/td><td align=\"center\"><b>10<\/b><\/td><td><b><\/b><\/td><td><b><\/b><\/td><\/tr>\r\n<tr><td><b>Disserta\u00e7\u00e3o de Mestrado defendida pelo docente<\/b><\/td><td align=\"center\"><b>5<\/b><\/td><td><b><\/b><\/td><td><b><\/b><\/td><\/tr>\r\n<tr><td><b>Artigo t\u00e9cnico-cient\u00edfico publicado em Peri\u00f3dico indexado Internacionalmente<\/b><\/td><td align=\"center\"><b>15<\/b><\/td><td><b><\/b><\/td><td><b><\/b><\/td><\/tr>\r\n<tr><td><b>Artigo t\u00e9cnico-cient\u00edfico publicado em Peri\u00f3dico de Circula\u00e7\u00e3o Nacional<\/b><\/td><td align=\"center\"><b>10<\/b><\/td><td><b><\/b><\/td><td><b><\/b><\/td><\/tr>\r\n<tr><td><b>Artigo t\u00e9cnico-cient\u00edfico publicado em Peri\u00f3dico de circula\u00e7\u00e3o local<\/b><\/td><td align=\"center\"><b>5<\/b><\/td><td><b><\/b><\/td><td><b><\/b><\/td><\/tr>\r\n<tr><td><b>Relat\u00f3rio de Pesquisa avaliado pela inst\u00e2ncia de aprova\u00e7\u00e3o do projeto<\/b><\/td><td align=\"center\"><b>3<\/b><\/td><td><b><\/b><\/td><td><b><\/b><\/td><\/tr>\r\n<tr><td><b>Participa\u00e7\u00e3o em eventos cient\u00edficos ou art\u00edstico-culturais Internacionais como coordenador geral<\/b><\/td><td align=\"center\"><b>25<\/b><\/td><td><b><\/b><\/td><td><b><\/b><\/td><\/tr>\r\n<tr><td><b>Participa\u00e7\u00e3o em eventos cient\u00edficos ou art\u00edstico-culturais Nacionais como coordenador geral<\/b><\/td><td align=\"center\"><b>15<\/b><\/td><td><b><\/b><\/td><td><b><\/b><\/td><\/tr>\r\n<tr><td><b>Participa\u00e7\u00e3o em eventos cient\u00edficos ou art\u00edstico-culturais Regionais como coordenador geral<\/b><\/td><td align=\"center\"><b>10<\/b><\/td><td><b><\/b><\/td><td><b><\/b><\/td><\/tr>\r\n<tr><td><b>Participa\u00e7\u00e3o em eventos cient\u00edficos ou art\u00edstico-culturais Locais como coordenador geral<\/b><\/td><td align=\"center\"><b>5<\/b><\/td><td><b><\/b><\/td><td><b><\/b><\/td><\/tr>\r\n<tr><td><b>Participa\u00e7\u00e3o em eventos cient\u00edficos ou art\u00edstico-culturais Internacionais na comiss\u00e3o organizadora<\/b><\/td><td align=\"center\"><b>15<\/b><\/td><td><b><\/b><\/td><td><b><\/b><\/td><\/tr>\r\n<tr><td><b>Participa\u00e7\u00e3o em eventos cient\u00edficos ou art\u00edstico-culturais Nacionais na comiss\u00e3o organizadora<\/b><\/td><td align=\"center\"><b>10<\/b><\/td><td><b><\/b><\/td><td><b><\/b><\/td><\/tr>\r\n<tr><td><b>Participa\u00e7\u00e3o em eventos cient\u00edficos ou art\u00edstico-culturais Regionais na comiss\u00e3o organizadora<\/b><\/td><td align=\"center\"><b>5<\/b><\/td><td><b><\/b><\/td><td><b><\/b><\/td><\/tr>\r\n<tr><td><b>Participa\u00e7\u00e3o em eventos cient\u00edficos ou art\u00edstico-culturais locais na comiss\u00e3o organizadora<\/b><\/td><td align=\"center\"><b>3<\/b><\/td><td><b><\/b><\/td><td><b><\/b><\/td><\/tr>\r\n<tr><td><b>Participa\u00e7\u00e3o em eventos cient\u00edficos ou art\u00edstico-culturais Internacionais como conferencista convidado<\/b><\/td><td align=\"center\"><b>20<\/b><\/td><td><b><\/b><\/td><td><b><\/b><\/td><\/tr>\r\n<tr><td><b>Participa\u00e7\u00e3o em eventos cient\u00edficos ou art\u00edstico-culturais Nacionais como conferencista convidado<\/b><\/td><td align=\"center\"><b>10<\/b><\/td><td><b><\/b><\/td><td><b><\/b><\/td><\/tr>\r\n<tr><td><b>Participa\u00e7\u00e3o em eventos cient\u00edficos ou art\u00edstico-culturais Regionais como conferencista convidado<\/b><\/td><td align=\"center\"><b>5<\/b><\/td><td><b><\/b><\/td><td><b><\/b><\/td><\/tr>\r\n<tr><td><b>Participa\u00e7\u00e3o em eventos cient\u00edficos ou art\u00edstico-culturais Locais como conferencista convidado<\/b><\/td><td align=\"center\"><b>5<\/b><\/td><td><b><\/b><\/td><td><b><\/b><\/td><\/tr>\r\n<tr><td><b>Trabalho Apresentado ou Resumo Publicado em eventos cient\u00edficos ou art\u00edstico-culturais Internacionais<\/b><\/td><td align=\"center\"><b>5<\/b><\/td><td><b><\/b><\/td><td><b><\/b><\/td><\/tr>\r\n<tr><td><b>Trabalho Apresentado ou Resumo Publicado em eventos cient\u00edficos ou art\u00edstico-culturais Nacionais<\/b><\/td><td align=\"center\"><b>3<\/b><\/td><td><b><\/b><\/td><td><b><\/b><\/td><\/tr>\r\n<tr><td><b>Trabalho Apresentado ou Resumo Publicado em eventos cient\u00edficos ou art\u00edstico-culturais Regionais<\/b><\/td><td align=\"center\"><b>2<\/b><\/td><td><b><\/b><\/td><td><b><\/b><\/td><\/tr>\r\n<tr><td><b>Trabalho Apresentado ou Resumo Publicado em eventos cient\u00edficos ou art\u00edstico-culturais Locais<\/b><\/td><td align=\"center\"><b>1<\/b><\/td><td><b><\/b><\/td><td><b><\/b><\/td><\/tr>\r\n<tr><td><b>Orienta\u00e7\u00e3o de alunos de gradua\u00e7\u00e3o: inicia\u00e7\u00e3o cient\u00edfica<\/b><\/td><td align=\"center\"><b>1<\/b><\/td><td><b><\/b><\/td><td><b><\/b><\/td><\/tr>\r\n<tr><td><b>Orienta\u00e7\u00e3o de alunos de gradua\u00e7\u00e3o: grupos PET<\/b><\/td><td align=\"center\"><b>1<\/b><\/td><td><b><\/b><\/td><td><b><\/b><\/td><\/tr>\r\n<tr><td><b>Orienta\u00e7\u00e3o de alunos de gradua\u00e7\u00e3o: extens\u00e3o<\/b><\/td><td align=\"center\"><b>1<\/b><\/td><td><b><\/b><\/td><td><b><\/b><\/td><\/tr>\r\n<tr><td><b>Participa\u00e7\u00e3o em Banca de Sele\u00e7\u00e3o de Monitoria<\/b><\/td><td align=\"center\"><b>1<\/b><\/td><td><b><\/b><\/td><td><b><\/b><\/td><\/tr>\r\n<tr><td><b>Publica\u00e7\u00e3o da Tradu\u00e7\u00e3o de Artigos<\/b><\/td><td align=\"center\"><b>3<\/b><\/td><td><b><\/b><\/td><td><b><\/b><\/td><\/tr>\r\n<tr><td><b>Publica\u00e7\u00e3o de Caderno Did\u00e1tico<\/b><\/td><td align=\"center\"><b>3<\/b><\/td><td><b><\/b><\/td><td><b><\/b><\/td><\/tr>\r\n<tr><td><b>Orienta\u00e7\u00e3o de alunos de gradua\u00e7\u00e3o: monitoria<\/b><\/td><td align=\"center\"><b>1<\/b><\/td><td><b><\/b><\/td><td><b><\/b><\/td><\/tr>\r\n<tr><td><b>Subtotal 3<\/b><\/td><td><b><\/b><\/td><td><b><\/b><\/td><td><b><\/b><\/td><\/tr>    \r\n<\/div><\/table>    \t  \r\n<p>4 Para as participa\u00e7\u00f5es em bancas examinadoras, fica estabelecido o limite m\u00e1ximo de 03 (tr\u00eas) participa\u00e7\u00f5es por docente em cada um dos itens.<\/p>   \r\n<p>Para os itens cursos de extens\u00e3o, Assessoria, consultorias per\u00edcias e sindic\u00e2ncias n\u00e3o devem ser consideradas aquelas objeto de remunera\u00e7\u00e3o do docente.<\/p>   \r\n<p>Nos itens relativos \u00e0 orienta\u00e7\u00e3o de alunos de gradua\u00e7\u00e3o, fica estabelecido o limite de 03 (tr\u00eas) por docente, em cada um dos itens.<\/p>   \r\n<p>Nos itens relativos \u00e0 produ\u00e7\u00e3o cient\u00edfica e de extens\u00e3o, excepcionalmente na avalia\u00e7\u00e3o do exerc\u00edcio de 1998, poder\u00e3o ser considerados os anos de 1997 e 1998.<\/p>\r\n<br>\r\n<br>\r\n<p><b>7 OUTRAS ATIVIDADES DOCENTES 5<\/b><\/p>\r\n<br>\r\n<table><table width=\"75%\">\r\n<tr><td><b>DESCRI\u00c7\u00c3O POR ATIVIDADE<\/b><\/td><td><b>QUANTIDADE<\/b><\/td><td><b>N\u00ba DE PONTOS<\/b><\/td><td><b>PONTUA\u00c7\u00c3O (N\u00ba de pontos x quantidade)<\/b><\/td><\/tr>\r\n<tr><td><b>Vice-chefia de Departamento<\/b><\/td><td><b><\/b><\/td><td align=\"center\"><b>10<\/b><\/td><td><b><\/b><\/td><\/tr>\r\n<tr><td><b>Vice-coordena\u00e7\u00e3o de Gradua\u00e7\u00e3o ou P\u00f3s-gradua\u00e7\u00e3o<\/b><\/td><td><b><\/b><\/td><td align=\"center\"><b>10<\/b><\/td><td><b><\/b><\/td><\/tr>\r\n<tr><td><b>Participa\u00e7\u00e3o em Colegiados Superiores e Comiss\u00f5es Permanentes <\/b><\/td><td><b><\/b><\/td><td align=\"center\"><b>10<\/b><\/td><td><b><\/b><\/td><\/tr>\r\n<tr><td><b>Participa\u00e7\u00e3o em demais \u00d3rg\u00e3os Colegiados<\/b><\/td><td><b><\/b><\/td><td align=\"center\"><b>5<\/b><\/td><td><b><\/b><\/td><\/tr>\r\n<tr><td><b>Chefia ou Coordena\u00e7\u00e3o de setores acad\u00eamicos de apoio: laborat\u00f3rios, n\u00facleos de estudos, bibliotecas, etc, com designa\u00e7\u00e3o por portaria<\/b><\/td><td><b><\/b><\/td><td align=\"center\"><b>3<\/b><\/td><td><b><\/b><\/td><\/tr>\r\n<tr><td><b>Participa\u00e7\u00e3o em Comiss\u00f5es Institucionais, com designa\u00e7\u00e3o por Portaria<\/b><\/td><td><b><\/b><\/td><td align=\"center\"><b>2<\/b><\/td><td><b><\/b><\/td><\/tr>\r\n<tr><td><b>Coordena\u00e7\u00e3o de cursos de especializa\u00e7\u00e3o eventual <\/b><\/td><td><b><\/b><\/td><td align=\"center\"><b>10<\/b><\/td><td><b><\/b><\/td><\/tr>\r\n<tr><td><b>Editoria de revistas cient\u00edficas e culturais<\/b><\/td><td><b><\/b><\/td><td align=\"center\"><b>2<\/b><\/td><td><b><\/b><\/td><\/tr>\r\n<tr><td><b>Participa\u00e7\u00e3o em Conselho editorial<\/b><\/td><td><b><\/b><\/td><td align=\"center\"><b>1<\/b><\/td><td><b><\/b><\/td><\/tr>\r\n<tr><td><b>Representa\u00e7\u00e3o acad\u00eamica e participa\u00e7\u00e3o em \u00f3rg\u00e3os de formula\u00e7\u00e3o e execu\u00e7\u00e3o de pol\u00edticas de ensino e ci\u00eancia e tecnologia<\/b><\/td><td><b><\/b><\/td><td align=\"center\"><b>2<\/b><\/td><td><b><\/b><\/td><\/tr>\r\n<tr><td><b>Subtotal 4<\/b><\/td><td><b><\/b><\/td><td><b><\/b><\/td><td><b><\/b><\/td><\/tr>    \r\n<\/div><\/table>    \t  \r\n<p>5 Para os itens em Colegiados Superiores e Comiss\u00f5es Permanentes e participa\u00e7\u00e3o em comiss\u00f5es institucionais, fica estabelecido o limite de 02 (dois) por docente, em cada item.<\/p>    \r\n<p>Para o item representado acad\u00eamica e participa\u00e7\u00e3o em \u00f3rg\u00e3os de formula\u00e7\u00e3o e execu\u00e7\u00e3o de pol\u00edticas de ensino e ci\u00eancia e tecnologia, fica estabelecido o limite de 03 (tr\u00eas) por docente.<\/p>    \r\n<br>\r\n<br>\r\n<br>\r\n<p><b><div align=\"center\">QUADRO RESUMO DAS ATIVIDADES<\/b><\/div><\/p>\r\n<br>\r\n<table><table width=\"75%\">\r\n<tr><td><b>ATIVIDADES<\/b><\/td><td><b>PONTUA\u00c7\u00c3O<\/b><\/td><\/tr>\r\n<tr><td><b>Atividades administrativas e de Assessoria<\/b><\/td><td align=\"center\"><b><\/b><\/td><\/tr>\r\n<tr><td><b>Atividades de ensino (Sala de aula) - Subtotal 1<\/b><\/td><td align=\"center\"><b><\/b><\/td><\/tr>\r\n<tr><td><b>Atividades de ensino (Orienta\u00e7\u00e3o de alunos) - Subtotal 2<\/b><\/td><td align=\"center\"><b><\/b><\/td><\/tr>\r\n<tr><td><b>Outras atividades em ensino, pesquisa e extens\u00e3o consideradas - Subtotal 3<\/b><\/td><td align=\"center\"><b><\/b><\/td><\/tr>\r\n<tr><td><b>Outras atividades docentes - Subtotal 4<\/b><\/td><td align=\"center\"><b><\/b><\/td><\/tr>\r\n<tr><td><b>TOTAL GERAL<\/b><\/td><td><b><\/b><\/td><\/tr>    \r\n<\/div><\/table>    \t  \r\n<br>\r\n<table><table width=\"75%\">\r\n<tr><td><b><p>Observa\u00e7\u00e3o Geral: Todas as atividades, excluindo aquelas do item 2.1 devem ser devidamente comprovadas.<\/p><\/b><\/td><\/tr>\r\n<\/div><\/table>    \r\n<br>\r\n<table><table width=\"75%\">\r\n<tr><td><b><p>PARECER DO DEPARTAMENTO:<\/p><p>__________________________________________________________________________________________________________  DATA ____\/______\/______<\/p><\/b><\/td><\/tr>\r\n<\/div><\/table>    \r\n<br>\r\n<table><table width=\"75%\">\r\n<tr><td><b><p>PARECER DA CIADD:<\/p><p>__________________________________________________________________________________________________________  DATA ____\/______\/______<\/p><\/b><\/td><\/tr>\r\n<\/div><\/table>\r\n<br>\r\n<p><b>5. Parecer do professor orientador.<\/b><\/p>\r\n<p>Classificar e justificar o desempenho do orientado.<\/p>\r\n\r\n<p><b>6. Atividades desenvolvidas na UFSM<\/b><\/p>\r\n\r\n<p><b>7. Autentica\u00e7\u00e3o<\/b><\/p>\r\n<br>\r\n<br>\r\n<table><table width=\"50%\">\r\n<tr><td colspan=\"2\"><div align=\"center\"><b>Orientador<\/b><\/div><\/td><td colspan=\"2\"><div align=\"center\"><b>Orientando<\/b><\/div><\/td><\/tr>\r\n<tr><td width=\"10%\">Nome:<\/td><td><\/td><td width=\"10%\">Nome:<\/td><td><\/td><\/tr>\r\n<tr><td colspan=\"2\"><br><br><br><\/td><td colspan=\"2\"><\/td><\/tr>\r\n<tr><td colspan=\"2\"><div align=\"center\">Assinatura<\/div><\/td><td colspan=\"2\"><div align=\"center\">Assinatura<\/div><\/td><\/tr>\r\n<\/div><\/table>\r\n<br>\r\n<br>\r\n<table><table width=\"50%\">\r\n<tr><td colspan=\"2\"><div align=\"center\"><b>Coordenador do Programa<\/b><\/div><\/td><td colspan=\"2\"><div align=\"center\"><b>Chefe do Departamento de Origem<\/b><\/div><\/td><\/tr>\r\n<tr><td width=\"10%\">Nome:<\/td><td><\/td><td width=\"10%\">Nome:<\/td><td><\/td><\/tr>\r\n<tr><td colspan=\"2\"><br><br><br><\/td><td colspan=\"2\"><\/td><\/tr>\r\n<tr><td colspan=\"2\"><div align=\"center\">Assinatura<\/div><\/td><td colspan=\"2\"><div align=\"center\">Assinatura<\/div><\/td><\/tr>\r\n<\/div><\/table>\r\n<br>\r\n<br>\r\n<\/div>\r\n<\/strike>\r\n<p><font color=\"red0000\">Este texto n\u00e3o substitui o documento original, publicado no Portal de Documentos.<\/font> Dispon\u00edvel em: <a href=\"https:\/\/portal.ufsm.br\/documentos\/publico\/documento.html?id=12956622\"><font color=\"blue\">https:\/\/portal.ufsm.br\/documentos\/publico\/documento.html?id=12956622<\/font><\/a>\r\n\r\n\t\t<\/div>\n\t\t\t\t<\/div>\n\t\t\t\t\t<\/div>\n\t\t<\/div>\n\t\t\t\t\t<\/div>\n\t\t<\/section>\n\t\t\t\t<\/div>\n\t\t","protected":false},"excerpt":{"rendered":"<p>RESOLU\u00c7\u00c3O N. 019\/1998-ANEXO II MINIST\u00c9RIO DA EDUCA\u00c7\u00c3O UNIVERSIDADE FEDERAL DE SANTA MARIA RESOLU\u00c7\u00c3O N. 019\/1998 &#8211; ANEXO II Alterada pela Resolu\u00e7\u00e3o N. 020\/1999 Revogada pela Resolu\u00e7\u00e3o N. 028\/2020 RELAT\u00d3RIO ANUAL DE ATIVIDADES 1. Identifica\u00e7\u00e3o\u00b9 Nome: Institui\u00e7\u00e3o: Programa: Curso: In\u00edcio do curso: Bolsa: Per\u00edodo: \u00b9 Neste quadro os dados s\u00e3o relativos \u00e0 institui\u00e7\u00e3o onde realiza a [&hellip;]<\/p>\n","protected":false},"author":205,"featured_media":0,"parent":0,"menu_order":0,"comment_status":"closed","ping_status":"closed","template":"","meta":{"footnotes":""},"categories":[],"tags":[],"class_list":["post-3302","page","type-page","status-publish","hentry"],"acf":[],"_links":{"self":[{"href":"https:\/\/www.ufsm.br\/pro-reitorias\/proplan\/wp-json\/wp\/v2\/pages\/3302","targetHints":{"allow":["GET"]}}],"collection":[{"href":"https:\/\/www.ufsm.br\/pro-reitorias\/proplan\/wp-json\/wp\/v2\/pages"}],"about":[{"href":"https:\/\/www.ufsm.br\/pro-reitorias\/proplan\/wp-json\/wp\/v2\/types\/page"}],"author":[{"embeddable":true,"href":"https:\/\/www.ufsm.br\/pro-reitorias\/proplan\/wp-json\/wp\/v2\/users\/205"}],"replies":[{"embeddable":true,"href":"https:\/\/www.ufsm.br\/pro-reitorias\/proplan\/wp-json\/wp\/v2\/comments?post=3302"}],"version-history":[{"count":0,"href":"https:\/\/www.ufsm.br\/pro-reitorias\/proplan\/wp-json\/wp\/v2\/pages\/3302\/revisions"}],"wp:attachment":[{"href":"https:\/\/www.ufsm.br\/pro-reitorias\/proplan\/wp-json\/wp\/v2\/media?parent=3302"}],"wp:term":[{"taxonomy":"category","embeddable":true,"href":"https:\/\/www.ufsm.br\/pro-reitorias\/proplan\/wp-json\/wp\/v2\/categories?post=3302"},{"taxonomy":"post_tag","embeddable":true,"href":"https:\/\/www.ufsm.br\/pro-reitorias\/proplan\/wp-json\/wp\/v2\/tags?post=3302"}],"curies":[{"name":"wp","href":"https:\/\/api.w.org\/{rel}","templated":true}]}}