{"id":3307,"date":"2020-02-19T12:24:43","date_gmt":"2020-02-19T15:24:43","guid":{"rendered":"https:\/\/www.ufsm.br\/pro-reitorias\/proplan\/?page_id=3307"},"modified":"2020-05-27T18:58:08","modified_gmt":"2020-05-27T21:58:08","slug":"resolucao-n-024-1998","status":"publish","type":"page","link":"https:\/\/www.ufsm.br\/pro-reitorias\/proplan\/resolucao-n-024-1998","title":{"rendered":"Resolu\u00e7\u00e3o N. 024\/1998"},"content":{"rendered":"\t\t<div data-elementor-type=\"wp-page\" data-elementor-id=\"3307\" class=\"elementor elementor-3307\">\n\t\t\t\t\t\t<section class=\"elementor-section elementor-top-section elementor-element elementor-element-7253a96 elementor-section-boxed elementor-section-height-default elementor-section-height-default\" data-id=\"7253a96\" data-element_type=\"section\">\n\t\t\t\t\t\t<div class=\"elementor-container elementor-column-gap-default\">\n\t\t\t\t\t<div class=\"elementor-column elementor-col-100 elementor-top-column elementor-element elementor-element-885c280\" data-id=\"885c280\" data-element_type=\"column\">\n\t\t\t<div class=\"elementor-widget-wrap elementor-element-populated\">\n\t\t\t\t\t\t<div class=\"elementor-element elementor-element-6ed70f2 elementor-widget elementor-widget-html\" data-id=\"6ed70f2\" data-element_type=\"widget\" data-widget_type=\"html.default\">\n\t\t\t\t<div class=\"elementor-widget-container\">\n\t\t\t\r\n\r\n\r\n<title><b>RESOLU\u00c7\u00c3O N. 024\/1998<\/b><\/title>\r\n\r\n\r\n<div align=\"center\"><img decoding=\"async\" src=\"https:\/\/www.ufsm.br\/pro-reitorias\/proplan\/wp-content\/uploads\/sites\/344\/2019\/09\/brasao-da-republica-do-brasil-logo.png\" alt=\"Bras\u00e3o Rep\u00fablica Federativa do Brasil\" width=\"6%\" height=\"6%\"><\/div>    \r\n<h1><font color=\"blue\"><font size=\"5\"><div align=\"center\">MINIST\u00c9RIO DA EDUCA\u00c7\u00c3O<\/b><\/font><\/font><\/div><\/H1>\r\n<p><b><font color=\"0000blue\"><div align=\"center\">UNIVERSIDADE FEDERAL DE SANTA MARIA<\/b><\/font><\/div><\/p>\r\n\r\n<p><div align=\"center\"><b><a href=\"https:\/\/portal.ufsm.br\/documentos\/publico\/documento.html?id=4507693\"><font color=\"blue\">RESOLU\u00c7\u00c3O N. 024\/1998<\/font><\/a><\/b><\/div><\/p>\r\n<br>\r\n<p><div align=\"right\"><font color=\"800000\"><strike>Cria a Comiss\u00e3o de Verifica\u00e7\u00e3o de Dados do Sistema de Informa\u00e7\u00f5es da Universidade Federal de Santa Maria.<\/strike><\/font><\/div><\/p>\r\n<br>\r\n<p><a href=\"https:\/\/www.ufsm.br\/pro-reitorias\/proplan\/resolucao-n-020-2019\/\"><font color=\"blue\">Revogada pela Resolu\u00e7\u00e3o N. 020\/2019<\/font><\/a><\/p>\r\n<br>\r\n<br><div align=\"justify\">\r\n<strike>\r\n<p>O REITOR DA UNIVERSIDADE FEDERAL DE SANTA MARIA, no uso de suas atribui\u00e7\u00f5es legais e estatut\u00e1rias e, considerando:<\/p>\r\n<p>- A decis\u00e3o emanada da 577\u00ba Sess\u00e3o do Conselho Universit\u00e1rio, realizada em 30.10.98;<\/p>\r\n<p>- a necessidade de obten\u00e7\u00e3o de informa\u00e7\u00f5es eficazes em tempo h\u00e1bil, para a tomada de decis\u00f5es;<\/p>\r\n<p>- a utiliza\u00e7\u00e3o dessas informa\u00e7\u00f5es no c\u00e1lculo do \u00cdndice de Distribui\u00e7\u00e3o de Recursos de Outras Despesas Correntes \u2014 IDR, estruturado a partir do levantamento de vari\u00e1veis relevantes que resultam em diversos indicadores, os quais procuram medir o desempenho das Unidades Universit\u00e1rias em cada \u00e1rea de atua\u00e7\u00e3o permitindo, atrav\u00e9s da distribui\u00e7\u00e3o de recursos or\u00e7ament\u00e1rios, o incentivo \u00e0 produ\u00e7\u00e3o, \u00e0 produtividade e \u00e0 implementa\u00e7\u00e3o de pol\u00edticas de desenvolvimento;<\/p>\r\n<p>- a import\u00e2ncia do IDR para o gerenciamento financeiro e execu\u00e7\u00e3o or\u00e7ament\u00e1ria da Institui\u00e7\u00e3o;<\/p>\r\n<p>- o consenso estabelecido entre a Administra\u00e7\u00e3o Superior e os Diretores de Centro;<\/p>\r\n<p>- o constante fornecimento de informa\u00e7\u00f5es estat\u00edsticas a \u00f3rg\u00e3os governamentais e n\u00e3o governamentais, nacionais e internacionais.<\/p>\r\n<br>\r\n<p><div align=\"center\">RESOLVE:<\/div><\/p>\r\n<br>\r\n<p>Art. 1\u00ba - Criar, no \u00e2mbito da UFSM, a Comiss\u00e3o de Verifica\u00e7\u00e3o de Dados do Sistema de Informa\u00e7\u00f5es.<\/p>\r\n<p>Art. 2\u00ba - A Comiss\u00e3o de Verifica\u00e7\u00e3o de Dados ser\u00e1 composta de:<\/p>\r\n<p>I - Dois Diretores de Centro, escolhidos entre seus pares;<\/p>\r\n<p>II - Pr\u00f3-Reitor de Planejamento;<\/p>\r\n<p>III - Diretor do Centro de Processamento de Dados.<\/p>\r\n\r\n<p>\u00a7 1\u00ba - Os integrantes da Comiss\u00e3o a que se referem os Incisos II e III, ser\u00e3o membros natos e o seus mandatos estar\u00e3o vinculados ao exerc\u00edcio da fun\u00e7\u00e3o.<\/p>\r\n<p>\u00a7 2\u00ba - Os integrantes a que se refere o Inciso I ter\u00e3o mandato de dois anos, permitida uma \u00fanica recondu\u00e7\u00e3o, sendo que em caso de vac\u00e2ncia, dever\u00e1 ser feita uma nova escolha.<\/p>\r\n<p>\u00a7 3\u00ba - Os componentes da referida comiss\u00e3o ser\u00e3o devidamente designados pelo Reitor, atrav\u00e9s de Portaria.<\/p>\r\n\r\n<p>Art. 3\u00ba - A Comiss\u00e3o de Verifica\u00e7\u00e3o de Dados ter\u00e1 como finalidade espec\u00edfica, comprovar a consist\u00eancia das informa\u00e7\u00f5es constantes do Banco de Dados do Sistema de Informa\u00e7\u00f5es da Universidade Federal de Santa Maria, determinando sua altera\u00e7\u00e3o, quando for o caso.<\/p>\r\n<p>Art. 4\u00ba - A Comiss\u00e3o de Verifica\u00e7\u00e3o poder\u00e1 consultar, a qualquer tempo, os bancos de dados da Institui\u00e7\u00e3o, cruzando informa\u00e7\u00f5es para verificar a consist\u00eancia das mesmas.<\/p>\r\n<p>Art. 5\u00ba - Quando a Comiss\u00e3o de Verifica\u00e7\u00e3o de Dados identificar inconsist\u00eancia nas informa\u00e7\u00f5es, determinar\u00e1 a forma correta de sua gera\u00e7\u00e3o, junto ao \u00f3rg\u00e3o respons\u00e1vel pelo seu registro, dando um prazo de dez dias para contesta\u00e7\u00e3o.<\/p>\r\n<p>Par\u00e1grafo \u00danico \u2014 Se o prazo estabelecido para contesta\u00e7\u00e3o n\u00e3o for cumprido, a Comiss\u00e3o de Verifica\u00e7\u00e3o considerar\u00e1 como v\u00e1lida a informa\u00e7\u00e3o da situa\u00e7\u00e3o constatada.<\/p>\r\n\r\n<p>Art. 6\u00ba - A Comiss\u00e3o de Verifica\u00e7\u00e3o poder\u00e1, sempre que julgar necess\u00e1rio, acessar e avaliar os crit\u00e9rios e normas existentes para O registro de dados, propondo a implanta\u00e7\u00e3o de novos sistemas e respectivas normas de registro e\/ou altera\u00e7\u00f5es nos procedimentos de registro de dados dos sistemas j\u00e1 existentes.<\/p>\r\n<p>Art. 7\u00ba - A Comiss\u00e3o de Verifica\u00e7\u00e3o de Dados dever\u00e1 observar o cumprimento do que determina a <a href=\"https:\/\/www.ufsm.br\/pro-reitorias\/proplan\/resolucao-n-019-1996\/\" target=\"_blank\"><font color=\"blue\"><u>Resolu\u00e7\u00e3o n\u00ba 19\/96, de 11\/07\/96<\/u><\/font><\/a>, que disp\u00f5e sobre o Sistema de Controle da Produ\u00e7\u00e3o Institucional da UFSM, bem como a Ordem de Servi\u00e7o n\u00ba 01, de 02.09.98, do Gabinete do Reitor.<\/p>\r\n<p>Art. 8\u00ba - Esta Resolu\u00e7\u00e3o entra em vigor na data de sua publica\u00e7\u00e3o e revoga a <a href=\"https:\/\/www.ufsm.br\/pro-reitorias\/proplan\/resolucao-n-023-1998\/\" target=\"_blank\"><font color=\"blue\"><u>Resolu\u00e7\u00e3o n. 023\/98, de 25.11.98<\/u><\/font><\/a>.<\/p>\r\n\r\n<p>GABINETE DO REITOR DA UNIVERSIDADE FEDERAL DE SANTA MARIA, aos vinte e seis dias do m\u00eas de novembro de mil, novecentos e noventa e oito.<\/p>\r\n<\/div>\r\n<p>Paulo Jorge Sarkis,<\/p>\r\n<p>Reitor.<\/p>\r\n<\/strike>\r\n<p><font color=\"red0000\">Este texto n\u00e3o substitui o documento original, publicado no Portal de Documentos.<\/font> Dispon\u00edvel em: <a href=\"https:\/\/portal.ufsm.br\/documentos\/publico\/documento.html?id=4507693\"><font color=\"blue\">https:\/\/portal.ufsm.br\/documentos\/publico\/documento.html?id=4507693<\/font><\/a>\r\n\r\n\t\t<\/div>\n\t\t\t\t<\/div>\n\t\t\t\t\t<\/div>\n\t\t<\/div>\n\t\t\t\t\t<\/div>\n\t\t<\/section>\n\t\t\t\t<\/div>\n\t\t","protected":false},"excerpt":{"rendered":"<p>RESOLU\u00c7\u00c3O N. 024\/1998 MINIST\u00c9RIO DA EDUCA\u00c7\u00c3O UNIVERSIDADE FEDERAL DE SANTA MARIA RESOLU\u00c7\u00c3O N. 024\/1998 Cria a Comiss\u00e3o de Verifica\u00e7\u00e3o de Dados do Sistema de Informa\u00e7\u00f5es da Universidade Federal de Santa Maria. Revogada pela Resolu\u00e7\u00e3o N. 020\/2019 O REITOR DA UNIVERSIDADE FEDERAL DE SANTA MARIA, no uso de suas atribui\u00e7\u00f5es legais e estatut\u00e1rias e, considerando: &#8211; [&hellip;]<\/p>\n","protected":false},"author":205,"featured_media":0,"parent":0,"menu_order":0,"comment_status":"closed","ping_status":"closed","template":"","meta":{"footnotes":""},"categories":[],"tags":[],"class_list":["post-3307","page","type-page","status-publish","hentry"],"acf":[],"_links":{"self":[{"href":"https:\/\/www.ufsm.br\/pro-reitorias\/proplan\/wp-json\/wp\/v2\/pages\/3307","targetHints":{"allow":["GET"]}}],"collection":[{"href":"https:\/\/www.ufsm.br\/pro-reitorias\/proplan\/wp-json\/wp\/v2\/pages"}],"about":[{"href":"https:\/\/www.ufsm.br\/pro-reitorias\/proplan\/wp-json\/wp\/v2\/types\/page"}],"author":[{"embeddable":true,"href":"https:\/\/www.ufsm.br\/pro-reitorias\/proplan\/wp-json\/wp\/v2\/users\/205"}],"replies":[{"embeddable":true,"href":"https:\/\/www.ufsm.br\/pro-reitorias\/proplan\/wp-json\/wp\/v2\/comments?post=3307"}],"version-history":[{"count":0,"href":"https:\/\/www.ufsm.br\/pro-reitorias\/proplan\/wp-json\/wp\/v2\/pages\/3307\/revisions"}],"wp:attachment":[{"href":"https:\/\/www.ufsm.br\/pro-reitorias\/proplan\/wp-json\/wp\/v2\/media?parent=3307"}],"wp:term":[{"taxonomy":"category","embeddable":true,"href":"https:\/\/www.ufsm.br\/pro-reitorias\/proplan\/wp-json\/wp\/v2\/categories?post=3307"},{"taxonomy":"post_tag","embeddable":true,"href":"https:\/\/www.ufsm.br\/pro-reitorias\/proplan\/wp-json\/wp\/v2\/tags?post=3307"}],"curies":[{"name":"wp","href":"https:\/\/api.w.org\/{rel}","templated":true}]}}