{"id":3309,"date":"2020-02-19T12:24:49","date_gmt":"2020-02-19T15:24:49","guid":{"rendered":"https:\/\/www.ufsm.br\/pro-reitorias\/proplan\/?page_id=3309"},"modified":"2020-05-27T18:58:41","modified_gmt":"2020-05-27T21:58:41","slug":"resolucao-n-026-1998","status":"publish","type":"page","link":"https:\/\/www.ufsm.br\/pro-reitorias\/proplan\/resolucao-n-026-1998","title":{"rendered":"Resolu\u00e7\u00e3o N. 026\/1998"},"content":{"rendered":"\t\t<div data-elementor-type=\"wp-page\" data-elementor-id=\"3309\" class=\"elementor elementor-3309\">\n\t\t\t\t\t\t<section class=\"elementor-section elementor-top-section elementor-element elementor-element-fbb253a elementor-section-boxed elementor-section-height-default elementor-section-height-default\" data-id=\"fbb253a\" data-element_type=\"section\">\n\t\t\t\t\t\t<div class=\"elementor-container elementor-column-gap-default\">\n\t\t\t\t\t<div class=\"elementor-column elementor-col-100 elementor-top-column elementor-element elementor-element-28c293e\" data-id=\"28c293e\" data-element_type=\"column\">\n\t\t\t<div class=\"elementor-widget-wrap elementor-element-populated\">\n\t\t\t\t\t\t<div class=\"elementor-element elementor-element-0ad38fb elementor-widget elementor-widget-html\" data-id=\"0ad38fb\" data-element_type=\"widget\" data-widget_type=\"html.default\">\n\t\t\t\t<div class=\"elementor-widget-container\">\n\t\t\t\r\n\r\n\r\n<title><b>RESOLU\u00c7\u00c3O N. 026\/1998<\/b><\/title>\r\n\r\n\r\n<div align=\"center\"><img decoding=\"async\" src=\"https:\/\/www.ufsm.br\/pro-reitorias\/proplan\/wp-content\/uploads\/sites\/344\/2019\/09\/brasao-da-republica-do-brasil-logo.png\" alt=\"Bras\u00e3o Rep\u00fablica Federativa do Brasil\" width=\"6%\" height=\"6%\"><\/div>    \r\n<h1><font color=\"blue\"><font size=\"5\"><div align=\"center\">MINIST\u00c9RIO DA EDUCA\u00c7\u00c3O<\/b><\/font><\/font><\/div><\/H1>\r\n<p><b><font color=\"0000blue\"><div align=\"center\">UNIVERSIDADE FEDERAL DE SANTA MARIA<\/b><\/font><\/div><\/p>\r\n\r\n<p><div align=\"center\"><b><a href=\"https:\/\/portal.ufsm.br\/documentos\/publico\/documento.html?id=4507692\"><font color=\"blue\">RESOLU\u00c7\u00c3O N. 026\/1998<\/font><\/a><\/b><\/div><\/p>\r\n<br>\r\n<p><div align=\"right\"><font color=\"800000\"><strike>Aprova as Normas para Distribui\u00e7\u00e3o de Recursos de Outros Custeios e Capital \u2013 OCC para o Or\u00e7amento 1999 - Abertura.<\/strike><\/font><\/div><\/p>\r\n<br>\r\n<p><a href=\"https:\/\/www.ufsm.br\/pro-reitorias\/proplan\/resolucao-n-008-2020\/\" target=\"_blank\"><font color=\"blue\">Revogada pela Resolu\u00e7\u00e3o N. 008\/2020<\/font><\/a><\/p>\r\n<br>\r\n<br><div align=\"justify\">\r\n<strike>\r\n<p>O REITOR DA UNIVERSIDADE FEDERAL DE SANTA MARIA, no uso de suas atribui\u00e7\u00f5es legais e estatut\u00e1rias e, considerando:<\/p>\r\n<p>- O processo n. <a href=\"https:\/\/portal.ufsm.br\/documentos\/publico\/processo\/documento.html?idDocumento=111153\" target=\"_blank\"><font color=\"blue\"><u>23081.012137\/98-73<\/u><\/font><\/a>, e<\/p>\r\n<p>- o Parecer n. 06\/98 da Comiss\u00e3o e Reg\u00eancia Patrimonial, aprovado na 577\u00aa Sess\u00e3o do Conselho Universit\u00e1rio, em 30.10.98,<\/p>\r\n<br>\r\n<p><div align=\"center\">RESOLVE:<\/div><\/p>\r\n<br>\r\n<p>Art. 1\u00ba - Aprovar as Normas de Distribui\u00e7\u00e3o de Recursos de Outros Custeios e Capital - OCC para o Or\u00e7amento de 1999 - Abertura.<\/p>\r\n<p>Art. 2\u00ba - Para o Or\u00e7amento de 1999 ser\u00e3o considerados os mesmos indicadores utilizados na apura\u00e7\u00e3o do \u00edndice de participa\u00e7\u00e3o dos Centros de Ensino nos recursos de \u201cOutras Despesas Correntes\u201d para o exerc\u00edcio de 1998, atribuindo-se-lhes os seguintes pesos, considerando-se, ainda, um redutor de impacto na ordem de 1 (um) ponto percentual:<\/p>\r\n<p>a) Hist. = Hist. (\u00daltimos 3 anos de Or\u00e7. para Custeio) - Peso 6,0<\/p>\r\n<p>b) PAcG = Produ\u00e7\u00e3o Acad\u00eamica de Gradua\u00e7\u00e3o - Peso 1,857<\/p>\r\n<p>c) PAcPG = Produ\u00e7\u00e3o Acad\u00eamica de P\u00f3s-Gradua\u00e7\u00e3o - Peso 0,428571<\/p>\r\n<p>d) PrvAC = Produtividade Acad\u00eamica - Peso 0,428571<\/p>\r\n<p>e) PCI = Produ\u00e7\u00e3o Cient\u00edfica e Intelectual - Peso 0,428571<\/p>\r\n<p>f) PrvCl = Produtividade Cient\u00edfica - Peso 0,428571<\/p>\r\n<p>g) PEx = Produ\u00e7\u00e3o de Extens\u00e3o - Peso 0,428571 <\/p>\r\n\r\n<p>Art. 3\u00ba - Ser\u00e3o mantidos os extra-tetos para atendimento de despesas com Encargos Gerais da Institui\u00e7\u00e3o e Di\u00e1rias.<\/p>\r\n<p>Art. 4\u00ba - O componente Obras e Material Permanente do Or\u00e7amento de Capital ser\u00e1 distribu\u00eddo \u00e0 Administra\u00e7\u00e3o Central e aos Centros de Ensino na propor\u00e7\u00e3o de 30% e 70%, respectivamente.<\/p>\r\n<p>Art. 5\u00ba - O Programa Participa\u00e7\u00e3o Estudantil em Eventos que comp\u00f5e a Unidade de Gasto Assist\u00eancia Estudantil, do \u00cdndice de Distribui\u00e7\u00e3o de Recursos da UFSM para 1999, passa a denominar-se Bolsa de Forma\u00e7\u00e3o Estudantil.<\/p>\r\n<p>Art. 6\u00ba - O Or\u00e7amento de Outras Despesas Correntes - OCC do exerc\u00edcio de 1999, deduzidos os recursos para o atendimento dos Destaques Or\u00e7ament\u00e1rios, dos extra-tetos e das Despesas de Capital, ser\u00e1 distribu\u00eddo conforme Programas e percentuais abaixo discriminados:<\/p>\r\n<br>\r\n<br>\r\n<table><table width=\"75%\">\r\n<tr><th colspan=\"4\"><div align=\"center\"><b><\/b><font size=\"5\">\u00cdNDICES PROPOSTOS PARA O EXERC\u00cdCIO DE 1999<\/b><\/font><\/div><\/th>\r\n<tr><td rowspan=\"2\"><div align=\"center\"><b>UNIDADES DE GASTO<\/b><\/div><\/th><th colspan=\"2\"><div align=\"center\"><b>PROGRAMAS<\/b><\/div><\/td><td rowspan=\"2\"><div align=\"center\"><b>TOTAL<\/b><\/div><\/td><\/tr>\r\n<tr><td><b>ESPECIFICA\u00c7\u00c3O<\/b><\/td> <td><div align=\"center\"><b>PERCENTUAL<\/b><\/div><\/td> <\/tr>\r\n<tr><td rowspan=\"8\"><div align=\"center\"><b>01. ADMINISTRA\u00c7\u00c3O CENTRAL<\/b><\/div><\/td><td>Manuten\u00e7\u00e3o Atividade Administrativa<\/td> <td><div align=\"center\"><b>9,00<\/b><\/div><\/td><td rowspan=\"8\"><div align=\"center\"><b>15,31<\/b><\/div><\/td><\/tr>\r\n<tr><td>Fundo de Apoio ao Mercosul<\/td><td><div align=\"center\"><b>0,60<\/b><\/div><\/td><\/tr>\r\n<tr><td>Fundo de Apoio a Editora<\/td><td><div align=\"center\"><b>0,60<\/b><\/div><\/td><\/tr>\r\n<tr><td>Manuten\u00e7\u00e3o da Infra-estrutura<\/td><td><div align=\"center\"><b>1,70<\/b><\/div><\/td><\/tr>\r\n<tr><td>Desenvolvimento Recursos Humanos<\/td><td><div align=\"center\"><b>1,70<\/b><\/div><\/td><\/tr>\r\n<tr><td>Incentivo Cultural - PRE<\/td><td><div align=\"center\"><b>0,30<\/b><\/div><\/td><\/tr>\r\n<tr><td>Orquestra<\/td><td><div align=\"center\"><b>0,10<\/b><\/div><\/td><\/tr>\r\n<tr><td>PROLICEN<\/td><td><div align=\"center\"><b>1,31<\/b><\/div><\/td><\/tr>\r\n<tr><td rowspan=\"4\"><div align=\"center\"><b>02. DESPESAS GERAIS<\/b><\/div><\/td><td>Vale Transporte<\/td><td><div align=\"center\"><b>-<\/b><\/div><\/td><td rowspan=\"4\"><div align=\"center\"><b>12,57<\/b><\/div><\/td><\/tr>\r\n<tr><td>Encargos Gerais<\/td><td><div align=\"center\"><b>-<\/b><\/div><\/td><\/tr>\r\n<tr><td>Processamento de Dados<\/td> <td><div align=\"center\"><b>9,30<\/b><\/div><\/td><\/tr>\r\n<tr><td>Biblioteca<\/td> <td><div align=\"center\"><b>3,27<\/b><\/div><\/td><\/tr>\r\n<tr><td rowspan=\"12\"><div align=\"center\"><b>03. ASSIST\u00caNCIA ESTUDANTIL\tBOLSA DE ESTUDOS<\/b><\/div><\/td><td colspan=\"2\"><div align=\"center\"><b>BOLSA DE ESTUDOS<\/b><\/div><\/td><td rowspan=\"12\"><div align=\"center\"><b>23,12<\/b><\/div><\/td><\/tr>\r\n<tr><td>Bolsa Alimenta\u00e7\u00e3o<\/td><td><div align=\"center\"><b>10,00<\/b><\/div><\/td><\/tr>\r\n<tr><td>Bolsa de Transporte<\/td><td><div align=\"center\"><b>1,40<\/b><\/div><\/td><\/tr>\r\n<tr><td>Bolsa de Est\u00e1gio Acad\u00eamico<\/td><td><div align=\"center\"><b>4,20<\/b><\/div><\/td><\/tr>\r\n<tr><td>Bolsas de L\u00ednguas - CAL<\/td><td><div align=\"center\"><b>0,50<\/b><\/div><\/td><\/tr>\r\n<tr><td>Bolsas de Trabalho Arte - CAL<\/td><td><div align=\"center\"><b>0,50<\/b><\/div><\/td><\/tr>\r\n<tr><td>Bolsa da Orquestra<\/td> <td><div align=\"center\"><b>0,50<\/b><\/div><\/td><\/tr>\r\n<tr><td>Monitoria<\/td> <td><div align=\"center\"><b>4,50<\/b><\/div><\/td><\/tr>\r\n<tr><td>Jogos Universit\u00e1rios<\/td> <td><div align=\"center\"><b>0,13<\/b><\/div><\/td><\/tr>\r\n<tr><td>Nossas Express\u00f5es<\/td> <td><div align=\"center\"><b>0,13<\/b><\/div><\/td><\/tr>\r\n<tr><td>Casa do Estudante<\/td> <td><div align=\"center\"><b>0,26<\/b><\/div><\/td><\/tr>\r\n<tr><td>Bolsa de Forma\u00e7\u00e3o Estudantil<\/td> <td><div align=\"center\"><b>1,00<\/b><\/div><\/td><\/tr>\r\n<tr><td rowspan=\"3\"><div align=\"center\"><b>04. CENTROS DE ENSINO<\/b><\/div><\/td><td>Ensino de Gradua\u00e7\u00e3o e P\u00f3s-Gradua\u00e7\u00e3o<\/td><td><div align=\"center\"><b>39,00<\/b><\/div><\/td><td rowspan=\"3\"><div align=\"center\"><b>49,00<\/b><\/div><\/td><\/tr>\r\n<tr><td>Pesquisa<\/td><td><div align=\"center\"><b>5,00<\/b><\/div><\/td><\/tr>\r\n<tr><td>Extens\u00e3o<\/td><td><div align=\"center\"><b>5,00<\/b><\/div><\/td><\/tr>\r\n<\/div><\/table>\r\n<br>\r\n<br>\t\r\n<p>Art. 7\u00ba - Os recursos destinados aos Programas Fundo de Incentivo \u00e0 Pesquisa e Fundo de Incentivo \u00e0 Extens\u00e3o ser\u00e3o administrados conforme as propostas de Gest\u00e3o desses Fundos, a serem apresentadas pelas Pr\u00f3-Reitorias afins \u00e0 Pr\u00f3-Reitoria de Planejamento.<\/p>\r\n<p>Art. 8\u00ba - A distribui\u00e7\u00e3o dos recursos de Outras Despesas Correntes aos Centros de Ensino ser\u00e1 feita conforme tabela abaixo:<\/p>\r\n<br>\r\n<br>\r\n<table><table width=\"50%\">\r\n<tr><th><b>Centro<\/b><\/th><th><div align=\"center\"><b>1999<\/b><\/div><\/th>\r\n<tr><td>CCNE<\/td><td><div align=\"center\">17,682<\/div><\/td><\/tr>\r\n<tr><td>CCR<\/td><td><div align=\"center\">18,576<\/div><\/td><\/tr>\r\n<tr><td>CCS <\/td><td><div align=\"center\">17,971<\/div><\/td><\/tr>\r\n<tr><td>CE<\/td><td><div align=\"center\">8,314<\/div><\/td><\/tr>\r\n<tr><td>CCSH<\/td><td><div align=\"center\">9,759<\/div><\/td><\/tr>\r\n<tr><td>CT<\/td><td><div align=\"center\">11,295<\/div><\/td><\/tr>\r\n<tr><td>CAL<\/td><td><div align=\"center\">8,600<\/div><\/td><\/tr>\r\n<tr><td>CEFD <\/td><td><div align=\"center\">7,802<\/div><\/td><\/tr>\r\n<\/div><\/table>\r\n<br>\r\n<br>\t\r\n<p>Art. 9\u00ba - A distribui\u00e7\u00e3o dos Recursos de Di\u00e1rias, por Unidade de Gasto, em percentuais, ser\u00e1 feita conforme especifica\u00e7\u00e3o a seguir:<\/p>\r\n<br>\r\n<br>\r\n<table><table width=\"50%\">\r\n<tr><td rowspan=\"2\"><div align=\"center\"><b>UNIDADES<\/b><\/div><\/th><th colspan=\"2\"><div align=\"center\"><b>1999<\/b><\/div><\/td><\/tr>   \r\n<tr><td><div align=\"center\">%<\/div><\/td><td><div align=\"center\">%<\/div><\/td>\r\n<tr><td><b>1 - ADMINISTRA\u00c7\u00c3O CENTRAL<\/b><\/td><td><div align=\"center\">31,22<\/div><\/td><td><div align=\"center\"><b>31,22<\/b><\/div><\/td><\/tr>\r\n<tr><td><b>2 - UNIDADES DE ENSINO<\/b><\/td><td><\/td><td><div align=\"center\"><b>68,78<\/b><\/div><\/td><\/tr>\r\n<tr><td>2.1 - ENSINO<\/td><td><div align=\"center\">58,78<\/div><\/td><td><div align=\"center\"><b><\/b><\/div><\/td><\/tr>\r\n<tr><td>2.2 - PESQUISA<\/td><td><div align=\"center\">5,00<\/div><\/td><td><div align=\"center\"><b><\/b><\/div><\/td><\/tr>\r\n<tr><td>2.3 - EXTENS\u00c3O<\/td><td><div align=\"center\">5,00<\/div><\/td><td><div align=\"center\"><b><\/b><\/div><\/td><\/tr>\r\n<tr><td>TOTAL<\/td><td><div align=\"center\">100,00<\/div><\/td><td><div align=\"center\"><b>100,00<\/b><\/div><\/td><\/tr>\r\n<\/div><\/table>\r\n<br>\r\n<br>\r\n<p>Art. 10 - A distribui\u00e7\u00e3o dos recursos de Di\u00e1rias, destinadas ao Ensino de Gradua\u00e7\u00e3o e P\u00f3s-Gradua\u00e7\u00e3o, aos Centros, ser\u00e1 feita na mesma propor\u00e7\u00e3o que o \u00cdndice de Distribui\u00e7\u00e3o de Recursos de Despesas Correntes - IDR calculado para o exerc\u00edcio de 1999, acrescido de um redutor de impacto com o m\u00e1ximo de varia\u00e7\u00e3o na ordem de um ponto percentual (1%) para maior ou menor, conforme tabela a seguir:<\/p>\r\n<br>\r\n<br>\r\n<table><table width=\"50%\">\r\n<tr><td rowspan=\"2\">UNIDADES<\/td><td><div align=\"center\">ENSINO DE GRADUA\u00c7\u00c3O E P\u00d3S-GRADUA\u00c7\u00c3O<\/div><\/td>\r\n<tr><td><div align=\"right\"><b>1999<\/b><\/div><\/td><\/tr>\r\n<tr><td>01 \u2013 CCNE<\/td><td><div align=\"right\">16,030<\/div><\/td><\/tr>\r\n<tr><td>02 - CCR<\/td><td><div align=\"right\">19,138<\/div><\/td><\/tr>\r\n<tr><td>03 - CCS<\/td><td><div align=\"right\">16,586<\/div><\/td><\/tr>\r\n<tr><td>04 - CE<\/td><td><div align=\"right\">8,532<\/div><\/td><\/tr>\r\n<tr><td>05 - CCSH<\/td><td><div align=\"right\">9,773<\/div><\/td><\/tr>\r\n<tr><td>06 - CT<\/td><td><div align=\"right\">12,244<\/div><\/td><\/tr>\r\n<tr><td>07 - CAL<\/td><td><div align=\"right\">8,903<\/div><\/td><\/tr>\r\n<tr><td>08 - CEFD<\/td><td><div align=\"right\">8,794<\/div><\/td><\/tr>\r\n<tr><td>TOTAL<\/td><td><div align=\"right\">100,00<\/div><\/td><\/tr>\r\n<\/div><\/table>\r\n<br>\r\n<br>\t\r\n<p>Art. 11 - Esta Resolu\u00e7\u00e3o entra em vigor na data de sua publica\u00e7\u00e3o, tendo validade para o exerc\u00edcio de 1999, revogadas as disposi\u00e7\u00f5es em contr\u00e1rio.<\/p>\r\n\r\n<p>GABINETE DO REITOR DA UNIVERSIDADE FEDERAL DE SANTA MARIA, aos trinta dias do m\u00eas de dezembro do ano de mil, novecentos e noventa e oito.<\/p>\r\n<\/div>\r\n<p>Paulo Jorge Sarkis.<\/p>\r\n<\/strike>\r\n<p><font color=\"red0000\">Este texto n\u00e3o substitui o documento original, publicado no Portal de Documentos.<\/font> Dispon\u00edvel em: <a href=\"https:\/\/portal.ufsm.br\/documentos\/publico\/documento.html?id=4507692\"><font color=\"blue\">https:\/\/portal.ufsm.br\/documentos\/publico\/documento.html?id=4507692<\/font><\/a>\r\n\r\n\t\t<\/div>\n\t\t\t\t<\/div>\n\t\t\t\t\t<\/div>\n\t\t<\/div>\n\t\t\t\t\t<\/div>\n\t\t<\/section>\n\t\t\t\t<\/div>\n\t\t","protected":false},"excerpt":{"rendered":"<p>RESOLU\u00c7\u00c3O N. 026\/1998 MINIST\u00c9RIO DA EDUCA\u00c7\u00c3O UNIVERSIDADE FEDERAL DE SANTA MARIA RESOLU\u00c7\u00c3O N. 026\/1998 Aprova as Normas para Distribui\u00e7\u00e3o de Recursos de Outros Custeios e Capital \u2013 OCC para o Or\u00e7amento 1999 &#8211; Abertura. Revogada pela Resolu\u00e7\u00e3o N. 008\/2020 O REITOR DA UNIVERSIDADE FEDERAL DE SANTA MARIA, no uso de suas atribui\u00e7\u00f5es legais e estatut\u00e1rias [&hellip;]<\/p>\n","protected":false},"author":205,"featured_media":0,"parent":0,"menu_order":0,"comment_status":"closed","ping_status":"closed","template":"","meta":{"footnotes":""},"categories":[],"tags":[],"class_list":["post-3309","page","type-page","status-publish","hentry"],"acf":[],"_links":{"self":[{"href":"https:\/\/www.ufsm.br\/pro-reitorias\/proplan\/wp-json\/wp\/v2\/pages\/3309","targetHints":{"allow":["GET"]}}],"collection":[{"href":"https:\/\/www.ufsm.br\/pro-reitorias\/proplan\/wp-json\/wp\/v2\/pages"}],"about":[{"href":"https:\/\/www.ufsm.br\/pro-reitorias\/proplan\/wp-json\/wp\/v2\/types\/page"}],"author":[{"embeddable":true,"href":"https:\/\/www.ufsm.br\/pro-reitorias\/proplan\/wp-json\/wp\/v2\/users\/205"}],"replies":[{"embeddable":true,"href":"https:\/\/www.ufsm.br\/pro-reitorias\/proplan\/wp-json\/wp\/v2\/comments?post=3309"}],"version-history":[{"count":0,"href":"https:\/\/www.ufsm.br\/pro-reitorias\/proplan\/wp-json\/wp\/v2\/pages\/3309\/revisions"}],"wp:attachment":[{"href":"https:\/\/www.ufsm.br\/pro-reitorias\/proplan\/wp-json\/wp\/v2\/media?parent=3309"}],"wp:term":[{"taxonomy":"category","embeddable":true,"href":"https:\/\/www.ufsm.br\/pro-reitorias\/proplan\/wp-json\/wp\/v2\/categories?post=3309"},{"taxonomy":"post_tag","embeddable":true,"href":"https:\/\/www.ufsm.br\/pro-reitorias\/proplan\/wp-json\/wp\/v2\/tags?post=3309"}],"curies":[{"name":"wp","href":"https:\/\/api.w.org\/{rel}","templated":true}]}}