{"id":3325,"date":"2020-02-21T07:31:31","date_gmt":"2020-02-21T10:31:31","guid":{"rendered":"https:\/\/www.ufsm.br\/pro-reitorias\/proplan\/?page_id=3325"},"modified":"2020-05-28T15:30:40","modified_gmt":"2020-05-28T18:30:40","slug":"resolucao-n-007-1997","status":"publish","type":"page","link":"https:\/\/www.ufsm.br\/pro-reitorias\/proplan\/resolucao-n-007-1997","title":{"rendered":"Resolu\u00e7\u00e3o N. 007\/1997"},"content":{"rendered":"\t\t<div data-elementor-type=\"wp-page\" data-elementor-id=\"3325\" class=\"elementor elementor-3325\">\n\t\t\t\t\t\t<section class=\"elementor-section elementor-top-section elementor-element elementor-element-0e1216e elementor-section-boxed elementor-section-height-default elementor-section-height-default\" data-id=\"0e1216e\" data-element_type=\"section\">\n\t\t\t\t\t\t<div class=\"elementor-container elementor-column-gap-default\">\n\t\t\t\t\t<div class=\"elementor-column elementor-col-100 elementor-top-column elementor-element elementor-element-b2b3304\" data-id=\"b2b3304\" data-element_type=\"column\">\n\t\t\t<div class=\"elementor-widget-wrap elementor-element-populated\">\n\t\t\t\t\t\t<div class=\"elementor-element elementor-element-b877100 elementor-widget elementor-widget-html\" data-id=\"b877100\" data-element_type=\"widget\" data-widget_type=\"html.default\">\n\t\t\t\t<div class=\"elementor-widget-container\">\n\t\t\t\r\n\r\n\r\n<title><b>RESOLU\u00c7\u00c3O N. 007\/1997<\/b><\/title>\r\n\r\n\r\n<div align=\"center\"><img decoding=\"async\" src=\"https:\/\/www.ufsm.br\/pro-reitorias\/proplan\/wp-content\/uploads\/sites\/344\/2019\/09\/brasao-da-republica-do-brasil-logo.png\" alt=\"Bras\u00e3o Rep\u00fablica Federativa do Brasil\" width=\"6%\" height=\"6%\"><\/div>    \r\n<h1><font color=\"blue\"><font size=\"5\"><div align=\"center\">SERVI\u00c7O P\u00daBLICO FEDERAL<\/b><\/font><\/font><\/div><\/H1>\r\n\r\n<p><div align=\"center\"><b><a href=\"https:\/\/portal.ufsm.br\/documentos\/publico\/documento.html?id=4507757\"><font color=\"blue\">RESOLU\u00c7\u00c3O N. 007\/1997<\/font><\/a><\/b><\/div><\/p>\r\n<br>\r\n<p><div align=\"right\"><font color=\"800000\">Aprova a Tabela de Temporalidade de Documentos produzidos e acumulados pelas Coordena\u00e7\u00f5es que integram a Dire\u00e7\u00e3o Administrativa do Hospital Universit\u00e1rio de Santa Maria, institui o Sistema de Arquivos do Hospital e d\u00e1 outras providencias.<\/font><\/div><\/p>\r\n<br>\r\n<br><div align=\"justify\">\r\n<p>O REITOR DA UNIVERSIDADE FEDERAL DE SANTA MARIA, no uso de suas atribui\u00e7\u00f5es legais e estatut\u00e1rias, e considerando as disposi\u00e7\u00f5es constantes do artigo 99, cap\u00edtulo II da <a href=\"http:\/\/www.planalto.gov.br\/ccivil_03\/Leis\/L8159.htm\" target=\"_blank\"><font color=\"blue\"><u>Lei n\u00ba 8.159, de 08 de janeiro de 1991<\/u><\/font><\/a>,<\/p>\r\n<br>\r\n<p><div align=\"center\">RESOLVE:<\/div><\/p>\r\n<br>\r\n<p>Art. 1\u00ba Aprovar a Tabela de Temporalidade de Documentos, anexa a esta Resolu\u00e7\u00e3o, que estabelece prazos de guarda de documentos produzidos e acumulados pelas Coordena\u00e7\u00f5es que integram a Dire\u00e7\u00e3o Administrativa do Hospital Universit\u00e1rio de Santa Maria (HUSM).<\/p>\r\n<p>Art. 2\u00ba Instituir o Sistema de Arquivos do HUSM, integrado pelas unidades incumbidas das atividades de arquivo permanente, com subordina\u00e7\u00e3o direta \u00e0 Dire\u00e7\u00e3o Administrativa do Hospital Universit\u00e1rio de Santa Maria e supervis\u00e3o t\u00e9cnica da Divis\u00e3o de Arquivo Geral.<\/p>\r\n<p>Art. 3\u00ba Compete \u00e0 Coordena\u00e7\u00e3o do Sistema:<\/p>\r\n<p>I - Estabelecer processos, normas e m\u00e9todos sobre a organiza\u00e7\u00e3o e funcionamento das atividades de arquivo, conforme diretrizes estabelecidas pelo Sistema de Arquivo da Universidade Federal de Santa Maria;<\/p>\r\n<p>II - orientar o preparo e ordena\u00e7\u00e3o dos documentos em fase de recolhimento para o Arquivo permanente;<\/p>\r\n<p>III - promover a destina\u00e7\u00e3o e supervisionar a conserva\u00e7\u00e3o dos documentos sob cust\u00f3dia, de conformidade com os prazos estabelecidos na Tabela de Temporalidade de Documentos;<\/p>\r\n<p>IV - estimular a pesquisa documental;<\/p>\r\n<p>V - prestar assist\u00eancia t\u00e9cnica aos \u00f3rg\u00e3os do Hospital Universit\u00e1rio de Santa Maria.<\/p>\r\n\r\n<p>Art. 4\u00ba A aplica\u00e7\u00e3o da Tabela refere-se aos procedimentos adotados para a sele\u00e7\u00e3o e destina\u00e7\u00e3o dos documentos, desde que cumpridos os prazos de guarda estabelecidos:<\/p>\r\n<p>I - Compete aos Servi\u00e7os e Coordena\u00e7\u00f5es arquivar os documentos na fase corrente, de acordo com as orienta\u00e7\u00f5es da Coordena\u00e7\u00e3o do Sistema de Arquivos e encaminhar para o arquivo permanente os documentos de acordo com os calend\u00e1rios a serem elaborados;<\/p>\r\n<p>II - A aplica\u00e7\u00e3o da Tabela de Temporalidade de Documentos est\u00e1 condicionada ao cumprimento dos prazos de guarda e da elabora\u00e7\u00e3o de termos, espec\u00edficos para transfer\u00eancia (guias de transfer\u00eancia), recolhimento (guias de recolhimento) e elimina\u00e7\u00e3o de documentos (termo de elimina\u00e7\u00e3o).<\/p>\r\n\r\n<p>Art. 5\u00ba Esta Resolu\u00e7\u00e3o entra em vigor na data de sua publica\u00e7\u00e3o, revogadas as disposi\u00e7\u00f5es em contr\u00e1rio.<\/p>\r\n\r\n<p>GABINETE DO REITOR DA UNIVERSIDADE FEDERAL DE SANTA MARIA, aos onze dias do m\u00eas de abril do ano de mil, novecentos e noventa e sete.<\/p>\r\n<\/div>\r\n<p>Odilon Antonio Marcuzzo do Canto,<\/p>\r\n<p>Reitor.<\/p>\r\n\r\n<p><font color=\"red0000\">Este texto n\u00e3o substitui o documento original, publicado no Portal de Documentos.<\/font> Dispon\u00edvel em: <a href=\"https:\/\/portal.ufsm.br\/documentos\/publico\/documento.html?id=4507757\"><font color=\"blue\">https:\/\/portal.ufsm.br\/documentos\/publico\/documento.html?id=4507757<\/font><\/a>\r\n\r\n\r\n\t\t<\/div>\n\t\t\t\t<\/div>\n\t\t\t\t\t<\/div>\n\t\t<\/div>\n\t\t\t\t\t<\/div>\n\t\t<\/section>\n\t\t\t\t<\/div>\n\t\t","protected":false},"excerpt":{"rendered":"<p>RESOLU\u00c7\u00c3O N. 007\/1997 SERVI\u00c7O P\u00daBLICO FEDERAL RESOLU\u00c7\u00c3O N. 007\/1997 Aprova a Tabela de Temporalidade de Documentos produzidos e acumulados pelas Coordena\u00e7\u00f5es que integram a Dire\u00e7\u00e3o Administrativa do Hospital Universit\u00e1rio de Santa Maria, institui o Sistema de Arquivos do Hospital e d\u00e1 outras providencias. O REITOR DA UNIVERSIDADE FEDERAL DE SANTA MARIA, no uso de suas [&hellip;]<\/p>\n","protected":false},"author":205,"featured_media":0,"parent":0,"menu_order":0,"comment_status":"closed","ping_status":"closed","template":"","meta":{"footnotes":""},"categories":[],"tags":[],"class_list":["post-3325","page","type-page","status-publish","hentry"],"acf":[],"_links":{"self":[{"href":"https:\/\/www.ufsm.br\/pro-reitorias\/proplan\/wp-json\/wp\/v2\/pages\/3325","targetHints":{"allow":["GET"]}}],"collection":[{"href":"https:\/\/www.ufsm.br\/pro-reitorias\/proplan\/wp-json\/wp\/v2\/pages"}],"about":[{"href":"https:\/\/www.ufsm.br\/pro-reitorias\/proplan\/wp-json\/wp\/v2\/types\/page"}],"author":[{"embeddable":true,"href":"https:\/\/www.ufsm.br\/pro-reitorias\/proplan\/wp-json\/wp\/v2\/users\/205"}],"replies":[{"embeddable":true,"href":"https:\/\/www.ufsm.br\/pro-reitorias\/proplan\/wp-json\/wp\/v2\/comments?post=3325"}],"version-history":[{"count":0,"href":"https:\/\/www.ufsm.br\/pro-reitorias\/proplan\/wp-json\/wp\/v2\/pages\/3325\/revisions"}],"wp:attachment":[{"href":"https:\/\/www.ufsm.br\/pro-reitorias\/proplan\/wp-json\/wp\/v2\/media?parent=3325"}],"wp:term":[{"taxonomy":"category","embeddable":true,"href":"https:\/\/www.ufsm.br\/pro-reitorias\/proplan\/wp-json\/wp\/v2\/categories?post=3325"},{"taxonomy":"post_tag","embeddable":true,"href":"https:\/\/www.ufsm.br\/pro-reitorias\/proplan\/wp-json\/wp\/v2\/tags?post=3325"}],"curies":[{"name":"wp","href":"https:\/\/api.w.org\/{rel}","templated":true}]}}