{"id":3330,"date":"2020-02-21T07:37:39","date_gmt":"2020-02-21T10:37:39","guid":{"rendered":"https:\/\/www.ufsm.br\/pro-reitorias\/proplan\/?page_id=3330"},"modified":"2020-02-21T07:40:30","modified_gmt":"2020-02-21T10:40:30","slug":"resolucao-n-011-1997","status":"publish","type":"page","link":"https:\/\/www.ufsm.br\/pro-reitorias\/proplan\/resolucao-n-011-1997","title":{"rendered":"Resolu\u00e7\u00e3o N. 011\/1997"},"content":{"rendered":"\t\t<div data-elementor-type=\"wp-page\" data-elementor-id=\"3330\" class=\"elementor elementor-3330\">\n\t\t\t\t\t\t<section class=\"elementor-section elementor-top-section elementor-element elementor-element-82505f3 elementor-section-boxed elementor-section-height-default elementor-section-height-default\" data-id=\"82505f3\" data-element_type=\"section\">\n\t\t\t\t\t\t<div class=\"elementor-container elementor-column-gap-default\">\n\t\t\t\t\t<div class=\"elementor-column elementor-col-100 elementor-top-column elementor-element elementor-element-4e052fd\" data-id=\"4e052fd\" data-element_type=\"column\">\n\t\t\t<div class=\"elementor-widget-wrap elementor-element-populated\">\n\t\t\t\t\t\t<div class=\"elementor-element elementor-element-c9fa3a0 elementor-widget elementor-widget-html\" data-id=\"c9fa3a0\" data-element_type=\"widget\" data-widget_type=\"html.default\">\n\t\t\t\t<div class=\"elementor-widget-container\">\n\t\t\t\r\n\r\n\r\n<title><b>RESOLU\u00c7\u00c3O N. 011\/1997<\/b><\/title>\r\n\r\n\r\n<div align=\"center\"><img decoding=\"async\" src=\"https:\/\/www.ufsm.br\/pro-reitorias\/proplan\/wp-content\/uploads\/sites\/344\/2019\/09\/brasao-da-republica-do-brasil-logo.png\" alt=\"Bras\u00e3o Rep\u00fablica Federativa do Brasil\" width=\"6%\" height=\"6%\"><\/div>    \r\n<h1><font color=\"blue\"><font size=\"5\"><div align=\"center\">SERVI\u00c7O P\u00daBLICO FEDERAL<\/b><\/font><\/font><\/div><\/H1>\r\n\r\n<p><div align=\"center\"><b><a href=\"https:\/\/portal.ufsm.br\/documentos\/publico\/documento.html?id=4507744\"><font color=\"blue\">RESOLU\u00c7\u00c3O N. 011\/1997<\/font><\/a><\/b><\/div><\/p>\r\n<br>\r\n<p><div align=\"right\"><font color=\"800000\"><strike>Cria a Comiss\u00e3o Permanente de Acompanhamento Pedag\u00f3gico - COPAP.<\/strike><\/font><\/div><\/p>\r\n<br>\r\n<p><a href=\"https:\/\/www.ufsm.br\/pro-reitorias\/proplan\/resolucao-n-020-2019\/\"><font color=\"blue\">Revogada pela Resolu\u00e7\u00e3o N. 020\/2019<\/font><\/a><\/p>\r\n<br>\r\n<br><div align=\"justify\">\r\n<strike>\r\n<p>O REITOR DA UNIVERSIDADE FEDERAL DE SANTA MARIA, no uso de suas atribui\u00e7\u00f5es legais e estatut\u00e1rias e tendo em vista a decis\u00e3o do CEPE, em sua 483\u00aa Sess\u00e3o, realizada em 06-08-96,<\/p>\r\n<br>\r\n<p><div align=\"center\">RESOLVE:<\/div><\/p>\r\n<br>\r\n<p>Art. 1\u00ba- Criar a Comiss\u00e3o Permanente de Acompanhamento Pedag\u00f3gico - COPAP - ligada \u00e0 Pr\u00f3-Reitoria de Gradua\u00e7\u00e3o.<\/p>\r\n<p>Art. 2\u00ba- A COPAP ser\u00e1 composta por cinco membros indicados pela Pr\u00f3-Reitoria de Gradua\u00e7\u00e3o e nomeados, por portaria, pelo Reitor e ser\u00e1 assim constitu\u00edda:<\/p>\r\n<p>- 02 docentes do Centro de Educa\u00e7\u00e3o;<\/p>\r\n<p>- 01 docente do Departamento de Psicologia;<\/p>\r\n<p>- 01 discente da Representa\u00e7\u00e3o Estudantil do CEPE;<\/p>\r\n<p>- 01 docente representante da Comiss\u00e3o de Avalia\u00e7\u00e3o Institucional ou 01 Coordenador de Curso de Gradua\u00e7\u00e3o da Representa\u00e7\u00e3o do CEPE.<\/p>\r\n<p>\u00a71\u00ba- O Presidente da COPAP ser\u00e1 escolhido pela PROGRAD e dedicar\u00e1 20 horas semanais de sua carga hor\u00e1ria.<\/p>\r\n<p>\u00a72\u00ba- Os demais docentes integrantes da Comiss\u00e3o dedicar\u00e3o 8 horas semanais de suas cargas hor\u00e1rias \u00e0 COPAP.<\/p>\r\n\r\n<p>Art. 3\u00ba- Atribuir \u00e0 COPAP as seguintes responsabilidades:<\/p>\r\n<p>\u00a71\u00ba- Instituir o Programa de Acompanhamento ao Docente em Est\u00e1gio Probat\u00f3rio - PADEP -, com o objetivo de recepcionar e prestar acompanhamento pedag\u00f3gico para todos os docentes em est\u00e1gio probat\u00f3rio ou que regressarem de afastamento de suas atividades acad\u00eamicas para realizar curso de p\u00f3s-gradua\u00e7\u00e3o.<\/p>\r\n<p>\u00a72\u00ba- Instituir programas de treinamento pedag\u00f3gico, de rela\u00e7\u00f5es humanas e\/ou acompanhamento Psicol\u00f3gico para docentes que apresentarem avalia\u00e7\u00e3o deficiente.<\/p>\r\n<p>\u00a73\u00ba- Em conson\u00e2ncia com o trabalho da Comiss\u00e3o de Avalia\u00e7\u00e3o Institucional, propor um instrumento de avalia\u00e7\u00e3o das atividades docentes para os Cursos.<\/p>\r\n<p>\u00a74\u00ba- Propor um programa de acompanhamento pedag\u00f3gico a todos os docentes que apresentarem avalia\u00e7\u00e3o discente insuficiente.<\/p>\r\n<p>\u00a75\u00ba- Assessorar as Coordena\u00e7\u00f5es dos Cursos na elabora\u00e7\u00e3o, acompanhamento e avalia\u00e7\u00e3o do Projeto Pedag\u00f3gico dos Cursos de Gradua\u00e7\u00e3o em conson\u00e2ncia com o Projeto Pedag\u00f3gico da UFSM.<\/p>\r\n<p>\u00a76\u00ba- Assessorar as Bancas de Concurso P\u00fablico com orienta\u00e7\u00f5es a serem observadas no desempenho pedag\u00f3gico dos candidatos.<\/p>\r\n<p>\u00a77\u00ba- Assessorar os Colegiados dos Cursos quanto ao encaminhamento de solu\u00e7\u00f5es para os problemas que ocorrem mais frequentemente entre professores e alunos (inaceit\u00e1veis \u00edndices de aprova\u00e7\u00e3o e reprova\u00e7\u00e3o, conturbado relacionamento entre professor e aluno, despreparo did\u00e1tico do professor, comportamento anti-\u00e9tico em sala de aula, dificuldade ou incapacidade do professor em proporcionar condi\u00e7\u00f5es de aprendizagem) que trazem s\u00e9rios preju\u00edzos ao trabalho pedag\u00f3gico.<\/p>\r\n<p>\u00a78\u00ba- Analisar os resultados das avalia\u00e7\u00f5es discentes pelo Colegiado dos Cursos. Constatados problemas, as Coordena\u00e7\u00f5es de Cursos encaminhar\u00e3o, via protocolo, \u00e0 COPAP os problemas detectados quanto \u00e0 Avalia\u00e7\u00e3o Docente e Discente, solicitando apoo para solucion\u00e1-los. A COPAP, juntamente com o Colegiado de cada Curso far\u00e1 uma an\u00e1lise dos problemas e, juntos, encaminhar\u00e3o as medidas pedag\u00f3gicas ou outras que se fizerem necess\u00e1rias (ver Art. 111, Inciso X, do Regimento Geral da UFSM).<\/p>\r\n\r\n<p>Art. 4\u00ba- O n\u00e3o cumprimento das determina\u00e7\u00f5es propostas pela COPAP e pelo Colegiado do Curso, implicar\u00e1 em procedimentos previstos na Legisla\u00e7\u00e3o pertinente.<\/p>\r\n<p>Art. 5\u00ba- Esta Resolu\u00e7\u00e3o entra em vigor na data de sua publica\u00e7\u00e3o e revoga as disposi\u00e7\u00f5es em contr\u00e1rio.<\/p>\r\n\r\n<p>GABINETE DO REITOR DA UNIVERSIDADE FEDERAL DE SANTA MARIA, aos oito dias do m\u00eas de maio do ano de mil, novecentos e noventa e sete.<\/p>\r\n\r\n<\/div>\r\n<p>Antonio Adalberto Brum Siqueira,<\/p>\r\n<p>Vice-Reitor, no exerc\u00edcio da Reitoria<\/p>\r\n<\/strike>\r\n<p><font color=\"red0000\">Este texto n\u00e3o substitui o documento original, publicado no Portal de Documentos.<\/font> Dispon\u00edvel em: <a href=\"https:\/\/portal.ufsm.br\/documentos\/publico\/documento.html?id=4507744\"><font color=\"blue\">https:\/\/portal.ufsm.br\/documentos\/publico\/documento.html?id=4507744<\/font><\/a>\r\n\r\n\t\t<\/div>\n\t\t\t\t<\/div>\n\t\t\t\t\t<\/div>\n\t\t<\/div>\n\t\t\t\t\t<\/div>\n\t\t<\/section>\n\t\t\t\t<\/div>\n\t\t","protected":false},"excerpt":{"rendered":"<p>RESOLU\u00c7\u00c3O N. 011\/1997 SERVI\u00c7O P\u00daBLICO FEDERAL RESOLU\u00c7\u00c3O N. 011\/1997 Cria a Comiss\u00e3o Permanente de Acompanhamento Pedag\u00f3gico &#8211; COPAP. Revogada pela Resolu\u00e7\u00e3o N. 020\/2019 O REITOR DA UNIVERSIDADE FEDERAL DE SANTA MARIA, no uso de suas atribui\u00e7\u00f5es legais e estatut\u00e1rias e tendo em vista a decis\u00e3o do CEPE, em sua 483\u00aa Sess\u00e3o, realizada em 06-08-96, RESOLVE: [&hellip;]<\/p>\n","protected":false},"author":205,"featured_media":0,"parent":0,"menu_order":0,"comment_status":"closed","ping_status":"closed","template":"","meta":{"footnotes":""},"categories":[],"tags":[],"class_list":["post-3330","page","type-page","status-publish","hentry"],"acf":[],"_links":{"self":[{"href":"https:\/\/www.ufsm.br\/pro-reitorias\/proplan\/wp-json\/wp\/v2\/pages\/3330","targetHints":{"allow":["GET"]}}],"collection":[{"href":"https:\/\/www.ufsm.br\/pro-reitorias\/proplan\/wp-json\/wp\/v2\/pages"}],"about":[{"href":"https:\/\/www.ufsm.br\/pro-reitorias\/proplan\/wp-json\/wp\/v2\/types\/page"}],"author":[{"embeddable":true,"href":"https:\/\/www.ufsm.br\/pro-reitorias\/proplan\/wp-json\/wp\/v2\/users\/205"}],"replies":[{"embeddable":true,"href":"https:\/\/www.ufsm.br\/pro-reitorias\/proplan\/wp-json\/wp\/v2\/comments?post=3330"}],"version-history":[{"count":0,"href":"https:\/\/www.ufsm.br\/pro-reitorias\/proplan\/wp-json\/wp\/v2\/pages\/3330\/revisions"}],"wp:attachment":[{"href":"https:\/\/www.ufsm.br\/pro-reitorias\/proplan\/wp-json\/wp\/v2\/media?parent=3330"}],"wp:term":[{"taxonomy":"category","embeddable":true,"href":"https:\/\/www.ufsm.br\/pro-reitorias\/proplan\/wp-json\/wp\/v2\/categories?post=3330"},{"taxonomy":"post_tag","embeddable":true,"href":"https:\/\/www.ufsm.br\/pro-reitorias\/proplan\/wp-json\/wp\/v2\/tags?post=3330"}],"curies":[{"name":"wp","href":"https:\/\/api.w.org\/{rel}","templated":true}]}}