{"id":3331,"date":"2020-02-21T07:37:42","date_gmt":"2020-02-21T10:37:42","guid":{"rendered":"https:\/\/www.ufsm.br\/pro-reitorias\/proplan\/?page_id=3331"},"modified":"2020-07-24T09:38:33","modified_gmt":"2020-07-24T12:38:33","slug":"resolucao-n-012-1997","status":"publish","type":"page","link":"https:\/\/www.ufsm.br\/pro-reitorias\/proplan\/resolucao-n-012-1997","title":{"rendered":"Resolu\u00e7\u00e3o N. 012\/1997"},"content":{"rendered":"\t\t<div data-elementor-type=\"wp-page\" data-elementor-id=\"3331\" class=\"elementor elementor-3331\">\n\t\t\t\t\t\t<section class=\"elementor-section elementor-top-section elementor-element elementor-element-6762a18 elementor-section-boxed elementor-section-height-default elementor-section-height-default\" data-id=\"6762a18\" data-element_type=\"section\">\n\t\t\t\t\t\t<div class=\"elementor-container elementor-column-gap-default\">\n\t\t\t\t\t<div class=\"elementor-column elementor-col-100 elementor-top-column elementor-element elementor-element-eafe770\" data-id=\"eafe770\" data-element_type=\"column\">\n\t\t\t<div class=\"elementor-widget-wrap elementor-element-populated\">\n\t\t\t\t\t\t<div class=\"elementor-element elementor-element-9226983 elementor-widget elementor-widget-html\" data-id=\"9226983\" data-element_type=\"widget\" data-widget_type=\"html.default\">\n\t\t\t\t<div class=\"elementor-widget-container\">\n\t\t\t\r\n\r\n\r\n<title><b>RESOLU\u00c7\u00c3O N. 012\/1997<\/b><\/title>\r\n\r\n\r\n<div align=\"center\"><img decoding=\"async\" src=\"https:\/\/www.ufsm.br\/pro-reitorias\/proplan\/wp-content\/uploads\/sites\/344\/2019\/09\/brasao-da-republica-do-brasil-logo.png\" alt=\"Bras\u00e3o Rep\u00fablica Federativa do Brasil\" width=\"6%\" height=\"6%\"><\/div>    \r\n<h1><font color=\"blue\"><font size=\"5\"><div align=\"center\">SERVI\u00c7O P\u00daBLICO FEDERAL<\/b><\/font><\/font><\/div><\/H1>\r\n\r\n<p><div align=\"center\"><b><a href=\"https:\/\/portal.ufsm.br\/documentos\/publico\/documento.html?id=4507743\"><font color=\"blue\">RESOLU\u00c7\u00c3O N. 012\/1997<\/font><\/a><\/b><\/div><\/p>\r\n<br>\r\n<p><div align=\"right\"><font color=\"800000\"><strike>Adapta o Estatuto da Universidade Federal de Santa Maria \u00e0 legisla\u00e7\u00e3o vigente, particularmente no que se refere a composi\u00e7\u00e3o dos Colegiados e escolha de dirigentes e d\u00e1 outras provid\u00eancias.<\/strike><\/font><\/div><\/p>\r\n<br>\r\n<p><a href=\"https:\/\/www.ufsm.br\/pro-reitorias\/proplan\/resolucao-n-001-2001\/\" target=\"_blank\"><font color=\"blue\">Alterada pela Resolu\u00e7\u00e3o N. 001\/2001<\/font><\/a><\/p>\r\n<p><a href=\"https:\/\/www.ufsm.br\/pro-reitorias\/proplan\/resolucao-n-022-2020\/\" target=\"_blank\"><font color=\"blue\">Revogada pela Resolu\u00e7\u00e3o N. 022\/2020<\/font><\/a><\/p>\r\n<br>\r\n<br>\r\n<br><div align=\"justify\">\r\n<strike>\r\n<p>O REITOR DA UNIVERSIDADE FEDERAL DE SANTA MARIA, no uso de suas atribui\u00e7\u00f5es legais e estatut\u00e1rias, e considerando:<\/p>\r\n<p>- O Parecer n. 062\/96, da Comiss\u00e3o de Legisla\u00e7\u00e3o e Regimentos, aprovado na Sess\u00e3o n. 257, de 18\/12\/96, do Conselho Universit\u00e1rio, que reestrutura o Departamento de Pessoal da Universidade Federal de Santa Maria em Pr\u00f3-Reitoria de Recursos Humanos:<\/p>\r\n<p>- O contido no Processo n. <a href=\"https:\/\/portal.ufsm.br\/documentos\/publico\/processo\/documento.html?idDocumento=188250\" target=\"_blank\"><font color=\"blue\"><u>025.536\/96-60<\/u><\/font><\/a>, aprovado na Sess\u00e3o n. 548, de 14\/05\/97, do Conselho Universit\u00e1rio, que trata da adequa\u00e7\u00e3o da composi\u00e7\u00e3o do Conselho Universit\u00e1rio, conforme determina o Art. 16, Inciso II da <a href=\"http:\/\/www.planalto.gov.br\/ccivil_03\/leis\/L5540.htm\" target=\"_blank\"><font color=\"blue\"><u>Lei n. 5.540<\/u><\/font><\/a>, modificada pela <a href=\"http:\/\/www.planalto.gov.br\/ccivil_03\/leis\/l9192.htm\" target=\"_blank\"><font color=\"blue\"><u>Lei n. 9.192, de 21\/12\/95<\/u><\/font><\/a>, regulamentada pelo <a href=\"http:\/\/www.planalto.gov.br\/ccivil_03\/decreto\/d1916.htm\" target=\"_blank\"><font color=\"blue\"><u>Decreto n. 1.916, de 23\/05\/96<\/u><\/font><\/a>, que disp\u00f5e sobre o processo de escolha dos dirigentes de Institui\u00e7\u00f5es Federais de Ensino Superior, nos termos da <a href=\"http:\/\/www.planalto.gov.br\/ccivil_03\/leis\/l9192.htm\" target=\"_blank\"><font color=\"blue\"><u>Lei n. 9.192, de 21\/12\/95<\/u><\/font><\/a>;<\/p>\r\n<p>- O Art. 56 e seu Par\u00e1grafo \u00danico, da <a href=\"http:\/\/www.planalto.gov.br\/ccivil_03\/leis\/l9394.htm\" target=\"_blank\"><font color=\"blue\"><u>Lei n. 9.394, de 20\/12\/96<\/u><\/font><\/a>, que estabelece as diretrizes e bases da educa\u00e7\u00e3o nacional:<\/p>\r\n<br>\r\n<p><div align=\"center\">RESOLVE:<\/div><\/p>\r\n<br>\r\n<p>Adaptar o Estatuto da Universidade Federal de Santa Maria, nos termos desta Resolu\u00e7\u00e3o:<\/p>\r\n\r\n<p>Art. 1\u00ba - Altera os Artigos 11. 23, 26 e 27 do Estatuto da Universidade Federal de Santa Maria, que passam a ter a seguinte reda\u00e7\u00e3o:<\/p>\r\n\r\n<p>\u00a7 4\u00ba - O Colegiado M\u00e1ximo da Institui\u00e7\u00e3o poder\u00e1 regulamentar processo de consulta \u00e0 comunidade universit\u00e1ria, procedendo a elabora\u00e7\u00e3o das listas tr\u00edplices, caso em que prevalecer\u00e3o a vota\u00e7\u00e3o definida no par\u00e1grafo segundo e o peso de setenta por cento dos votos para a manifesta\u00e7\u00e3o do corpo docente no total dos votos da comunidade.\u201d<\/p>\r\n\r\n<p>\u201cArt. 27 - O mandato de Reitor e de Vice-Reitor ser\u00e1 exercido em regime de dedica\u00e7\u00e3o exclusiva e ter\u00e1 a dura\u00e7\u00e3o de quatro anos, sendo permitida uma \u00fanica recondu\u00e7\u00e3o para o mesmo cargo.<\/p>\r\n<p>Par\u00e1grafo \u00danico - A recondu\u00e7\u00e3o ser\u00e1 obrigatoriamente precedida dos procedimentos e crit\u00e9rios mencionados no caput e nos par\u00e1grafos 1\u00ba, 2\u00ba,3\u00ba e 4\u00ba do Art. 26.\u201d<\/p>\r\n\r\n<p>Art. 2\u00ba - Os Artigos 28. 29 e 30 ser\u00e3o renumerados como Artigos 31, 32 e 33, alterando-se os subsequentes na mesma ordem.<\/p>\r\n<p>Art. 3\u00ba - Ficam introduzidos os Artigos 28. 29 e 30 com a seguinte reda\u00e7\u00e3o:<\/p>\r\n\r\n<p>\u201cArt. 28 - Nos casos de vac\u00e2ncia dos cargos de Reitor ou Vice-Reitor, as listas a que se refere o caput e os par\u00e1grafos 1\u00ba, 2\u00ba, 3\u00ba e 4\u00ba do Art. 26 ser\u00e3o organizadas no prazo m\u00e1ximo de sessenta dias ap\u00f3s a abertura da vaga: e os mandatos dos dirigentes que vierem a ser nomeados ser\u00e3o de 04 (quatro) anos.\u201d<\/p>\r\n<p>\u201cArt. 29 - O Presidente da Rep\u00fablica designar\u00e1 pr\u00f3-tempore o Reitor ou o Vice-Reitor de Universidade quando, por qualquer motivo. estiverem vagos os cargos respectivos e n\u00e3o houver condi\u00e7\u00f5es para provimento regular imediato.\u201d<\/p>\r\n<p>\u201cArt. 30 - As listas para escolha e nomea\u00e7\u00e3o do Reitor e do Vice-Reitor, acompanhadas do regulamento do processo de consulta \u00e0 comunidade universit\u00e1ria, quando esta tiver ocorrido, ser\u00e3o encaminhadas ao Minist\u00e9rio da Educa\u00e7\u00e3o e do Desporto at\u00e9 sessenta dias antes de findo o mandato do dirigente que estiver sendo substitu\u00eddo.\u201d<\/p>\r\n\r\n<p>Art. 4\u00ba - O Artigo 34, renumerado como Artigo 37 em raz\u00e3o do contido no Art. 2\u00ba desta Resolu\u00e7\u00e3o, passa a ter a seguinte reda\u00e7\u00e3o:<\/p>\r\n\r\n<p>\u201cArt. 11 - O Conselho Universit\u00e1rio, Colegiado M\u00e1ximo de delibera\u00e7\u00e3o coletiva para assuntos administrativos e de defini\u00e7\u00e3o da pol\u00edtica geral da UFSM, ser\u00e1 composto de:<\/p>\r\n<p>a) Reitor, como Presidente:<\/p>\r\n<p>b) Vice-Reitor;<\/p>\r\n<p>c) Oito Diretores de Centro;<\/p>\r\n<p>d) Dois Representantes da Categoria Docente do Ensino de 2\u00ba Grau;<\/p>\r\n<p>e) Um Representante da Categoria Docente por Classe;<\/p>\r\n<p>f) Dezesseis Representantes da Categoria Docente dos Centros de Ensino;<\/p>\r\n<p>g) Quatro Representantes da Categoria T\u00e9cnico-Administrativo;<\/p>\r\n<p>h) Cinco Representantes da Categoria dos Discentes;<\/p>\r\n<p>i) Quatro Representantes da Comunidade Local e Regional.<\/p>\r\n<p><strike>\u00a7 1\u00ba- Os representantes a que se refere a al\u00ednea \u201cd\u201d e seus respectivos suplentes ser\u00e3o eleitos por 02 anos, um pelos docentes de 2\u00ba grau e um pelo Conselho de \u00c1rea, vedada a recondu\u00e7\u00e3o. <\/strike> <a href=\"https:\/\/www.ufsm.br\/pro-reitorias\/proplan\/resolucao-n-001-2001\/\" target=\"_blank\"><font color=\"blue\"><u>(Alterado pela Resolu\u00e7\u00e3o N. 001\/2001)<\/u><\/font><\/a><\/p>\r\n<p>\u00a7 1\u00ba- Os representantes a que se refere a al\u00ednea \u201cd\u201d e seus respectivos suplentes ser\u00e3o eleitos por 02 anos, um pelos docentes de 2\u00ba grau e um pelo Conselho de \u00c1rea, permitida uma \u00fanica recondu\u00e7\u00e3o. <a href=\"https:\/\/www.ufsm.br\/pro-reitorias\/proplan\/resolucao-n-001-2001\/\" target=\"_blank\"><font color=\"blue\"><u>(Reda\u00e7\u00e3o dada pela Resolu\u00e7\u00e3o N. 001\/2001)<\/u><\/font><\/a><\/p>\r\n\r\n<p><strike>\u00a7 2\u00ba - Os representantes a que se refere a al\u00ednea \u201ce\u201d e seus respectivos suplentes ser\u00e3o eleitos para exercer mandato de 02 (dois) anos, pelos docentes da classe respectiva, vedada a recondu\u00e7\u00e3o. <\/strike> <a href=\"https:\/\/www.ufsm.br\/pro-reitorias\/proplan\/resolucao-n-001-2001\/\" target=\"_blank\"><font color=\"blue\"><u>(Alterado pela Resolu\u00e7\u00e3o N. 001\/2001)<\/u><\/font><\/a><\/p>\r\n<p>\u00a7 2\u00ba - Os representantes a que se refere a al\u00ednea \u201ce\u201d e seus respectivos suplentes ser\u00e3o eleitos para exercer mandato de 02 (dois) anos, pelos docentes da classe respectiva, vedada a recondu\u00e7\u00e3o. <a href=\"https:\/\/www.ufsm.br\/pro-reitorias\/proplan\/resolucao-n-001-2001\/\" target=\"_blank\"><font color=\"blue\"><u>(Reda\u00e7\u00e3o dada pela Resolu\u00e7\u00e3o N. 001\/2001)<\/u><\/font><\/a><\/p>\r\n\r\n<p>\u00a7 3\u00ba - Os representantes de que trata a al\u00ednea \u201cf\u201d ser\u00e3o 02 (dois) docentes de cada Centro de Ensino, devendo ser Chefes de Departamento e\/ou Coordenadores de Curso de Gradua\u00e7\u00e3o ou P\u00f3s-Gradua\u00e7\u00e3o, a crit\u00e9rio do Conselho de Centro.<\/p>\r\n<p>\u00a7 4\u00ba - N\u00e3o havendo n\u00famero suficiente de Chefes de Departamento e\/ou Coordenadores de Curso, caber\u00e1 ao Conselho de Centro indicar um outro docente.<\/p>\r\n<p>\u00a7 5\u00ba - Os quatro representantes de que trata a al\u00ednea \u201ci\u201d ser\u00e3o eleitos pelo Conselho Universit\u00e1rio; 02 (dois), necessariamente, dentre os nomes indicados pelo segmento de servidores aposentados da UFSM, sendo um docente e um t\u00e9cnico-administrativo, e os outros 02 (dois) dentre os nomes indicados, em lista tr\u00edplice, pelas entidades representativas da comunidade, previamente consultadas com tal fim pelo Conselho Universit\u00e1rio.<\/p>\r\n\r\n<p><strike>\u00a7 6\u00ba - Os representantes de que se refere o par\u00e1grafo anterior ser\u00e3o eleitos para um mandato de 02 (dois) anos, vedada a recondu\u00e7\u00e3o. <\/strike> <a href=\"https:\/\/www.ufsm.br\/pro-reitorias\/proplan\/resolucao-n-001-2001\/\" target=\"_blank\"><font color=\"blue\"><u>(Alterado pela Resolu\u00e7\u00e3o N. 001\/2001)<\/u><\/font><\/a><\/p>\r\n<p>\u00a7 6\u00ba - Os representantes de que se refere o par\u00e1grafo anterior ser\u00e3o eleitos para um mandato de 02 (dois) anos, vedada a recondu\u00e7\u00e3o. <a href=\"https:\/\/www.ufsm.br\/pro-reitorias\/proplan\/resolucao-n-001-2001\/\" target=\"_blank\"><font color=\"blue\"><u>(Reda\u00e7\u00e3o dada pela Resolu\u00e7\u00e3o N. 001\/2001)<\/u><\/font><\/a><\/p>\r\n\r\n<p><strike>\u00a7 7\u00ba - Os representantes da categoria T\u00e9cnico-Administrativo ser\u00e3o eleitos pelo voto direto de seus pares por 02 (dois) anos, vedada a recondu\u00e7\u00e3o. <\/strike> <a href=\"https:\/\/www.ufsm.br\/pro-reitorias\/proplan\/resolucao-n-001-2001\/\" target=\"_blank\"><font color=\"blue\"><u>(Alterado pela Resolu\u00e7\u00e3o N. 001\/2001)<\/u><\/font><\/a><\/p>\r\n<p>\u00a7 7\u00ba - Os representantes da categoria T\u00e9cnico-Administrativo ser\u00e3o eleitos pelo voto direto de seus pares por 02 (dois) anos, vedada a recondu\u00e7\u00e3o. <a href=\"https:\/\/www.ufsm.br\/pro-reitorias\/proplan\/resolucao-n-001-2001\/\" target=\"_blank\"><font color=\"blue\"><u>(Reda\u00e7\u00e3o dada pela Resolu\u00e7\u00e3o N. 001\/2001)<\/u><\/font><\/a><\/p>\r\n\r\n<p>\u00a7 8\u00ba - Os representantes da categoria Discente ser\u00e3o designados, anualmente, pelo Diret\u00f3rio Central de Estudantes, na forma deste Estatuto e do Regimento Geral.\u201d<\/p>\r\n\r\n<p>\u201cArt. 23 \u2013<\/p>\r\n<p>......<\/p>\r\n<p>\u00a7 2\u00ba - Para atender ao disposto neste artigo. a Reitoria contar\u00e1 com os seguintes \u00f3rg\u00e3os:<\/p>\r\n<p>I- Gabinete do Reitor;<\/p>\r\n<p>II - Gabinete do Vice-Reitor;<\/p>\r\n<p>III - Pr\u00f3-Reitoria de Gradua\u00e7\u00e3o;<\/p>\r\n<p>IV - Pr\u00f3-Reitoria de P\u00f3s-Gradua\u00e7\u00e3o e Pesquisa:<\/p>\r\n<p>V - Pr\u00f3-Reitoria de Extens\u00e3o;<\/p>\r\n<p>VI - Pr\u00f3-Reitoria de Assuntos Estudantis;<\/p>\r\n<p>VII - Pr\u00f3-Reitoria de Administra\u00e7\u00e3o:<\/p>\r\n<p>VIII - Pr\u00f3-Reitoria de Planejamento:<\/p>\r\n<p>IX - Pr\u00f3-Reitoria de Recursos Humanos:<\/p>\r\n<p>X - \u00d3rg\u00e3os Executivos da Administra\u00e7\u00e3o Superior; e<\/p>\r\n<p>XI - \u00d3rg\u00e3os Suplementares Centrais.<\/p>\r\n<p>.....\u201d<\/p>\r\n\r\n<p>\u201cArt. 26 - O Reitor e o Vice-Reitor ser\u00e3o nomeados pelo Presidente da Rep\u00fablica, escolhidos dentre os indicados em listas tr\u00edplices elaboradas pelo Colegiado M\u00e1ximo da Institui\u00e7\u00e3o, ou por outro Colegiado que o englobe, institu\u00eddo especificamente para este fim.<\/p>\r\n<p>\u00a7 1\u00ba - Somente poder\u00e3o compor as listas tr\u00edplices docentes integrantes da carreira de Magist\u00e9rio Superior, ocupantes dos cargos de Professor Titular, de Professor Adjunto, n\u00edvel 4, ou que sejam portadores do t\u00edtulo de doutor, neste caso independentemente do n\u00edvel ou da classe do cargo ocupado.<\/p>\r\n<p>\u00a7 2\u00ba- A vota\u00e7\u00e3o ser\u00e1 uninominal, devendo as listas serem compostas com os tr\u00eas primeiros nomes mais votados em escrut\u00ednio \u00fanico, onde cada eleitor vota em apenas um nome para cada cargo a ser preenchido.<\/p>\r\n<p>\u00a7 3\u00ba - O col\u00e9gio eleitoral que organizar as listas tr\u00edplices observar\u00e1 o m\u00ednimo de setenta por cento de participa\u00e7\u00e3o de membros do Corpo Docente em sua composi\u00e7\u00e3o.<\/p>\r\n\r\n<p>\u201cO Diretor e o Vice-Diretor de unidade universit\u00e1ria ser\u00e3o nomeados pelo Reitor, observados, para a escolha no \u00e2mbito da unidade, os mesmos procedimentos e crit\u00e9rios prescritos no Art. 26.<\/p>\r\n<p>\u00a7 1\u00ba - O mandato de Diretor e Vice-Diretor de Unidade Universit\u00e1ria ser\u00e1 de 04 (quatro) anos, sendo permitida uma \u00fanica recondu\u00e7\u00e3o para o mesmo cargo.<\/p>\r\n<p>\u00a7 2\u00ba - A recondu\u00e7\u00e3o ser\u00e1 obrigatoriamente precedida dos procedimentos e crit\u00e9rios mencionados no caput e nos par\u00e1grafos 1\u00ba, 2\u00ba, 3\u00ba e 4\u00ba do Art. 26.<\/p>\r\n<p>\u00a7 3\u00ba - No caso de vac\u00e2ncia dos cargos de Diretor e Vice-Diretor de Unidade Universit\u00e1ria, as listas a que se referem o caput e os par\u00e1grafos 1\u00ba, 2\u00ba, 3\u00ba e 4\u00ba do Art. 26, ser\u00e3o organizadas no prazo m\u00e1ximo de 60 (sessenta) dias ap\u00f3s a abertura da vaga e os mandatos dos dirigentes que vierem a ser nomeados ser\u00e3o de 04 (quatro) anos.<\/p>\r\n<p>\u00a7 4\u00ba - A designa\u00e7\u00e3o de Diretor e Vice-Diretor de Unidade Universit\u00e1ria pr\u00f3-tempore caber\u00e1 ao Reitor, quando, por qualquer motivo, estiverem vagos os cargos respectivos e n\u00e3o houver condi\u00e7\u00f5es para provimento regular imediato.\u201d<\/p>\r\n\r\n<p>Art. 5\u00ba - Esta Resolu\u00e7\u00e3o entra em vigor na data de sua publica\u00e7\u00e3o.<\/p>\r\n\r\n<p>GABINETE DO REITOR DA UNIVERSIDADE FEDERAL DE SANTA MARIA, aos vinte e oito dias do m\u00eas de maio do ano de mil, novecentos e noventa e sete..<\/p>\r\n<\/div>\r\n<p>Odilon Ant\u00f4nio Marduzzo do Canto,<\/p>\r\n<p>Reitor.<\/p>\r\n<\/strike>\r\n<p><font color=\"red0000\">Este texto n\u00e3o substitui o documento original, publicado no Portal de Documentos.<\/font> Dispon\u00edvel em: <a href=\"https:\/\/portal.ufsm.br\/documentos\/publico\/documento.html?id=4507743\"><font color=\"blue\">https:\/\/portal.ufsm.br\/documentos\/publico\/documento.html?id=4507743<\/font><\/a>\r\n\r\n\t\t<\/div>\n\t\t\t\t<\/div>\n\t\t\t\t\t<\/div>\n\t\t<\/div>\n\t\t\t\t\t<\/div>\n\t\t<\/section>\n\t\t\t\t<\/div>\n\t\t","protected":false},"excerpt":{"rendered":"<p>RESOLU\u00c7\u00c3O N. 012\/1997 SERVI\u00c7O P\u00daBLICO FEDERAL RESOLU\u00c7\u00c3O N. 012\/1997 Adapta o Estatuto da Universidade Federal de Santa Maria \u00e0 legisla\u00e7\u00e3o vigente, particularmente no que se refere a composi\u00e7\u00e3o dos Colegiados e escolha de dirigentes e d\u00e1 outras provid\u00eancias. Alterada pela Resolu\u00e7\u00e3o N. 001\/2001 Revogada pela Resolu\u00e7\u00e3o N. 022\/2020 O REITOR DA UNIVERSIDADE FEDERAL DE SANTA [&hellip;]<\/p>\n","protected":false},"author":205,"featured_media":0,"parent":0,"menu_order":0,"comment_status":"closed","ping_status":"closed","template":"","meta":{"footnotes":""},"categories":[],"tags":[],"class_list":["post-3331","page","type-page","status-publish","hentry"],"acf":[],"_links":{"self":[{"href":"https:\/\/www.ufsm.br\/pro-reitorias\/proplan\/wp-json\/wp\/v2\/pages\/3331","targetHints":{"allow":["GET"]}}],"collection":[{"href":"https:\/\/www.ufsm.br\/pro-reitorias\/proplan\/wp-json\/wp\/v2\/pages"}],"about":[{"href":"https:\/\/www.ufsm.br\/pro-reitorias\/proplan\/wp-json\/wp\/v2\/types\/page"}],"author":[{"embeddable":true,"href":"https:\/\/www.ufsm.br\/pro-reitorias\/proplan\/wp-json\/wp\/v2\/users\/205"}],"replies":[{"embeddable":true,"href":"https:\/\/www.ufsm.br\/pro-reitorias\/proplan\/wp-json\/wp\/v2\/comments?post=3331"}],"version-history":[{"count":0,"href":"https:\/\/www.ufsm.br\/pro-reitorias\/proplan\/wp-json\/wp\/v2\/pages\/3331\/revisions"}],"wp:attachment":[{"href":"https:\/\/www.ufsm.br\/pro-reitorias\/proplan\/wp-json\/wp\/v2\/media?parent=3331"}],"wp:term":[{"taxonomy":"category","embeddable":true,"href":"https:\/\/www.ufsm.br\/pro-reitorias\/proplan\/wp-json\/wp\/v2\/categories?post=3331"},{"taxonomy":"post_tag","embeddable":true,"href":"https:\/\/www.ufsm.br\/pro-reitorias\/proplan\/wp-json\/wp\/v2\/tags?post=3331"}],"curies":[{"name":"wp","href":"https:\/\/api.w.org\/{rel}","templated":true}]}}