{"id":3332,"date":"2020-02-21T07:37:54","date_gmt":"2020-02-21T10:37:54","guid":{"rendered":"https:\/\/www.ufsm.br\/pro-reitorias\/proplan\/?page_id=3332"},"modified":"2020-05-28T15:31:38","modified_gmt":"2020-05-28T18:31:38","slug":"resolucao-n-013-1997","status":"publish","type":"page","link":"https:\/\/www.ufsm.br\/pro-reitorias\/proplan\/resolucao-n-013-1997","title":{"rendered":"Resolu\u00e7\u00e3o N. 013\/1997"},"content":{"rendered":"\t\t<div data-elementor-type=\"wp-page\" data-elementor-id=\"3332\" class=\"elementor elementor-3332\">\n\t\t\t\t\t\t<section class=\"elementor-section elementor-top-section elementor-element elementor-element-fe68019 elementor-section-boxed elementor-section-height-default elementor-section-height-default\" data-id=\"fe68019\" data-element_type=\"section\">\n\t\t\t\t\t\t<div class=\"elementor-container elementor-column-gap-default\">\n\t\t\t\t\t<div class=\"elementor-column elementor-col-100 elementor-top-column elementor-element elementor-element-2499b18\" data-id=\"2499b18\" data-element_type=\"column\">\n\t\t\t<div class=\"elementor-widget-wrap elementor-element-populated\">\n\t\t\t\t\t\t<div class=\"elementor-element elementor-element-881356a elementor-widget elementor-widget-html\" data-id=\"881356a\" data-element_type=\"widget\" data-widget_type=\"html.default\">\n\t\t\t\t<div class=\"elementor-widget-container\">\n\t\t\t\r\n\r\n\r\n<title><b>RESOLU\u00c7\u00c3O N. 013\/1997<\/b><\/title>\r\n\r\n\r\n<div align=\"center\"><img decoding=\"async\" src=\"https:\/\/www.ufsm.br\/pro-reitorias\/proplan\/wp-content\/uploads\/sites\/344\/2019\/09\/brasao-da-republica-do-brasil-logo.png\" alt=\"Bras\u00e3o Rep\u00fablica Federativa do Brasil\" width=\"6%\" height=\"6%\"><\/div>    \r\n<h1><font color=\"blue\"><font size=\"5\"><div align=\"center\">SERVI\u00c7O P\u00daBLICO FEDERAL<\/b><\/font><\/font><\/div><\/H1>\r\n\r\n<p><div align=\"center\"><b><a href=\"https:\/\/portal.ufsm.br\/documentos\/publico\/documento.html?id=4507742\"><font color=\"blue\">RESOLU\u00c7\u00c3O N. 013\/1997<\/font><\/a><\/b><\/div><\/p>\r\n<br>\r\n<p><div align=\"right\"><font color=\"800000\"><strike>Altera a reda\u00e7\u00e3o do Art. 6\u00ba da Resolu\u00e7\u00e3o n. 004\/95, que \u201cRegulamenta os crit\u00e9rios para concess\u00e3o, fixa\u00e7\u00e3o e altera\u00e7\u00e3o dos regimes de trabalho do pessoal docente da Universidade Federal de Santa Maria.\u201d<\/strike><\/font><\/div><\/p>\r\n<br>\r\n<p><a href=\"https:\/\/www.ufsm.br\/pro-reitorias\/proplan\/resolucao-n-014-2018\/\"><font color=\"blue\">Revogada pela Resolu\u00e7\u00e3o N. 014\/2018<\/font><\/a><\/p>\r\n<br>\r\n<br><div align=\"justify\">\r\n<strike>\r\n<p>O REITOR DA UNIVERSIDADE FEDERAL DE SANTA MARIA, no uso de suas atribui\u00e7\u00f5es legais e estatut\u00e1rias, e considerando:<\/p>\r\n<p>- O Art. 14 do anexo ao <a href=\"http:\/\/www.planalto.gov.br\/ccivil_03\/decreto\/antigos\/d94664.htm\" target=\"_blank\"><font color=\"blue\"><u>Decreto n. 94.664\/87, de 23 de julho de 1987<\/u><\/font><\/a>;<\/p>\r\n<p>- os Arts. 5\u00ba e 10 da <a href=\"http:\/\/www.portaldap.ufrn.br\/arq\/carta\/ANEXOS\/21.pdf\" target=\"_blank\"><font color=\"blue\"><u>Portaria n. 475, de 26 de agosto de 1987<\/u><\/font><\/a>;<\/p>\r\n<p>- O Parecer n. 086\/95, de 25-04-95, da Procuradoria Jur\u00eddica;<\/p>\r\n<p>- O Parecer n. 061\/95, da 459\u00aa Sess\u00e3o do Conselho de Ensino, Pesquisa e Extens\u00e3o da UFSM, realizada em 09-06-95; e<\/p>\r\n<p>- O Parecer n. 129\/97, da 505\u00aa Sess\u00e3o do Conselho de Ensino, Pesquisa e Extens\u00e3o da UFSM, realizada em 05-08-97;<\/p>\r\n<br>\r\n<p><div align=\"center\">RESOLVE:<\/div><\/p>\r\n<br>\r\n<p>Art. 1\u00ba - Altera o Artigo 6\u00ba da <a href=\"https:\/\/www.ufsm.br\/pro-reitorias\/proplan\/resolucao-n-004-1995\/\" target=\"_blank\"><font color=\"blue\"><u>Resolu\u00e7\u00e3o n\u00ba 004\/95<\/u><\/font><\/a>, que passa a ter a seguinte reda\u00e7\u00e3o:\r\n<p>\u201cArt. 6\u00ba - A concess\u00e3o de altera\u00e7\u00e3o de regime de trabalho de 20 (vinte) para 40 (quarenta) horas semanais, de 20 (vinte) horas semanais para Dedica\u00e7\u00e3o Exclusiva e de 40 (quarenta) horas semanais para Dedica\u00e7\u00e3o Exclusiva, est\u00e1 condicionada aos interesses da Institui\u00e7\u00e3o e \u00e0 exist\u00eancia de recursos financeiros.\r\n<p>Par\u00e1grafo \u00danico - O docente que ingressar na Institui\u00e7\u00e3o no regime de trabalho de acordo com o Edital do concurso, dever\u00e1 permanecer, no m\u00ednimo, dois anos nesse regime para poder solicitar a altera\u00e7\u00e3o do mesmo.\u201d\r\n\r\n<p>Art. 2\u00ba - Esta Resolu\u00e7\u00e3o entra em vigor na data de sua aprova\u00e7\u00e3o, revogando-se as disposi\u00e7\u00f5es em contr\u00e1rio.<\/p>\r\n\r\n<p>GABINETE DO REITOR DA UNIVERSIDADE FEDERAL DE SANTA MARIA, aos doze dias do m\u00eas de agosto do ano de mil, novecentos e noventa e sete.<\/p>\r\n<\/div>\r\n<p>Odilon Antonio Marcuzzo do Canto,<\/p>\r\n<p>Reitor.<\/p>\r\n<\/strike>\r\n<p><font color=\"red0000\">Este texto n\u00e3o substitui o documento original, publicado no Portal de Documentos.<\/font> Dispon\u00edvel em: <a href=\"https:\/\/portal.ufsm.br\/documentos\/publico\/documento.html?id=4507742\"><font color=\"blue\">https:\/\/portal.ufsm.br\/documentos\/publico\/documento.html?id=4507742<\/font><\/a>\r\n\r\n\t\t<\/div>\n\t\t\t\t<\/div>\n\t\t\t\t\t<\/div>\n\t\t<\/div>\n\t\t\t\t\t<\/div>\n\t\t<\/section>\n\t\t\t\t<\/div>\n\t\t","protected":false},"excerpt":{"rendered":"<p>RESOLU\u00c7\u00c3O N. 013\/1997 SERVI\u00c7O P\u00daBLICO FEDERAL RESOLU\u00c7\u00c3O N. 013\/1997 Altera a reda\u00e7\u00e3o do Art. 6\u00ba da Resolu\u00e7\u00e3o n. 004\/95, que \u201cRegulamenta os crit\u00e9rios para concess\u00e3o, fixa\u00e7\u00e3o e altera\u00e7\u00e3o dos regimes de trabalho do pessoal docente da Universidade Federal de Santa Maria.\u201d Revogada pela Resolu\u00e7\u00e3o N. 014\/2018 O REITOR DA UNIVERSIDADE FEDERAL DE SANTA MARIA, no [&hellip;]<\/p>\n","protected":false},"author":205,"featured_media":0,"parent":0,"menu_order":0,"comment_status":"closed","ping_status":"closed","template":"","meta":{"footnotes":""},"categories":[],"tags":[],"class_list":["post-3332","page","type-page","status-publish","hentry"],"acf":[],"_links":{"self":[{"href":"https:\/\/www.ufsm.br\/pro-reitorias\/proplan\/wp-json\/wp\/v2\/pages\/3332","targetHints":{"allow":["GET"]}}],"collection":[{"href":"https:\/\/www.ufsm.br\/pro-reitorias\/proplan\/wp-json\/wp\/v2\/pages"}],"about":[{"href":"https:\/\/www.ufsm.br\/pro-reitorias\/proplan\/wp-json\/wp\/v2\/types\/page"}],"author":[{"embeddable":true,"href":"https:\/\/www.ufsm.br\/pro-reitorias\/proplan\/wp-json\/wp\/v2\/users\/205"}],"replies":[{"embeddable":true,"href":"https:\/\/www.ufsm.br\/pro-reitorias\/proplan\/wp-json\/wp\/v2\/comments?post=3332"}],"version-history":[{"count":0,"href":"https:\/\/www.ufsm.br\/pro-reitorias\/proplan\/wp-json\/wp\/v2\/pages\/3332\/revisions"}],"wp:attachment":[{"href":"https:\/\/www.ufsm.br\/pro-reitorias\/proplan\/wp-json\/wp\/v2\/media?parent=3332"}],"wp:term":[{"taxonomy":"category","embeddable":true,"href":"https:\/\/www.ufsm.br\/pro-reitorias\/proplan\/wp-json\/wp\/v2\/categories?post=3332"},{"taxonomy":"post_tag","embeddable":true,"href":"https:\/\/www.ufsm.br\/pro-reitorias\/proplan\/wp-json\/wp\/v2\/tags?post=3332"}],"curies":[{"name":"wp","href":"https:\/\/api.w.org\/{rel}","templated":true}]}}