{"id":3334,"date":"2020-02-21T07:37:58","date_gmt":"2020-02-21T10:37:58","guid":{"rendered":"https:\/\/www.ufsm.br\/pro-reitorias\/proplan\/?page_id=3334"},"modified":"2020-07-20T13:17:52","modified_gmt":"2020-07-20T16:17:52","slug":"resolucao-n-014-1997","status":"publish","type":"page","link":"https:\/\/www.ufsm.br\/pro-reitorias\/proplan\/resolucao-n-014-1997","title":{"rendered":"Resolu\u00e7\u00e3o N. 014\/1997"},"content":{"rendered":"\t\t<div data-elementor-type=\"wp-page\" data-elementor-id=\"3334\" class=\"elementor elementor-3334\">\n\t\t\t\t\t\t<section class=\"elementor-section elementor-top-section elementor-element elementor-element-fe31cdf elementor-section-boxed elementor-section-height-default elementor-section-height-default\" data-id=\"fe31cdf\" data-element_type=\"section\">\n\t\t\t\t\t\t<div class=\"elementor-container elementor-column-gap-default\">\n\t\t\t\t\t<div class=\"elementor-column elementor-col-100 elementor-top-column elementor-element elementor-element-936a496\" data-id=\"936a496\" data-element_type=\"column\">\n\t\t\t<div class=\"elementor-widget-wrap elementor-element-populated\">\n\t\t\t\t\t\t<div class=\"elementor-element elementor-element-99bb13e elementor-widget elementor-widget-html\" data-id=\"99bb13e\" data-element_type=\"widget\" data-widget_type=\"html.default\">\n\t\t\t\t<div class=\"elementor-widget-container\">\n\t\t\t\r\n\r\n\r\n<title><b>RESOLU\u00c7\u00c3O N. 014\/1997<\/b><\/title>\r\n\r\n\r\n<div align=\"center\"><img decoding=\"async\" src=\"https:\/\/www.ufsm.br\/pro-reitorias\/proplan\/wp-content\/uploads\/sites\/344\/2019\/09\/brasao-da-republica-do-brasil-logo.png\" alt=\"Bras\u00e3o Rep\u00fablica Federativa do Brasil\" width=\"6%\" height=\"6%\"><\/div>    \r\n<h1><font color=\"blue\"><font size=\"5\"><div align=\"center\">SERVI\u00c7O P\u00daBLICO FEDERAL<\/b><\/font><\/font><\/div><\/H1>\r\n\r\n<p><div align=\"center\"><b><a href=\"https:\/\/portal.ufsm.br\/documentos\/publico\/documento.html?id=4507741\"><font color=\"blue\">RESOLU\u00c7\u00c3O N. 014\/1997<\/font><\/a><\/b><\/div><\/p>\r\n<br>\r\n<p><a href=\"https:\/\/www.ufsm.br\/pro-reitorias\/proplan\/resolucao-n-014-1997-apostila\/\"><font color=\"blue\">Apostilado<\/font><\/a><\/p>\r\n<p><a href=\"https:\/\/www.ufsm.br\/pro-reitorias\/proplan\/resolucao-n-022-2020\/\" target=\"_blank\"><font color=\"blue\">Revogada pela Resolu\u00e7\u00e3o N. 022\/2020<\/font><\/a><\/p>\r\n<br>\r\n<br><div align=\"justify\">\r\n<strike>\r\n<p>O REITOR DA UNIVERSIDADE FEDERAL DE SANTA MARIA, no uso de suas atribui\u00e7\u00f5es legais e estatut\u00e1rias,<\/p>\r\n<br>\r\n<p><div align=\"center\">RESOLVE:<\/div><\/p>\r\n<br>\r\n<p>Art. 1\u00ba - O Concurso Vestibular \u00e9 considerado priorit\u00e1rio sobre as demais atividades da Universidade Federal de Santa Maria, no per\u00edodo de realiza\u00e7\u00e3o das provas.<\/p>\r\n<p>Art. 2\u00ba - Os Servidores e os alunos dos Cursos de P\u00f3s-Gradua\u00e7\u00e3o da Universidade Federal de Santa Maria, e os servidores das escolas cadastradas pela COPERVES, ser\u00e3o convidados, por ades\u00e3o, a participarem do Processo de Fiscaliza\u00e7\u00e3o do Vestibular\/98. A ades\u00e3o ser\u00e1 feita mediante \u00e0 assinatura do servidor na respectiva rela\u00e7\u00e3o nominal, que ser\u00e1 enviada pela COPERVES a cada \u00f3rg\u00e3o de lota\u00e7\u00e3o da UFSM e \u00e0s escolas cadastradas, bem como pelo preenchimento do formul\u00e1rio, devidamente assinado pelo aluno, que ser\u00e1 igualmente remetido pela Comiss\u00e3o \u00e0s Coordena\u00e7\u00f5es dos Cursos de P\u00f3s-Gradua\u00e7\u00e3o da Universidade. Os alunos de P\u00f3s-Gradua\u00e7\u00e3o, servidores da UFSM, que pretenderem aderir ao processo de fiscaliza\u00e7\u00e3o, dever\u00e3o preencher apenas o formul\u00e1rio enviado ao \u00f3rg\u00e3o em que est\u00e1 lotado.<\/p>\r\n<p>Art. 3\u00ba - Os Servidores e os alunos de P\u00f3s-Gradua\u00e7\u00e3o que forem selecionados, participar\u00e3o da Reuni\u00e3o de Treinamento, exercer\u00e3o suas atividades durante os quatro dias de realiza\u00e7\u00e3o do Concurso Vestibular\/97, no hor\u00e1rio das 7h1Smin \u00e0s 12 horas, e receber\u00e3o o valor de R$65,00.<\/p>\r\n<p><strike>Art. 4\u00ba - O expediente na UFSM, durante o per\u00edodo do Concurso Vestibular\/98, nos dias 6, 7, 8 e 9 de janeiro\/98, ser\u00e1 na parte da tarde, das 13 \u00e0s 19 horas.<\/strike> <a href=\"https:\/\/www.ufsm.br\/pro-reitorias\/proplan\/resolucao-n-014-1997-apostila\/\"><font color=\"blue\">(Alterado pela Apostila)<\/font><\/a><\/p>\r\n<p>Art. 4\u00ba - O expediente na UFSM, durante o per\u00edodo do Concurso Vestibular\/98, nos dias 6, 7, 8e 9 de janeiro\/98, ser\u00e1 na parte da tarde, das 14 \u00e0s 18 horas. <a href=\"https:\/\/www.ufsm.br\/pro-reitorias\/proplan\/resolucao-n-014-1997-apostila\/\"><font color=\"blue\">(Reda\u00e7\u00e3o dada pela Apostila)<\/font><\/a><\/p>\r\n<p>Par\u00e1grafo \u00danico: A obten\u00e7\u00e3o do benef\u00edcio referido no Artigo 3\u00ba n\u00e3o desobriga o Servidor da UFSM a cumprir a jornada de trabalho no per\u00edodo da tarde, nos dias 6, 7,8 e 9 de janeiro\/98. <a href=\"https:\/\/www.ufsm.br\/pro-reitorias\/proplan\/resolucao-n-014-1997-apostila\/\"><font color=\"blue\">(Reda\u00e7\u00e3o dada pela Apostila)<\/font><\/a><\/p>\r\n\r\n<p>Par\u00e1grafo \u00danico: A obten\u00e7\u00e3o do benef\u00edcio referido no Artigo 3\u00ba n\u00e3o desobriga o Servidor da UFSM a cumprir a jornada de trabalho no per\u00edodo da tarde, nos dias 6, 7, 8 e 9 de janeiro\/98.<\/p>\r\n\r\n<p>Art. 5\u00ba - Esta Resolu\u00e7\u00e3o entra em vigor na data de sua publica\u00e7\u00e3o, revogadas as disposi\u00e7\u00f5es em contr\u00e1rio.<\/p>\r\n\r\n<p>GABINETE DO REITOR DA UNIVERSIDADE FEDERAL DE SANTA MARIA,aos vinte e sete dias do m\u00eas de outubro do ano de mil, novecentos e noventa e sete.<\/p>\r\n<\/div>\r\n<p>Odilon Antonio Marcuzzo do Canto,<\/p>\r\n<p>Reitor.<\/p>\r\n<\/strike>\r\n\r\n<p><font color=\"red0000\">Este texto n\u00e3o substitui o documento original, publicado no Portal de Documentos.<\/font> Dispon\u00edvel em: <a href=\"https:\/\/portal.ufsm.br\/documentos\/publico\/documento.html?id=4507741\"><font color=\"blue\">https:\/\/portal.ufsm.br\/documentos\/publico\/documento.html?id=4507741<\/font><\/a>\r\n\r\n\t\t<\/div>\n\t\t\t\t<\/div>\n\t\t\t\t\t<\/div>\n\t\t<\/div>\n\t\t\t\t\t<\/div>\n\t\t<\/section>\n\t\t\t\t<\/div>\n\t\t","protected":false},"excerpt":{"rendered":"<p>RESOLU\u00c7\u00c3O N. 014\/1997 SERVI\u00c7O P\u00daBLICO FEDERAL RESOLU\u00c7\u00c3O N. 014\/1997 Apostilado Revogada pela Resolu\u00e7\u00e3o N. 022\/2020 O REITOR DA UNIVERSIDADE FEDERAL DE SANTA MARIA, no uso de suas atribui\u00e7\u00f5es legais e estatut\u00e1rias, RESOLVE: Art. 1\u00ba &#8211; O Concurso Vestibular \u00e9 considerado priorit\u00e1rio sobre as demais atividades da Universidade Federal de Santa Maria, no per\u00edodo de realiza\u00e7\u00e3o [&hellip;]<\/p>\n","protected":false},"author":205,"featured_media":0,"parent":0,"menu_order":0,"comment_status":"closed","ping_status":"closed","template":"","meta":{"footnotes":""},"categories":[],"tags":[],"class_list":["post-3334","page","type-page","status-publish","hentry"],"acf":[],"_links":{"self":[{"href":"https:\/\/www.ufsm.br\/pro-reitorias\/proplan\/wp-json\/wp\/v2\/pages\/3334","targetHints":{"allow":["GET"]}}],"collection":[{"href":"https:\/\/www.ufsm.br\/pro-reitorias\/proplan\/wp-json\/wp\/v2\/pages"}],"about":[{"href":"https:\/\/www.ufsm.br\/pro-reitorias\/proplan\/wp-json\/wp\/v2\/types\/page"}],"author":[{"embeddable":true,"href":"https:\/\/www.ufsm.br\/pro-reitorias\/proplan\/wp-json\/wp\/v2\/users\/205"}],"replies":[{"embeddable":true,"href":"https:\/\/www.ufsm.br\/pro-reitorias\/proplan\/wp-json\/wp\/v2\/comments?post=3334"}],"version-history":[{"count":0,"href":"https:\/\/www.ufsm.br\/pro-reitorias\/proplan\/wp-json\/wp\/v2\/pages\/3334\/revisions"}],"wp:attachment":[{"href":"https:\/\/www.ufsm.br\/pro-reitorias\/proplan\/wp-json\/wp\/v2\/media?parent=3334"}],"wp:term":[{"taxonomy":"category","embeddable":true,"href":"https:\/\/www.ufsm.br\/pro-reitorias\/proplan\/wp-json\/wp\/v2\/categories?post=3334"},{"taxonomy":"post_tag","embeddable":true,"href":"https:\/\/www.ufsm.br\/pro-reitorias\/proplan\/wp-json\/wp\/v2\/tags?post=3334"}],"curies":[{"name":"wp","href":"https:\/\/api.w.org\/{rel}","templated":true}]}}