{"id":3335,"date":"2020-02-21T07:48:07","date_gmt":"2020-02-21T10:48:07","guid":{"rendered":"https:\/\/www.ufsm.br\/pro-reitorias\/proplan\/?page_id=3335"},"modified":"2022-09-09T15:46:27","modified_gmt":"2022-09-09T18:46:27","slug":"resolucao-n-014-1997-apostila","status":"publish","type":"page","link":"https:\/\/www.ufsm.br\/pro-reitorias\/proplan\/resolucao-n-014-1997-apostila","title":{"rendered":"Resolu\u00e7\u00e3o N. 014\/1997-Apostila"},"content":{"rendered":"\t\t<div data-elementor-type=\"wp-page\" data-elementor-id=\"3335\" class=\"elementor elementor-3335\">\n\t\t\t\t\t\t<section class=\"elementor-section elementor-top-section elementor-element elementor-element-6f908cc elementor-section-boxed elementor-section-height-default elementor-section-height-default\" data-id=\"6f908cc\" data-element_type=\"section\">\n\t\t\t\t\t\t<div class=\"elementor-container elementor-column-gap-default\">\n\t\t\t\t\t<div class=\"elementor-column elementor-col-100 elementor-top-column elementor-element elementor-element-6317c5c\" data-id=\"6317c5c\" data-element_type=\"column\">\n\t\t\t<div class=\"elementor-widget-wrap elementor-element-populated\">\n\t\t\t\t\t\t<div class=\"elementor-element elementor-element-112a943 elementor-widget elementor-widget-html\" data-id=\"112a943\" data-element_type=\"widget\" data-widget_type=\"html.default\">\n\t\t\t\t<div class=\"elementor-widget-container\">\n\t\t\t\ufeff\r\n\r\n\r\n<title><b>RESOLU\u00c7\u00c3O N. 014\/1997-APOSTILA<\/b><\/title>\r\n\r\n\r\n<div align=\"center\"><img decoding=\"async\" src=\"https:\/\/www.ufsm.br\/pro-reitorias\/proplan\/wp-content\/uploads\/sites\/344\/2019\/09\/brasao-da-republica-do-brasil-logo.png\" alt=\"Bras\u00e3o Rep\u00fablica Federativa do Brasil\" width=\"6%\" height=\"6%\"><\/div>    \r\n<h1><font color=\"blue\"><font size=\"5\"><div align=\"center\">SERVI\u00c7O P\u00daBLICO FEDERAL<\/b><\/font><\/font><\/div><\/H1>\r\n\r\n<p><div align=\"center\"><b><a href=\"https:\/\/portal.ufsm.br\/documentos\/publico\/documento.html?id=12969971\"><font color=\"blue\">APOSTILA \u00c1 RESOLU\u00c7\u00c3O N. 014\/1997<\/font><\/a><\/b><\/div><\/p>\r\n<br>\r\n<p><a href=\"https:\/\/www.ufsm.br\/pro-reitorias\/proplan\/?page_id=5046\" target=\"_blank\"><font color=\"blue\">Revogada pela Resolu\u00e7\u00e3o UFSM N.100\/2022<\/a><\/font><\/p>\r\n<br><div align=\"justify\">\r\n<p><s>O REITOR DA UNIVERSIDADE FEDERAL DE SANTA MARIA, no uso de suas atribui\u00e7\u00f5es legais e estatut\u00e1rias,<\/p>\r\n<br>\r\n<p><div align=\"center\">RESOLVE:<\/div><\/p>\r\n<br>\r\n<p>Art. 1\u00ba - Alterar o Art. 4\u00ba da <a href=\"https:\/\/www.ufsm.br\/pro-reitorias\/proplan\/resolucao-n-014-1997\/\" target=\"_blank\"><font color=\"blue\"><u>Resolu\u00e7\u00e3o 014\/97<\/u><\/font><\/a>, que passa a ter a seguinte reda\u00e7\u00e3o:<\/p>\r\n\r\n<p>\u201cArt. 4\u00ba - O expediente na UFSM, durante o per\u00edodo do Concurso Vestibular\/98, nos dias 6, 7, 8 e 9 de janeiro\/98, ser\u00e1 na parte da tarde, das 14 \u00e0s 18 horas.<\/p>\r\n<p>Par\u00e1grafo \u00danico: A obten\u00e7\u00e3o do benef\u00edcio referido no Artigo 3\u00ba n\u00e3o desobriga o Servidor da UFSM a cumprir a jornada de trabalho no per\u00edodo da tarde, nos dias 6, 7,8 e 9 de janeiro\/98.\u201d<\/p>\r\n\r\n<p>Art. 2\u00ba- Revogar as disposi\u00e7\u00f5es em contr\u00e1rio.<\/p>\r\n\r\n<p>GABINETE DO REITOR DA UNIVERSIDADE FEDERAL DE SANTA MARIA, aos trinta e um dias do m\u00eas de outubro do ano de mil, novecentos e noventa e sete.<\/p>\r\n<\/div>\r\n<p>Antonio Adalberto Brum Siqueira,<p>\r\n<p>Vice-Reitor, no exerc\u00edcio da Reitoria.<\/s><p>\r\n\r\n<p><font color=\"red0000\">Este texto n\u00e3o substitui o documento original, publicado no Portal de Documentos.<\/font> Dispon\u00edvel em: <a href=\"https:\/\/portal.ufsm.br\/documentos\/publico\/documento.html?id=12969971\"><font color=\"blue\">https:\/\/portal.ufsm.br\/documentos\/publico\/documento.html?id=12969971<\/font><\/a>\r\n\r\n\r\n\t\t<\/div>\n\t\t\t\t<\/div>\n\t\t\t\t\t<\/div>\n\t\t<\/div>\n\t\t\t\t\t<\/div>\n\t\t<\/section>\n\t\t\t\t<\/div>\n\t\t","protected":false},"excerpt":{"rendered":"<p>\ufeff RESOLU\u00c7\u00c3O N. 014\/1997-APOSTILA SERVI\u00c7O P\u00daBLICO FEDERAL APOSTILA \u00c1 RESOLU\u00c7\u00c3O N. 014\/1997 Revogada pela Resolu\u00e7\u00e3o UFSM N.100\/2022 O REITOR DA UNIVERSIDADE FEDERAL DE SANTA MARIA, no uso de suas atribui\u00e7\u00f5es legais e estatut\u00e1rias, RESOLVE: Art. 1\u00ba &#8211; Alterar o Art. 4\u00ba da Resolu\u00e7\u00e3o 014\/97, que passa a ter a seguinte reda\u00e7\u00e3o: \u201cArt. 4\u00ba &#8211; O [&hellip;]<\/p>\n","protected":false},"author":205,"featured_media":0,"parent":0,"menu_order":0,"comment_status":"closed","ping_status":"closed","template":"","meta":{"footnotes":""},"categories":[],"tags":[],"class_list":["post-3335","page","type-page","status-publish","hentry"],"acf":[],"_links":{"self":[{"href":"https:\/\/www.ufsm.br\/pro-reitorias\/proplan\/wp-json\/wp\/v2\/pages\/3335","targetHints":{"allow":["GET"]}}],"collection":[{"href":"https:\/\/www.ufsm.br\/pro-reitorias\/proplan\/wp-json\/wp\/v2\/pages"}],"about":[{"href":"https:\/\/www.ufsm.br\/pro-reitorias\/proplan\/wp-json\/wp\/v2\/types\/page"}],"author":[{"embeddable":true,"href":"https:\/\/www.ufsm.br\/pro-reitorias\/proplan\/wp-json\/wp\/v2\/users\/205"}],"replies":[{"embeddable":true,"href":"https:\/\/www.ufsm.br\/pro-reitorias\/proplan\/wp-json\/wp\/v2\/comments?post=3335"}],"version-history":[{"count":0,"href":"https:\/\/www.ufsm.br\/pro-reitorias\/proplan\/wp-json\/wp\/v2\/pages\/3335\/revisions"}],"wp:attachment":[{"href":"https:\/\/www.ufsm.br\/pro-reitorias\/proplan\/wp-json\/wp\/v2\/media?parent=3335"}],"wp:term":[{"taxonomy":"category","embeddable":true,"href":"https:\/\/www.ufsm.br\/pro-reitorias\/proplan\/wp-json\/wp\/v2\/categories?post=3335"},{"taxonomy":"post_tag","embeddable":true,"href":"https:\/\/www.ufsm.br\/pro-reitorias\/proplan\/wp-json\/wp\/v2\/tags?post=3335"}],"curies":[{"name":"wp","href":"https:\/\/api.w.org\/{rel}","templated":true}]}}