{"id":3371,"date":"2020-03-18T17:09:51","date_gmt":"2020-03-18T20:09:51","guid":{"rendered":"https:\/\/www.ufsm.br\/pro-reitorias\/proplan\/?page_id=3371"},"modified":"2020-07-20T13:10:04","modified_gmt":"2020-07-20T16:10:04","slug":"resolucao-n-002-1996","status":"publish","type":"page","link":"https:\/\/www.ufsm.br\/pro-reitorias\/proplan\/resolucao-n-002-1996","title":{"rendered":"Resolu\u00e7\u00e3o N. 002\/1996"},"content":{"rendered":"\t\t<div data-elementor-type=\"wp-page\" data-elementor-id=\"3371\" class=\"elementor elementor-3371\">\n\t\t\t\t\t\t<section class=\"elementor-section elementor-top-section elementor-element elementor-element-383cd14 elementor-section-boxed elementor-section-height-default elementor-section-height-default\" data-id=\"383cd14\" data-element_type=\"section\">\n\t\t\t\t\t\t<div class=\"elementor-container elementor-column-gap-default\">\n\t\t\t\t\t<div class=\"elementor-column elementor-col-100 elementor-top-column elementor-element elementor-element-9cc37bd\" data-id=\"9cc37bd\" data-element_type=\"column\">\n\t\t\t<div class=\"elementor-widget-wrap elementor-element-populated\">\n\t\t\t\t\t\t<div class=\"elementor-element elementor-element-ea11be9 elementor-widget elementor-widget-html\" data-id=\"ea11be9\" data-element_type=\"widget\" data-widget_type=\"html.default\">\n\t\t\t\t<div class=\"elementor-widget-container\">\n\t\t\t\r\n\r\n\r\n<title><b>RESOLU\u00c7\u00c3O N. 002\/1996<\/b><\/title>\r\n\r\n\r\n<div align=\"center\"><img decoding=\"async\" src=\"https:\/\/www.ufsm.br\/pro-reitorias\/proplan\/wp-content\/uploads\/sites\/344\/2019\/09\/brasao-da-republica-do-brasil-logo.png\" alt=\"Bras\u00e3o Rep\u00fablica Federativa do Brasil\" width=\"6%\" height=\"6%\"><\/div>    \r\n<h1><font color=\"blue\"><font size=\"5\"><div align=\"center\">SERVI\u00c7O P\u00daBLICO FEDERAL<\/b><\/font><\/font><\/div><\/H1>\r\n\r\n<p><div align=\"center\"><b><a href=\"https:\/\/portal.ufsm.br\/documentos\/publico\/documento.html?id=4507783\"><font color=\"blue\">RESOLU\u00c7\u00c3O N. 002\/1996<\/font><\/a><\/b><\/div><\/p>\r\n<br>\r\n<p><div align=\"right\"><font color=\"800000\"><strike>Altera os artigos 23 e 29 do Regimento Geral da Universidade Federal de Santa Maria.<\/strike><\/font><\/div><\/p>\r\n<br>\r\n<p><a href=\"https:\/\/www.ufsm.br\/pro-reitorias\/proplan\/resolucao-n-022-2020\/\" target=\"_blank\"><font color=\"blue\">Revogada pela Resolu\u00e7\u00e3o N. 022\/2020<\/font><\/a><\/p>\r\n<br>\r\n<br><div align=\"justify\">\r\n<strike>\r\n<p>O REITOR DA UNIVERSIDADE FEDERAL DE SANTA MARIA, no uso de suas atribui\u00e7\u00f5es legais e estatut\u00e1rias e tendo em vista o que consta do Parecer n\u00ba 02\/96, da CLR do Conselho Universit\u00e1rio, aprovado na 528\u00aa sess\u00e3o, realizada em 03-01-96,<\/p>\r\n<br>\r\n<p><b><div align=\"center\">RESOLVE:<\/b><\/div><\/p>\r\n<br>\r\n<p><b>Art. 1\u00ba<\/b> Alterar os artigos 23 e 29 do Regimento Geral da UFSM, que passam a ter as seguintes reda\u00e7\u00f5es:<\/p>\r\n\r\n<p>\u201cArt. 23 Para efeitos de supervis\u00e3o administrativa, est\u00e3o vinculados \u00e0 Coordenadoria de Ensino de 2\u00ba Grau os seguintes Col\u00e9gios:<\/p>\r\n<p><b>I<\/b> - Col\u00e9gio T\u00e9cnico Industrial de Santa Maria;<\/p>\r\n<p><b>II<\/b> - Col\u00e9gio Agr\u00edcola de Santa Maria;<\/p>\r\n<p><b>III<\/b> - Col\u00e9gio Agr\u00edcola de Frederico Westphalen.<\/p>\r\n\r\n<p>Art. 29 O Colegiado de 2\u00ba Grau ser\u00e1 constitu\u00eddo pelos seguintes membros:<\/p>\r\n<p><b>I<\/b> - Diretor do Col\u00e9gio, como seu Presidente;<\/p>\r\n<p><b>II<\/b> - Diretores de cada um dos Departamentos existentes no Col\u00e9gio;<\/p>\r\n<p><b>III<\/b> - Dois docentes representantes da \u00c1rea de Educa\u00e7\u00e3o Geral;<\/p>\r\n<p><b>IV<\/b> - Dois docentes representantes da \u00c1rea de Forma\u00e7\u00e3o Especial;<\/p>\r\n<p><b>V<\/b> - Um representante dos servidores t\u00e9cnico-administrativos;<\/p>\r\n<p><b>VI<\/b> - Representa\u00e7\u00e3o estudantil na propor\u00e7\u00e3o de 1\/5 do total dos membros do Colegiado.<\/p>\r\n<p><b>\u00a7 1\u00ba<\/b> Existindo mais de uma habilita\u00e7\u00e3o, haver\u00e1 um representante da \u00e1rea de Forma\u00e7\u00e3o Especial de cada habilita\u00e7\u00e3o existente no Col\u00e9gio.<\/p>\r\n<p><b>\u00a7 2\u00ba<\/b> Os substitutos legais, no caso de impedimento dos titulares, ser\u00e3o os previstos no Regimento Interno de cada um dos Col\u00e9gios.\"<\/p>\r\n\r\n<p><b>Art. 2\u00ba<\/b> Esta Resolu\u00e7\u00e3o entra em vigor na data de sua aprova\u00e7\u00e3o (03-01-96) e revoga as disposi\u00e7\u00f5es em contr\u00e1rio.<\/p>\r\n\r\n<p>GABINETE DO REITOR DA UNIVERSIDADE FEDERAL DE SANTA MARIA, aos onze dias do m\u00eas de janeiro do ano de mil, novecentos e noventa e seis.<\/p>\r\n<\/div>\r\n\r\n<p>Odilon Antonio Marcuzzo do Canto,<\/p>\r\n<p>Reitor.<\/p>\r\n<\/strike>\r\n<p><font color=\"red0000\">Este texto n\u00e3o substitui o documento original, publicado no Portal de Documentos.<\/font> Dispon\u00edvel em: <a href=\"https:\/\/portal.ufsm.br\/documentos\/publico\/documento.html?id=4507783\"><font color=\"blue\">https:\/\/portal.ufsm.br\/documentos\/publico\/documento.html?id=4507783<\/font><\/a>\r\n\r\n\t\t<\/div>\n\t\t\t\t<\/div>\n\t\t\t\t\t<\/div>\n\t\t<\/div>\n\t\t\t\t\t<\/div>\n\t\t<\/section>\n\t\t\t\t<\/div>\n\t\t","protected":false},"excerpt":{"rendered":"<p>RESOLU\u00c7\u00c3O N. 002\/1996 SERVI\u00c7O P\u00daBLICO FEDERAL RESOLU\u00c7\u00c3O N. 002\/1996 Altera os artigos 23 e 29 do Regimento Geral da Universidade Federal de Santa Maria. Revogada pela Resolu\u00e7\u00e3o N. 022\/2020 O REITOR DA UNIVERSIDADE FEDERAL DE SANTA MARIA, no uso de suas atribui\u00e7\u00f5es legais e estatut\u00e1rias e tendo em vista o que consta do Parecer n\u00ba [&hellip;]<\/p>\n","protected":false},"author":205,"featured_media":0,"parent":0,"menu_order":0,"comment_status":"closed","ping_status":"closed","template":"","meta":{"footnotes":""},"categories":[],"tags":[],"class_list":["post-3371","page","type-page","status-publish","hentry"],"acf":[],"_links":{"self":[{"href":"https:\/\/www.ufsm.br\/pro-reitorias\/proplan\/wp-json\/wp\/v2\/pages\/3371","targetHints":{"allow":["GET"]}}],"collection":[{"href":"https:\/\/www.ufsm.br\/pro-reitorias\/proplan\/wp-json\/wp\/v2\/pages"}],"about":[{"href":"https:\/\/www.ufsm.br\/pro-reitorias\/proplan\/wp-json\/wp\/v2\/types\/page"}],"author":[{"embeddable":true,"href":"https:\/\/www.ufsm.br\/pro-reitorias\/proplan\/wp-json\/wp\/v2\/users\/205"}],"replies":[{"embeddable":true,"href":"https:\/\/www.ufsm.br\/pro-reitorias\/proplan\/wp-json\/wp\/v2\/comments?post=3371"}],"version-history":[{"count":0,"href":"https:\/\/www.ufsm.br\/pro-reitorias\/proplan\/wp-json\/wp\/v2\/pages\/3371\/revisions"}],"wp:attachment":[{"href":"https:\/\/www.ufsm.br\/pro-reitorias\/proplan\/wp-json\/wp\/v2\/media?parent=3371"}],"wp:term":[{"taxonomy":"category","embeddable":true,"href":"https:\/\/www.ufsm.br\/pro-reitorias\/proplan\/wp-json\/wp\/v2\/categories?post=3371"},{"taxonomy":"post_tag","embeddable":true,"href":"https:\/\/www.ufsm.br\/pro-reitorias\/proplan\/wp-json\/wp\/v2\/tags?post=3371"}],"curies":[{"name":"wp","href":"https:\/\/api.w.org\/{rel}","templated":true}]}}