{"id":3388,"date":"2020-03-18T17:25:52","date_gmt":"2020-03-18T20:25:52","guid":{"rendered":"https:\/\/www.ufsm.br\/pro-reitorias\/proplan\/?page_id=3388"},"modified":"2020-03-18T17:29:40","modified_gmt":"2020-03-18T20:29:40","slug":"resolucao-n-015-1996","status":"publish","type":"page","link":"https:\/\/www.ufsm.br\/pro-reitorias\/proplan\/resolucao-n-015-1996","title":{"rendered":"Resolu\u00e7\u00e3o N. 015\/1996"},"content":{"rendered":"\t\t<div data-elementor-type=\"wp-page\" data-elementor-id=\"3388\" class=\"elementor elementor-3388\">\n\t\t\t\t\t\t<section class=\"elementor-section elementor-top-section elementor-element elementor-element-3edabca elementor-section-boxed elementor-section-height-default elementor-section-height-default\" data-id=\"3edabca\" data-element_type=\"section\">\n\t\t\t\t\t\t<div class=\"elementor-container elementor-column-gap-default\">\n\t\t\t\t\t<div class=\"elementor-column elementor-col-100 elementor-top-column elementor-element elementor-element-2eb06db\" data-id=\"2eb06db\" data-element_type=\"column\">\n\t\t\t<div class=\"elementor-widget-wrap elementor-element-populated\">\n\t\t\t\t\t\t<div class=\"elementor-element elementor-element-c837b3b elementor-widget elementor-widget-html\" data-id=\"c837b3b\" data-element_type=\"widget\" data-widget_type=\"html.default\">\n\t\t\t\t<div class=\"elementor-widget-container\">\n\t\t\t\r\n\r\n\r\n<title><b>RESOLU\u00c7\u00c3O N. 015\/1996<\/b><\/title>\r\n\r\n\r\n<div align=\"center\"><img decoding=\"async\" src=\"https:\/\/www.ufsm.br\/pro-reitorias\/proplan\/wp-content\/uploads\/sites\/344\/2019\/09\/brasao-da-republica-do-brasil-logo.png\" alt=\"Bras\u00e3o Rep\u00fablica Federativa do Brasil\" width=\"6%\" height=\"6%\"><\/div>    \r\n<h1><font color=\"blue\"><font size=\"5\"><div align=\"center\">SERVI\u00c7O P\u00daBLICO FEDERAL<\/b><\/font><\/font><\/div><\/H1>\r\n\r\n<p><div align=\"center\"><b><a href=\"https:\/\/portal.ufsm.br\/documentos\/publico\/documento.html?id=4507766\"><font color=\"blue\">RESOLU\u00c7\u00c3O N. 015\/1996<\/font><\/a><\/b><\/div><\/p>\r\n<br>\r\n<p><div align=\"right\"><font color=\"800000\"><strike>Disp\u00f5e sobre a regulamenta\u00e7\u00e3o da categoria Aluno-Interc\u00e2mbio no \u00e2mbito da UFSM.<\/strike><\/font><\/div><\/p>\r\n<br>\r\n<p><a href=\"https:\/\/www.ufsm.br\/pro-reitorias\/proplan\/resolucao-n-011-2004\/\"><font color=\"blue\">Revogada pela Resolu\u00e7\u00e3o N. 011\/2004<\/font><\/a><\/p>\r\n<br>\r\n<br><div align=\"justify\">\r\n<strike>\r\n<p>O REITOR DA UNIVERSIDADE FEDERAL DE SANTA MARIA no uso de suas atribui\u00e7\u00f5es, e considerando:<\/p>\r\n<p>- que a obten\u00e7\u00e3o, o desenvolvimento e\/ou difus\u00e3o do conhecimento podem aumentar, consideravelmente, a partir dos esfor\u00e7os coletivos da Comunidade Acad\u00eamica Internacional;<\/p>\r\n<p>- as atuais tend\u00eancias de integra\u00e7\u00e3o econ\u00f4mica e pol\u00edtica e a crescente necessidade de um entendimento intercultural (vide Mercosul);<\/p>\r\n<p>- o Plano de Gest\u00e3o - UFSM 1994\/97, no qual est\u00e3o previstas a\u00e7\u00f5es de fomento a programas de interc\u00e2mbio de estudantes, com outros pa\u00edses, em todos os n\u00edveis;<\/p>\r\n<p>- a estreita interdepend\u00eancia do ensino superior com os demais n\u00edveis da educa\u00e7\u00e3o;<\/p>\r\n<p>- a necessidade de integra\u00e7\u00e3o interuniversidades, baseada em programas acad\u00eamicos bem definidos;<\/p>\r\n<p>- a delibera\u00e7\u00e3o do Conselho de Ensino, Pesquisa e Extens\u00e3o em sua 478\u00ba Sess\u00e3o, realizada em 21-05-96;<\/p>\r\n<br>\r\n<p><b><div align=\"center\">RESOLVE:<\/b><\/div><\/p>\r\n<br>\r\n<p><b>Art. 1\u00ba - <\/b>Regulamentar, no \u00e2mbito da Universidade Federal de Santa Maria, a categoria de Aluno-Interc\u00e2mbio que, mediante Conv\u00eanio, requerer vaga em, no m\u00e1ximo, 6 (seis) disciplinas do Cadastro Geral da UFSM, simultaneamente ou por, no m\u00e1ximo, 2(dois) semestres consecutivos.<\/p>\r\n<p><b>Art. 2\u00ba - <\/b>Poder-se-\u00e3o vincular \u00e0 categoria de Aluno-Interc\u00e2mbio, desde que participem de programas acad\u00eamicos bem definidos, a seguinte clientela:<\/p>\r\n<p>I - alunos de outras Institui\u00e7\u00f5es de Ensino Superior, nacionais ou estrangeiras, amparados por Conv\u00eanio de Interc\u00e2mbio Cultural ou Coopera\u00e7\u00e3o Acad\u00eamica.<\/p>\r\n<p>II - professores da rede estadual e municipal de ensino, abrigados por Conv\u00eanio de Coopera\u00e7\u00e3o Acad\u00eamica.<\/p>\r\n\r\n<p><b>Art. 3\u00ba - <\/b>O Aluno-Interc\u00e2mbio ser\u00e1 indicado \u00e0 UFSM pela Institui\u00e7\u00e3o de origem que dever\u00e1 analisar o programa acad\u00eamico proposto.<\/p>\r\n<p><b>Art. 4\u00ba - <\/b>A admiss\u00e3o do Aluno-Interc\u00e2mbio na UFSM depender\u00e1 da aprova\u00e7\u00e3o do Colegiado do Curso de Gradua\u00e7\u00e3o correspondente \u00e0 \u00e1rea de forma\u00e7\u00e3o do candidato.<\/p>\r\n<p><b>Art. 5\u00ba - <\/b>As solicita\u00e7\u00f5es de matr\u00edculas, com pareceres favor\u00e1veis dos Colegiados de Curso, ser\u00e3o encaminhadas, para homologa\u00e7\u00e3o, aos Departamentos nos quais est\u00e3o alocadas as disciplinas.<\/p>\r\n<p><b>Par\u00e1grafo \u00danico - <\/b>O Colegiado de Curso poder\u00e1 sugerir a substitui\u00e7\u00e3o das disciplinas indicadas de acordo com o programa acad\u00eamico do qual participa o aluno.<\/p>\r\n\r\n<p><b>Art. 6\u00ba - <\/b>As solicita\u00e7\u00f5es, com pareceres favor\u00e1veis dos Colegiados de Curso e dos Departamentos envolvidos, ser\u00e3o encaminhadas ao DERCA para inclus\u00e3o em turmas, ap\u00f3s atendimento de todas as prioridades estabelecidas para os alunos regulares, de acordo com os crit\u00e9rios vigentes na UFSM.<\/p>\r\n<p><b>Art. 7\u00ba - <\/b>Os alunos admitidos na categoria de Aluno-Interc\u00e2mbio poder-se-\u00e3o matricular em disciplinas regulares e\/ou participar de Atividade Especial de Gradua\u00e7\u00e3o (AEG) e\/ou integrar grupo de trabalho universit\u00e1rio, em 2 (dois) per\u00edodos letivos consecutivos no m\u00e1ximo.<\/p>\r\n<p><b>Par\u00e1grafo \u00danico - <\/b>Ficar\u00e1 estabelecido, em 6 (seis), o limite m\u00e1ximo de matriculas em disciplinas dos cursos de gradua\u00e7\u00e3o, podendo o aluno curs\u00e1-las simultaneamente ou, no m\u00e1ximo, em 2 (dois) per\u00edodos letivos consecutivos.<\/p>\r\n\r\n<p><b>Art. 8\u00ba - <\/b>A UFSM poder\u00e1 oferecer turmas e per\u00edodos letivos especiais para o Aluno-Interc\u00e2mbio, desde que previsto no conv\u00eanio espec\u00edfico.<\/p>\r\n<p><b>Par\u00e1grafo \u00danico - <\/b>Ser\u00e1 facultado ao aluno regular da UFSM, desde que previamente autorizado pelo Colegiado de Curso a que estiver vinculado, bem como a graduados na \u00e1rea a participa\u00e7\u00e3o nas atividades referidas.<\/p>\r\n\r\n<p><b>Art. 9\u00ba - <\/b>O Aluno-Interc\u00e2mbio estar\u00e1 sujeito \u00e0s mesmas normas acad\u00eamicas aplic\u00e1veis aos alunos regulares da Institui\u00e7\u00e3o.<\/p>\r\n<p><b>Par\u00e1grafo \u00danico - <\/b>Ser\u00e1 vedada a renova\u00e7\u00e3o da matr\u00edcula ao Aluno-Interc\u00e2mbio na(s) disciplina(s) em que for reprovado.<\/p>\r\n\r\n<p><b>Art. 10 - <\/b>Ao Aluno-Interc\u00e2mbio que concluir, com aproveitamento, as atividades propostas ser\u00e1 fornecido o respectivo certificado.<\/p>\r\n<p><b>Art. 11 - <\/b>Poder\u00e3o ser registradas, nos curr\u00edculos dos alunos regulares desta Universidade, atividades do tipo Aluno-Interc\u00e2mbio em outras institui\u00e7\u00f5es conveniadas, que tenham sido cumpridas, e aprovadas pelo respectivo Colegiado do Curso.<\/p>\r\n<p><b>Par\u00e1grafo \u00danico - <\/b>N\u00e3o poder\u00e3o participar das atividades referidas no \u201ccaput\u201d deste Artigo aqueles que n\u00e3o lograrem aprova\u00e7\u00e3o.<\/p>\r\n\r\n<p><b>Art. 12 - <\/b>As datas que definir\u00e3o as diversas etapas previstas nesta Resolu\u00e7\u00e3o ser\u00e3o definidas no calend\u00e1rio escolar da UFSM.<\/p>\r\n<p><b>Art. 13 - <\/b>Esta Resolu\u00e7\u00e3o entra em vigor na data de sua publica\u00e7\u00e3o e revoga as disposi\u00e7\u00f5es em contr\u00e1rio.<\/p>\r\n\r\n<p>GABINETE DO REITOR DA UNIVERSIDADE FEDERAL DE SANTA MARIA, aos vinte e sete dias do m\u00eas de maio do ano de mil, novecentos e noventa e seis.<\/p>\r\n<\/div>\r\n<p>Odilon Antonio Marcuzzo do Canto,<\/p>\r\n<p>Reitor.<\/p>\r\n<\/strike>\r\n<p><font color=\"red0000\">Este texto n\u00e3o substitui o documento original, publicado no Portal de Documentos.<\/font> Dispon\u00edvel em: <a href=\"https:\/\/portal.ufsm.br\/documentos\/publico\/documento.html?id=4507766\"><font color=\"blue\">https:\/\/portal.ufsm.br\/documentos\/publico\/documento.html?id=4507766<\/font><\/a>\r\n\r\n\t\t<\/div>\n\t\t\t\t<\/div>\n\t\t\t\t\t<\/div>\n\t\t<\/div>\n\t\t\t\t\t<\/div>\n\t\t<\/section>\n\t\t\t\t<\/div>\n\t\t","protected":false},"excerpt":{"rendered":"<p>RESOLU\u00c7\u00c3O N. 015\/1996 SERVI\u00c7O P\u00daBLICO FEDERAL RESOLU\u00c7\u00c3O N. 015\/1996 Disp\u00f5e sobre a regulamenta\u00e7\u00e3o da categoria Aluno-Interc\u00e2mbio no \u00e2mbito da UFSM. Revogada pela Resolu\u00e7\u00e3o N. 011\/2004 O REITOR DA UNIVERSIDADE FEDERAL DE SANTA MARIA no uso de suas atribui\u00e7\u00f5es, e considerando: &#8211; que a obten\u00e7\u00e3o, o desenvolvimento e\/ou difus\u00e3o do conhecimento podem aumentar, consideravelmente, a partir [&hellip;]<\/p>\n","protected":false},"author":205,"featured_media":0,"parent":0,"menu_order":0,"comment_status":"closed","ping_status":"closed","template":"","meta":{"footnotes":""},"categories":[],"tags":[],"class_list":["post-3388","page","type-page","status-publish","hentry"],"acf":[],"_links":{"self":[{"href":"https:\/\/www.ufsm.br\/pro-reitorias\/proplan\/wp-json\/wp\/v2\/pages\/3388","targetHints":{"allow":["GET"]}}],"collection":[{"href":"https:\/\/www.ufsm.br\/pro-reitorias\/proplan\/wp-json\/wp\/v2\/pages"}],"about":[{"href":"https:\/\/www.ufsm.br\/pro-reitorias\/proplan\/wp-json\/wp\/v2\/types\/page"}],"author":[{"embeddable":true,"href":"https:\/\/www.ufsm.br\/pro-reitorias\/proplan\/wp-json\/wp\/v2\/users\/205"}],"replies":[{"embeddable":true,"href":"https:\/\/www.ufsm.br\/pro-reitorias\/proplan\/wp-json\/wp\/v2\/comments?post=3388"}],"version-history":[{"count":0,"href":"https:\/\/www.ufsm.br\/pro-reitorias\/proplan\/wp-json\/wp\/v2\/pages\/3388\/revisions"}],"wp:attachment":[{"href":"https:\/\/www.ufsm.br\/pro-reitorias\/proplan\/wp-json\/wp\/v2\/media?parent=3388"}],"wp:term":[{"taxonomy":"category","embeddable":true,"href":"https:\/\/www.ufsm.br\/pro-reitorias\/proplan\/wp-json\/wp\/v2\/categories?post=3388"},{"taxonomy":"post_tag","embeddable":true,"href":"https:\/\/www.ufsm.br\/pro-reitorias\/proplan\/wp-json\/wp\/v2\/tags?post=3388"}],"curies":[{"name":"wp","href":"https:\/\/api.w.org\/{rel}","templated":true}]}}