{"id":3390,"date":"2020-03-18T17:38:59","date_gmt":"2020-03-18T20:38:59","guid":{"rendered":"https:\/\/www.ufsm.br\/pro-reitorias\/proplan\/?page_id=3390"},"modified":"2020-05-28T15:41:08","modified_gmt":"2020-05-28T18:41:08","slug":"resolucao-n-017-1996","status":"publish","type":"page","link":"https:\/\/www.ufsm.br\/pro-reitorias\/proplan\/resolucao-n-017-1996","title":{"rendered":"Resolu\u00e7\u00e3o N. 017\/1996"},"content":{"rendered":"\t\t<div data-elementor-type=\"wp-page\" data-elementor-id=\"3390\" class=\"elementor elementor-3390\">\n\t\t\t\t\t\t<section class=\"elementor-section elementor-top-section elementor-element elementor-element-4f7c647 elementor-section-boxed elementor-section-height-default elementor-section-height-default\" data-id=\"4f7c647\" data-element_type=\"section\">\n\t\t\t\t\t\t<div class=\"elementor-container elementor-column-gap-default\">\n\t\t\t\t\t<div class=\"elementor-column elementor-col-100 elementor-top-column elementor-element elementor-element-4ec0c5f\" data-id=\"4ec0c5f\" data-element_type=\"column\">\n\t\t\t<div class=\"elementor-widget-wrap elementor-element-populated\">\n\t\t\t\t\t\t<div class=\"elementor-element elementor-element-f2289be elementor-widget elementor-widget-html\" data-id=\"f2289be\" data-element_type=\"widget\" data-widget_type=\"html.default\">\n\t\t\t\t<div class=\"elementor-widget-container\">\n\t\t\t\r\n\r\n\r\n<title><b>RESOLU\u00c7\u00c3O N. 017\/1996<\/b><\/title>\r\n\r\n\r\n<div align=\"center\"><img decoding=\"async\" src=\"https:\/\/www.ufsm.br\/pro-reitorias\/proplan\/wp-content\/uploads\/sites\/344\/2019\/09\/brasao-da-republica-do-brasil-logo.png\" alt=\"Bras\u00e3o Rep\u00fablica Federativa do Brasil\" width=\"6%\" height=\"6%\"><\/div>    \r\n<h1><font color=\"blue\"><font size=\"5\"><div align=\"center\">SERVI\u00c7O P\u00daBLICO FEDERAL<\/b><\/font><\/font><\/div><\/H1>\r\n\r\n<p><div align=\"center\"><b><a href=\"https:\/\/portal.ufsm.br\/documentos\/publico\/documento.html?id=4507763\"><font color=\"blue\">RESOLU\u00c7\u00c3O N. 017\/1996<\/font><\/a><\/b><\/div><\/p>\r\n<br>\r\n<p><div align=\"right\"><font color=\"800000\"><strike>Estende, sem prorroga\u00e7\u00e3o, at\u00e9 31 de dezembro de 1996, a experi\u00eancia da reestrutura\u00e7\u00e3o do Centro de Ci\u00eancias Sociais e Humanas e revoga a Resolu\u00e7\u00e3o n\u00ba 0031\/94, de 29-11-94.<\/strike><\/font><\/div><\/p>\r\n<br>\r\n<p><a href=\"https:\/\/www.ufsm.br\/pro-reitorias\/proplan\/resolucao-n-001-1997\/\"><font color=\"blue\">Revogada pela Resolu\u00e7\u00e3o N. 001\/1997<\/font><\/a><\/p>\r\n<br>\r\n<br><div align=\"justify\">\r\n<strike>\r\n<p>O REITOR DA UNIVERSIDADE FEDERAL DE SANTA MARIA no uso de suas atribui\u00e7\u00f5es legais e estatut\u00e1rias e considerando o Parecer n\u00ba 021\/96 da Comiss\u00e3o de Legisla\u00e7\u00e3o e Regimentos, aprovado na 530\u00ba Sess\u00e3o do Conselho Universit\u00e1rio, realizada em 24-04-96,<\/p>\r\n<br>\r\n<p><b><div align=\"center\">RESOLVE:<\/b><\/div><\/p>\r\n<br>\r\n<p><b>Art. 1\u00ba <\/b>Prorrogar o per\u00edodo de experi\u00eancia da reestrutura\u00e7\u00e3o de Centro de Ci\u00eancias Sociais e Humanas at\u00e9 o dia 31 de dezembro de 1996.<\/p>\r\n<p><b>Art. 2\u00ba <\/b>Durante o per\u00edodo de prorroga\u00e7\u00e3o da experi\u00eancia do CCSH, dever\u00e3o ser realizadas, nas diferentes unidades de ensino da UFSM, amplas discuss\u00f5es sobre a reestrutura\u00e7\u00e3o organizacional da Institui\u00e7\u00e3o.<\/p>\r\n<p><b>Par\u00e1grafo \u00fanico - <\/b>As discuss\u00f5es dever\u00e3o levar em considera\u00e7\u00e3o a estrutura experimental praticada atualmente pelo CCSH, ponderando suas vantagens, bem como suas limita\u00e7\u00f5es, tendo em vista a cria\u00e7\u00e3o de um novo modelo organizacional ou a manuten\u00e7\u00e3o da estrutura ora em funcionamento.<\/p>\r\n\r\n<p><b>Art. 3\u00ba <\/b>Esta Resolu\u00e7\u00e3o entra em vigor na data de sua publica\u00e7\u00e3o e revoga a <a href=\"https:\/\/www.ufsm.br\/pro-reitorias\/proplan\/resolucao-n-031-1994\/\" target=\"_blank\"><font color=\"blue\"><u>Resolu\u00e7\u00e3o n\u00ba 0031\/94, de 29-11-94<\/u><\/font><\/a>.<\/p>\r\n\r\n<p>GABINETE DO REITOR DA UNIVERSIDADE FEDERAL DE SANTA MARIA, aos vinte e oito dias do m\u00eas de junho do ano de mil, novecentos e noventa e seis.<\/p>\r\n<\/div>\r\n<p>Odilon Antonio Marcuzzo do Canto,<\/p>\r\n<p>Reitor.<\/p>\r\n<\/strike>\r\n<p><font color=\"red0000\">Este texto n\u00e3o substitui o documento original, publicado no Portal de Documentos.<\/font> Dispon\u00edvel em: <a href=\"https:\/\/portal.ufsm.br\/documentos\/publico\/documento.html?id=4507763\"><font color=\"blue\">https:\/\/portal.ufsm.br\/documentos\/publico\/documento.html?id=4507763<\/font><\/a>\r\n\r\n\t\t<\/div>\n\t\t\t\t<\/div>\n\t\t\t\t\t<\/div>\n\t\t<\/div>\n\t\t\t\t\t<\/div>\n\t\t<\/section>\n\t\t\t\t<\/div>\n\t\t","protected":false},"excerpt":{"rendered":"<p>RESOLU\u00c7\u00c3O N. 017\/1996 SERVI\u00c7O P\u00daBLICO FEDERAL RESOLU\u00c7\u00c3O N. 017\/1996 Estende, sem prorroga\u00e7\u00e3o, at\u00e9 31 de dezembro de 1996, a experi\u00eancia da reestrutura\u00e7\u00e3o do Centro de Ci\u00eancias Sociais e Humanas e revoga a Resolu\u00e7\u00e3o n\u00ba 0031\/94, de 29-11-94. Revogada pela Resolu\u00e7\u00e3o N. 001\/1997 O REITOR DA UNIVERSIDADE FEDERAL DE SANTA MARIA no uso de suas atribui\u00e7\u00f5es [&hellip;]<\/p>\n","protected":false},"author":205,"featured_media":0,"parent":0,"menu_order":0,"comment_status":"closed","ping_status":"closed","template":"","meta":{"footnotes":""},"categories":[],"tags":[],"class_list":["post-3390","page","type-page","status-publish","hentry"],"acf":[],"_links":{"self":[{"href":"https:\/\/www.ufsm.br\/pro-reitorias\/proplan\/wp-json\/wp\/v2\/pages\/3390","targetHints":{"allow":["GET"]}}],"collection":[{"href":"https:\/\/www.ufsm.br\/pro-reitorias\/proplan\/wp-json\/wp\/v2\/pages"}],"about":[{"href":"https:\/\/www.ufsm.br\/pro-reitorias\/proplan\/wp-json\/wp\/v2\/types\/page"}],"author":[{"embeddable":true,"href":"https:\/\/www.ufsm.br\/pro-reitorias\/proplan\/wp-json\/wp\/v2\/users\/205"}],"replies":[{"embeddable":true,"href":"https:\/\/www.ufsm.br\/pro-reitorias\/proplan\/wp-json\/wp\/v2\/comments?post=3390"}],"version-history":[{"count":0,"href":"https:\/\/www.ufsm.br\/pro-reitorias\/proplan\/wp-json\/wp\/v2\/pages\/3390\/revisions"}],"wp:attachment":[{"href":"https:\/\/www.ufsm.br\/pro-reitorias\/proplan\/wp-json\/wp\/v2\/media?parent=3390"}],"wp:term":[{"taxonomy":"category","embeddable":true,"href":"https:\/\/www.ufsm.br\/pro-reitorias\/proplan\/wp-json\/wp\/v2\/categories?post=3390"},{"taxonomy":"post_tag","embeddable":true,"href":"https:\/\/www.ufsm.br\/pro-reitorias\/proplan\/wp-json\/wp\/v2\/tags?post=3390"}],"curies":[{"name":"wp","href":"https:\/\/api.w.org\/{rel}","templated":true}]}}