{"id":3391,"date":"2020-03-18T17:39:04","date_gmt":"2020-03-18T20:39:04","guid":{"rendered":"https:\/\/www.ufsm.br\/pro-reitorias\/proplan\/?page_id=3391"},"modified":"2020-04-27T11:45:39","modified_gmt":"2020-04-27T14:45:39","slug":"resolucao-n-018-1996","status":"publish","type":"page","link":"https:\/\/www.ufsm.br\/pro-reitorias\/proplan\/resolucao-n-018-1996","title":{"rendered":"Resolu\u00e7\u00e3o N. 018\/1996"},"content":{"rendered":"\t\t<div data-elementor-type=\"wp-page\" data-elementor-id=\"3391\" class=\"elementor elementor-3391\">\n\t\t\t\t\t\t<section class=\"elementor-section elementor-top-section elementor-element elementor-element-d6ae7f4 elementor-section-boxed elementor-section-height-default elementor-section-height-default\" data-id=\"d6ae7f4\" data-element_type=\"section\">\n\t\t\t\t\t\t<div class=\"elementor-container elementor-column-gap-default\">\n\t\t\t\t\t<div class=\"elementor-column elementor-col-100 elementor-top-column elementor-element elementor-element-5f8969d\" data-id=\"5f8969d\" data-element_type=\"column\">\n\t\t\t<div class=\"elementor-widget-wrap elementor-element-populated\">\n\t\t\t\t\t\t<div class=\"elementor-element elementor-element-38d2216 elementor-widget elementor-widget-html\" data-id=\"38d2216\" data-element_type=\"widget\" data-widget_type=\"html.default\">\n\t\t\t\t<div class=\"elementor-widget-container\">\n\t\t\t\r\n\r\n\r\n<title><b>RESOLU\u00c7\u00c3O N. 018\/1996<\/b><\/title>\r\n\r\n\r\n<div align=\"center\"><img decoding=\"async\" src=\"https:\/\/www.ufsm.br\/pro-reitorias\/proplan\/wp-content\/uploads\/sites\/344\/2019\/09\/brasao-da-republica-do-brasil-logo.png\" alt=\"Bras\u00e3o Rep\u00fablica Federativa do Brasil\" width=\"6%\" height=\"6%\"><\/div>    \r\n<h1><font color=\"blue\"><font size=\"5\"><div align=\"center\">SERVI\u00c7O P\u00daBLICO FEDERAL<\/b><\/font><\/font><\/div><\/H1>\r\n\r\n<p><div align=\"center\"><b><a href=\"https:\/\/portal.ufsm.br\/documentos\/publico\/documento.html?id=4507764\"><font color=\"blue\">RESOLU\u00c7\u00c3O N. 018\/1996<\/font><\/a><\/b><\/div><\/p>\r\n<br>\r\n<p><div align=\"right\"><font color=\"800000\"><strike>Regulamenta a reformula\u00e7\u00e3o do Calend\u00e1rio Escolar\/1996 da Universidade Federal de Santa Maria.<\/strike><\/font><\/div><\/p>\r\n<br>\r\n<p><a href=\"https:\/\/www.ufsm.br\/pro-reitorias\/proplan\/resolucao-n-008-2020\/\" target=\"_blank\"><font color=\"blue\">Revogada pela Resolu\u00e7\u00e3o N. 008\/2020<\/font><\/a><\/p>\r\n<br>\r\n<br><div align=\"justify\">\r\n<strike>\r\n<p><b>O REITOR DA UNIVERSIDADE FEDERAL DE SANTA MARIA<\/b>, no uso de suas atribui\u00e7\u00f5es legais e estatut\u00e1rias, e tendo em vista decis\u00e3o da 480\u00ba Sess\u00e3o do Conselho de Ensino, Pesquisa e Extens\u00e3o, realizada em 25-06-96,<\/p>\r\n<br>\r\n<p><b><div align=\"center\">RESOLVE:<\/b><\/div><\/p>\r\n<br>\r\n<p><b>Art. 1\u00ba - <\/b>Regulamentar o novo calend\u00e1rio escolar da Universidade Federal de Santa Maria\/1996, definido conforme publica\u00e7\u00e3o anexa.<\/p>\r\n<p><b>Art. 2\u00ba - <\/b>A Jornada Integrada de Ensino, Pesquisa e Extens\u00e3o e as Semanas Acad\u00eamicas dos Cursos dever\u00e3o ser consideradas atividades substitutivas.<\/p>\r\n<p><b>Art. 3\u00ba - <\/b>Para a confec\u00e7\u00e3o do calend\u00e1rio de formaturas do primeiro semestre, os Cursos de Gradua\u00e7\u00e3o dever-se-\u00e3o manifestar, neste sentido, por escrito, \u00e0 Pr\u00f3-Reitoria de Gradua\u00e7\u00e3o, impreterivelmente, at\u00e9 a data de 12 de julho de 1996.<\/p>\r\n<p><b>Art. 4\u00ba - <\/b>As disciplinas dos Cursos de Gradua\u00e7\u00e3o que n\u00e3o tiveram suas atividades suspensas durante o per\u00edodo de paralisa\u00e7\u00e3o e que apresentarem situa\u00e7\u00f5es conflitantes dever\u00e3o ser decididas pelos respectivos Colegiados de Cursos.<\/p>\r\n<p><b>Art. 5\u00ba - <\/b>As disciplinas dos Cursos de Gradua\u00e7\u00e3o que tiveram suas atividades suspensas durante o per\u00edodo de paralisa\u00e7\u00e3o dever\u00e3o, obrigat\u00f3ria e integralmente, adequarem-se a este Calend\u00e1rio.<\/p>\r\n<p><b>Art. 6\u00ba - <\/b>Em fun\u00e7\u00e3o das caracter\u00edsticas especiais dos Cursos de P\u00f3s-Gradua\u00e7\u00e3o: em n\u00edvel de Especializa\u00e7\u00e3o, Mestrado e Doutorado dever\u00e1 ser mantido o Calend\u00e1rio anterior.<\/p>\r\n<p><b>Par\u00e1grafo \u00fanico: <\/b>Os cursos que paralisaram durante o movimento docente dever\u00e3o, obrigatoriamente, adequarem-se ao Calend\u00e1rio proposto para os cursos de Gradua\u00e7\u00e3o.<\/p>\r\n\r\n<p><b>Art. 7\u00ba - <\/b>Esta Resolu\u00e7\u00e3o entra em vigor a partir da data de sua publica\u00e7\u00e3o e revoga as disposi\u00e7\u00f5es em contr\u00e1rio.<\/p>\r\n\r\n<p><b>GABINETE DO REITOR DA UNIVERSIDADE FEDERAL DE SANTA MARIA<\/b>, aos tr\u00eas dias do m\u00eas de julho do ano de mil, novecentos e noventa e seis.<\/p>\r\n<\/div>\r\n<p>Odilon Antonio Marcuzzo do Canto,<\/p>\r\n<p>Reitor.<\/p>\r\n<\/strike>\r\n<p><font color=\"red0000\">Este texto n\u00e3o substitui o documento original, publicado no Portal de Documentos.<\/font> Dispon\u00edvel em: <a href=\"https:\/\/portal.ufsm.br\/documentos\/publico\/documento.html?id=4507764\"><font color=\"blue\">https:\/\/portal.ufsm.br\/documentos\/publico\/documento.html?id=4507764<\/font><\/a>\r\n\r\n\t\t<\/div>\n\t\t\t\t<\/div>\n\t\t\t\t\t<\/div>\n\t\t<\/div>\n\t\t\t\t\t<\/div>\n\t\t<\/section>\n\t\t\t\t<\/div>\n\t\t","protected":false},"excerpt":{"rendered":"<p>RESOLU\u00c7\u00c3O N. 018\/1996 SERVI\u00c7O P\u00daBLICO FEDERAL RESOLU\u00c7\u00c3O N. 018\/1996 Regulamenta a reformula\u00e7\u00e3o do Calend\u00e1rio Escolar\/1996 da Universidade Federal de Santa Maria. Revogada pela Resolu\u00e7\u00e3o N. 008\/2020 O REITOR DA UNIVERSIDADE FEDERAL DE SANTA MARIA, no uso de suas atribui\u00e7\u00f5es legais e estatut\u00e1rias, e tendo em vista decis\u00e3o da 480\u00ba Sess\u00e3o do Conselho de Ensino, Pesquisa [&hellip;]<\/p>\n","protected":false},"author":205,"featured_media":0,"parent":0,"menu_order":0,"comment_status":"closed","ping_status":"closed","template":"","meta":{"footnotes":""},"categories":[],"tags":[],"class_list":["post-3391","page","type-page","status-publish","hentry"],"acf":[],"_links":{"self":[{"href":"https:\/\/www.ufsm.br\/pro-reitorias\/proplan\/wp-json\/wp\/v2\/pages\/3391","targetHints":{"allow":["GET"]}}],"collection":[{"href":"https:\/\/www.ufsm.br\/pro-reitorias\/proplan\/wp-json\/wp\/v2\/pages"}],"about":[{"href":"https:\/\/www.ufsm.br\/pro-reitorias\/proplan\/wp-json\/wp\/v2\/types\/page"}],"author":[{"embeddable":true,"href":"https:\/\/www.ufsm.br\/pro-reitorias\/proplan\/wp-json\/wp\/v2\/users\/205"}],"replies":[{"embeddable":true,"href":"https:\/\/www.ufsm.br\/pro-reitorias\/proplan\/wp-json\/wp\/v2\/comments?post=3391"}],"version-history":[{"count":0,"href":"https:\/\/www.ufsm.br\/pro-reitorias\/proplan\/wp-json\/wp\/v2\/pages\/3391\/revisions"}],"wp:attachment":[{"href":"https:\/\/www.ufsm.br\/pro-reitorias\/proplan\/wp-json\/wp\/v2\/media?parent=3391"}],"wp:term":[{"taxonomy":"category","embeddable":true,"href":"https:\/\/www.ufsm.br\/pro-reitorias\/proplan\/wp-json\/wp\/v2\/categories?post=3391"},{"taxonomy":"post_tag","embeddable":true,"href":"https:\/\/www.ufsm.br\/pro-reitorias\/proplan\/wp-json\/wp\/v2\/tags?post=3391"}],"curies":[{"name":"wp","href":"https:\/\/api.w.org\/{rel}","templated":true}]}}