{"id":3392,"date":"2020-03-18T17:39:09","date_gmt":"2020-03-18T20:39:09","guid":{"rendered":"https:\/\/www.ufsm.br\/pro-reitorias\/proplan\/?page_id=3392"},"modified":"2023-01-05T14:01:07","modified_gmt":"2023-01-05T17:01:07","slug":"resolucao-n-019-1996","status":"publish","type":"page","link":"https:\/\/www.ufsm.br\/pro-reitorias\/proplan\/resolucao-n-019-1996","title":{"rendered":"Resolu\u00e7\u00e3o N. 019\/1996"},"content":{"rendered":"\t\t<div data-elementor-type=\"wp-page\" data-elementor-id=\"3392\" class=\"elementor elementor-3392\">\n\t\t\t\t\t\t<section class=\"elementor-section elementor-top-section elementor-element elementor-element-93347e4 elementor-section-boxed elementor-section-height-default elementor-section-height-default\" data-id=\"93347e4\" data-element_type=\"section\">\n\t\t\t\t\t\t<div class=\"elementor-container elementor-column-gap-default\">\n\t\t\t\t\t<div class=\"elementor-column elementor-col-100 elementor-top-column elementor-element elementor-element-bdfaf0d\" data-id=\"bdfaf0d\" data-element_type=\"column\">\n\t\t\t<div class=\"elementor-widget-wrap elementor-element-populated\">\n\t\t\t\t\t\t<div class=\"elementor-element elementor-element-1089347 elementor-widget elementor-widget-html\" data-id=\"1089347\" data-element_type=\"widget\" data-widget_type=\"html.default\">\n\t\t\t\t<div class=\"elementor-widget-container\">\n\t\t\t\r\n\r\n\r\n<title><b>RESOLU\u00c7\u00c3O N. 019\/1996<\/b><\/title>\r\n\r\n\r\n<div align=\"center\"><img decoding=\"async\" src=\"https:\/\/www.ufsm.br\/pro-reitorias\/proplan\/wp-content\/uploads\/sites\/344\/2019\/09\/brasao-da-republica-do-brasil-logo.png\" alt=\"Bras\u00e3o Rep\u00fablica Federativa do Brasil\" width=\"6%\" height=\"6%\"><\/div>    \r\n<h1><font color=\"blue\"><font size=\"5\"><div align=\"center\">SERVI\u00c7O P\u00daBLICO FEDERAL<\/b><\/font><\/font><\/div><\/H1>\r\n\r\n<p><div align=\"center\"><b><a href=\"https:\/\/portal.ufsm.br\/documentos\/publico\/documento.html?id=4507761\"><font color=\"blue\">RESOLU\u00c7\u00c3O N. 019\/1996<\/font><\/a><\/b><\/div><\/p>\r\n<br>\r\n<p><div align=\"right\"><font color=\"800000\">Regulamenta o Sistema de Controle da Produ\u00e7\u00e3o Institucional da UFSM e disp\u00f5e sobre o seu funcionamento.<\/font><\/div><\/p>\r\n<br>\r\n<p><a href=\"https:\/\/www.ufsm.br\/pro-reitorias\/proplan\/resolucao-n-010-2000\/\"><font color=\"blue\">Alterada pela Resolu\u00e7\u00e3o N. 010\/2000<\/font><\/a><\/p>\r\n<br>\r\n<br><div align=\"justify\">\r\n<p><b>O REITOR DA UNIVERSIDADE FEDERAL DE SANTA MARIA<\/b> no uso de suas atribui\u00e7\u00f5es legais e estatut\u00e1rias e considerando:<\/p>\r\n<p>- a necessidade de manter um cadastro informatizado da produ\u00e7\u00e3o institucional da UFSM;<\/p>\r\n<p>- a inten\u00e7\u00e3o de dar conhecimento da produ\u00e7\u00e3o existente \u00e0 comunidade universit\u00e1ria e externa, por meio de consulta via rede de terminais dispon\u00edvel;<\/p>\r\n<p>- a import\u00e2ncia de dispor de informa\u00e7\u00f5es fidedignas e atualizadas referentes \u00e0 produ\u00e7\u00e3o institucional, para subsidiar o processo decis\u00f3rio, a avalia\u00e7\u00e3o institucional, a avalia\u00e7\u00e3o de desempenho dos servidores, a defini\u00e7\u00e3o do \u00cdndice de Distribui\u00e7\u00e3o dos Recursos (IDR), bem como atender a exig\u00eancias legais e \u00e0 demanda de informa\u00e7\u00f5es de \u00f3rg\u00e3os governamentais e de outras institui\u00e7\u00f5es p\u00fablicas e privadas;<\/p>\r\n<br>\r\n<p><div align=\"center\">RESOLVE:<\/div><\/p>\r\n<br>\r\n<p><b>Art. 1\u00ba - <\/b>Regulamentar o Sistema de Controle da Produ\u00e7\u00e3o Institucional da UFSM, atrav\u00e9s do registro informatizado dos projetos e da produ\u00e7\u00e3o intelectual da Comunidade Universit\u00e1ria.<\/p>\r\n<p><b>Art. 2\u00ba - <\/b>O registro de projeto ser\u00e1 realizado pelos Gabinetes de Projetos dos Centros de Ensino ap\u00f3s a sua aprova\u00e7\u00e3o pelo Chefe de Departamento e pela Comiss\u00e3o de Ensino, Pesquisa e Extens\u00e3o do respectivo Centro com parecer de Consultor Ad hoc, quando necess\u00e1rio.<\/p>\r\n<p><b>Art. 3\u00ba - <\/b>\u00c0 Produ\u00e7\u00e3o Intelectual do corpo discente em n\u00edvel de gradua\u00e7\u00e3o e de p\u00f3s-gradua\u00e7\u00e3o ser\u00e1 registrada pelas respectivas Coordena\u00e7\u00f5es de Curso.<\/p>\r\n<p><b>Par\u00e1grafo \u00fanico- <\/b>As Monografias, as Disserta\u00e7\u00f5es e as Teses somente ser\u00e3o registradas ap\u00f3s defendidas e liberado o processo para a emiss\u00e3o do Diploma.<\/p>\r\n\r\n<p><b>Art. 4\u00ba - <\/b>O cadastramento da produ\u00e7\u00e3o intelectual do Corpo Docente ser\u00e1 de responsabilidade do Departamento Did\u00e1tico de lota\u00e7\u00e3o.<\/p>\r\n<p><b><s>Par\u00e1grafo \u00fanico- <\/b>A partir de 1996, a secretaria efetuar\u00e1 o lan\u00e7amento no Sistema, mediante autoriza\u00e7\u00e3o (carimbo) do Chefe do Departamento na c\u00f3pia do trabalho, que se constituir\u00e1 em comprovante a ser arquivado na pasta do Professor, sendo pass\u00edvel de verifica\u00e7\u00e3o a qualquer tempo.<\/s><\/p>\r\n\r\n<p><b>Art. 5\u00ba - <\/b>O registro dos trabalhos publicados ser\u00e1 de conformidade com a <a href=\"http:\/\/unicentroagronomia.com\/destino_arquivo\/nbr_6023_referencias.pdf\" target=\"_blank\"><font color=\"blue\"><u>Norma NBR 6023, de agosto de 1989, da Associa\u00e7\u00e3o Brasileira de Normas T\u00e9cnicas (ABNT)<\/u><\/font><\/a>.<\/p>\r\n<p><b>Art. 6\u00ba - <\/b>Para a identifica\u00e7\u00e3o no sistema, as produ\u00e7\u00f5es dever\u00e3o ser classificadas nas seguintes modalidades:<\/p>\r\n<p>I - artigos cient\u00edficos publicados em revistas especializadas nacionais com corpo editorial;<\/p>\r\n<p>II - artigos cient\u00edficos publicados em revistas especializadas internacionais com corpo editorial;<\/p>\r\n<p>III - artigos publicados em jornais nacionais;<\/p>\r\n<p>IV - artigos publicados em jornais internacionais;<\/p>\r\n<p>V - trabalhos completos publicados em anais de eventos nacionais;<\/p>\r\n<p>VI - trabalhos completos publicados em anais de eventos internacionais,<\/p>\r\n<p>VII - resumos de trabalhos publicados em anais de eventos nacionais;<\/p>\r\n<p>VIII - resumos de trabalhos publicados em anais de eventos internacionais;<\/p>\r\n<p>IX - livros;<\/p>\r\n<p>X - cap\u00edtulos de livros;<\/p>\r\n<p>XI - monografias, teses e disserta\u00e7\u00f5es defendidas pelos servidores lotados na subunidade;<\/p>\r\n<p>XII - registro de teses e disserta\u00e7\u00f5es orientadas e aprovadas;<\/p>\r\n<p>XIII - registro de monografias de p\u00f3s-gradua\u00e7\u00e3o lato sensu orientadas e aprovadas;<\/p>\r\n<p>XIV - apresenta\u00e7\u00e3o de trabalhos em eventos nacionais;<\/p>\r\n<p>XV - apresenta\u00e7\u00e3o de trabalhos em eventos internacionais;<\/p>\r\n<p>XVI - trabalhos t\u00e9cnicos, liter\u00e1rios e art\u00edsticos publicados\/elaborados no pais;<\/p>\r\n<p>XVII - trabalhos t\u00e9cnicos, liter\u00e1rios e art\u00edsticos publicados\/elaborados no exterior;<\/p>\r\n<p>XVIII - trabalhos de extens\u00e3o desenvolvidos e\/ou em desenvolvimento que geraram relat\u00f3rio t\u00e9cnico aprovado;<\/p>\r\n<p>XIX - relat\u00f3rios t\u00e9cnicos de pesquisa;<\/p>\r\n<p>XX - relat\u00f3rios de inicia\u00e7\u00e3o cient\u00edfica;<\/p>\r\n<p>XXI - palestras em eventos nacionais;<\/p>\r\n<p>XXII - palestras em eventos internacionais;<\/p>\r\n<p>XXIII - patentes obtidas.<\/p>\r\n\r\n<p><b>Art. 8\u00ba - <\/b>O registro da produ\u00e7\u00e3o intelectual dever\u00e1 ser procedido imediatamente ap\u00f3s a realiza\u00e7\u00e3o do evento, tendo em vista a constante atualiza\u00e7\u00e3o do sistema, o qual possibilitar\u00e1 o registro, a consulta e a emiss\u00e3o de relat\u00f3rios.<\/p>\r\n<p><b>Art. 9\u00ba - <\/b>A recupera\u00e7\u00e3o do registro da produ\u00e7\u00e3o institucional realizada no per\u00edodo de 1990 a 1996, dever\u00e1 ser feita de agosto a dezembro de 1996, com base nas informa\u00e7\u00f5es prestadas pelos servidores lotados na subunidade.<\/p>\r\n<p>Par\u00e1grafo \u00fanico - <\/b>As informa\u00e7\u00f5es recuperadas subsidiar\u00e3o a publica\u00e7\u00e3o do cat\u00e1logo da produ\u00e7\u00e3o cient\u00edfica daquele per\u00edodo.<\/p>\r\n\r\n<p><b>Art. 10 - <\/b>Esta Resolu\u00e7\u00e3o entra em vigor na data de sua publica\u00e7\u00e3o revogadas as disposi\u00e7\u00f5es em contr\u00e1rio.<\/p>\r\n\r\n<p>GABINETE DO REITOR DA UNIVERSIDADE FEDERAL DE SANTA MARIA, aos onze dias do m\u00eas de julho do ano de mil, novecentos e noventa e seis.<\/p>\r\n<\/div>\r\n<p>Odilon Antonio Marcuzzo do Canto,<\/p>\r\n<p>Reitor.<\/p>\r\n\r\n<p><font color=\"red0000\">Este texto n\u00e3o substitui o documento original, publicado no Portal de Documentos.<\/font> Dispon\u00edvel em: <a href=\"https:\/\/portal.ufsm.br\/documentos\/publico\/documento.html?id=4507761\"><font color=\"blue\">https:\/\/portal.ufsm.br\/documentos\/publico\/documento.html?id=4507761<\/font><\/a>\r\n\r\n\t\t<\/div>\n\t\t\t\t<\/div>\n\t\t\t\t\t<\/div>\n\t\t<\/div>\n\t\t\t\t\t<\/div>\n\t\t<\/section>\n\t\t\t\t<\/div>\n\t\t","protected":false},"excerpt":{"rendered":"<p>RESOLU\u00c7\u00c3O N. 019\/1996 SERVI\u00c7O P\u00daBLICO FEDERAL RESOLU\u00c7\u00c3O N. 019\/1996 Regulamenta o Sistema de Controle da Produ\u00e7\u00e3o Institucional da UFSM e disp\u00f5e sobre o seu funcionamento. Alterada pela Resolu\u00e7\u00e3o N. 010\/2000 O REITOR DA UNIVERSIDADE FEDERAL DE SANTA MARIA no uso de suas atribui\u00e7\u00f5es legais e estatut\u00e1rias e considerando: &#8211; a necessidade de manter um cadastro [&hellip;]<\/p>\n","protected":false},"author":205,"featured_media":0,"parent":0,"menu_order":0,"comment_status":"closed","ping_status":"closed","template":"","meta":{"footnotes":""},"categories":[],"tags":[],"class_list":["post-3392","page","type-page","status-publish","hentry"],"acf":[],"_links":{"self":[{"href":"https:\/\/www.ufsm.br\/pro-reitorias\/proplan\/wp-json\/wp\/v2\/pages\/3392","targetHints":{"allow":["GET"]}}],"collection":[{"href":"https:\/\/www.ufsm.br\/pro-reitorias\/proplan\/wp-json\/wp\/v2\/pages"}],"about":[{"href":"https:\/\/www.ufsm.br\/pro-reitorias\/proplan\/wp-json\/wp\/v2\/types\/page"}],"author":[{"embeddable":true,"href":"https:\/\/www.ufsm.br\/pro-reitorias\/proplan\/wp-json\/wp\/v2\/users\/205"}],"replies":[{"embeddable":true,"href":"https:\/\/www.ufsm.br\/pro-reitorias\/proplan\/wp-json\/wp\/v2\/comments?post=3392"}],"version-history":[{"count":0,"href":"https:\/\/www.ufsm.br\/pro-reitorias\/proplan\/wp-json\/wp\/v2\/pages\/3392\/revisions"}],"wp:attachment":[{"href":"https:\/\/www.ufsm.br\/pro-reitorias\/proplan\/wp-json\/wp\/v2\/media?parent=3392"}],"wp:term":[{"taxonomy":"category","embeddable":true,"href":"https:\/\/www.ufsm.br\/pro-reitorias\/proplan\/wp-json\/wp\/v2\/categories?post=3392"},{"taxonomy":"post_tag","embeddable":true,"href":"https:\/\/www.ufsm.br\/pro-reitorias\/proplan\/wp-json\/wp\/v2\/tags?post=3392"}],"curies":[{"name":"wp","href":"https:\/\/api.w.org\/{rel}","templated":true}]}}