{"id":3398,"date":"2020-03-18T18:57:58","date_gmt":"2020-03-18T21:57:58","guid":{"rendered":"https:\/\/www.ufsm.br\/pro-reitorias\/proplan\/?page_id=3398"},"modified":"2020-07-20T13:14:19","modified_gmt":"2020-07-20T16:14:19","slug":"resolucao-n-025-1996","status":"publish","type":"page","link":"https:\/\/www.ufsm.br\/pro-reitorias\/proplan\/resolucao-n-025-1996","title":{"rendered":"Resolu\u00e7\u00e3o N. 025\/1996"},"content":{"rendered":"\t\t<div data-elementor-type=\"wp-page\" data-elementor-id=\"3398\" class=\"elementor elementor-3398\">\n\t\t\t\t\t\t<section class=\"elementor-section elementor-top-section elementor-element elementor-element-901e7cd elementor-section-boxed elementor-section-height-default elementor-section-height-default\" data-id=\"901e7cd\" data-element_type=\"section\">\n\t\t\t\t\t\t<div class=\"elementor-container elementor-column-gap-default\">\n\t\t\t\t\t<div class=\"elementor-column elementor-col-100 elementor-top-column elementor-element elementor-element-d13b84d\" data-id=\"d13b84d\" data-element_type=\"column\">\n\t\t\t<div class=\"elementor-widget-wrap elementor-element-populated\">\n\t\t\t\t\t\t<div class=\"elementor-element elementor-element-9d3119b elementor-widget elementor-widget-html\" data-id=\"9d3119b\" data-element_type=\"widget\" data-widget_type=\"html.default\">\n\t\t\t\t<div class=\"elementor-widget-container\">\n\t\t\t\r\n\r\n\r\n<title><b>RESOLU\u00c7\u00c3O N. 025\/1996<\/b><\/title>\r\n\r\n\r\n<div align=\"center\"><img decoding=\"async\" src=\"https:\/\/www.ufsm.br\/pro-reitorias\/proplan\/wp-content\/uploads\/sites\/344\/2019\/09\/brasao-da-republica-do-brasil-logo.png\" alt=\"Bras\u00e3o Rep\u00fablica Federativa do Brasil\" width=\"6%\" height=\"6%\"><\/div>    \r\n<h1><font color=\"blue\"><font size=\"5\"><div align=\"center\">SERVI\u00c7O P\u00daBLICO FEDERAL<\/b><\/font><\/font><\/div><\/H1>\r\n\r\n<p><div align=\"center\"><b><a href=\"https:\/\/portal.ufsm.br\/documentos\/publico\/documento.html?id=4507771\"><font color=\"blue\">RESOLU\u00c7\u00c3O N. 025\/1996<\/font><\/a><\/b><\/div><\/p>\r\n<br>\r\n<p><div align=\"right\"><font color=\"800000\"><strike>Regulamenta a atividade de fiscaliza\u00e7\u00e3o do Concurso Vestibular\/1997 e disp\u00f5e sobre o expediente da Institui\u00e7\u00e3o no per\u00edodo de sua realiza\u00e7\u00e3o.<\/strike><\/font><\/div><\/p>\r\n<br>\r\n<p><a href=\"https:\/\/www.ufsm.br\/pro-reitorias\/proplan\/resolucao-n-022-2020\/\" target=\"_blank\"><font color=\"blue\">Revogada pela Resolu\u00e7\u00e3o N. 022\/2020<\/font><\/a><\/p>\r\n<br>\r\n<br><div align=\"justify\">\r\n<strike>\r\n<p><b>O REITOR DA UNIVERSIDADE FEDERAL DE SANTA MARIA<\/b>, no uso de suas atribui\u00e7\u00f5es legais e estatut\u00e1rias,<\/p>\r\n<br>\r\n<p><b><div align=\"center\">RESOLVE:<\/b><\/div><\/p>\r\n<br>\r\n<p><b>Art. 1\u00ba - <\/b>O Concurso Vestibular \u00e9 considerado priorit\u00e1rio sobre as demais atividades da Universidade Federal de Santa Maria, no per\u00edodo de realiza\u00e7\u00e3o das provas.<\/p>\r\n<p><b>Art. 2\u00ba - <\/b>Os Servidores da Universidade Federal de Santa Maria e das escolas cadastradas pela COPERVES ser\u00e3o convidados, por ades\u00e3o, a participarem do Processo de Fiscaliza\u00e7\u00e3o do Vestibular\/97. A ades\u00e3o ser\u00e1 feita mediante a assinatura do servidor na respectiva rela\u00e7\u00e3o nominal que ser\u00e1 enviada, pela COPERVES, a cada \u00f3rg\u00e3o de lota\u00e7\u00e3o da UFSM e \u00e0s escolas cadastradas.<\/p>\r\n<p><b>Art. 3\u00ba - <\/b>Os Servidores que forem selecionados, participarem da Reuni\u00e3o de Treinamento e exercerem suas atividades durante os quatro dias de realiza\u00e7\u00e3o do Concurso Vestibular\/97, no hor\u00e1rio das 7h15min \u00e0s 12 horas, receber\u00e3o o valor de R$65,00.<\/p>\r\n<p><b>Art. 4\u00ba - <\/b>O expediente na UFSM, durante o per\u00edodo do Concurso Vestibular\/97, nos dias 6, 7 e 8 de janeiro\/97, ser\u00e1 na parte da tarde, das 14 \u00e0s 18 horas.<\/p>\r\n<p><b>Par\u00e1grafo \u00danico: <\/b>A obten\u00e7\u00e3o do benef\u00edcio referido no Artigo 3\u00ba n\u00e3o desobriga o Servidor da UFSM a cumprir a jornada de trabalho no per\u00edodo da tarde, nos dias 6, 7 e 8 de janeiro\/97.<\/p>\r\n\r\n<p><b>Art. 5\u00ba - <\/b>O Servidor da UFSM que n\u00e3o desejar participar do processo de fiscaliza\u00e7\u00e3o poder\u00e1, a crit\u00e9rio da chefia imediata, solicitar suas f\u00e9rias durante o per\u00edodo de realiza\u00e7\u00e3o do Concurso Vestibular\/1997.<\/p>\r\n<p><b>Art. 6\u00ba - <\/b>Esta Resolu\u00e7\u00e3o entra em vigor na data de sua publica\u00e7\u00e3o, revogadas as disposi\u00e7\u00f5es em contr\u00e1rio.<\/p>\r\n\r\n<p>GABINETE DO REITOR DA UNIVERSIDADE FEDERAL DE SANTA MARIA, aos treze dias do m\u00eas de novembro do ano de mil, novecentos e noventa e seis.<\/p>\r\n<\/div>\r\n<p>Odilon Antonio Marcuzzo do Canto,<\/p>\r\n<p>Reitor.<\/p>\r\n<\/strike>\r\n\r\n<p><font color=\"red0000\">Este texto n\u00e3o substitui o documento original, publicado no Portal de Documentos.<\/font> Dispon\u00edvel em: <a href=\"https:\/\/portal.ufsm.br\/documentos\/publico\/documento.html?id=4507771\"><font color=\"blue\">https:\/\/portal.ufsm.br\/documentos\/publico\/documento.html?id=4507771<\/font><\/a>\r\n\r\n\t\t<\/div>\n\t\t\t\t<\/div>\n\t\t\t\t\t<\/div>\n\t\t<\/div>\n\t\t\t\t\t<\/div>\n\t\t<\/section>\n\t\t\t\t<\/div>\n\t\t","protected":false},"excerpt":{"rendered":"<p>RESOLU\u00c7\u00c3O N. 025\/1996 SERVI\u00c7O P\u00daBLICO FEDERAL RESOLU\u00c7\u00c3O N. 025\/1996 Regulamenta a atividade de fiscaliza\u00e7\u00e3o do Concurso Vestibular\/1997 e disp\u00f5e sobre o expediente da Institui\u00e7\u00e3o no per\u00edodo de sua realiza\u00e7\u00e3o. Revogada pela Resolu\u00e7\u00e3o N. 022\/2020 O REITOR DA UNIVERSIDADE FEDERAL DE SANTA MARIA, no uso de suas atribui\u00e7\u00f5es legais e estatut\u00e1rias, RESOLVE: Art. 1\u00ba &#8211; O [&hellip;]<\/p>\n","protected":false},"author":205,"featured_media":0,"parent":0,"menu_order":0,"comment_status":"closed","ping_status":"closed","template":"","meta":{"footnotes":""},"categories":[],"tags":[],"class_list":["post-3398","page","type-page","status-publish","hentry"],"acf":[],"_links":{"self":[{"href":"https:\/\/www.ufsm.br\/pro-reitorias\/proplan\/wp-json\/wp\/v2\/pages\/3398","targetHints":{"allow":["GET"]}}],"collection":[{"href":"https:\/\/www.ufsm.br\/pro-reitorias\/proplan\/wp-json\/wp\/v2\/pages"}],"about":[{"href":"https:\/\/www.ufsm.br\/pro-reitorias\/proplan\/wp-json\/wp\/v2\/types\/page"}],"author":[{"embeddable":true,"href":"https:\/\/www.ufsm.br\/pro-reitorias\/proplan\/wp-json\/wp\/v2\/users\/205"}],"replies":[{"embeddable":true,"href":"https:\/\/www.ufsm.br\/pro-reitorias\/proplan\/wp-json\/wp\/v2\/comments?post=3398"}],"version-history":[{"count":0,"href":"https:\/\/www.ufsm.br\/pro-reitorias\/proplan\/wp-json\/wp\/v2\/pages\/3398\/revisions"}],"wp:attachment":[{"href":"https:\/\/www.ufsm.br\/pro-reitorias\/proplan\/wp-json\/wp\/v2\/media?parent=3398"}],"wp:term":[{"taxonomy":"category","embeddable":true,"href":"https:\/\/www.ufsm.br\/pro-reitorias\/proplan\/wp-json\/wp\/v2\/categories?post=3398"},{"taxonomy":"post_tag","embeddable":true,"href":"https:\/\/www.ufsm.br\/pro-reitorias\/proplan\/wp-json\/wp\/v2\/tags?post=3398"}],"curies":[{"name":"wp","href":"https:\/\/api.w.org\/{rel}","templated":true}]}}