{"id":3401,"date":"2020-03-18T18:58:55","date_gmt":"2020-03-18T21:58:55","guid":{"rendered":"https:\/\/www.ufsm.br\/pro-reitorias\/proplan\/?page_id=3401"},"modified":"2020-03-18T19:03:13","modified_gmt":"2020-03-18T22:03:13","slug":"resolucao-n-028-1996","status":"publish","type":"page","link":"https:\/\/www.ufsm.br\/pro-reitorias\/proplan\/resolucao-n-028-1996","title":{"rendered":"Resolu\u00e7\u00e3o N. 028\/1996"},"content":{"rendered":"\t\t<div data-elementor-type=\"wp-page\" data-elementor-id=\"3401\" class=\"elementor elementor-3401\">\n\t\t\t\t\t\t<section class=\"elementor-section elementor-top-section elementor-element elementor-element-d9e0cb6 elementor-section-boxed elementor-section-height-default elementor-section-height-default\" data-id=\"d9e0cb6\" data-element_type=\"section\">\n\t\t\t\t\t\t<div class=\"elementor-container elementor-column-gap-default\">\n\t\t\t\t\t<div class=\"elementor-column elementor-col-100 elementor-top-column elementor-element elementor-element-e086ea6\" data-id=\"e086ea6\" data-element_type=\"column\">\n\t\t\t<div class=\"elementor-widget-wrap elementor-element-populated\">\n\t\t\t\t\t\t<div class=\"elementor-element elementor-element-67aedcb elementor-widget elementor-widget-html\" data-id=\"67aedcb\" data-element_type=\"widget\" data-widget_type=\"html.default\">\n\t\t\t\t<div class=\"elementor-widget-container\">\n\t\t\t\r\n\r\n\r\n<title><b>RESOLU\u00c7\u00c3O N. 028\/1996<\/b><\/title>\r\n\r\n\r\n<div align=\"center\"><img decoding=\"async\" src=\"https:\/\/www.ufsm.br\/pro-reitorias\/proplan\/wp-content\/uploads\/sites\/344\/2019\/09\/brasao-da-republica-do-brasil-logo.png\" alt=\"Bras\u00e3o Rep\u00fablica Federativa do Brasil\" width=\"6%\" height=\"6%\"><\/div>    \r\n<h1><font color=\"blue\"><font size=\"5\"><div align=\"center\">SERVI\u00c7O P\u00daBLICO FEDERAL<\/b><\/font><\/font><\/div><\/H1>\r\n\r\n<p><div align=\"center\"><b><a href=\"https:\/\/portal.ufsm.br\/documentos\/publico\/documento.html?id=4507768\"><font color=\"blue\">RESOLU\u00c7\u00c3O N. 028\/1996<\/font><\/a><\/b><\/div><\/p>\r\n<br>\r\n<p><div align=\"right\"><font color=\"800000\"><strike>Reestrutura o Departamento de Pessoal da Universidade Federal de Santa Maria em Pr\u00f3-Reitoria de Recursos Humanos e d\u00e1 outras provid\u00eancias.<\/strike><\/font><\/div><\/p>\r\n<br>\r\n<p><a href=\"https:\/\/www.ufsm.br\/pro-reitorias\/proplan\/resolucao-n-029-2012\/\"><font color=\"blue\">Revogada pela Resolu\u00e7\u00e3o N. 029\/2012<\/font><\/a><\/p>\r\n<br>\r\n<br><div align=\"justify\">\r\n<strike>\r\n<p>O REITOR DA UNIVERSIDADE FEDERAL DE SANTA MARIA, no uso de suas atribui\u00e7\u00f5es legais e estatut\u00e1rias e considerando:<\/p>\r\n<p>- o Processo n\u00ba 025355\/96-15 do Protocolo-Geral e n\u00ba 257\/96 do Conselho Universit\u00e1rio;<\/p>\r\n<p>- o Parecer n\u00ba 485\/96, de 13\/12\/96, da Procuradoria Jur\u00eddica da UFSM;<\/p>\r\n<p>- o Parecer n\u00ba 062\/96 da Comiss\u00e3o de Legisla\u00e7\u00e3o e Regimentos aprovado na Sess\u00e3o n\u00ba 257, de 18\/12\/96, do Conselho Universit\u00e1rio.<\/p>\r\n<br>\r\n<p><b><div align=\"center\">RESOLVE:<\/b><\/div><\/p>\r\n<br>\r\n<p><b>Art. 1\u00ba - <\/b>Reestruturar o Departamento de Pessoal da Universidade Federal de Santa Maria, \u00d3rg\u00e3o Executivo da Administra\u00e7\u00e3o Superior, em Pr\u00f3-Reitoria de Recursos Humanos, \u00d3rg\u00e3o de Dire\u00e7\u00e3o e Assessoria, diretamente subordinada ao Reitor.<\/p>\r\n<p><b>Art. 2\u00ba - <\/b>Dever\u00e1 ser procedida posterior altera\u00e7\u00e3o do Estatuto e Regimento Geral da UFSM, em raz\u00e3o da reestrutura\u00e7\u00e3o sofrida pelo Departamento de Pessoal, que passa a funcionar como Pr\u00f3-Reitoria, a fim de dar \u00e0 medida o indispens\u00e1vel cunho de legalidade, j\u00e1 que a mat\u00e9ria relativa \u00e0 \u201cEstrutura e Funcionamento\u201d dos diversos \u00f3rg\u00e3os est\u00e1 prevista nos citados diplomas normativos.<\/p>\r\n<p><b>Art. 3\u00ba - <\/b>Em rela\u00e7\u00e3o \u00e0 nova estrutura, s\u00f3 poder\u00e3o ser ocupadas as \u201cFun\u00e7\u00f5es de Confian\u00e7a\u201d hoje em disponibilidade no quadro provenientes de remanejamento, neste \u00faltimo caso, respeitando o quantitativo aprovado pela SESu\/MEC.<\/p>\r\n<p><b>Art. 4\u00ba - <\/b>Esta Resolu\u00e7\u00e3o entra em vigor na data de sua publica\u00e7\u00e3o, revogadas as disposi\u00e7\u00f5es em contr\u00e1rio.<\/p>\r\n\r\n<p>GABINETE DO REITOR DA UNIVERSIDADE FEDERAL DE SANTA MARIA, aos vinte e sete dias do m\u00eas de dezembro do ano de mil, novecentos e noventa e seis.<\/p>\r\n<\/div>\r\n<p>Antonio Adalberto Brum Siqueira,<\/p>\r\n<p>Vice-Reitor, no exerc\u00edcio da Reitoria<\/p>\r\n<\/strike>\r\n<p><font color=\"red0000\">Este texto n\u00e3o substitui o documento original, publicado no Portal de Documentos.<\/font> Dispon\u00edvel em: <a href=\"https:\/\/portal.ufsm.br\/documentos\/publico\/documento.html?id=4507768\"><font color=\"blue\">https:\/\/portal.ufsm.br\/documentos\/publico\/documento.html?id=4507768<\/font><\/a>\r\n\r\n\t\t<\/div>\n\t\t\t\t<\/div>\n\t\t\t\t\t<\/div>\n\t\t<\/div>\n\t\t\t\t\t<\/div>\n\t\t<\/section>\n\t\t\t\t<\/div>\n\t\t","protected":false},"excerpt":{"rendered":"<p>RESOLU\u00c7\u00c3O N. 028\/1996 SERVI\u00c7O P\u00daBLICO FEDERAL RESOLU\u00c7\u00c3O N. 028\/1996 Reestrutura o Departamento de Pessoal da Universidade Federal de Santa Maria em Pr\u00f3-Reitoria de Recursos Humanos e d\u00e1 outras provid\u00eancias. Revogada pela Resolu\u00e7\u00e3o N. 029\/2012 O REITOR DA UNIVERSIDADE FEDERAL DE SANTA MARIA, no uso de suas atribui\u00e7\u00f5es legais e estatut\u00e1rias e considerando: &#8211; o Processo [&hellip;]<\/p>\n","protected":false},"author":205,"featured_media":0,"parent":0,"menu_order":0,"comment_status":"closed","ping_status":"closed","template":"","meta":{"footnotes":""},"categories":[],"tags":[],"class_list":["post-3401","page","type-page","status-publish","hentry"],"acf":[],"_links":{"self":[{"href":"https:\/\/www.ufsm.br\/pro-reitorias\/proplan\/wp-json\/wp\/v2\/pages\/3401","targetHints":{"allow":["GET"]}}],"collection":[{"href":"https:\/\/www.ufsm.br\/pro-reitorias\/proplan\/wp-json\/wp\/v2\/pages"}],"about":[{"href":"https:\/\/www.ufsm.br\/pro-reitorias\/proplan\/wp-json\/wp\/v2\/types\/page"}],"author":[{"embeddable":true,"href":"https:\/\/www.ufsm.br\/pro-reitorias\/proplan\/wp-json\/wp\/v2\/users\/205"}],"replies":[{"embeddable":true,"href":"https:\/\/www.ufsm.br\/pro-reitorias\/proplan\/wp-json\/wp\/v2\/comments?post=3401"}],"version-history":[{"count":0,"href":"https:\/\/www.ufsm.br\/pro-reitorias\/proplan\/wp-json\/wp\/v2\/pages\/3401\/revisions"}],"wp:attachment":[{"href":"https:\/\/www.ufsm.br\/pro-reitorias\/proplan\/wp-json\/wp\/v2\/media?parent=3401"}],"wp:term":[{"taxonomy":"category","embeddable":true,"href":"https:\/\/www.ufsm.br\/pro-reitorias\/proplan\/wp-json\/wp\/v2\/categories?post=3401"},{"taxonomy":"post_tag","embeddable":true,"href":"https:\/\/www.ufsm.br\/pro-reitorias\/proplan\/wp-json\/wp\/v2\/tags?post=3401"}],"curies":[{"name":"wp","href":"https:\/\/api.w.org\/{rel}","templated":true}]}}