{"id":3404,"date":"2020-03-18T19:00:28","date_gmt":"2020-03-18T22:00:28","guid":{"rendered":"https:\/\/www.ufsm.br\/pro-reitorias\/proplan\/?page_id=3404"},"modified":"2023-02-06T12:44:53","modified_gmt":"2023-02-06T15:44:53","slug":"resolucao-n-003-1995","status":"publish","type":"page","link":"https:\/\/www.ufsm.br\/pro-reitorias\/proplan\/resolucao-n-003-1995","title":{"rendered":"Resolu\u00e7\u00e3o N. 003\/1995"},"content":{"rendered":"\t\t<div data-elementor-type=\"wp-page\" data-elementor-id=\"3404\" class=\"elementor elementor-3404\">\n\t\t\t\t\t\t<section class=\"elementor-section elementor-top-section elementor-element elementor-element-d744f97 elementor-section-boxed elementor-section-height-default elementor-section-height-default\" data-id=\"d744f97\" data-element_type=\"section\">\n\t\t\t\t\t\t<div class=\"elementor-container elementor-column-gap-default\">\n\t\t\t\t\t<div class=\"elementor-column elementor-col-100 elementor-top-column elementor-element elementor-element-4d17591\" data-id=\"4d17591\" data-element_type=\"column\">\n\t\t\t<div class=\"elementor-widget-wrap elementor-element-populated\">\n\t\t\t\t\t\t<div class=\"elementor-element elementor-element-bf83664 elementor-widget elementor-widget-html\" data-id=\"bf83664\" data-element_type=\"widget\" data-widget_type=\"html.default\">\n\t\t\t\t<div class=\"elementor-widget-container\">\n\t\t\t<title><b>RESOLU\u00c7\u00c3O N. 003\/1995<\/b><\/title>\r\n\r\n\r\n<div align=\"center\"><img decoding=\"async\" src=\"https:\/\/www.ufsm.br\/pro-reitorias\/proplan\/wp-content\/uploads\/sites\/344\/2019\/09\/brasao-da-republica-do-brasil-logo.png\" alt=\"Bras\u00e3o Rep\u00fablica Federativa do Brasil\" width=\"6%\" height=\"6%\"><\/div>    \r\n<h1><font color=\"blue\"><font size=\"5\"><div align=\"center\">SERVI\u00c7O P\u00daBLICO FEDERAL<\/b><\/font><\/font><\/div><\/H1>\r\n\r\n<p><div align=\"center\"><b><a href=\"https:\/\/portal.ufsm.br\/documentos\/publico\/documento.html?id=4507820\"><font color=\"blue\">RESOLU\u00c7\u00c3O N. 003\/1995<\/font><\/a><\/b><\/div><\/p>\r\n<br>\r\n<p><a href=\"https:\/\/www.ufsm.br\/pro-reitorias\/proplan\/resolucao-ufsm-n-101-2022\" target=\"_blank\"><font color=\"blue\">Revogada pela Resolu\u00e7\u00e3o UFSM N. 101\/2022<\/font><\/a><\/p>\r\n<p><a href=\"https:\/\/www.ufsm.br\/pro-reitorias\/proplan\/resolucao-n-004-1998\/\" target=\"_blank\"><font color=\"blue\">Complementada pela Resolu\u00e7\u00e3o N. 004\/1998<\/font><\/a><\/p>\r\n<br>\r\n<p><div align=\"right\"><font color=\"800000\"><s>Disp\u00f5e sobre a Concess\u00e3o de Incentivos e\/ou Progress\u00e3o Funcional por Titula\u00e7\u00e3o de Docentes da UFSM.<\/s><\/font><\/div><\/p>\r\n<br>\r\n<br><div align=\"justify\">\r\n<p><s>O Reitor da Universidade Federal de Santa Maria, no uso de suas atribui\u00e7\u00f5es legais e estatut\u00e1rias, e considerando o que disp\u00f5e:<\/p>\r\n<p>- a <a href=\"http:\/\/www.planalto.gov.br\/ccivil_03\/LEIS\/1989_1994\/L8243.htm\" target=\"_blank\"><font color=\"blue\"><u>Lei n\u00ba 8.243, de 14 de outubro de 1991<\/u><\/font><\/a>;<\/p>\r\n<p>- o <a href=\"http:\/\/www.planalto.gov.br\/ccivil_03\/decreto\/antigos\/d94664.htm\" target=\"_blank\"><font color=\"blue\"><u>Decreto n\u00ba 94.664, de 23 de julho de 1987<\/u><\/font><\/a>;<\/p>\r\n<p>- a Portaria n\u00ba 939, de 29 de junho de 1993, do Minist\u00e9rio da Educa\u00e7\u00e3o e do Desporto;<\/p>\r\n<p>- a Resolu\u00e7\u00e3o n\u00ba 12, de 06 de outubro de 1983, do Conselho Federal de Educa\u00e7\u00e3o;<\/p>\r\n<p>- o Parecer n\u00ba 059\/95 da Comiss\u00e3o de Legisla\u00e7\u00e3o e Normas do Conselho de Ensino, Pesquisa e Extens\u00e3o;<\/p>\r\n<br>\r\n<p><b><div align=\"center\">RESOLVE:<\/b><\/div><\/p>\r\n<br>\r\n<p><b>Art. 1\u00ba - <\/b>Expedir a presente Resolu\u00e7\u00e3o para normatizar a Concess\u00e3o de Incentivos e\/ou Progress\u00e3o Funcional por Titula\u00e7\u00e3o a docentes da UFSM, a qual somente ser\u00e1 procedida mediante:<\/p>\r\n<p><b>I - <\/b>Certificados obtidos em cursos aprovados em Conselhos Superiores de Institui\u00e7\u00f5es credenciadas;<\/p>\r\n<p><b>II - <\/b>Graus nacionais obtidos em Cursos de P\u00f3s-Gradua\u00e7\u00e3o credenciados, de acordo com a <a href=\"https:\/\/www.capes.gov.br\/images\/stories\/download\/legislacao\/15062016-Revogacao-da-Portaria-n-46-2016.pdf\" target=\"_blank\"><font color=\"blue\"><u>Portaria n\u00ba 084, de 23 de dezembro de 1994, da CAPES (Funda\u00e7\u00e3o Coordena\u00e7\u00e3o de Aperfei\u00e7oamento de Pessoal de Ensino Superior)<\/u><\/font><\/a>;<\/p>\r\n<p><b>III - <\/b>T\u00edtulos de Livre-Docente devidamente registrados pelo \u00f3rg\u00e3o competente do Minist\u00e9rio da Educa\u00e7\u00e3o e do Desporto;<\/p>\r\n<p><b>IV - <\/b>Certificados, Graus e T\u00edtulos Acad\u00eamicos de P\u00f3s-Gradua\u00e7\u00e3o obtidos em Institui\u00e7\u00f5es Estrangeiras dever\u00e3o ser revalidados ou reconhecidos pelo CEPE.<\/p>\r\n\r\n<p>Par\u00e1grafo \u00fanico \u2014 Os graus nacionais, previstos no item II, obtidos em Cursos de P\u00f3s-Gradua\u00e7\u00e3o da UFSM e de suas Faculdades Agregadas, ainda n\u00e3o credenciados, ser\u00e3o aceitos no \u00e2mbito da UFSM, para todos os fins. <a href=\"https:\/\/www.ufsm.br\/pro-reitorias\/proplan\/resolucao-n-004-1998\/\" target=\"_blank\"><font color=\"blue\"><u>(Inclu\u00eddo pelo artigo 4\u00ba da Resolu\u00e7\u00e3o N. 004\/1998)<\/u><\/font><\/a><\/p>\r\n\r\n\r\n\r\n<p><b>Art. 2\u00ba - <\/b>A comprova\u00e7\u00e3o dos Graus e T\u00edtulos Acad\u00eamicos Nacionais dever\u00e1 ser feita mediante Diploma, devidamente registrado no \u00f3rg\u00e3o competente, ou comprovante da Institui\u00e7\u00e3o certificando que est\u00e3o preenchidas todas as condi\u00e7\u00f5es para recebimento do Diploma.<\/p>\r\n<p><b>Art. 3\u00ba - <\/b>O reconhecimento de Certificados, para os efeitos da aplica\u00e7\u00e3o do item 3 do par\u00e1grafo 1\u00ba do artigo 1\u00ba da <a href=\"http:\/\/www.planalto.gov.br\/ccivil_03\/LEIS\/1989_1994\/L8243.htm\" target=\"_blank\"><font color=\"blue\"><u>Lei n\u00ba 8243<\/u><\/font><\/a>, ser\u00e1 feito pela Institui\u00e7\u00e3o aos seus servidores, observando a Portaria n\u00ba 939, de 29 de junho de 1993, do Minist\u00e9rio da Educa\u00e7\u00e3o e do Desporto.<\/p>\r\n<p><b>Par\u00e1grafo 1\u00ba - <\/b>A comprova\u00e7\u00e3o de curso de especializa\u00e7\u00e3o dever\u00e1 ser feita mediante Certificado com o respectivo Hist\u00f3rico Escolar.<\/p>\r\n<p><b>Par\u00e1grafo 2\u00ba - <\/b>Os Certificados de Resid\u00eancia M\u00e9dica em programas credenciados pela Comiss\u00e3o Nacional de Resid\u00eancia s\u00e3o equivalentes a Cursos de Especializa\u00e7\u00e3o de acordo com o art. 1\u00ba do <a href=\"http:\/\/www.planalto.gov.br\/ccivil_03\/decreto\/1970-1979\/D80281.htm\" target=\"_blank\"><font color=\"blue\"><u>Decreto n\u00ba 80.281, de 5 de setembro de 1977<\/u><\/font><\/a>, e o art. 6\u00ba da <a href=\"http:\/\/www.planalto.gov.br\/ccivil_03\/leis\/l6932.htm\" target=\"_blank\"><font color=\"blue\"><u>Lei n\u00ba 6.932, de 07 de junho de 1981<\/u><\/font><\/a>.<\/p>\r\n\r\n<p><b>Art. 4\u00ba - <\/b>Para efeito de Concess\u00e3o do Incentivo e\/ou Progress\u00e3o por Titula\u00e7\u00e3o os interessados dever\u00e3o apresentar:<\/p>\r\n<p><b>I - <\/b>Requerimento do interessado dirigido ao Presidente da CPPD;<\/p>\r\n<p><b>II - <\/b>Diploma, se o curso conclu\u00eddo for Mestrado ou Doutorado;<\/p>\r\n<p><b>III - <\/b>Certificado com respectivo hist\u00f3rico escolar, se o Curso conclu\u00eddo for de Especializa\u00e7\u00e3o;<\/p>\r\n<p><b>IV - <\/b>Certificado, se o Curso conclu\u00eddo for de Resid\u00eancia M\u00e9dica.<\/p>\r\n<p>Par\u00e1grafo \u00fanico - O Diploma previsto no item II poder\u00e1 ser substitu\u00eddo por Certificado de Conclus\u00e3o, nos Cursos ainda n\u00e3o credenciados. <a href=\"https:\/\/www.ufsm.br\/pro-reitorias\/proplan\/resolucao-n-004-1998\/\" target=\"_blank\"><font color=\"blue\"><u>(Inclu\u00eddo pelo artigo 4\u00ba da Resolu\u00e7\u00e3o N. 004\/1998)<\/u><\/font><\/a><\/p>\r\n\r\n\r\n<p><b>Art. 5\u00ba - <\/b>Esta Resolu\u00e7\u00e3o entra em vigor na data da sua aprova\u00e7\u00e3o, revogando-se as disposi\u00e7\u00f5es em contr\u00e1rio.<\/p>\r\n\r\n<p>GABINETE DO REITOR DA UNIVERSIDADE FEDERAL DE SANTA MARIA, aos cinco dias do m\u00eas de junho do ano de mil, novecentos e noventa e cinco.<\/p>\r\n<\/div>\r\n<p>Odilon Antonio Marcuzzo do Canto,<\/p>\r\n<p>Reitor.<\/s><\/p>\r\n\r\n<p><font color=\"red0000\">Este texto n\u00e3o substitui o documento original, publicado no Portal de Documentos.<\/font> Dispon\u00edvel em: <a href=\"https:\/\/portal.ufsm.br\/documentos\/publico\/documento.html?id=4507820\"><font color=\"blue\">https:\/\/portal.ufsm.br\/documentos\/publico\/documento.html?id=4507820<\/font><\/a>\t\t<\/div>\n\t\t\t\t<\/div>\n\t\t\t\t\t<\/div>\n\t\t<\/div>\n\t\t\t\t\t<\/div>\n\t\t<\/section>\n\t\t\t\t<\/div>\n\t\t","protected":false},"excerpt":{"rendered":"<p>RESOLU\u00c7\u00c3O N. 003\/1995 SERVI\u00c7O P\u00daBLICO FEDERAL RESOLU\u00c7\u00c3O N. 003\/1995 Revogada pela Resolu\u00e7\u00e3o UFSM N. 101\/2022 Complementada pela Resolu\u00e7\u00e3o N. 004\/1998 Disp\u00f5e sobre a Concess\u00e3o de Incentivos e\/ou Progress\u00e3o Funcional por Titula\u00e7\u00e3o de Docentes da UFSM. O Reitor da Universidade Federal de Santa Maria, no uso de suas atribui\u00e7\u00f5es legais e estatut\u00e1rias, e considerando o que [&hellip;]<\/p>\n","protected":false},"author":205,"featured_media":0,"parent":0,"menu_order":0,"comment_status":"closed","ping_status":"closed","template":"","meta":{"footnotes":""},"categories":[],"tags":[],"class_list":["post-3404","page","type-page","status-publish","hentry"],"acf":[],"_links":{"self":[{"href":"https:\/\/www.ufsm.br\/pro-reitorias\/proplan\/wp-json\/wp\/v2\/pages\/3404","targetHints":{"allow":["GET"]}}],"collection":[{"href":"https:\/\/www.ufsm.br\/pro-reitorias\/proplan\/wp-json\/wp\/v2\/pages"}],"about":[{"href":"https:\/\/www.ufsm.br\/pro-reitorias\/proplan\/wp-json\/wp\/v2\/types\/page"}],"author":[{"embeddable":true,"href":"https:\/\/www.ufsm.br\/pro-reitorias\/proplan\/wp-json\/wp\/v2\/users\/205"}],"replies":[{"embeddable":true,"href":"https:\/\/www.ufsm.br\/pro-reitorias\/proplan\/wp-json\/wp\/v2\/comments?post=3404"}],"version-history":[{"count":0,"href":"https:\/\/www.ufsm.br\/pro-reitorias\/proplan\/wp-json\/wp\/v2\/pages\/3404\/revisions"}],"wp:attachment":[{"href":"https:\/\/www.ufsm.br\/pro-reitorias\/proplan\/wp-json\/wp\/v2\/media?parent=3404"}],"wp:term":[{"taxonomy":"category","embeddable":true,"href":"https:\/\/www.ufsm.br\/pro-reitorias\/proplan\/wp-json\/wp\/v2\/categories?post=3404"},{"taxonomy":"post_tag","embeddable":true,"href":"https:\/\/www.ufsm.br\/pro-reitorias\/proplan\/wp-json\/wp\/v2\/tags?post=3404"}],"curies":[{"name":"wp","href":"https:\/\/api.w.org\/{rel}","templated":true}]}}