{"id":3409,"date":"2020-03-18T19:12:10","date_gmt":"2020-03-18T22:12:10","guid":{"rendered":"https:\/\/www.ufsm.br\/pro-reitorias\/proplan\/?page_id=3409"},"modified":"2020-07-01T09:35:25","modified_gmt":"2020-07-01T12:35:25","slug":"resolucao-n-007-1995","status":"publish","type":"page","link":"https:\/\/www.ufsm.br\/pro-reitorias\/proplan\/resolucao-n-007-1995","title":{"rendered":"Resolu\u00e7\u00e3o N. 007\/1995"},"content":{"rendered":"\t\t<div data-elementor-type=\"wp-page\" data-elementor-id=\"3409\" class=\"elementor elementor-3409\">\n\t\t\t\t\t\t<section class=\"elementor-section elementor-top-section elementor-element elementor-element-cfa9e02 elementor-section-boxed elementor-section-height-default elementor-section-height-default\" data-id=\"cfa9e02\" data-element_type=\"section\">\n\t\t\t\t\t\t<div class=\"elementor-container elementor-column-gap-default\">\n\t\t\t\t\t<div class=\"elementor-column elementor-col-100 elementor-top-column elementor-element elementor-element-bd9fdc3\" data-id=\"bd9fdc3\" data-element_type=\"column\">\n\t\t\t<div class=\"elementor-widget-wrap elementor-element-populated\">\n\t\t\t\t\t\t<div class=\"elementor-element elementor-element-187fbad elementor-widget elementor-widget-html\" data-id=\"187fbad\" data-element_type=\"widget\" data-widget_type=\"html.default\">\n\t\t\t\t<div class=\"elementor-widget-container\">\n\t\t\t\r\n\r\n\r\n<title><b>RESOLU\u00c7\u00c3O N. 007\/1995<\/b><\/title>\r\n\r\n\r\n<div align=\"center\"><img decoding=\"async\" src=\"https:\/\/www.ufsm.br\/pro-reitorias\/proplan\/wp-content\/uploads\/sites\/344\/2019\/09\/brasao-da-republica-do-brasil-logo.png\" alt=\"Bras\u00e3o Rep\u00fablica Federativa do Brasil\" width=\"6%\" height=\"6%\"><\/div>    \r\n<h1><font color=\"blue\"><font size=\"5\"><div align=\"center\">SERVI\u00c7O P\u00daBLICO FEDERAL<\/b><\/font><\/font><\/div><\/H1>\r\n\r\n<p><div align=\"center\"><b><a href=\"https:\/\/portal.ufsm.br\/documentos\/publico\/documento.html?id=4507816\"><font color=\"blue\">RESOLU\u00c7\u00c3O N. 007\/1995<\/font><\/a><\/b><\/div><\/p>\r\n<br>\r\n<p><strike><div align=\"right\"><font color=\"800000\">Transfere a Orquestra Sinf\u00f4nica do Centro de Artes e Letras para a Reitoria, como \u00d3rg\u00e3o Suplementar Central.<\/font><\/div><\/strike><\/p>\r\n<br>\r\n<p><u><a href=\"https:\/\/www.ufsm.br\/pro-reitorias\/proplan\/resolucao-n-016-2020\/\" target=\"_blank\"><font color=\"blue\">Revogada pela Resolu\u00e7\u00e3o N. 016\/2020<\/font><\/a><\/u><\/p>\r\n<br>\r\n<strike>\r\n<br><div align=\"justify\">\r\n<p><b>O REITOR DA UNIVERSIDADE FEDERAL DE SANTA MARIA<\/b>, no uso de suas atribui\u00e7\u00f5es legais e estatut\u00e1rias e considerando:<\/p>\r\n<p>- o Parecer n\u00ba010\/95-CLR, aprovado na 518\u00aa Sess\u00e3o do Egr\u00e9gio Conselho Universit\u00e1rio, realizada em 07-06-95;<\/p>\r\n<p>- a decis\u00e3o do Conselho do Centro de Artes e Letras, na 352\u00aa Sess\u00e3o, realizada em 1\u00ba-11-94;<\/p>\r\n<br>\r\n<p><b><div align=\"center\">RESOLVE:<\/b><\/div><\/p>\r\n<br>\r\n<p><b>Art. 1\u00ba - <\/b>Transferir a Orquestra Sinf\u00f4nica do Centro de Artes e Letras para a Reitoria, como \u00f3rg\u00e3o Suplementar Central, de natureza t\u00e9cnica, diretamente subordinada ao Gabinete do Reitor.<\/p>\r\n<p><b>Art. 2\u00ba - <\/b>A Orquestra Sinf\u00f4nica da Universidade Federal de Santa Maria reger-se-\u00e1 por Regimento Interno pr\u00f3prio - aprovado pelo Conselho Universit\u00e1rio -, pelo Estatuto e Regimento Geral da Institui\u00e7\u00e3o.<\/p>\r\n<p><b>Art. 3\u00ba - <\/b>Esta Resolu\u00e7\u00e3o entra em vigor na data de sua publica\u00e7\u00e3o e revoga as disposi\u00e7\u00f5es em contr\u00e1rio.<\/p>\r\n\r\n<p>GABINETE DO REITOR DA UNIVERSIDADE FEDERAL DE SANTA MARIA, aos vinte e dois dias do m\u00eas de junho do ano de mil, novecentos e noventa e cinco.<\/p>\r\n<\/div>\r\n<p>Odilon Antonio Marcuzzo do Canto,<\/p>\r\n<p>Reitor.<\/p>\r\n<\/strike>\r\n<p><font color=\"red0000\">Este texto n\u00e3o substitui o documento original, publicado no Portal de Documentos.<\/font> Dispon\u00edvel em: <a href=\"https:\/\/portal.ufsm.br\/documentos\/publico\/documento.html?id=4507816\"><font color=\"blue\">https:\/\/portal.ufsm.br\/documentos\/publico\/documento.html?id=4507816<\/font><\/a>\r\n\r\n\t\t<\/div>\n\t\t\t\t<\/div>\n\t\t\t\t\t<\/div>\n\t\t<\/div>\n\t\t\t\t\t<\/div>\n\t\t<\/section>\n\t\t\t\t<\/div>\n\t\t","protected":false},"excerpt":{"rendered":"<p>RESOLU\u00c7\u00c3O N. 007\/1995 SERVI\u00c7O P\u00daBLICO FEDERAL RESOLU\u00c7\u00c3O N. 007\/1995 Transfere a Orquestra Sinf\u00f4nica do Centro de Artes e Letras para a Reitoria, como \u00d3rg\u00e3o Suplementar Central. Revogada pela Resolu\u00e7\u00e3o N. 016\/2020 O REITOR DA UNIVERSIDADE FEDERAL DE SANTA MARIA, no uso de suas atribui\u00e7\u00f5es legais e estatut\u00e1rias e considerando: &#8211; o Parecer n\u00ba010\/95-CLR, aprovado na [&hellip;]<\/p>\n","protected":false},"author":205,"featured_media":0,"parent":0,"menu_order":0,"comment_status":"closed","ping_status":"closed","template":"","meta":{"footnotes":""},"categories":[],"tags":[],"class_list":["post-3409","page","type-page","status-publish","hentry"],"acf":[],"_links":{"self":[{"href":"https:\/\/www.ufsm.br\/pro-reitorias\/proplan\/wp-json\/wp\/v2\/pages\/3409","targetHints":{"allow":["GET"]}}],"collection":[{"href":"https:\/\/www.ufsm.br\/pro-reitorias\/proplan\/wp-json\/wp\/v2\/pages"}],"about":[{"href":"https:\/\/www.ufsm.br\/pro-reitorias\/proplan\/wp-json\/wp\/v2\/types\/page"}],"author":[{"embeddable":true,"href":"https:\/\/www.ufsm.br\/pro-reitorias\/proplan\/wp-json\/wp\/v2\/users\/205"}],"replies":[{"embeddable":true,"href":"https:\/\/www.ufsm.br\/pro-reitorias\/proplan\/wp-json\/wp\/v2\/comments?post=3409"}],"version-history":[{"count":0,"href":"https:\/\/www.ufsm.br\/pro-reitorias\/proplan\/wp-json\/wp\/v2\/pages\/3409\/revisions"}],"wp:attachment":[{"href":"https:\/\/www.ufsm.br\/pro-reitorias\/proplan\/wp-json\/wp\/v2\/media?parent=3409"}],"wp:term":[{"taxonomy":"category","embeddable":true,"href":"https:\/\/www.ufsm.br\/pro-reitorias\/proplan\/wp-json\/wp\/v2\/categories?post=3409"},{"taxonomy":"post_tag","embeddable":true,"href":"https:\/\/www.ufsm.br\/pro-reitorias\/proplan\/wp-json\/wp\/v2\/tags?post=3409"}],"curies":[{"name":"wp","href":"https:\/\/api.w.org\/{rel}","templated":true}]}}