{"id":3412,"date":"2020-03-18T19:12:32","date_gmt":"2020-03-18T22:12:32","guid":{"rendered":"https:\/\/www.ufsm.br\/pro-reitorias\/proplan\/?page_id=3412"},"modified":"2020-07-20T13:02:41","modified_gmt":"2020-07-20T16:02:41","slug":"resolucao-n-010-1995","status":"publish","type":"page","link":"https:\/\/www.ufsm.br\/pro-reitorias\/proplan\/resolucao-n-010-1995","title":{"rendered":"Resolu\u00e7\u00e3o N. 010\/1995"},"content":{"rendered":"\t\t<div data-elementor-type=\"wp-page\" data-elementor-id=\"3412\" class=\"elementor elementor-3412\">\n\t\t\t\t\t\t<section class=\"elementor-section elementor-top-section elementor-element elementor-element-b1890fe elementor-section-boxed elementor-section-height-default elementor-section-height-default\" data-id=\"b1890fe\" data-element_type=\"section\">\n\t\t\t\t\t\t<div class=\"elementor-container elementor-column-gap-default\">\n\t\t\t\t\t<div class=\"elementor-column elementor-col-100 elementor-top-column elementor-element elementor-element-de16abf\" data-id=\"de16abf\" data-element_type=\"column\">\n\t\t\t<div class=\"elementor-widget-wrap elementor-element-populated\">\n\t\t\t\t\t\t<div class=\"elementor-element elementor-element-5b60b66 elementor-widget elementor-widget-html\" data-id=\"5b60b66\" data-element_type=\"widget\" data-widget_type=\"html.default\">\n\t\t\t\t<div class=\"elementor-widget-container\">\n\t\t\t\r\n\r\n\r\n<title><b>RESOLU\u00c7\u00c3O N. 010\/1995<\/b><\/title>\r\n\r\n\r\n<div align=\"center\"><img decoding=\"async\" src=\"https:\/\/www.ufsm.br\/pro-reitorias\/proplan\/wp-content\/uploads\/sites\/344\/2019\/09\/brasao-da-republica-do-brasil-logo.png\" alt=\"Bras\u00e3o Rep\u00fablica Federativa do Brasil\" width=\"6%\" height=\"6%\"><\/div>    \r\n<h1><font color=\"blue\"><font size=\"5\"><div align=\"center\">SERVI\u00c7O P\u00daBLICO FEDERAL<\/b><\/font><\/font><\/div><\/H1>\r\n\r\n<p><div align=\"center\"><b><a href=\"https:\/\/portal.ufsm.br\/documentos\/publico\/documento.html?id=4507794\"><font color=\"blue\">RESOLU\u00c7\u00c3O N. 010\/1995<\/font><\/a><\/b><\/div><\/p>\r\n<br>\r\n<p><div align=\"right\"><font color=\"800000\"><strike>Atribui compet\u00eancias \u00e0 Coordenadoria de Planejamento F\u00edsico (COPLAFI) da Pr\u00f3-Reitoria de Planejamento e d\u00e1 outras provid\u00eancias.<\/strike><\/font><\/div><\/p>\r\n<br>\r\n<p><a href=\"https:\/\/www.ufsm.br\/pro-reitorias\/proplan\/resolucao-n-022-2020\/\" target=\"_blank\"><font color=\"blue\">Revogada pela Resolu\u00e7\u00e3o N. 022\/2020<\/font><\/a><\/p>\r\n<br>\r\n<br><div align=\"justify\">\r\n<strike>\r\n<p><b>O REITOR DA UNIVERSIDADE FEDERAL DE SANTA MARIA<\/b>, no uso de suas atribui\u00e7\u00f5es legais e estatut\u00e1rias e considerando:<\/p>\r\n<p>- a <a href=\"https:\/\/www.ufsm.br\/pro-reitorias\/proplan\/resolucao-n-011-1990\/\" target=\"_blank\"><font color=\"blue\"><u>Resolu\u00e7\u00e3o 11\/90 - UFSM, de 17-04-90<\/u><\/font><\/a>, que extingue a Assessoria T\u00e9cnica de Obras (ATO) e transfere o pessoal, os bens patrimoniais, o espa\u00e7o f\u00edsico e as suas compet\u00eancias \u00e0 Coordenadoria de Planejamento F\u00edsico, da Pr\u00f3-Reitoria de Planejamento, e \u00e0 Divis\u00e3o de Obras, da Prefeitura da Cidade Universit\u00e1ria, passando a esta \u00faltima a responsabilidade pelo acompanhamento e fiscaliza\u00e7\u00e3o de obras;<\/p>\r\n<p>- que a experi\u00eancia vivenciada com esta mudan\u00e7a tem-se mostrado insatisfat\u00f3ria, de um lado, por quebrar a continuidade do processo de produ\u00e7\u00e3o das obras e, de outro, por sobrecarregar as atividades da Divis\u00e3o de Obras;<\/p>\r\n<p>- a necessidade de congrega\u00e7\u00e3o das atividades de planejamento, projeto, acompanhamento e fiscaliza\u00e7\u00e3o de obras em um mesmo \u00f3rg\u00e3o;<\/p>\r\n<br>\r\n<p><b><div align=\"center\">RESOLVE:<\/b><\/div><\/p>\r\n<br>\r\n<p><b>Art. 1\u00ba - <\/b>Atribuir \u00e0 Coordenadoria de Planejamento F\u00edsico, da Pr\u00f3-Reitoria de Planejamento (PROPLAN), al\u00e9m das atividades de planejamento e projetos de constru\u00e7\u00e3o civil, as atividades de acompanhamento e fiscaliza\u00e7\u00e3o das obras e servi\u00e7os de engenharia e arquitetura visando \u00e0 implementa\u00e7\u00e3o e ao acompanhamento do Plano Diretor F\u00edsico.<\/p>\r\n<p><b>\u00a7 1\u00ba - <\/b>Entende-se por atividades de planejamento, projetos, acompanhamento e fiscaliza\u00e7\u00e3o de obras aquelas que originem altera\u00e7\u00f5es no espa\u00e7o f\u00edsico da Universidade, tais como: obras novas, amplia\u00e7\u00f5es, redu\u00e7\u00f5es e modifica\u00e7\u00f5es que derivem projetos de constru\u00e7\u00e3o civil.<\/p>\r\n<p><b>\u00a7 2\u00ba - <\/b>Toda solicita\u00e7\u00e3o de altera\u00e7\u00e3o nos espa\u00e7os f\u00edsicos de Unidades e\/ou Subunidades da Institui\u00e7\u00e3o dever\u00e1 ser submetida \u00e0 aprecia\u00e7\u00e3o t\u00e9cnica da COPLAFI\/PROPLAN.<\/p>\r\n<p><b>\u00a7 3\u00ba - <\/b>Nos casos em que n\u00e3o for necess\u00e1ria a contrata\u00e7\u00e3o de servi\u00e7os de terceiros, a COPLAFI, ap\u00f3s procedidos os devidos registros, dever\u00e1 encaminhar a solicita\u00e7\u00e3o imediatamente a Divis\u00e3o de Obras para a execu\u00e7\u00e3o.<\/p>\r\n<p><b>\u00a7 4\u00ba - <\/b>Procedida a altera\u00e7\u00e3o in loco pelos t\u00e9cnicos da Divis\u00e3o de Obras, esta dever\u00e1 contatar a COPLAFI para medi\u00e7\u00e3o e registro da altera\u00e7\u00e3o no Cadastro de Espa\u00e7o F\u00edsico.<\/p>\r\n<p><b>\u00a7 5\u00ba - <\/b>Para cumprir suas finalidades a COPLAFI passa a contar, em sua estrutura, com um N\u00facleo Administrativo.<\/p>\r\n\r\n<p><b>Art. 2\u00ba - <\/b>Atribuir \u00e0 Prefeitura da Cidade Universit\u00e1ria, por meio da Divis\u00e3o de Obras, os servi\u00e7os especializados de manuten\u00e7\u00e3o e conserva\u00e7\u00e3o de pr\u00e9dios e instala\u00e7\u00f5es da Universidade.<\/p>\r\n<p><b>Par\u00e1grafo \u00fanico: <\/b>Entende-se por atividades de manuten\u00e7\u00e3o e conserva\u00e7\u00e3o de pr\u00e9dios e instala\u00e7\u00f5es, aquelas desenvolvidas com o objetivo de assegurar-lhes condi\u00e7\u00f5es satisfat\u00f3rias de seguran\u00e7a, habitabilidade, efici\u00eancia e outros, reduzindo, ao m\u00e1ximo, a tend\u00eancia de perda das suas caracter\u00edsticas originais de desempenho, devido ao uso e a\u00e7\u00e3o dos agentes atmosf\u00e9ricos, tais como: restaura\u00e7\u00f5es, reformas e reparos da \u00e1rea j\u00e1 constru\u00edda e que n\u00e3o impliquem em mudan\u00e7a da \u00e1rea f\u00edsica.<\/p>\r\n\r\n<p><b>Art. 3\u00ba - <\/b>Os casos n\u00e3o contemplados nesta Resolu\u00e7\u00e3o, dever\u00e3o ser tratados, conjuntamente, pela Prefeitura da Cidade Universit\u00e1ria e Coordenadoria de Planejamento F\u00edsico.<\/p>\r\n<p><b>Art. 4\u00ba - <\/b>Esta Resolu\u00e7\u00e3o entra em vigor na data de sua publica\u00e7\u00e3o, revogadas as disposi\u00e7\u00f5es em contr\u00e1rio.<\/p>\r\n\r\n<p>GABINETE DO REITOR DA UNIVERSIDADE FEDERAL DE SANTA MARIA, aos vinte e nove dias do m\u00eas de junho do ano de mil, novecentos e noventa e cinco.<\/p>\r\n<\/div>\r\n<p>Odilon Antonio Marcuzzo do Canto,<\/p>\r\n<p>Reitor.<\/p>\r\n<\/strike>\r\n\r\n<p><font color=\"red0000\">Este texto n\u00e3o substitui o documento original, publicado no Portal de Documentos.<\/font> Dispon\u00edvel em: <a href=\"https:\/\/portal.ufsm.br\/documentos\/publico\/documento.html?id=4507794\"><font color=\"blue\">https:\/\/portal.ufsm.br\/documentos\/publico\/documento.html?id=4507794<\/font><\/a>\r\n\r\n\t\t<\/div>\n\t\t\t\t<\/div>\n\t\t\t\t\t<\/div>\n\t\t<\/div>\n\t\t\t\t\t<\/div>\n\t\t<\/section>\n\t\t\t\t<\/div>\n\t\t","protected":false},"excerpt":{"rendered":"<p>RESOLU\u00c7\u00c3O N. 010\/1995 SERVI\u00c7O P\u00daBLICO FEDERAL RESOLU\u00c7\u00c3O N. 010\/1995 Atribui compet\u00eancias \u00e0 Coordenadoria de Planejamento F\u00edsico (COPLAFI) da Pr\u00f3-Reitoria de Planejamento e d\u00e1 outras provid\u00eancias. Revogada pela Resolu\u00e7\u00e3o N. 022\/2020 O REITOR DA UNIVERSIDADE FEDERAL DE SANTA MARIA, no uso de suas atribui\u00e7\u00f5es legais e estatut\u00e1rias e considerando: &#8211; a Resolu\u00e7\u00e3o 11\/90 &#8211; UFSM, de [&hellip;]<\/p>\n","protected":false},"author":205,"featured_media":0,"parent":0,"menu_order":0,"comment_status":"closed","ping_status":"closed","template":"","meta":{"footnotes":""},"categories":[],"tags":[],"class_list":["post-3412","page","type-page","status-publish","hentry"],"acf":[],"_links":{"self":[{"href":"https:\/\/www.ufsm.br\/pro-reitorias\/proplan\/wp-json\/wp\/v2\/pages\/3412","targetHints":{"allow":["GET"]}}],"collection":[{"href":"https:\/\/www.ufsm.br\/pro-reitorias\/proplan\/wp-json\/wp\/v2\/pages"}],"about":[{"href":"https:\/\/www.ufsm.br\/pro-reitorias\/proplan\/wp-json\/wp\/v2\/types\/page"}],"author":[{"embeddable":true,"href":"https:\/\/www.ufsm.br\/pro-reitorias\/proplan\/wp-json\/wp\/v2\/users\/205"}],"replies":[{"embeddable":true,"href":"https:\/\/www.ufsm.br\/pro-reitorias\/proplan\/wp-json\/wp\/v2\/comments?post=3412"}],"version-history":[{"count":0,"href":"https:\/\/www.ufsm.br\/pro-reitorias\/proplan\/wp-json\/wp\/v2\/pages\/3412\/revisions"}],"wp:attachment":[{"href":"https:\/\/www.ufsm.br\/pro-reitorias\/proplan\/wp-json\/wp\/v2\/media?parent=3412"}],"wp:term":[{"taxonomy":"category","embeddable":true,"href":"https:\/\/www.ufsm.br\/pro-reitorias\/proplan\/wp-json\/wp\/v2\/categories?post=3412"},{"taxonomy":"post_tag","embeddable":true,"href":"https:\/\/www.ufsm.br\/pro-reitorias\/proplan\/wp-json\/wp\/v2\/tags?post=3412"}],"curies":[{"name":"wp","href":"https:\/\/api.w.org\/{rel}","templated":true}]}}