{"id":3413,"date":"2020-03-18T19:12:38","date_gmt":"2020-03-18T22:12:38","guid":{"rendered":"https:\/\/www.ufsm.br\/pro-reitorias\/proplan\/?page_id=3413"},"modified":"2022-06-01T10:30:03","modified_gmt":"2022-06-01T13:30:03","slug":"resolucao-n-011-1995","status":"publish","type":"page","link":"https:\/\/www.ufsm.br\/pro-reitorias\/proplan\/resolucao-n-011-1995","title":{"rendered":"Resolu\u00e7\u00e3o N. 011\/1995"},"content":{"rendered":"\t\t<div data-elementor-type=\"wp-page\" data-elementor-id=\"3413\" class=\"elementor elementor-3413\">\n\t\t\t\t\t\t<section class=\"elementor-section elementor-top-section elementor-element elementor-element-f7f90db elementor-section-boxed elementor-section-height-default elementor-section-height-default\" data-id=\"f7f90db\" data-element_type=\"section\">\n\t\t\t\t\t\t<div class=\"elementor-container elementor-column-gap-default\">\n\t\t\t\t\t<div class=\"elementor-column elementor-col-100 elementor-top-column elementor-element elementor-element-5837102\" data-id=\"5837102\" data-element_type=\"column\">\n\t\t\t<div class=\"elementor-widget-wrap elementor-element-populated\">\n\t\t\t\t\t\t<div class=\"elementor-element elementor-element-90fb7c7 elementor-widget elementor-widget-html\" data-id=\"90fb7c7\" data-element_type=\"widget\" data-widget_type=\"html.default\">\n\t\t\t\t<div class=\"elementor-widget-container\">\n\t\t\t\ufeff\r\n\r\n\r\n<title><b>RESOLU\u00c7\u00c3O N. 011\/1995<\/b><\/title>\r\n\r\n\r\n<div align=\"center\"><img decoding=\"async\" src=\"https:\/\/www.ufsm.br\/pro-reitorias\/proplan\/wp-content\/uploads\/sites\/344\/2019\/09\/brasao-da-republica-do-brasil-logo.png\" alt=\"Bras\u00e3o Rep\u00fablica Federativa do Brasil\" width=\"6%\" height=\"6%\"><\/div>    \r\n<h1><font color=\"blue\"><font size=\"5\"><div align=\"center\">SERVI\u00c7O P\u00daBLICO FEDERAL<\/b><\/font><\/font><\/div><\/H1>\r\n\r\n<p><div align=\"center\"><b><a href=\"https:\/\/portal.ufsm.br\/documentos\/publico\/documento.html?id=4507795\"><font color=\"blue\">RESOLU\u00c7\u00c3O N. 011\/1995<\/font><\/a><\/b><\/div><\/p>\r\n<br>\r\n<p><div align=\"right\"><font color=\"800000\"><strike>Cria, no \u00e2mbito da Universidade Federal de Santa Maria, o Departamento de Arquitetura e Urbanismo, subordinado \u00e0 Dire\u00e7\u00e3o do Centro de Tecnologia.<\/strike><\/font><\/div><\/p>\r\n<br>\r\n<p><a href=\"https:\/\/www.ufsm.br\/pro-reitorias\/proplan\/resolucao-ufsm-n-094-2022\/\" target=\"_blank\"><font color=\"blue\">Revogada pela Resolu\u00e7\u00e3o UFSM N. 094\/2022<\/font><\/a>\r\n<br><div align=\"justify\">\r\n<strike>\r\n<p>O REITOR DA UNIVERSIDADE FEDERAL DE SANTA MARIA, no uso de suas atribui\u00e7\u00f5es legais e estatut\u00e1rias e de acordo com o que consta no Processo n\u00ba <a href=\"https:\/\/portal.ufsm.br\/documentos\/publico\/processo\/documento.html?idDocumento=89143\" target=\"_blank\"><font color=\"blue\"><u>23081.009690\/94-87<\/u><\/font><\/a>, no Parecer n\u00ba002\/95, do Conselho de Ensino, Pesquisa e Extens\u00e3o, aprovado em sua 456\u00aa Sess\u00e3o e na decis\u00e3o do Egr\u00e9gio Conselho Universit\u00e1rio em sua Sess\u00e3o n\u00ba 518, realizada em 07-06-95,<\/p>\r\n<br>\r\n<p><b><div align=\"center\">RESOLVE:<\/b><\/div><\/p>\r\n<br>\r\n<p><b>Art. 1\u00ba - <\/b>Criar o Departamento de Arquitetura e Urbanismo da Universidade Federal de Santa Maria, que passa a compor a estrutura do Centro de Tecnologia.<\/p>\r\n<p><b>Art. 2\u00ba - <\/b>As disciplinas integrantes do Departamento de Arquitetura e Urbanismo s\u00e3o as seguintes:<\/p>\r\n<p>- Planejamento e Projeto de Arquitetura I;<\/p>\r\n<p>- Planejamento e Projeto de Arquitetura II;<\/p>\r\n<p>- Planejamento e Projeto de Arquitetura III;<\/p>\r\n<p>- Planejamento e Projeto de Arquitetura IV;<\/p>\r\n<p>- Planejamento e Projeto de Arquitetura V;<\/p>\r\n<p>- Planejamento e Projeto de Arquitetura VI;<\/p>\r\n<p>- Planejamento e Projeto de Arquitetura VII;<\/p>\r\n<p>- Planejamento e Projeto de Arquitetura VIII;<\/p>\r\n<p>- Planejamento e Projeto de Arquitetura IX;<\/p>\r\n<p>- Planejamento e Projeto de Arquitetura X;<\/p>\r\n<p>- Planejamento e Projeto de Urbanismo I,<\/p>\r\n<p>- Planejamento e Projeto de Urbanismo II,<\/p>\r\n<p>- Planejamento e Projeto de Urbanismo III,<\/p>\r\n<p>- Planejamento e Projeto de Urbanismo IV;<\/p>\r\n<p>- Planejamento e Projeto de Paisagismo I,<\/p>\r\n<p>- Planejamento e Projeto de Paisagismo II;<\/p>\r\n<p>- Teoria da Arquitetura I,<\/p>\r\n<p>- Teoria da Arquitetura II;<\/p>\r\n<p>- Teoria da Arquitetura III;<\/p>\r\n<p>- Teoria da Arquitetura IV;<\/p>\r\n<p>- Hist\u00f3ria das Artes e da Arquitetura I;<\/p>\r\n<p>- Hist\u00f3ria das Artes e da Arquitetura II;<\/p>\r\n<p>- Hist\u00f3ria das Artes e da Arquitetura III;<\/p>\r\n<p>- Hist\u00f3ria das Artes e da Arquitetura IV;<\/p>\r\n<p>- Arquitetura no Brasil I,<\/p>\r\n<p>- Arquitetura no Brasil II;<\/p>\r\n<p>- Arquitetura Brasileira Contempor\u00e2nea I;<\/p>\r\n<p>- Arquitetura Brasileira Contempor\u00e2nea II;<\/p>\r\n<p>- Arquitetura no Rio Grande do Sul I;<\/p>\r\n<p>- Arquitetura no Rio Grande do Sul II;<\/p>\r\n<p>- Modelos I;<\/p>\r\n<p>- Modelos II;<\/p>\r\n<p>- Composi\u00e7\u00e3o e Modelagem de Estruturas I; <\/p>\r\n<p>- Composi\u00e7\u00e3o e Modelagem de Estruturas II;<\/p>\r\n<p>- Tecnologia da Arquitetura I;<\/p>\r\n<p>- Tecnologia da Arquitetura II;<\/p>\r\n<p>- Trabalho de Gradua\u00e7\u00e3o;<\/p>\r\n<p>- Atividades Complementares de Gradua\u00e7\u00e3o.<\/p>\r\n\r\n<p><b>Art. 3\u00ba - <\/b>Os docentes a serem lotados no Departamento de Arquitetura e Urbanismo s\u00e3o os seguintes:<\/p>\r\n<p><b>I - <\/b>Do Departamento de Estrutura e Constru\u00e7\u00e3o Civil:<\/p>\r\n<p>- Prof. Luiz Gonzaga Binato de Almeida;<\/p>\r\n<p>- Prof. Jos\u00e9 Julio Oliveira Barberena;<\/p>\r\n<p>- Prof. Getulio de Souza Picada;<\/p>\r\n<p>- Prof. D\u00e9cio Bevilacqua;<\/p>\r\n<p>- Prof. S\u00f4nia Nara Pereira R\u00eago Mascarello;<\/p>\r\n<p>- Prof. Hugo Gomes Blois Filho;<\/p>\r\n<p>- Prof. Luiz Fernando da Silva Mello.<\/p>\r\n\r\n<p><b>II - <\/b>Do Departamento de Express\u00e3o Gr\u00e1fica:<\/p>\r\n<p>- Prof Edson Luiz Bortolluzzi da Silva;<\/p>\r\n<p>- Prof Dilson Nicoloso Cechin;<\/p>\r\n<p>- Prof. Fl\u00e1vio Alberto Bandeira Medina.<\/p>\r\n\r\n<p><b>Art. 4\u00ba - <\/b>A cria\u00e7\u00e3o ou transforma\u00e7\u00e3o de fun\u00e7\u00f5es de confian\u00e7a, necess\u00e1rias ao funcionamento do referido Departamento Did\u00e1tico, depender\u00e1 do que dispuser a legisla\u00e7\u00e3o em vigor.<\/p>\r\n<p><b>Art. 5\u00ba - <\/b>Esta Resolu\u00e7\u00e3o entra em vigor na data de sua publica\u00e7\u00e3o, revogadas as disposi\u00e7\u00f5es em contr\u00e1rio.<\/p>\r\n\r\n<p>GABINETE DO REITOR DA UNIVERSIDADE FEDERAL DE SANTA MARIA, aos treze dias do m\u00eas de julho do ano de mil, novecentos e noventa e cinco.<\/p>\r\n<\/div>\r\n<p>Antonio Adalberto Brum Siqueira,<\/p>\r\n<p>Vice-Reitor, no exerc\u00edcio da Reitoria.<\/p>\r\n<\/strike>\r\n<p><font color=\"red0000\">Este texto n\u00e3o substitui o documento original, publicado no Portal de Documentos.<\/font> Dispon\u00edvel em: <a href=\"https:\/\/portal.ufsm.br\/documentos\/publico\/documento.html?id=4507795\"><font color=\"blue\">https:\/\/portal.ufsm.br\/documentos\/publico\/documento.html?id=4507795<\/font><\/a>\r\n\r\n\t\t<\/div>\n\t\t\t\t<\/div>\n\t\t\t\t\t<\/div>\n\t\t<\/div>\n\t\t\t\t\t<\/div>\n\t\t<\/section>\n\t\t\t\t<\/div>\n\t\t","protected":false},"excerpt":{"rendered":"<p>\ufeff RESOLU\u00c7\u00c3O N. 011\/1995 SERVI\u00c7O P\u00daBLICO FEDERAL RESOLU\u00c7\u00c3O N. 011\/1995 Cria, no \u00e2mbito da Universidade Federal de Santa Maria, o Departamento de Arquitetura e Urbanismo, subordinado \u00e0 Dire\u00e7\u00e3o do Centro de Tecnologia. Revogada pela Resolu\u00e7\u00e3o UFSM N. 094\/2022 O REITOR DA UNIVERSIDADE FEDERAL DE SANTA MARIA, no uso de suas atribui\u00e7\u00f5es legais e estatut\u00e1rias e [&hellip;]<\/p>\n","protected":false},"author":205,"featured_media":0,"parent":0,"menu_order":0,"comment_status":"closed","ping_status":"closed","template":"","meta":{"footnotes":""},"categories":[],"tags":[],"class_list":["post-3413","page","type-page","status-publish","hentry"],"acf":[],"_links":{"self":[{"href":"https:\/\/www.ufsm.br\/pro-reitorias\/proplan\/wp-json\/wp\/v2\/pages\/3413","targetHints":{"allow":["GET"]}}],"collection":[{"href":"https:\/\/www.ufsm.br\/pro-reitorias\/proplan\/wp-json\/wp\/v2\/pages"}],"about":[{"href":"https:\/\/www.ufsm.br\/pro-reitorias\/proplan\/wp-json\/wp\/v2\/types\/page"}],"author":[{"embeddable":true,"href":"https:\/\/www.ufsm.br\/pro-reitorias\/proplan\/wp-json\/wp\/v2\/users\/205"}],"replies":[{"embeddable":true,"href":"https:\/\/www.ufsm.br\/pro-reitorias\/proplan\/wp-json\/wp\/v2\/comments?post=3413"}],"version-history":[{"count":0,"href":"https:\/\/www.ufsm.br\/pro-reitorias\/proplan\/wp-json\/wp\/v2\/pages\/3413\/revisions"}],"wp:attachment":[{"href":"https:\/\/www.ufsm.br\/pro-reitorias\/proplan\/wp-json\/wp\/v2\/media?parent=3413"}],"wp:term":[{"taxonomy":"category","embeddable":true,"href":"https:\/\/www.ufsm.br\/pro-reitorias\/proplan\/wp-json\/wp\/v2\/categories?post=3413"},{"taxonomy":"post_tag","embeddable":true,"href":"https:\/\/www.ufsm.br\/pro-reitorias\/proplan\/wp-json\/wp\/v2\/tags?post=3413"}],"curies":[{"name":"wp","href":"https:\/\/api.w.org\/{rel}","templated":true}]}}