{"id":3418,"date":"2020-03-18T19:45:14","date_gmt":"2020-03-18T22:45:14","guid":{"rendered":"https:\/\/www.ufsm.br\/pro-reitorias\/proplan\/?page_id=3418"},"modified":"2020-05-28T16:23:48","modified_gmt":"2020-05-28T19:23:48","slug":"resolucao-n-017-1995","status":"publish","type":"page","link":"https:\/\/www.ufsm.br\/pro-reitorias\/proplan\/resolucao-n-017-1995","title":{"rendered":"Resolu\u00e7\u00e3o N. 017\/1995"},"content":{"rendered":"\t\t<div data-elementor-type=\"wp-page\" data-elementor-id=\"3418\" class=\"elementor elementor-3418\">\n\t\t\t\t\t\t<section class=\"elementor-section elementor-top-section elementor-element elementor-element-6ef5126 elementor-section-boxed elementor-section-height-default elementor-section-height-default\" data-id=\"6ef5126\" data-element_type=\"section\">\n\t\t\t\t\t\t<div class=\"elementor-container elementor-column-gap-default\">\n\t\t\t\t\t<div class=\"elementor-column elementor-col-100 elementor-top-column elementor-element elementor-element-897132c\" data-id=\"897132c\" data-element_type=\"column\">\n\t\t\t<div class=\"elementor-widget-wrap elementor-element-populated\">\n\t\t\t\t\t\t<div class=\"elementor-element elementor-element-640dd30 elementor-widget elementor-widget-html\" data-id=\"640dd30\" data-element_type=\"widget\" data-widget_type=\"html.default\">\n\t\t\t\t<div class=\"elementor-widget-container\">\n\t\t\t\r\n\r\n\r\n<title><b>RESOLU\u00c7\u00c3O N. 017\/1995<\/b><\/title>\r\n\r\n\r\n<div align=\"center\"><img decoding=\"async\" src=\"https:\/\/www.ufsm.br\/pro-reitorias\/proplan\/wp-content\/uploads\/sites\/344\/2019\/09\/brasao-da-republica-do-brasil-logo.png\" alt=\"Bras\u00e3o Rep\u00fablica Federativa do Brasil\" width=\"6%\" height=\"6%\"><\/div>    \r\n<h1><font color=\"blue\"><font size=\"5\"><div align=\"center\">SERVI\u00c7O P\u00daBLICO FEDERAL<\/b><\/font><\/font><\/div><\/H1>\r\n\r\n<p><div align=\"center\"><b><a href=\"https:\/\/portal.ufsm.br\/documentos\/publico\/documento.html?id=4507801\"><font color=\"blue\">RESOLU\u00c7\u00c3O N. 017\/1995<\/font><\/a><\/b><\/div><\/p>\r\n<br>\r\n<p><div align=\"right\"><font color=\"800000\"><strike>Regulamenta a atividade de fiscaliza\u00e7\u00e3o do Concurso Vestibular 1996 e disp\u00f5e sobre o expediente da Institui\u00e7\u00e3o no per\u00edodo de sua realiza\u00e7\u00e3o.<\/strike><\/font><\/div><\/p>\r\n<br>\r\n<p><a href=\"https:\/\/www.ufsm.br\/pro-reitorias\/proplan\/resolucao-n-008-2020\/\" target=\"_blank\"><font color=\"blue\">Revogada pela Resolu\u00e7\u00e3o N. 008\/2020<\/font><\/a><\/p>\r\n<br>\r\n<br><div align=\"justify\">\r\n<strike>\r\n<p>O REITOR DA UNIVERSIDADE FEDERAL DE SANTA MARIA, no uso de suas atribui\u00e7\u00f5es legais e estatut\u00e1rias:<\/p>\r\n<br>\r\n<p><b><div align=\"center\">RESOLVE:<\/b><\/div><\/p>\r\n<br>\r\n<p><b>Art. 1\u00ba - <\/b>O Concurso Vestibular \u00e9 considerado priorit\u00e1rio sobre os demais encargos do per\u00edodo.\r\n<p><b>Art. 2\u00ba - <\/b>Os Servidores Docentes e T\u00e9cnico-Administrativos da UFSM ser\u00e3o convidados, por ades\u00e3o, a participarem do processo de fiscaliza\u00e7\u00e3o do Vestibular\/96, a qual ser\u00e1 feita mediante a assinatura do Servidor na rela\u00e7\u00e3o nominal que ser\u00e1 enviada, pela COPERVES, a cada \u00f3rg\u00e3o de lota\u00e7\u00e3o da UFSM.\r\n<p><b>Art. 3\u00ba - <\/b>Os Servidores que, por meio de ades\u00e3o, forem convocados a participar da fiscaliza\u00e7\u00e3o ser\u00e3o remunerados, de acordo com os crit\u00e9rios estabelecidos pela COPERVES\/PROGRAD; ou poder\u00e3o, em substitui\u00e7\u00e3o ao pagamento, optar por folga de cinco dias, ficando a crit\u00e9rio da Chefia Imediata a decis\u00e3o do per\u00edodo.\r\n<p><b>\u00a7 1\u00ba - <\/b>Para obten\u00e7\u00e3o de qualquer um dos benef\u00edcios citados, e indispens\u00e1vel que o servidor que atuar na fiscaliza\u00e7\u00e3o do Concurso Vestibular, cumpra tamb\u00e9m o expediente em sua Unidade de lota\u00e7\u00e3o.\r\n<p><b>\u00a7 2\u00ba - <\/b>O Expediente na UFSM, durante o per\u00edodo do Vestibular, ser\u00e1 na parte da tarde, das 13 \u00e0s 19 horas.\r\n\r\n<p><b>Art. 4\u00ba - <\/b>O Servidor que n\u00e3o desejar participar do processo de fiscaliza\u00e7\u00e3o poder\u00e1, a crit\u00e9rios da Chefia Imediata, solicitar suas f\u00e9rias, ficando sem efeito, portanto, o Art. 12 da <a href=\"https:\/\/www.ufsm.br\/pro-reitorias\/proplan\/resolucao-n-021-1994\/\" target=\"_blank\"><font color=\"blue\"><u>Resolu\u00e7\u00e3o n\u00ba 0021\/94, de 28-09-94<\/u><\/font><\/a>.\r\n<p><b>Art. 5\u00ba - <\/b>Esta Resolu\u00e7\u00e3o entra em vigor na data de sua publica\u00e7\u00e3o, revogadas as disposi\u00e7\u00f5es em contr\u00e1rio.<\/p>\r\n\r\n<p>GABINETE DO REITOR DA UNIVERSIDADE FEDERAL DE SANTA MARIA, aos dezesseis dias do m\u00eas de outubro do ano de mil, novecentos e noventa e cinco.<\/p>\r\n<\/div>\r\n<p>Odilon Antonio Marcuzzo do Canto,<\/p>\r\n<p>Reitor.<\/p>\r\n<\/strike>\r\n<p><font color=\"red0000\">Este texto n\u00e3o substitui o documento original, publicado no Portal de Documentos.<\/font> Dispon\u00edvel em: <a href=\"https:\/\/portal.ufsm.br\/documentos\/publico\/documento.html?id=4507801\"><font color=\"blue\">https:\/\/portal.ufsm.br\/documentos\/publico\/documento.html?id=4507801<\/font><\/a>\r\n\r\n\t\t<\/div>\n\t\t\t\t<\/div>\n\t\t\t\t\t<\/div>\n\t\t<\/div>\n\t\t\t\t\t<\/div>\n\t\t<\/section>\n\t\t\t\t<\/div>\n\t\t","protected":false},"excerpt":{"rendered":"<p>RESOLU\u00c7\u00c3O N. 017\/1995 SERVI\u00c7O P\u00daBLICO FEDERAL RESOLU\u00c7\u00c3O N. 017\/1995 Regulamenta a atividade de fiscaliza\u00e7\u00e3o do Concurso Vestibular 1996 e disp\u00f5e sobre o expediente da Institui\u00e7\u00e3o no per\u00edodo de sua realiza\u00e7\u00e3o. Revogada pela Resolu\u00e7\u00e3o N. 008\/2020 O REITOR DA UNIVERSIDADE FEDERAL DE SANTA MARIA, no uso de suas atribui\u00e7\u00f5es legais e estatut\u00e1rias: RESOLVE: Art. 1\u00ba &#8211; [&hellip;]<\/p>\n","protected":false},"author":205,"featured_media":0,"parent":0,"menu_order":0,"comment_status":"closed","ping_status":"closed","template":"","meta":{"footnotes":""},"categories":[],"tags":[],"class_list":["post-3418","page","type-page","status-publish","hentry"],"acf":[],"_links":{"self":[{"href":"https:\/\/www.ufsm.br\/pro-reitorias\/proplan\/wp-json\/wp\/v2\/pages\/3418","targetHints":{"allow":["GET"]}}],"collection":[{"href":"https:\/\/www.ufsm.br\/pro-reitorias\/proplan\/wp-json\/wp\/v2\/pages"}],"about":[{"href":"https:\/\/www.ufsm.br\/pro-reitorias\/proplan\/wp-json\/wp\/v2\/types\/page"}],"author":[{"embeddable":true,"href":"https:\/\/www.ufsm.br\/pro-reitorias\/proplan\/wp-json\/wp\/v2\/users\/205"}],"replies":[{"embeddable":true,"href":"https:\/\/www.ufsm.br\/pro-reitorias\/proplan\/wp-json\/wp\/v2\/comments?post=3418"}],"version-history":[{"count":0,"href":"https:\/\/www.ufsm.br\/pro-reitorias\/proplan\/wp-json\/wp\/v2\/pages\/3418\/revisions"}],"wp:attachment":[{"href":"https:\/\/www.ufsm.br\/pro-reitorias\/proplan\/wp-json\/wp\/v2\/media?parent=3418"}],"wp:term":[{"taxonomy":"category","embeddable":true,"href":"https:\/\/www.ufsm.br\/pro-reitorias\/proplan\/wp-json\/wp\/v2\/categories?post=3418"},{"taxonomy":"post_tag","embeddable":true,"href":"https:\/\/www.ufsm.br\/pro-reitorias\/proplan\/wp-json\/wp\/v2\/tags?post=3418"}],"curies":[{"name":"wp","href":"https:\/\/api.w.org\/{rel}","templated":true}]}}