{"id":3430,"date":"2020-03-28T00:43:11","date_gmt":"2020-03-28T03:43:11","guid":{"rendered":"https:\/\/www.ufsm.br\/pro-reitorias\/proplan\/?page_id=3430"},"modified":"2020-11-11T10:13:34","modified_gmt":"2020-11-11T13:13:34","slug":"resolucao-n-002-1994","status":"publish","type":"page","link":"https:\/\/www.ufsm.br\/pro-reitorias\/proplan\/resolucao-n-002-1994","title":{"rendered":"Resolu\u00e7\u00e3o N. 002\/1994"},"content":{"rendered":"\t\t<div data-elementor-type=\"wp-page\" data-elementor-id=\"3430\" class=\"elementor elementor-3430\">\n\t\t\t\t\t\t<section class=\"elementor-section elementor-top-section elementor-element elementor-element-65fbf10 elementor-section-boxed elementor-section-height-default elementor-section-height-default\" data-id=\"65fbf10\" data-element_type=\"section\">\n\t\t\t\t\t\t<div class=\"elementor-container elementor-column-gap-default\">\n\t\t\t\t\t<div class=\"elementor-column elementor-col-100 elementor-top-column elementor-element elementor-element-0ebc0d8\" data-id=\"0ebc0d8\" data-element_type=\"column\">\n\t\t\t<div class=\"elementor-widget-wrap elementor-element-populated\">\n\t\t\t\t\t\t<div class=\"elementor-element elementor-element-056006d elementor-widget elementor-widget-html\" data-id=\"056006d\" data-element_type=\"widget\" data-widget_type=\"html.default\">\n\t\t\t\t<div class=\"elementor-widget-container\">\n\t\t\t\r\n\r\n\r\n<title><b>RESOLU\u00c7\u00c3O N. 002\/1994<\/b><\/title>\r\n\r\n\r\n<div align=\"center\"><img decoding=\"async\" src=\"https:\/\/www.ufsm.br\/pro-reitorias\/proplan\/wp-content\/uploads\/sites\/344\/2019\/09\/brasao-da-republica-do-brasil-logo.png\" alt=\"Bras\u00e3o Rep\u00fablica Federativa do Brasil\" width=\"6%\" height=\"6%\"><\/div>    \r\n<h1><font color=\"blue\"><font size=\"5\"><div align=\"center\">SERVI\u00c7O P\u00daBLICO FEDERAL<\/b><\/font><\/font><\/div><\/H1>\r\n\r\n<p><div align=\"center\"><b><a href=\"https:\/\/portal.ufsm.br\/documentos\/publico\/documento.html?id=4508644\"><font color=\"blue\">RESOLU\u00c7\u00c3O N. 002\/1994<\/font><\/a><\/b><\/div><\/p>\r\n<br>\r\n<p><div align=\"right\"><font color=\"800000\">CONCEDE MATR\u00cdCULA EM DISCIPLINAS PARA ALUNOS QUE PERDERAM O PRAZO.<\/font><\/div><\/p>\r\n<br>\r\n<p><a href=\"https:\/\/www.ufsm.br\/pro-reitorias\/proplan\/resolucao-n-028-2020\/\" target=\"_blank\"><font color=\"blue\">Revogada pela Resolu\u00e7\u00e3o N. 028\/2020<\/font><\/a><\/p>\r\n<br>\r\n<br><div align=\"justify\">\r\n<strike>\r\n<p><b>O REITOR DA UNIVERSIDADE FEDERAL DE SANTA MARIA<\/b>, no uso de suas atribui\u00e7\u00f5es legais e estatut\u00e1rias, e considerando:<\/p>\r\n<p>- o conte\u00fado do Of\u00edcio n\u00ba 20\/94-PROGRAD; <\/p>\r\n<p>- o Parecer 05\/94 do Conselho de Ensino, Pesquisa e Extens\u00e3o, aprovado na 435\u00aa Sess\u00e3o, realizada em 10\/03\/94;<\/p>\r\n<p>- o art. 39, letra \"e\" do Estatuto Geral da UFSM,<\/p>\r\n<br>\r\n<p><b><div align=\"center\">RESOLVE:<\/b><\/div><\/p>\r\n<br>\r\n<p><b>Art. 1\u00ba -<\/b>Todos os alunos matriculados no segundo semestre letivo de 1993, que n\u00e3o realizaram matr\u00edcula para o primeiro semestre letivo de 1994 em tempo h\u00e1bil, poder\u00e3o realiz\u00e1-la mediante solicita\u00e7\u00e3o formal. <\/p>\r\n<p><b>Art. 2\u00ba -<\/b>A realiza\u00e7\u00e3o de matr\u00edculas em disciplinas, depender\u00e3o do saldo de vagas dispon\u00edvel na data de realiza\u00e7\u00e3o.<\/p>\r\n<p><b>Par\u00e1grafo \u00danico: <\/b>N\u00e3o poder\u00e3o ser criadas novas vagas em disciplinas para atender alunos amparados pela presente Resolu\u00e7\u00e3o, salvo casos especiais, com a concord\u00e2ncia do colegiado do curso e departamento envolvidos. <\/p>\r\n\r\n<p><b>Art. 3\u00ba -<\/b>A matr\u00edcula ser\u00e1 realizada no dia 16\/03\/94, para os alunos enquadrados no art. 1\u00ba da presente Resolu\u00e7\u00e3o.<\/p>\r\n<p><b>Art. 4\u00ba -<\/b>Esta Resolu\u00e7\u00e3o entra em vigor na data de sua publica\u00e7\u00e3o.<\/p>\r\n\r\n<p>GABINETE DO REITOR DA UNIVERSIDADE FEDERAL DE SANTA MARIA, aos onze dias do m\u00eas de mar\u00e7o de mil novecentos e noventa e quatro.<\/p>\r\n<\/div>\r\n<p>Odilon Ant\u00f4nio Marcuzzo do Canto,<\/p>\r\n<p>Reitor.<\/p>\r\n<\/strike>\r\n<p><font color=\"red0000\">Este texto n\u00e3o substitui o documento original, publicado no Portal de Documentos.<\/font> Dispon\u00edvel em: <a href=\"https:\/\/portal.ufsm.br\/documentos\/publico\/documento.html?id=4508644\"><font color=\"blue\">https:\/\/portal.ufsm.br\/documentos\/publico\/documento.html?id=4508644<\/font><\/a>\r\n\r\n\t\t<\/div>\n\t\t\t\t<\/div>\n\t\t\t\t\t<\/div>\n\t\t<\/div>\n\t\t\t\t\t<\/div>\n\t\t<\/section>\n\t\t\t\t<\/div>\n\t\t","protected":false},"excerpt":{"rendered":"<p>RESOLU\u00c7\u00c3O N. 002\/1994 SERVI\u00c7O P\u00daBLICO FEDERAL RESOLU\u00c7\u00c3O N. 002\/1994 CONCEDE MATR\u00cdCULA EM DISCIPLINAS PARA ALUNOS QUE PERDERAM O PRAZO. Revogada pela Resolu\u00e7\u00e3o N. 028\/2020 O REITOR DA UNIVERSIDADE FEDERAL DE SANTA MARIA, no uso de suas atribui\u00e7\u00f5es legais e estatut\u00e1rias, e considerando: &#8211; o conte\u00fado do Of\u00edcio n\u00ba 20\/94-PROGRAD; &#8211; o Parecer 05\/94 do Conselho [&hellip;]<\/p>\n","protected":false},"author":205,"featured_media":0,"parent":0,"menu_order":0,"comment_status":"closed","ping_status":"closed","template":"","meta":{"footnotes":""},"categories":[],"tags":[],"class_list":["post-3430","page","type-page","status-publish","hentry"],"acf":[],"_links":{"self":[{"href":"https:\/\/www.ufsm.br\/pro-reitorias\/proplan\/wp-json\/wp\/v2\/pages\/3430","targetHints":{"allow":["GET"]}}],"collection":[{"href":"https:\/\/www.ufsm.br\/pro-reitorias\/proplan\/wp-json\/wp\/v2\/pages"}],"about":[{"href":"https:\/\/www.ufsm.br\/pro-reitorias\/proplan\/wp-json\/wp\/v2\/types\/page"}],"author":[{"embeddable":true,"href":"https:\/\/www.ufsm.br\/pro-reitorias\/proplan\/wp-json\/wp\/v2\/users\/205"}],"replies":[{"embeddable":true,"href":"https:\/\/www.ufsm.br\/pro-reitorias\/proplan\/wp-json\/wp\/v2\/comments?post=3430"}],"version-history":[{"count":0,"href":"https:\/\/www.ufsm.br\/pro-reitorias\/proplan\/wp-json\/wp\/v2\/pages\/3430\/revisions"}],"wp:attachment":[{"href":"https:\/\/www.ufsm.br\/pro-reitorias\/proplan\/wp-json\/wp\/v2\/media?parent=3430"}],"wp:term":[{"taxonomy":"category","embeddable":true,"href":"https:\/\/www.ufsm.br\/pro-reitorias\/proplan\/wp-json\/wp\/v2\/categories?post=3430"},{"taxonomy":"post_tag","embeddable":true,"href":"https:\/\/www.ufsm.br\/pro-reitorias\/proplan\/wp-json\/wp\/v2\/tags?post=3430"}],"curies":[{"name":"wp","href":"https:\/\/api.w.org\/{rel}","templated":true}]}}