{"id":3436,"date":"2020-03-28T00:53:47","date_gmt":"2020-03-28T03:53:47","guid":{"rendered":"https:\/\/www.ufsm.br\/pro-reitorias\/proplan\/?page_id=3436"},"modified":"2020-11-11T10:01:26","modified_gmt":"2020-11-11T13:01:26","slug":"resolucao-n-008-1994","status":"publish","type":"page","link":"https:\/\/www.ufsm.br\/pro-reitorias\/proplan\/resolucao-n-008-1994","title":{"rendered":"Resolu\u00e7\u00e3o N. 008\/1994"},"content":{"rendered":"\t\t<div data-elementor-type=\"wp-page\" data-elementor-id=\"3436\" class=\"elementor elementor-3436\">\n\t\t\t\t\t\t<section class=\"elementor-section elementor-top-section elementor-element elementor-element-b705415 elementor-section-boxed elementor-section-height-default elementor-section-height-default\" data-id=\"b705415\" data-element_type=\"section\">\n\t\t\t\t\t\t<div class=\"elementor-container elementor-column-gap-default\">\n\t\t\t\t\t<div class=\"elementor-column elementor-col-100 elementor-top-column elementor-element elementor-element-8ce3837\" data-id=\"8ce3837\" data-element_type=\"column\">\n\t\t\t<div class=\"elementor-widget-wrap elementor-element-populated\">\n\t\t\t\t\t\t<div class=\"elementor-element elementor-element-e3af4fb elementor-widget elementor-widget-html\" data-id=\"e3af4fb\" data-element_type=\"widget\" data-widget_type=\"html.default\">\n\t\t\t\t<div class=\"elementor-widget-container\">\n\t\t\t\r\n\r\n\r\n<title><b>RESOLU\u00c7\u00c3O N. 008\/1984<\/b><\/title>\r\n\r\n\r\n<div align=\"center\"><img decoding=\"async\" src=\"https:\/\/www.ufsm.br\/pro-reitorias\/proplan\/wp-content\/uploads\/sites\/344\/2019\/09\/brasao-da-republica-do-brasil-logo.png\" alt=\"Bras\u00e3o Rep\u00fablica Federativa do Brasil\" width=\"6%\" height=\"6%\"><\/div>    \r\n<h1><font color=\"blue\"><font size=\"5\"><div align=\"center\">SERVI\u00c7O P\u00daBLICO FEDERAL<\/b><\/font><\/font><\/div><\/H1>\r\n<p><div align=\"center\"><b><a href=\"https:\/\/portal.ufsm.br\/documentos\/publico\/documento.html?id=5761760\" target=\"_blank\"><font color=\"blue\">RESOLU\u00c7\u00c3O N. 008\/1984<\/font><\/a><\/b><\/div><\/p>\r\n<br>\r\n<p><div align=\"right\"><font color=\"800000\">Disp\u00f5e sobre a recupera\u00e7\u00e3o de horas de trabalho n\u00e3o cumpridas por Docentes e Funcion\u00e1rios T\u00e9cnico-Administrativos, a contar de 20 de julho de 1984 at\u00e9 06\/08\/84, e d\u00e1 outras provid\u00eancias.<\/font><\/div><\/p>\r\n<br>\r\n<p><a href=\"https:\/\/www.ufsm.br\/pro-reitorias\/proplan\/resolucao-n-028-2020\/\" target=\"_blank\"><font color=\"blue\">Revogada pela Resolu\u00e7\u00e3o N. 028\/2020<\/font><\/a><\/p>\r\n<br>\r\n<br><div align=\"justify\">\r\n<strike>\r\n<p>O REITOR DA UNIVERSIDADE FEDERAL DE SANTA MARIA, no uso de suas atribui\u00e7\u00f5es legais e estatut\u00e1rias, e<\/p> \r\n<p>- considerando que a data de 20 de julho de 1984 marcou o in\u00edcio oficial da ilegalidade do movimento paredista;<\/p>\r\n<p>- considerando que os Docentes e Funcion\u00e1rios T\u00e9cnico-Administrativos, embora essa medida ministerial, prosseguiram com a paralisa\u00e7\u00e3o de suas atividades;<\/p>\r\n<p>- considerando que Docentes e Funcion\u00e1rios T\u00eacnico-Administrativos retornaram ao trabalho em data de 06\/08\/84;<\/p>\r\n<p>- considerando a imperiosa necessidade da recupera\u00e7\u00e3o das horas de trabalho n\u00e3o cumprido por Docentes e Funcion\u00e1rios T\u00e9cnico-Administrativos;<\/p>\r\n<p>- considerando que a lei permite a prorroga\u00e7\u00e3o em at\u00ea 02 (duas) horas di\u00e1rias de trabalho;<\/p>\r\n<p>- considerando as instru\u00e7\u00f5es emanadas dos Orgaos Superiores que regem a vida das Universidades Brasileiras;<\/p>\r\n<p>- considerando, finalmente, que, de forma harmoniosa, os preju\u00edzos acumulados ser\u00e3o compensados pela atividade extra de cada Docente e de cada Servidor Administrativo que estiveram em greve,<\/p>\r\n<br>\r\n<p><div align=\"center\">RESOLVE:<\/div><\/p>\r\n<br>\r\n<p>Art. 1\u00ba - A partir de 20 de julho de 1984, data da decreta\u00e7\u00e3o da ilegalidade do movimento grevista que envolveu a Universidade Federal de Santa Maria, o Funcion\u00e1rio T\u00e9cnico-Administrativo que continuou faltando, dever\u00e1 recuperar as horas n\u00e3o trabalhadas, de acordo com plano elaborado pelo dirigente do \u00d3rg\u00e3o em que estiver lotado, at\u00e9 o m\u00e1ximo de 02 (duas) horas di\u00e1rias.<\/p>\r\n<p>\u00a7 \u00fanico - O plano de recupera\u00e7\u00e3o, ap\u00f4s assinado pelo dirigente do \u00d3rg\u00e3o, dever\u00e1 ser encaminhado ao Departamento de Pessoal at\u00e9 14\/08\/84, impreterivelmente.<\/p>\r\n<p>Art. 2\u00ba - Quanto ao Corpo Docente, a recupera\u00e7\u00e3o ser\u00e1 feita em conson\u00e2ncia com as altera\u00e7\u00f5es a serem introduzidas no Calend\u00e1rio Escolar, altera\u00e7\u00f5es essas origin\u00e1rias do Conselho de Ensino, Pesquisa e Extens\u00e3o.<\/p>\r\n<p>Art. 3\u00ba - As determina\u00e7\u00f5es contidas nesta Resolu\u00e7\u00e3o visam a resguardar a vida funcional dos Docentes e Servidores T\u00e9cnico-Administrativos da Universidade Federal de Santa Maria, bem como salvaguardar a pr\u00f3pria Institui\u00e7\u00e3o.<\/p>\r\n<p>Art. 4\u00ba - Esta Resolu\u00e7\u00e3o entra em vigor nesta data, revogadas as disposi\u00e7\u00f5es em contr\u00e1rio.<\/p>\r\n<p>GABINETE DO REITOR DA UNIVERSIDADE FEDERAL DE SANTA MARIA, aos sete dias do m\u00eas de agosto de mil novecentos e oitenta e quatro.<\/p>\r\n<\/div>\r\n<p>Prof. ARMANDO VALLANDRO,<\/p>\r\n<p>Reitor.<\/p>\r\n<\/strike>\r\n<p><font color=\"red0000\">Este texto n\u00e3o substitui o documento original, publicado no Portal de Documentos.<\/font> Dispon\u00edvel em: <a href=\"https:\/\/portal.ufsm.br\/documentos\/publico\/documento.html?id=5761760\" target=\"_blank\"><font color=\"blue\">https:\/\/portal.ufsm.br\/documentos\/publico\/documento.html?id=5761760<\/font><\/a>\r\n\r\n\t\t<\/div>\n\t\t\t\t<\/div>\n\t\t\t\t\t<\/div>\n\t\t<\/div>\n\t\t\t\t\t<\/div>\n\t\t<\/section>\n\t\t\t\t<\/div>\n\t\t","protected":false},"excerpt":{"rendered":"<p>RESOLU\u00c7\u00c3O N. 008\/1984 SERVI\u00c7O P\u00daBLICO FEDERAL RESOLU\u00c7\u00c3O N. 008\/1984 Disp\u00f5e sobre a recupera\u00e7\u00e3o de horas de trabalho n\u00e3o cumpridas por Docentes e Funcion\u00e1rios T\u00e9cnico-Administrativos, a contar de 20 de julho de 1984 at\u00e9 06\/08\/84, e d\u00e1 outras provid\u00eancias. Revogada pela Resolu\u00e7\u00e3o N. 028\/2020 O REITOR DA UNIVERSIDADE FEDERAL DE SANTA MARIA, no uso de suas [&hellip;]<\/p>\n","protected":false},"author":205,"featured_media":0,"parent":0,"menu_order":0,"comment_status":"closed","ping_status":"closed","template":"","meta":{"footnotes":""},"categories":[],"tags":[],"class_list":["post-3436","page","type-page","status-publish","hentry"],"acf":[],"_links":{"self":[{"href":"https:\/\/www.ufsm.br\/pro-reitorias\/proplan\/wp-json\/wp\/v2\/pages\/3436","targetHints":{"allow":["GET"]}}],"collection":[{"href":"https:\/\/www.ufsm.br\/pro-reitorias\/proplan\/wp-json\/wp\/v2\/pages"}],"about":[{"href":"https:\/\/www.ufsm.br\/pro-reitorias\/proplan\/wp-json\/wp\/v2\/types\/page"}],"author":[{"embeddable":true,"href":"https:\/\/www.ufsm.br\/pro-reitorias\/proplan\/wp-json\/wp\/v2\/users\/205"}],"replies":[{"embeddable":true,"href":"https:\/\/www.ufsm.br\/pro-reitorias\/proplan\/wp-json\/wp\/v2\/comments?post=3436"}],"version-history":[{"count":0,"href":"https:\/\/www.ufsm.br\/pro-reitorias\/proplan\/wp-json\/wp\/v2\/pages\/3436\/revisions"}],"wp:attachment":[{"href":"https:\/\/www.ufsm.br\/pro-reitorias\/proplan\/wp-json\/wp\/v2\/media?parent=3436"}],"wp:term":[{"taxonomy":"category","embeddable":true,"href":"https:\/\/www.ufsm.br\/pro-reitorias\/proplan\/wp-json\/wp\/v2\/categories?post=3436"},{"taxonomy":"post_tag","embeddable":true,"href":"https:\/\/www.ufsm.br\/pro-reitorias\/proplan\/wp-json\/wp\/v2\/tags?post=3436"}],"curies":[{"name":"wp","href":"https:\/\/api.w.org\/{rel}","templated":true}]}}