{"id":3440,"date":"2020-03-28T15:54:54","date_gmt":"2020-03-28T18:54:54","guid":{"rendered":"https:\/\/www.ufsm.br\/pro-reitorias\/proplan\/?page_id=3440"},"modified":"2020-07-20T12:57:44","modified_gmt":"2020-07-20T15:57:44","slug":"resolucao-n-012-1994","status":"publish","type":"page","link":"https:\/\/www.ufsm.br\/pro-reitorias\/proplan\/resolucao-n-012-1994","title":{"rendered":"Resolu\u00e7\u00e3o N. 012\/1994"},"content":{"rendered":"\t\t<div data-elementor-type=\"wp-page\" data-elementor-id=\"3440\" class=\"elementor elementor-3440\">\n\t\t\t\t\t\t<section class=\"elementor-section elementor-top-section elementor-element elementor-element-5cf1335 elementor-section-boxed elementor-section-height-default elementor-section-height-default\" data-id=\"5cf1335\" data-element_type=\"section\">\n\t\t\t\t\t\t<div class=\"elementor-container elementor-column-gap-default\">\n\t\t\t\t\t<div class=\"elementor-column elementor-col-100 elementor-top-column elementor-element elementor-element-ce9515e\" data-id=\"ce9515e\" data-element_type=\"column\">\n\t\t\t<div class=\"elementor-widget-wrap elementor-element-populated\">\n\t\t\t\t\t\t<div class=\"elementor-element elementor-element-66557de elementor-widget elementor-widget-html\" data-id=\"66557de\" data-element_type=\"widget\" data-widget_type=\"html.default\">\n\t\t\t\t<div class=\"elementor-widget-container\">\n\t\t\t\r\n\r\n\r\n<title><b>RESOLU\u00c7\u00c3O N. 012\/1994<\/b><\/title>\r\n\r\n\r\n<div align=\"center\"><img decoding=\"async\" src=\"https:\/\/www.ufsm.br\/pro-reitorias\/proplan\/wp-content\/uploads\/sites\/344\/2019\/09\/brasao-da-republica-do-brasil-logo.png\" alt=\"Bras\u00e3o Rep\u00fablica Federativa do Brasil\" width=\"6%\" height=\"6%\"><\/div>    \r\n<h1><font color=\"blue\"><font size=\"5\"><div align=\"center\">SERVI\u00c7O P\u00daBLICO FEDERAL<\/b><\/font><\/font><\/div><\/H1>\r\n\r\n<p><div align=\"center\"><b><a href=\"https:\/\/portal.ufsm.br\/documentos\/publico\/documento.html?id=4508658\"><font color=\"blue\">RESOLU\u00c7\u00c3O N. 012\/1994<\/font><\/a><\/b><\/div><\/p>\r\n<br>\r\n<p><div align=\"right\"><font color=\"800000\"><strike>Convoca os servidores para atuarem na fiscaliza\u00e7\u00e3o do Concurso Publico\/94 - UFSM.<\/strike><\/font><\/div><\/p>\r\n<br>\r\n<p><a href=\"https:\/\/www.ufsm.br\/pro-reitorias\/proplan\/resolucao-n-022-2020\/\" target=\"_blank\"><font color=\"blue\">Revogada pela Resolu\u00e7\u00e3o N. 022\/2020<\/font><\/a><\/p>\r\n<br>\r\n<br><div align=\"justify\">\r\n<strike>\r\n<p>O REITOR DA UNIVERSIDADE FEDERAL DE SANTA MARIA, no uso de suas atribui\u00e7\u00f5es legais e estatut\u00e1rias e, fundamentalmente, considerando como atividade relevante da Institui\u00e7\u00e3o a realiza\u00e7\u00e3o do Concurso P\u00fablico\/94-UFSM,<\/p>\r\n<br>\r\n<p><b><div align=\"center\">RESOLVE:<\/b><\/div><\/p>\r\n<br>\r\n<p><b>Art. 1\u00ba - <\/b>Os servidores da UFSM, ficam convocados, na sua totalidade, para atuarem na fiscaliza\u00e7\u00e3o durante a realiza\u00e7\u00e3o do Concurso Publico\/94-UFSM.<\/p>\r\n<p><b>\u00a7 1\u00ba - <\/b>Dada a natureza do Concurso ser\u00e3o convocados, inicialmente, os servidores T\u00e9cnico-Administrativos. N\u00e3o havendo n\u00famero suficiente, ser\u00e3o convocados os Docentes.<\/p>\r\n<p><b>\u00a7 2\u00ba - <\/b>Ficam exclu\u00eddos dessa convoca\u00e7\u00e3o, os servidores legalmente afastados, os lotados no Hospital Universit\u00e1rio, no Hospital de Cl\u00ednicas Veterin\u00e1rias, no Col\u00e9gio Agr\u00edcola de Frederico Westphalen, no N\u00facleo de Treinamento Agr\u00edcola de Jaguari e os envolvidos em trabalhos de infra-estrutura (deslocamento de classes, limpeza de salas, vigilantes, motoristas, etc.).<\/p>\r\n\r\n<p><b>Art. 2\u00ba - <\/b>Para garantir o fiel cumprimento do trabalho proposto, n\u00e3o ser\u00e1 admitida a substitui\u00e7\u00e3o de servidores, salvo na hip\u00f3tese prevista no Art. 40.<\/p>\r\n<p><b>Art. 3\u00ba - <\/b>Todos os servidores relacionados e convocados nos termos desta Resolu\u00e7\u00e3o dever\u00e3o prestar servi\u00e7os a partir das 7h45min do dia 07-08-94.<\/p>\r\n<p><b>Par\u00e1grafo \u00danico - <\/b>Todos os servidores escalados pela COPERVES como presidente de sala, dever\u00e3o comparecer \u00e0 reuni\u00e3o de instru\u00e7\u00e3o no dia, hora e local determinado pela COPERVES.<\/p>\r\n\r\n<p><b>Art. 4\u00ba - <\/b>Aqueles que apresentarem problemas de sa\u00fade que impe\u00e7am sua participa\u00e7\u00e3o neste evento dever\u00e3o, obrigatoriamente, no dia da ocorr\u00eancia, comunicar ao Servi\u00e7o de Per\u00edcia Medica do Departamento de Pessoal para exame, independente de comprova\u00e7\u00e3o de atestado medico de outro profissional.<\/p>\r\n<p><b>Art. 5\u00ba - <\/b>O servidor convocado que n\u00e3o comparecer ao local de trabalho, conforme escala da COPERVES, ser\u00e1 considerado ausente.<\/p>\r\n<p><b>Par\u00e1grafo \u00danico - <\/b>Se a falta n\u00e3o for pass\u00edvel de abono, na forma legal vigente, ser\u00e1 considerada como n\u00e3o justificada, registrada em cadastro funcional e produzira todos os efeitos considerados na lei.<\/p>\r\n\r\n<p><b>Art. 6\u00ba - <\/b>O servidor convocado e escalado pela COPERVES ser\u00e1 remunerado pelo servi\u00e7o de fiscaliza\u00e7\u00e3o prestado.<\/p>\r\n<p><b>Art. 7\u00ba - <\/b>Revogam-se as disposi\u00e7\u00f5es em contr\u00e1rio.<\/p>\r\n\r\n<p>GABINETE DO REITOR DA UNIVERSIDADE FEDERAL DE SANTA MARIA, aos oito dias do m\u00eas de julho do ano de mil, novecentos e noventa e quatro.<\/p>\r\n<\/div>\r\n<p>Odilon Ant\u00f4nio Marcuzzo do Canto,<\/p>\r\n<p>Reitor.<\/p>\r\n<\/strike>\r\n\r\n<p><font color=\"red0000\">Este texto n\u00e3o substitui o documento original, publicado no Portal de Documentos.<\/font> Dispon\u00edvel em: <a href=\"https:\/\/portal.ufsm.br\/documentos\/publico\/documento.html?id=4508658\"><font color=\"blue\">https:\/\/portal.ufsm.br\/documentos\/publico\/documento.html?id=4508658<\/font><\/a>\r\n\r\n\t\t<\/div>\n\t\t\t\t<\/div>\n\t\t\t\t\t<\/div>\n\t\t<\/div>\n\t\t\t\t\t<\/div>\n\t\t<\/section>\n\t\t\t\t<\/div>\n\t\t","protected":false},"excerpt":{"rendered":"<p>RESOLU\u00c7\u00c3O N. 012\/1994 SERVI\u00c7O P\u00daBLICO FEDERAL RESOLU\u00c7\u00c3O N. 012\/1994 Convoca os servidores para atuarem na fiscaliza\u00e7\u00e3o do Concurso Publico\/94 &#8211; UFSM. Revogada pela Resolu\u00e7\u00e3o N. 022\/2020 O REITOR DA UNIVERSIDADE FEDERAL DE SANTA MARIA, no uso de suas atribui\u00e7\u00f5es legais e estatut\u00e1rias e, fundamentalmente, considerando como atividade relevante da Institui\u00e7\u00e3o a realiza\u00e7\u00e3o do Concurso P\u00fablico\/94-UFSM, [&hellip;]<\/p>\n","protected":false},"author":205,"featured_media":0,"parent":0,"menu_order":0,"comment_status":"closed","ping_status":"closed","template":"","meta":{"footnotes":""},"categories":[],"tags":[],"class_list":["post-3440","page","type-page","status-publish","hentry"],"acf":[],"_links":{"self":[{"href":"https:\/\/www.ufsm.br\/pro-reitorias\/proplan\/wp-json\/wp\/v2\/pages\/3440","targetHints":{"allow":["GET"]}}],"collection":[{"href":"https:\/\/www.ufsm.br\/pro-reitorias\/proplan\/wp-json\/wp\/v2\/pages"}],"about":[{"href":"https:\/\/www.ufsm.br\/pro-reitorias\/proplan\/wp-json\/wp\/v2\/types\/page"}],"author":[{"embeddable":true,"href":"https:\/\/www.ufsm.br\/pro-reitorias\/proplan\/wp-json\/wp\/v2\/users\/205"}],"replies":[{"embeddable":true,"href":"https:\/\/www.ufsm.br\/pro-reitorias\/proplan\/wp-json\/wp\/v2\/comments?post=3440"}],"version-history":[{"count":0,"href":"https:\/\/www.ufsm.br\/pro-reitorias\/proplan\/wp-json\/wp\/v2\/pages\/3440\/revisions"}],"wp:attachment":[{"href":"https:\/\/www.ufsm.br\/pro-reitorias\/proplan\/wp-json\/wp\/v2\/media?parent=3440"}],"wp:term":[{"taxonomy":"category","embeddable":true,"href":"https:\/\/www.ufsm.br\/pro-reitorias\/proplan\/wp-json\/wp\/v2\/categories?post=3440"},{"taxonomy":"post_tag","embeddable":true,"href":"https:\/\/www.ufsm.br\/pro-reitorias\/proplan\/wp-json\/wp\/v2\/tags?post=3440"}],"curies":[{"name":"wp","href":"https:\/\/api.w.org\/{rel}","templated":true}]}}