{"id":3445,"date":"2020-03-28T16:06:08","date_gmt":"2020-03-28T19:06:08","guid":{"rendered":"https:\/\/www.ufsm.br\/pro-reitorias\/proplan\/?page_id=3445"},"modified":"2021-07-01T13:45:55","modified_gmt":"2021-07-01T16:45:55","slug":"resolucao-n-023-1994","status":"publish","type":"page","link":"https:\/\/www.ufsm.br\/pro-reitorias\/proplan\/resolucao-n-023-1994","title":{"rendered":"Resolu\u00e7\u00e3o N. 023\/1994"},"content":{"rendered":"\t\t<div data-elementor-type=\"wp-page\" data-elementor-id=\"3445\" class=\"elementor elementor-3445\">\n\t\t\t\t\t\t<section class=\"elementor-section elementor-top-section elementor-element elementor-element-e0bfe87 elementor-section-boxed elementor-section-height-default elementor-section-height-default\" data-id=\"e0bfe87\" data-element_type=\"section\">\n\t\t\t\t\t\t<div class=\"elementor-container elementor-column-gap-default\">\n\t\t\t\t\t<div class=\"elementor-column elementor-col-100 elementor-top-column elementor-element elementor-element-b673dc0\" data-id=\"b673dc0\" data-element_type=\"column\">\n\t\t\t<div class=\"elementor-widget-wrap elementor-element-populated\">\n\t\t\t\t\t\t<div class=\"elementor-element elementor-element-9c1ec59 elementor-widget elementor-widget-html\" data-id=\"9c1ec59\" data-element_type=\"widget\" data-widget_type=\"html.default\">\n\t\t\t\t<div class=\"elementor-widget-container\">\n\t\t\t\n\n\n<title><b>RESOLU\u00c7\u00c3O N. 023\/1994<\/b><\/title>\n\n\n<div align=\"center\"><img decoding=\"async\" src=\"https:\/\/www.ufsm.br\/pro-reitorias\/proplan\/wp-content\/uploads\/sites\/344\/2019\/09\/brasao-da-republica-do-brasil-logo.png\" alt=\"Bras\u00e3o Rep\u00fablica Federativa do Brasil\" width=\"6%\" height=\"6%\"><\/div>    \n<h1><font color=\"blue\"><font size=\"5\"><div align=\"center\">SERVI\u00c7O P\u00daBLICO FEDERAL<\/b><\/font><\/font><\/div><\/H1>\n\n<p><div align=\"center\"><b><a href=\"https:\/\/portal.ufsm.br\/documentos\/publico\/documento.html?id=4508648\"><font color=\"blue\">RESOLU\u00c7\u00c3O N. 023\/1994<\/font><\/a><\/b><\/div><\/p>\n<br>\n<p><div align=\"right\"><font color=\"800000\"><strike>Revoga as Resolu\u00e7\u00f5es n\u00ba 005\/94, de 10-05-94 e n\u00ba 009\/94, de 05-07-94, disp\u00f5e sobre os novos prazos para apresenta\u00e7\u00e3o dos projetos de avalia\u00e7\u00e3o dos Cursos da UFSM e da outras providencias.<\/strike><\/font><\/div><\/p>\n<br>\n<br><div align=\"justify\">\n<p><a href=\"https:\/\/www.ufsm.br\/pro-reitorias\/proplan\/resolucao-ufsm-n-055-2021\/\"><font color=\"blue\">Revogado pela Resolu\u00e7\u00e3o N. 055\/2021<\/font><\/a><\/p><\/p>\n<br>\n<strike>\n<p>O REITOR DA UNIVERSIDADE FEDERAL DE SANTA MARIA, no uso de suas atribui\u00e7\u00f5es legais e estatut\u00e1rias e,<\/p>\n<p>- considerando a aprova\u00e7\u00e3o das propostas contidas no Processo n\u00ba <a href=\"https:\/\/portal.ufsm.br\/documentos\/publico\/processo\/documento.html?idDocumento=176347\" target=\"_blank\"><font color=\"blue\"><u>22.302\/93-08<\/u><\/font><\/a> do Protocolo Geral da UFSM;<\/p>\n<p>- considerando o que disp\u00f5e a <a href=\"https:\/\/www.ufsm.br\/pro-reitorias\/proplan\/resolucao-n-023-1993\/\" target=\"_blank\"><font color=\"blue\"><u>Resolu\u00e7\u00e3o n\u00ba 0023\/93<\/u><\/font><\/a>, que trata das diretrizes orientadoras dos princ\u00edpios estabelecidos no Projeto Pol\u00edtico-Pedag\u00f3gico da UFSM;<\/p>\n<p>- considerando o que disp\u00f5e a <a href=\"https:\/\/www.ufsm.br\/pro-reitorias\/proplan\/resolucao-n-024-1993\/\" target=\"_blank\"><font color=\"blue\"><u>Resolu\u00e7\u00e3o n\u00ba 0024\/93<\/u><\/font><\/a>, que trata das diretrizes da Avalia\u00e7\u00e3o Institucional na UFSM;<\/p>\n<p>- considerando o Parecer n\u00ba 055\/94, do Egr\u00e9gio Conselho de Ensino, Pesquisa e Extens\u00e3o, aprovado na 440\u00aa sess\u00e3o, realizada em 28-06-94;<\/p>\n<p>- considerando o Parecer n\u00ba 112\/94, do Egr\u00e9gio Conselho de Ensino, Pesquisa e Extens\u00e3o, aprovado na 448\u00aa sess\u00e3o, realizada em 11-10-94.<\/p>\n<br>\n<p><b><div align=\"center\">RESOLVE:<\/b><\/div><\/p>\n<br>\n<p><b>Art. 1\u00ba - <\/b>A avalia\u00e7\u00e3o institucional dos Cursos desta Universidade, dever\u00e1 constituir-se numa pratica permanente, e seus resultados dever\u00e3o subsidiar o processo de tomada de decis\u00e3o no \u00e2mbito da UFSM.<\/p>\n<p><b>Art. 2\u00ba - <\/b>Caber\u00e1 ao Colegiado de cada Curso, respeitadas as diretrizes da Avalia\u00e7\u00e3o contidas na <a href=\"https:\/\/www.ufsm.br\/pro-reitorias\/proplan\/resolucao-n-024-1993\/\" target=\"_blank\"><font color=\"blue\"><u>Resolu\u00e7\u00e3o n\u00ba 0024\/93<\/u><\/font><\/a>, definir e elaborar o seu projeto de avalia\u00e7\u00e3o, abrangendo o Curso, os Departamentos Did\u00e1ticos que o atendem e\/ou outros setores da UFSM.<\/p>\n<p><b>\u00a7 1\u00ba - <\/b>Ap\u00f3s a aprova\u00e7\u00e3o do projeto pelo Colegiado, o Curso devera, \u00e0 imediatamente, iniciar a avalia\u00e7\u00e3o.<\/p>\n<p><b>\u00a7 2\u00ba - <\/b>Os Colegiados de Curso ter\u00e3o o prazo limite de 1994 para a aprova\u00e7\u00e3o dos projetos de avalia\u00e7\u00e3o dos respectivos Cursos e o conseq\u00fcente in\u00edcio da execu\u00e7\u00e3o. <\/p>\n\n<p><b>Art. 3\u00ba - <\/b>Caber\u00e1 \u00e0s Pr\u00f3-Reitorias de Gradua\u00e7\u00e3o, de P\u00f3s-Gradua\u00e7\u00e3o e Pesquisa e de Extens\u00e3o dar apoio institucional aos projetos de avalia\u00e7\u00e3o dos Cursos.<\/p>\n<p><b>Art. 4\u00ba - <\/b>A avalia\u00e7\u00e3o dos Cursos de Gradua\u00e7\u00e3o iniciara pelos Cursos de Qu\u00edmica Industrial, Geografia (Licenciatura e Bacharelado) e Filosofia, cabendo-lhes prioridade na utiliza\u00e7\u00e3o dos recursos a serem liberados pelo PAIUB.<\/p>\n<p><b>Art. 5\u00ba - <\/b>Os Cursos que n\u00e3o apresentaram o Projeto de avalia\u00e7\u00e3o devem informar \u00e0 Pr\u00f3-Reitoria de Gradua\u00e7\u00e3o, ate 30 de outubro de 1994, a fase em que se encontra o projeto em desenvolvimento.<\/p>\n<p><b>Art. 6\u00ba - <\/b>Caber\u00e1 ao Conselho de Ensino, Pesquisa e Extens\u00e3o a analise e o julgamento dos casos omissos.<\/p>\n<p><b>Art. 7\u00ba - <\/b>Esta Resolu\u00e7\u00e3o entra em vigor na data de sua publica\u00e7\u00e3o, revogando-se as Resolu\u00e7\u00f5es <a href=\"https:\/\/www.ufsm.br\/pro-reitorias\/proplan\/resolucao-n-005-1994\/\" target=\"_blank\"><font color=\"blue\"><u>n\u00ba 005\/94, de 10-05-94<\/u><\/font><\/a>, e <a href=\"https:\/\/www.ufsm.br\/pro-reitorias\/proplan\/resolucao-n-009-1994\/\" target=\"_blank\"><font color=\"blue\"><u>n\u00ba 009\/94, de 05-07-94<\/u><\/font><\/a>.<\/p>\n\n<p>GABINETE DO REITOR DA UNIVERSIDADE FEDERAL DE SANTA MARIA, aos dezessete dias do m\u00eas de outubro do ano de mil, novecentos e noventa e quatro.<\/p>\n<\/div>\n<p>Odilon Ant\u00f4nio Marcuzzo do Canto,<\/p>\n<p>Reitor.<\/p>\n\n<p><font color=\"red0000\">Este texto n\u00e3o substitui o documento original, publicado no Portal de Documentos.<\/font> Dispon\u00edvel em: <a href=\"https:\/\/portal.ufsm.br\/documentos\/publico\/documento.html?id=4508648\"><font color=\"blue\">https:\/\/portal.ufsm.br\/documentos\/publico\/documento.html?id=4508648<\/font><\/a>\n<\/strike>\n\n\t\t<\/div>\n\t\t\t\t<\/div>\n\t\t\t\t\t<\/div>\n\t\t<\/div>\n\t\t\t\t\t<\/div>\n\t\t<\/section>\n\t\t\t\t<\/div>\n\t\t","protected":false},"excerpt":{"rendered":"<p>RESOLU\u00c7\u00c3O N. 023\/1994 SERVI\u00c7O P\u00daBLICO FEDERAL RESOLU\u00c7\u00c3O N. 023\/1994 Revoga as Resolu\u00e7\u00f5es n\u00ba 005\/94, de 10-05-94 e n\u00ba 009\/94, de 05-07-94, disp\u00f5e sobre os novos prazos para apresenta\u00e7\u00e3o dos projetos de avalia\u00e7\u00e3o dos Cursos da UFSM e da outras providencias. Revogado pela Resolu\u00e7\u00e3o N. 055\/2021 O REITOR DA UNIVERSIDADE FEDERAL DE SANTA MARIA, no uso [&hellip;]<\/p>\n","protected":false},"author":205,"featured_media":0,"parent":0,"menu_order":0,"comment_status":"closed","ping_status":"closed","template":"","meta":{"footnotes":""},"categories":[],"tags":[],"class_list":["post-3445","page","type-page","status-publish","hentry"],"acf":[],"_links":{"self":[{"href":"https:\/\/www.ufsm.br\/pro-reitorias\/proplan\/wp-json\/wp\/v2\/pages\/3445","targetHints":{"allow":["GET"]}}],"collection":[{"href":"https:\/\/www.ufsm.br\/pro-reitorias\/proplan\/wp-json\/wp\/v2\/pages"}],"about":[{"href":"https:\/\/www.ufsm.br\/pro-reitorias\/proplan\/wp-json\/wp\/v2\/types\/page"}],"author":[{"embeddable":true,"href":"https:\/\/www.ufsm.br\/pro-reitorias\/proplan\/wp-json\/wp\/v2\/users\/205"}],"replies":[{"embeddable":true,"href":"https:\/\/www.ufsm.br\/pro-reitorias\/proplan\/wp-json\/wp\/v2\/comments?post=3445"}],"version-history":[{"count":0,"href":"https:\/\/www.ufsm.br\/pro-reitorias\/proplan\/wp-json\/wp\/v2\/pages\/3445\/revisions"}],"wp:attachment":[{"href":"https:\/\/www.ufsm.br\/pro-reitorias\/proplan\/wp-json\/wp\/v2\/media?parent=3445"}],"wp:term":[{"taxonomy":"category","embeddable":true,"href":"https:\/\/www.ufsm.br\/pro-reitorias\/proplan\/wp-json\/wp\/v2\/categories?post=3445"},{"taxonomy":"post_tag","embeddable":true,"href":"https:\/\/www.ufsm.br\/pro-reitorias\/proplan\/wp-json\/wp\/v2\/tags?post=3445"}],"curies":[{"name":"wp","href":"https:\/\/api.w.org\/{rel}","templated":true}]}}