{"id":3446,"date":"2020-03-28T16:02:28","date_gmt":"2020-03-28T19:02:28","guid":{"rendered":"https:\/\/www.ufsm.br\/pro-reitorias\/proplan\/?page_id=3446"},"modified":"2021-07-01T13:45:14","modified_gmt":"2021-07-01T16:45:14","slug":"resolucao-n-020-1994","status":"publish","type":"page","link":"https:\/\/www.ufsm.br\/pro-reitorias\/proplan\/resolucao-n-020-1994","title":{"rendered":"Resolu\u00e7\u00e3o N. 020\/1994"},"content":{"rendered":"\t\t<div data-elementor-type=\"wp-page\" data-elementor-id=\"3446\" class=\"elementor elementor-3446\">\n\t\t\t\t\t\t<section class=\"elementor-section elementor-top-section elementor-element elementor-element-29f5422 elementor-section-boxed elementor-section-height-default elementor-section-height-default\" data-id=\"29f5422\" data-element_type=\"section\">\n\t\t\t\t\t\t<div class=\"elementor-container elementor-column-gap-default\">\n\t\t\t\t\t<div class=\"elementor-column elementor-col-100 elementor-top-column elementor-element elementor-element-32d9dfa\" data-id=\"32d9dfa\" data-element_type=\"column\">\n\t\t\t<div class=\"elementor-widget-wrap elementor-element-populated\">\n\t\t\t\t\t\t<div class=\"elementor-element elementor-element-b47e1f5 elementor-widget elementor-widget-html\" data-id=\"b47e1f5\" data-element_type=\"widget\" data-widget_type=\"html.default\">\n\t\t\t\t<div class=\"elementor-widget-container\">\n\t\t\t\n\n\n<title><b>RESOLU\u00c7\u00c3O N. 020\/1994<\/b><\/title>\n\n\n<div align=\"center\"><img decoding=\"async\" src=\"https:\/\/www.ufsm.br\/pro-reitorias\/proplan\/wp-content\/uploads\/sites\/344\/2019\/09\/brasao-da-republica-do-brasil-logo.png\" alt=\"Bras\u00e3o Rep\u00fablica Federativa do Brasil\" width=\"6%\" height=\"6%\"><\/div>    \n<h1><font color=\"blue\"><font size=\"5\"><div align=\"center\">SERVI\u00c7O P\u00daBLICO FEDERAL<\/b><\/font><\/font><\/div><\/H1>\n\n<p><div align=\"center\"><b><a href=\"https:\/\/portal.ufsm.br\/documentos\/publico\/documento.html?id=4508645\"><font color=\"blue\">RESOLU\u00c7\u00c3O N. 020\/1994<\/font><\/a><\/b><\/div><\/p>\n<br>\n<p><div align=\"right\"><font color=\"800000\"><strike>AUTORIZA A ABERTURA DE CR\u00c9DITO OR\u00c7AMENT\u00c1RIO ADICIONAL AO HOSPITAL UNIVERSIT\u00c1RIO.<\/strike><\/font><\/div><\/p>\n<br>\n<br><div align=\"justify\">\n<p><a href=\"https:\/\/www.ufsm.br\/pro-reitorias\/proplan\/resolucao-ufsm-n-055-2021\/\"><font color=\"blue\">Revogado pela Resolu\u00e7\u00e3o N. 055\/2021<\/font><\/a><\/p><\/p>\n<br>\n<strike>\n<p><b>O REITOR DA UNIVERSIDADE FEDERAL DE SANTA MARIA<\/b>, no uso de suas atribui\u00e7\u00f5es legais, estatut\u00e1rias e regimentais, com base na solicita\u00e7\u00e3o contida no Processo n\u00ba <a href=\"https:\/\/portal.ufsm.br\/documentos\/publico\/processo\/documento.html?idDocumento=121118\" target=\"_blank\"><font color=\"blue\"><u>013373\/94-38<\/u><\/font><\/a> e, considerando:<\/p>\n<p>- a notoriedade dos fatos decorrentes dos problemas de funcionamento do Hospital Universit\u00e1rio, amplamente divulgado pela imprensa local e nacional, em raz\u00e3o da total e absoluta falta de recursos or\u00e7ament\u00e1rios;<\/p>\n<p>- O car\u00e1ter de excepcionalidade do setor de sa\u00fade e a import\u00e2ncia do HUSM n\u00e3o s\u00f3 para a cidade de Santa Maria, como tamb\u00e9m para a regi\u00e3o;<\/p>\n<p>- que os recursos financeiros do HUSM s\u00e3o origin\u00e1rios, exclusivamente, da presta\u00e7\u00e3o de servi\u00e7os ao Sistema \u00danico de Sa\u00fade (SUS), do Minist\u00e9rio da Sa\u00fade;<\/p>\n<p>- que o SUS vem regularmente efetuando o pagamento dos servi\u00e7os prestados pelo HUSM e que n\u00e3o havendo cr\u00e9dito or\u00e7ament\u00e1rio estes recursos n\u00e3o podem ser liberados;<\/p>\n<p>- que a previs\u00e3o de cr\u00e9dito or\u00e7ament\u00e1rio para o HUSM foi feita com base no m\u00eas de abril\/93 e que o valor foi subestimado, tendo em vista o alto n\u00edvel inflacion\u00e1rio;<\/p>\n<p>- que qualquer pedido de suplementa\u00e7\u00e3o de cr\u00e9dito or\u00e7ament\u00e1rio s\u00f3 pode ser feito ap\u00f3s a aprova\u00e7\u00e3o, pelo Congresso Nacional, do Or\u00e7amento da Uni\u00e3o;<\/p>\n<p>- que o Or\u00e7amento da Uni\u00e3o at\u00e9 esta data ainda n\u00e3o foi aprovado;<\/p>\n<p>- \u00e0 absoluta e urgente necessidade de se viabilizar o funcionamento regular do Hospital Universit\u00e1rio.<\/p>\n<br>\n<p><b><div align=\"center\">RESOLVE:<\/b><\/div><\/p>\n<br>\n<p>Art. 1\u00ba Autorizar \u201cad referendum\u201d do Conselho Universit\u00e1rio, a abertura de cr\u00e9dito or\u00e7ament\u00e1rio adicional ao Hospital Universit\u00e1rio de Santa Maria, este nos limites e diretamente proporcionais aos valores pagos pelo SERVI\u00c7O UNICO DE SA\u00daDE (SUS), do Minist\u00e9rio da Sa\u00fade, em car\u00e1ter de emerg\u00eancia, at\u00e9 a aprova\u00e7\u00e3o do Or\u00e7amento da Uni\u00e3o, pelo Congresso Nacional.<\/p>\n<p>Art. 2\u00ba A autoriza\u00e7\u00e3o prevista no art. 1\u00ba desta Resolu\u00e7\u00e3o tem por fundamento o contido no art. 28, letra \u201ce\u201d, combinado com a disposi\u00e7\u00e3o expressa na letra \u201cq\u201d da mesma norma, ambas do Estatuto da Universidade Federal de Santa Maria.<\/p>\n<p>Art. 3\u00ba Compete a Pr\u00f3-Reitoria de Planejamento dar cumprimento ao contido nesta Resolu\u00e7\u00e3o.<\/p>\n<p>Art. 4\u00ba Esta resolu\u00e7\u00e3o entrar\u00e1 em vigor a partir da data de sua publica\u00e7\u00e3o.<\/p>\n\n<p>GABINETE DO REITOR DA UNIVERSIDADE FEDERAL DE SANTA MARIA, aos treze dias do m\u00eas de setembro do ano de mil novecentos e noventa e quatro.<\/p>\n<\/div>\n<p>Odilon Ant\u00f4nio Marcuzzo do Canto,<\/p>\n<p>Reitor.<\/p>\n\n<p><font color=\"red0000\">Este texto n\u00e3o substitui o documento original, publicado no Portal de Documentos.<\/font> Dispon\u00edvel em: <a href=\"https:\/\/portal.ufsm.br\/documentos\/publico\/documento.html?id=4508645\"><font color=\"blue\">https:\/\/portal.ufsm.br\/documentos\/publico\/documento.html?id=4508645<\/font><\/a>\n<\/strike>\n\n\t\t<\/div>\n\t\t\t\t<\/div>\n\t\t\t\t\t<\/div>\n\t\t<\/div>\n\t\t\t\t\t<\/div>\n\t\t<\/section>\n\t\t\t\t<\/div>\n\t\t","protected":false},"excerpt":{"rendered":"<p>RESOLU\u00c7\u00c3O N. 020\/1994 SERVI\u00c7O P\u00daBLICO FEDERAL RESOLU\u00c7\u00c3O N. 020\/1994 AUTORIZA A ABERTURA DE CR\u00c9DITO OR\u00c7AMENT\u00c1RIO ADICIONAL AO HOSPITAL UNIVERSIT\u00c1RIO. Revogado pela Resolu\u00e7\u00e3o N. 055\/2021 O REITOR DA UNIVERSIDADE FEDERAL DE SANTA MARIA, no uso de suas atribui\u00e7\u00f5es legais, estatut\u00e1rias e regimentais, com base na solicita\u00e7\u00e3o contida no Processo n\u00ba 013373\/94-38 e, considerando: &#8211; a notoriedade [&hellip;]<\/p>\n","protected":false},"author":205,"featured_media":0,"parent":0,"menu_order":0,"comment_status":"closed","ping_status":"closed","template":"","meta":{"footnotes":""},"categories":[],"tags":[],"class_list":["post-3446","page","type-page","status-publish","hentry"],"acf":[],"_links":{"self":[{"href":"https:\/\/www.ufsm.br\/pro-reitorias\/proplan\/wp-json\/wp\/v2\/pages\/3446","targetHints":{"allow":["GET"]}}],"collection":[{"href":"https:\/\/www.ufsm.br\/pro-reitorias\/proplan\/wp-json\/wp\/v2\/pages"}],"about":[{"href":"https:\/\/www.ufsm.br\/pro-reitorias\/proplan\/wp-json\/wp\/v2\/types\/page"}],"author":[{"embeddable":true,"href":"https:\/\/www.ufsm.br\/pro-reitorias\/proplan\/wp-json\/wp\/v2\/users\/205"}],"replies":[{"embeddable":true,"href":"https:\/\/www.ufsm.br\/pro-reitorias\/proplan\/wp-json\/wp\/v2\/comments?post=3446"}],"version-history":[{"count":0,"href":"https:\/\/www.ufsm.br\/pro-reitorias\/proplan\/wp-json\/wp\/v2\/pages\/3446\/revisions"}],"wp:attachment":[{"href":"https:\/\/www.ufsm.br\/pro-reitorias\/proplan\/wp-json\/wp\/v2\/media?parent=3446"}],"wp:term":[{"taxonomy":"category","embeddable":true,"href":"https:\/\/www.ufsm.br\/pro-reitorias\/proplan\/wp-json\/wp\/v2\/categories?post=3446"},{"taxonomy":"post_tag","embeddable":true,"href":"https:\/\/www.ufsm.br\/pro-reitorias\/proplan\/wp-json\/wp\/v2\/tags?post=3446"}],"curies":[{"name":"wp","href":"https:\/\/api.w.org\/{rel}","templated":true}]}}