{"id":3448,"date":"2020-03-28T16:02:43","date_gmt":"2020-03-28T19:02:43","guid":{"rendered":"https:\/\/www.ufsm.br\/pro-reitorias\/proplan\/?page_id=3448"},"modified":"2020-05-29T11:45:50","modified_gmt":"2020-05-29T14:45:50","slug":"resolucao-n-022-1994","status":"publish","type":"page","link":"https:\/\/www.ufsm.br\/pro-reitorias\/proplan\/resolucao-n-022-1994","title":{"rendered":"Resolu\u00e7\u00e3o N. 022\/1994"},"content":{"rendered":"\t\t<div data-elementor-type=\"wp-page\" data-elementor-id=\"3448\" class=\"elementor elementor-3448\">\n\t\t\t\t\t\t<section class=\"elementor-section elementor-top-section elementor-element elementor-element-beb4d6f elementor-section-boxed elementor-section-height-default elementor-section-height-default\" data-id=\"beb4d6f\" data-element_type=\"section\">\n\t\t\t\t\t\t<div class=\"elementor-container elementor-column-gap-default\">\n\t\t\t\t\t<div class=\"elementor-column elementor-col-100 elementor-top-column elementor-element elementor-element-dfa7703\" data-id=\"dfa7703\" data-element_type=\"column\">\n\t\t\t<div class=\"elementor-widget-wrap elementor-element-populated\">\n\t\t\t\t\t\t<div class=\"elementor-element elementor-element-a78c058 elementor-widget elementor-widget-html\" data-id=\"a78c058\" data-element_type=\"widget\" data-widget_type=\"html.default\">\n\t\t\t\t<div class=\"elementor-widget-container\">\n\t\t\t\r\n\r\n\r\n<title><b>RESOLU\u00c7\u00c3O N. 022\/1994<\/b><\/title>\r\n\r\n\r\n<div align=\"center\"><img decoding=\"async\" src=\"https:\/\/www.ufsm.br\/pro-reitorias\/proplan\/wp-content\/uploads\/sites\/344\/2019\/09\/brasao-da-republica-do-brasil-logo.png\" alt=\"Bras\u00e3o Rep\u00fablica Federativa do Brasil\" width=\"6%\" height=\"6%\"><\/div>    \r\n<h1><font color=\"blue\"><font size=\"5\"><div align=\"center\">SERVI\u00c7O P\u00daBLICO FEDERAL<\/b><\/font><\/font><\/div><\/H1>\r\n\r\n<p><div align=\"center\"><b><a href=\"https:\/\/portal.ufsm.br\/documentos\/publico\/documento.html?id=4508647\"><font color=\"blue\">RESOLU\u00c7\u00c3O N. 022\/1994<\/font><\/a><\/b><\/div><\/p>\r\n<br>\r\n<p><div align=\"right\"><font color=\"800000\"><strike>Altera a Reda\u00e7\u00e3o do Art. 69 e do seu Par\u00e1grafo \u00danico, da Resolu\u00e7\u00e3o n\u00ba 007\/93, de 18-03-93, que \"Regulamenta a contrata\u00e7\u00e3o de Professores Visitantes, de acordo com o Art. 8\u00ba do Anexo ao Decreto n\u00ba 94.664, de 23-07-87\". <\/strike><\/font><\/div><\/p>\r\n<br>\r\n<p><a href=\"https:\/\/www.ufsm.br\/pro-reitorias\/proplan\/resolucao-n-006-2007\/\"><font color=\"blue\">Revogada pela Resolu\u00e7\u00e3o N. 006\/2007<\/font><\/a><\/p>\r\n<br>\r\n<br><div align=\"justify\">\r\n<strike>\r\n<p>O REITOR DA UNIVERSIDADE FEDERAL DE SANTA MARIA, no uso de suas atribui\u00e7\u00f5es legais e estatut\u00e1rias, tendo em vista a determina\u00e7\u00e3o resultante do Processo TC n\u00ba 625.201\/903-0, Ac\u00f3rd\u00e3o n\u00ba 358 e o Parecer n\u00ba 109\/94 do Conselho de Ensino, Pesquisa e Extens\u00e3o, aprovado em sua 447\u00aa Sess\u00e3o, realizada em 19-09-94,<\/p>\r\n<br>\r\n<p><b><div align=\"center\">RESOLVE:<\/b><\/div><\/p>\r\n<br>\r\n<p><b>I - <\/b>Alterar o art. 6\u00ba e seu par\u00e1grafo \u00fanico, da <a href=\"https:\/\/www.ufsm.br\/pro-reitorias\/proplan\/resolucao-n-007-1993\/\" target=\"_blank\"><font color=\"blue\"><u>Resolu\u00e7\u00e3o n\u00ba 007\/93 de 18-03-93<\/u><\/font><\/a>, que passa a ter a seguinte reda\u00e7\u00e3o:<\/p>\r\n\r\n<p><b>Art. 6\u00ba - <\/b>O contrato de loca\u00e7\u00e3o de servi\u00e7os de Professor Visitante se dar\u00e1 em conformidade com o art. 3\u00ba e seu \u00a7 2\u00ba, juntamente com o art. 4\u00ba, seus incisos II e IV e seu par\u00e1grafo \u00fanico da <a href=\"http:\/\/www.planalto.gov.br\/ccivil_03\/LEIS\/L8745cons.htm\" target=\"_blank\"><font color=\"blue\"><u>Lei n\u00ba 8.745, de 09 de dezembro de 1993<\/u><\/font><\/a>.<\/p>\r\n<p><b>\u00a7 1\u00ba - <\/b>Os Professores Visitantes contratados pela Universidade Federal de Santa Maria, ter\u00e3o sua remunera\u00e7\u00e3o regulada, pelo art. 70, incisos I e II juntamente com seu par\u00e1grafo \u00fanico, da <a href=\"http:\/\/www.planalto.gov.br\/ccivil_03\/LEIS\/L8745cons.htm\" target=\"_blank\"><font color=\"blue\"><u>Lei n\u00ba 8.745, de 09 de dezembro de 1993<\/u><\/font><\/a>.<\/p>\r\n<p><b>\u00a7 2\u00ba - <\/b>O enquadramento do Professor Visitante contratado estar\u00e1 especificado em Edital de Processo Seletivo, de acordo com as normas internas da UFSM, amplamente divulgado, inclusive no DOU.<\/p>\r\n<p><b>\u00a7 3\u00ba - <\/b>Para os efeitos do \u00a7 1\u00ba e 2\u00ba, n\u00e3o se consideram as vantagens de natureza individual dos servidores ocupantes de cargos tomados como paradigma.<\/p>\r\n\r\n<p><b>II - <\/b>Esta Resolu\u00e7\u00e3o entra em vigor na data de sua divulga\u00e7\u00e3o, revogando-se as disposi\u00e7\u00f5es em contr\u00e1rio.<\/p>\r\n\r\n<p>GABINETE DO REITOR DA UNIVERSIDADE FEDERAL DE SANTA MARIA, aos cinco dias do m\u00eas de outubro do ano de mil, novecentos e noventa e quatro .<\/p>\r\n<\/div>\r\n<p>Jo\u00e3o Luiz de Oliveira Roth,<\/p>\r\n<p>Vice-Reitor, no exerc\u00edcio da Reitoria.<\/p>\r\n<\/strike>\r\n<p><font color=\"red0000\">Este texto n\u00e3o substitui o documento original, publicado no Portal de Documentos.<\/font> Dispon\u00edvel em: <a href=\"https:\/\/portal.ufsm.br\/documentos\/publico\/documento.html?id=4508647\"><font color=\"blue\">https:\/\/portal.ufsm.br\/documentos\/publico\/documento.html?id=4508647<\/font><\/a>\r\n\r\n\t\t<\/div>\n\t\t\t\t<\/div>\n\t\t\t\t\t<\/div>\n\t\t<\/div>\n\t\t\t\t\t<\/div>\n\t\t<\/section>\n\t\t\t\t<\/div>\n\t\t","protected":false},"excerpt":{"rendered":"<p>RESOLU\u00c7\u00c3O N. 022\/1994 SERVI\u00c7O P\u00daBLICO FEDERAL RESOLU\u00c7\u00c3O N. 022\/1994 Altera a Reda\u00e7\u00e3o do Art. 69 e do seu Par\u00e1grafo \u00danico, da Resolu\u00e7\u00e3o n\u00ba 007\/93, de 18-03-93, que &#8220;Regulamenta a contrata\u00e7\u00e3o de Professores Visitantes, de acordo com o Art. 8\u00ba do Anexo ao Decreto n\u00ba 94.664, de 23-07-87&#8221;. Revogada pela Resolu\u00e7\u00e3o N. 006\/2007 O REITOR DA [&hellip;]<\/p>\n","protected":false},"author":205,"featured_media":0,"parent":0,"menu_order":0,"comment_status":"closed","ping_status":"closed","template":"","meta":{"footnotes":""},"categories":[],"tags":[],"class_list":["post-3448","page","type-page","status-publish","hentry"],"acf":[],"_links":{"self":[{"href":"https:\/\/www.ufsm.br\/pro-reitorias\/proplan\/wp-json\/wp\/v2\/pages\/3448","targetHints":{"allow":["GET"]}}],"collection":[{"href":"https:\/\/www.ufsm.br\/pro-reitorias\/proplan\/wp-json\/wp\/v2\/pages"}],"about":[{"href":"https:\/\/www.ufsm.br\/pro-reitorias\/proplan\/wp-json\/wp\/v2\/types\/page"}],"author":[{"embeddable":true,"href":"https:\/\/www.ufsm.br\/pro-reitorias\/proplan\/wp-json\/wp\/v2\/users\/205"}],"replies":[{"embeddable":true,"href":"https:\/\/www.ufsm.br\/pro-reitorias\/proplan\/wp-json\/wp\/v2\/comments?post=3448"}],"version-history":[{"count":0,"href":"https:\/\/www.ufsm.br\/pro-reitorias\/proplan\/wp-json\/wp\/v2\/pages\/3448\/revisions"}],"wp:attachment":[{"href":"https:\/\/www.ufsm.br\/pro-reitorias\/proplan\/wp-json\/wp\/v2\/media?parent=3448"}],"wp:term":[{"taxonomy":"category","embeddable":true,"href":"https:\/\/www.ufsm.br\/pro-reitorias\/proplan\/wp-json\/wp\/v2\/categories?post=3448"},{"taxonomy":"post_tag","embeddable":true,"href":"https:\/\/www.ufsm.br\/pro-reitorias\/proplan\/wp-json\/wp\/v2\/tags?post=3448"}],"curies":[{"name":"wp","href":"https:\/\/api.w.org\/{rel}","templated":true}]}}