{"id":3455,"date":"2020-03-28T16:51:12","date_gmt":"2020-03-28T19:51:12","guid":{"rendered":"https:\/\/www.ufsm.br\/pro-reitorias\/proplan\/?page_id=3455"},"modified":"2020-05-29T11:46:39","modified_gmt":"2020-05-29T14:46:39","slug":"resolucao-n-024-1994","status":"publish","type":"page","link":"https:\/\/www.ufsm.br\/pro-reitorias\/proplan\/resolucao-n-024-1994","title":{"rendered":"Resolu\u00e7\u00e3o N. 024\/1994"},"content":{"rendered":"\t\t<div data-elementor-type=\"wp-page\" data-elementor-id=\"3455\" class=\"elementor elementor-3455\">\n\t\t\t\t\t\t<section class=\"elementor-section elementor-top-section elementor-element elementor-element-19fb10e elementor-section-boxed elementor-section-height-default elementor-section-height-default\" data-id=\"19fb10e\" data-element_type=\"section\">\n\t\t\t\t\t\t<div class=\"elementor-container elementor-column-gap-default\">\n\t\t\t\t\t<div class=\"elementor-column elementor-col-100 elementor-top-column elementor-element elementor-element-a09e684\" data-id=\"a09e684\" data-element_type=\"column\">\n\t\t\t<div class=\"elementor-widget-wrap elementor-element-populated\">\n\t\t\t\t\t\t<div class=\"elementor-element elementor-element-d8305ec elementor-widget elementor-widget-html\" data-id=\"d8305ec\" data-element_type=\"widget\" data-widget_type=\"html.default\">\n\t\t\t\t<div class=\"elementor-widget-container\">\n\t\t\t\r\n\r\n\r\n<title><b>RESOLU\u00c7\u00c3O N. 024\/1994<\/b><\/title>\r\n\r\n\r\n<div align=\"center\"><img decoding=\"async\" src=\"https:\/\/www.ufsm.br\/pro-reitorias\/proplan\/wp-content\/uploads\/sites\/344\/2019\/09\/brasao-da-republica-do-brasil-logo.png\" alt=\"Bras\u00e3o Rep\u00fablica Federativa do Brasil\" width=\"6%\" height=\"6%\"><\/div>    \r\n<h1><font color=\"blue\"><font size=\"5\"><div align=\"center\">SERVI\u00c7O P\u00daBLICO FEDERAL<\/b><\/font><\/font><\/div><\/H1>\r\n\r\n<p><div align=\"center\"><b><a href=\"https:\/\/portal.ufsm.br\/documentos\/publico\/documento.html?id=4508649\"><font color=\"blue\">RESOLU\u00c7\u00c3O N. 024\/1994<\/font><\/a><\/b><\/div><\/p>\r\n<br>\r\n<p><div align=\"right\"><font color=\"800000\"><strike>Baixa normas gerais, que somadas as ja existentes, reger\u00e3o os tramites para afastamento de Docentes e T\u00e9cnico-Administrativos para a realiza\u00e7\u00e3o de Cursos de P\u00f3s-Gradua\u00e7\u00e3o. <\/strike><\/font><\/div><\/p>\r\n<br>\r\n<p><a href=\"https:\/\/www.ufsm.br\/pro-reitorias\/proplan\/resolucao-n-005-1996\/\"><font color=\"blue\">Revogada pela Resolu\u00e7\u00e3o N. 005\/1996<\/font><\/a><\/p>\r\n<br>\r\n<br><div align=\"justify\">\r\n<strike>\r\n<p>O REITOR DA UNIVERSIDADE FEDERAL DE SANTA MARIA, no uso de suas atribui\u00e7\u00f5es legais e estatut\u00e1rias e,<\/p>\r\n<p>- considerando o Processo n\u00ba <a href=\"https:\/\/portal.ufsm.br\/documentos\/publico\/processo\/documento.html?idDocumento=76532\" target=\"_blank\"><font color=\"blue\"><u>8286\/94-96<\/u><\/font><\/a>;<\/p>\r\n<p>- considerando o Parecer n\u00ba 196\/94, da Procuradoria Jur\u00eddica;<\/p>\r\n<p>- considerando o Parecer n\u00ba 123\/94, do Conselho de Ensino, Pesquisa e Extens\u00e3o, aprovado em sua 449\u00aa Sess\u00e3o, realizada em 1090-11-94;<\/p>\r\n<br>\r\n<p><b><div align=\"center\">RESOLVE:<\/b><\/div><\/p>\r\n<br>\r\n<p><b>Art. 1\u00ba - <\/b>S\u00f3 poder\u00e3o afastar-se para realizar Curso de P\u00f3s-Gradua\u00e7\u00e3o, os docentes ou t\u00e9cnico-administrativos que ainda tenham, no m\u00ednimo, 16 anos para aposentadoria - no caso de Curso de Mestrado - e 12 anos para Curso de Doutorado.<\/p>\r\n<p><b>Par\u00e1grafo \u00danico - <\/b>Para os docentes e t\u00e9cnico-administrativos que ingressaram no quadro da Universidade ate a data de 19 de novembro de 94, o tempo m\u00ednimo para a aposentadoria ser\u00e3o de 10 anos para o Mestrado e de 8 anos para o Doutorado.<\/p>\r\n\r\n<p><b>Art. 2\u00ba - <\/b>O afastamento para P\u00f3s-Doutorado s\u00f3 ser\u00e1 autorizado se for garantido, no retorno, uma perman\u00eancia na Institui\u00e7\u00e3o de, no m\u00ednimo, o dobro do tempo solicitado para o referido treinamento.<\/p>\r\n<p><b>Art. 3\u00ba - <\/b>Todo docente ou t\u00e9cnico-administrativo, ao solicitar afastamento, devera assinar, junto ao Departamento de Pessoal, um documento assumindo n\u00e3o possuir tempo de servi\u00e7o em outra Institui\u00e7\u00e3o e ainda n\u00e3o averbado. O Departamento de Pessoal fornecera, ent\u00e3o, um atestado de tempo de servi\u00e7o para aposentadoria, que devera ser anexado ao processo.<\/p>\r\n<p><b>Art. 4\u00ba - <\/b>Anualmente, ser\u00e1 apresentado ao CEPE um levantamento realizado pela CPPD, CPPTA e PRPGP sobre os docentes e t\u00e9cnico-administrativos afastados para realiza\u00e7\u00e3o de Curso de P\u00f3s-Gradua\u00e7\u00e3o, para conhecer-se a situa\u00e7\u00e3o da Universidade.<\/p>\r\n<p><b>Art. 5\u00ba - <\/b>Os pedidos de afastamento e renova\u00e7\u00e3o ser\u00e3o analisados e aprovados pelo \u00f3rg\u00e3o de lota\u00e7\u00e3o do requerente e registrados pela CPPD e\/ou CPPTA.<\/p>\r\n<p><b>Par\u00e1grafo \u00danico - <\/b>O \u00f3rg\u00e3o de lota\u00e7\u00e3o do professor ou t\u00e9cnico-administrativo afastado ficar\u00e3o respons\u00e1vel por suas atividades did\u00e1ticas ou administrativas.<\/p>\r\n\r\n<p><b>Art. 6\u00ba - <\/b>A autoriza\u00e7\u00e3o de afastamento\/renova\u00e7\u00e3o ser\u00e1 feita anualmente, tendo como base para instru\u00e7\u00e3o do processo o relat\u00f3rio anual do servidor, com o parecer do Orientador do mesmo, observado o disposto no art. 87, inciso VI do Regimento Geral da UFSM.<\/p>\r\n<p><b>Art. 7\u00ba - <\/b>Revogam-se as disposi\u00e7\u00f5es em contr\u00e1rio.<\/p>\r\n\r\n<p>GABINETE DO REITOR DA UNIVERSIDADE FEDERAL DE SANTA MARIA, aos quatro dias do m\u00eas de novembro do ano de mil, novecentos e noventa e quatro.<\/p>\r\n<\/div>\r\n<p>Odilon Ant\u00f4nio Marcuzzo do Canto,<\/p>\r\n<p>Reitor.<\/p>\r\n<\/strike>\r\n<p><font color=\"red0000\">Este texto n\u00e3o substitui o documento original, publicado no Portal de Documentos.<\/font> Dispon\u00edvel em: <a href=\"https:\/\/portal.ufsm.br\/documentos\/publico\/documento.html?id=4508649\"><font color=\"blue\">https:\/\/portal.ufsm.br\/documentos\/publico\/documento.html?id=4508649<\/font><\/a>\r\n\r\n\t\t<\/div>\n\t\t\t\t<\/div>\n\t\t\t\t\t<\/div>\n\t\t<\/div>\n\t\t\t\t\t<\/div>\n\t\t<\/section>\n\t\t\t\t<\/div>\n\t\t","protected":false},"excerpt":{"rendered":"<p>RESOLU\u00c7\u00c3O N. 024\/1994 SERVI\u00c7O P\u00daBLICO FEDERAL RESOLU\u00c7\u00c3O N. 024\/1994 Baixa normas gerais, que somadas as ja existentes, reger\u00e3o os tramites para afastamento de Docentes e T\u00e9cnico-Administrativos para a realiza\u00e7\u00e3o de Cursos de P\u00f3s-Gradua\u00e7\u00e3o. Revogada pela Resolu\u00e7\u00e3o N. 005\/1996 O REITOR DA UNIVERSIDADE FEDERAL DE SANTA MARIA, no uso de suas atribui\u00e7\u00f5es legais e estatut\u00e1rias e, [&hellip;]<\/p>\n","protected":false},"author":205,"featured_media":0,"parent":0,"menu_order":0,"comment_status":"closed","ping_status":"closed","template":"","meta":{"footnotes":""},"categories":[],"tags":[],"class_list":["post-3455","page","type-page","status-publish","hentry"],"acf":[],"_links":{"self":[{"href":"https:\/\/www.ufsm.br\/pro-reitorias\/proplan\/wp-json\/wp\/v2\/pages\/3455","targetHints":{"allow":["GET"]}}],"collection":[{"href":"https:\/\/www.ufsm.br\/pro-reitorias\/proplan\/wp-json\/wp\/v2\/pages"}],"about":[{"href":"https:\/\/www.ufsm.br\/pro-reitorias\/proplan\/wp-json\/wp\/v2\/types\/page"}],"author":[{"embeddable":true,"href":"https:\/\/www.ufsm.br\/pro-reitorias\/proplan\/wp-json\/wp\/v2\/users\/205"}],"replies":[{"embeddable":true,"href":"https:\/\/www.ufsm.br\/pro-reitorias\/proplan\/wp-json\/wp\/v2\/comments?post=3455"}],"version-history":[{"count":0,"href":"https:\/\/www.ufsm.br\/pro-reitorias\/proplan\/wp-json\/wp\/v2\/pages\/3455\/revisions"}],"wp:attachment":[{"href":"https:\/\/www.ufsm.br\/pro-reitorias\/proplan\/wp-json\/wp\/v2\/media?parent=3455"}],"wp:term":[{"taxonomy":"category","embeddable":true,"href":"https:\/\/www.ufsm.br\/pro-reitorias\/proplan\/wp-json\/wp\/v2\/categories?post=3455"},{"taxonomy":"post_tag","embeddable":true,"href":"https:\/\/www.ufsm.br\/pro-reitorias\/proplan\/wp-json\/wp\/v2\/tags?post=3455"}],"curies":[{"name":"wp","href":"https:\/\/api.w.org\/{rel}","templated":true}]}}