{"id":3467,"date":"2020-03-28T17:33:46","date_gmt":"2020-03-28T20:33:46","guid":{"rendered":"https:\/\/www.ufsm.br\/pro-reitorias\/proplan\/?page_id=3467"},"modified":"2020-03-28T17:42:24","modified_gmt":"2020-03-28T20:42:24","slug":"resolucao-n-004-1993","status":"publish","type":"page","link":"https:\/\/www.ufsm.br\/pro-reitorias\/proplan\/resolucao-n-004-1993","title":{"rendered":"Resolu\u00e7\u00e3o N. 004\/1993"},"content":{"rendered":"\t\t<div data-elementor-type=\"wp-page\" data-elementor-id=\"3467\" class=\"elementor elementor-3467\">\n\t\t\t\t\t\t<section class=\"elementor-section elementor-top-section elementor-element elementor-element-78a1810 elementor-section-boxed elementor-section-height-default elementor-section-height-default\" data-id=\"78a1810\" data-element_type=\"section\">\n\t\t\t\t\t\t<div class=\"elementor-container elementor-column-gap-default\">\n\t\t\t\t\t<div class=\"elementor-column elementor-col-100 elementor-top-column elementor-element elementor-element-a590983\" data-id=\"a590983\" data-element_type=\"column\">\n\t\t\t<div class=\"elementor-widget-wrap elementor-element-populated\">\n\t\t\t\t\t\t<div class=\"elementor-element elementor-element-a7f3caf elementor-widget elementor-widget-html\" data-id=\"a7f3caf\" data-element_type=\"widget\" data-widget_type=\"html.default\">\n\t\t\t\t<div class=\"elementor-widget-container\">\n\t\t\t\r\n\r\n\r\n<title><b>RESOLU\u00c7\u00c3O N. 004\/1993<\/b><\/title>\r\n\r\n\r\n<div align=\"center\"><img decoding=\"async\" src=\"https:\/\/www.ufsm.br\/pro-reitorias\/proplan\/wp-content\/uploads\/sites\/344\/2019\/09\/brasao-da-republica-do-brasil-logo.png\" alt=\"Bras\u00e3o Rep\u00fablica Federativa do Brasil\" width=\"6%\" height=\"6%\"><\/div>    \r\n<h1><font color=\"blue\"><font size=\"5\"><div align=\"center\">SERVI\u00c7O P\u00daBLICO FEDERAL<\/b><\/font><\/font><\/div><\/H1>\r\n\r\n<p><div align=\"center\"><b><a href=\"https:\/\/portal.ufsm.br\/documentos\/publico\/documento.html?id=4508732\"><font color=\"blue\">RESOLU\u00c7\u00c3O N. 004\/1993<\/font><\/a><\/b><\/div><\/p>\r\n<br>\r\n<p><div align=\"right\"><font color=\"800000\"><strike>Estabelece normas sobre a estrutura de Disserta\u00e7\u00e3o e Teses e sua apresenta\u00e7\u00e3o gr\u00e1fica.<\/strike><\/font><\/div><\/p>\r\n<br>\r\n<p><a href=\"https:\/\/www.ufsm.br\/pro-reitorias\/proplan\/resolucao-n-022-1995\/\"><font color=\"blue\">Revogada pela Resolu\u00e7\u00e3o N. 022\/1995<\/font><\/a><\/p>\r\n<br>\r\n<br><div align=\"justify\">\r\n<strike>\r\n<p><b>REITOR DA UNIVERSIDADE FEDERAL DE SANTA MARIA<\/b> no uso de suas atribui\u00e7\u00f5es legais e estatut\u00e1rias, e diante da decis\u00e3o do Conselho de Ensino, Pesquisa e Extens\u00e3o, sess\u00e3o 416\u00aa de 21\/01\/98.<\/p>\r\n<br>\r\n<p><b><div align=\"center\">RESOLVE:<\/b><\/div><\/p>\r\n<br>\r\n<p>Art. 1\u00ba - Expedir a presente resolu\u00e7\u00e3o para tornar oficiais e p\u00fablicas as normas sobre a \"Estrutura da Disserta\u00e7\u00e3o\/Tese e sua Apresenta\u00e7\u00e3o Gr\u00e1fica \u2013 3\u00ba Edi\u00e7\u00e3o\u201d, com o objetivo de padronizar a elabora\u00e7\u00e3o do documento formal, em qualquer n\u00edvel de P\u00f3s-Gradua\u00e7\u00e3o da Universidade Federal de Santa Maria. <\/p>\r\n<p>Par\u00e1grafo \u00fanico: A Estrutura da disserta\u00e7\u00e3o\/tese sua apresenta\u00e7\u00e3o gr\u00e1fica, obrigatoriamente contemplar\u00e1 os seguintes t\u00edtulos:<\/p>\r\n<p>1 - Dados Gerais.<\/p>\r\n<p>2 - Capa.<\/p>\r\n<p>3 - Elementos Pr\u00e9-Textuais.<\/p>\r\n<p>4 - Texto.<\/p>\r\n<p>5 - Elementos P\u00f3s-Textuais. <\/p>\r\n<p>6 - Refer\u00eancias.<\/p>\r\n\r\n<p>Art. 2\u00ba - Caber\u00e1 \u00e0 Pr\u00f3-Reitoria de P\u00f3s-Gradua\u00e7\u00e3o e Pesquisa a orienta\u00e7\u00e3o em torno dessas normas e a devida divulga\u00e7\u00e3o das mesmas, na melhor forma editorial, visando o cumprimento das disposi\u00e7\u00f5es aprovadas.<\/p>\r\n<p>Art. 3\u00ba - Fica revogada a Resolu\u00e7\u00e3o n\u00ba 341\/89 de 03 de Janeiro de 1989.<\/p>\r\n\r\n<p><b>GABINETE DO REITOR DA UNIVERSIDADE FEDERAL DE SANTA MARIA,<\/b> no primeiro dia do m\u00eas de fevereiro do ano de mil novecentos e noventa e tr\u00eas.<\/p>\r\n<\/div>\r\n<p>Prof. Tit. Tabaraja Ga\u00facho da Costa,<\/p>\r\n<p>Reitor.<\/p>\r\n<\/strike>\r\n<p><font color=\"red0000\">Este texto n\u00e3o substitui o documento original, publicado no Portal de Documentos.<\/font> Dispon\u00edvel em: <a href=\"https:\/\/portal.ufsm.br\/documentos\/publico\/documento.html?id=4508732\"><font color=\"blue\">https:\/\/portal.ufsm.br\/documentos\/publico\/documento.html?id=4508732<\/font><\/a>\r\n\r\n\t\t<\/div>\n\t\t\t\t<\/div>\n\t\t\t\t\t<\/div>\n\t\t<\/div>\n\t\t\t\t\t<\/div>\n\t\t<\/section>\n\t\t\t\t<\/div>\n\t\t","protected":false},"excerpt":{"rendered":"<p>RESOLU\u00c7\u00c3O N. 004\/1993 SERVI\u00c7O P\u00daBLICO FEDERAL RESOLU\u00c7\u00c3O N. 004\/1993 Estabelece normas sobre a estrutura de Disserta\u00e7\u00e3o e Teses e sua apresenta\u00e7\u00e3o gr\u00e1fica. Revogada pela Resolu\u00e7\u00e3o N. 022\/1995 REITOR DA UNIVERSIDADE FEDERAL DE SANTA MARIA no uso de suas atribui\u00e7\u00f5es legais e estatut\u00e1rias, e diante da decis\u00e3o do Conselho de Ensino, Pesquisa e Extens\u00e3o, sess\u00e3o 416\u00aa [&hellip;]<\/p>\n","protected":false},"author":205,"featured_media":0,"parent":0,"menu_order":0,"comment_status":"closed","ping_status":"closed","template":"","meta":{"footnotes":""},"categories":[],"tags":[],"class_list":["post-3467","page","type-page","status-publish","hentry"],"acf":[],"_links":{"self":[{"href":"https:\/\/www.ufsm.br\/pro-reitorias\/proplan\/wp-json\/wp\/v2\/pages\/3467","targetHints":{"allow":["GET"]}}],"collection":[{"href":"https:\/\/www.ufsm.br\/pro-reitorias\/proplan\/wp-json\/wp\/v2\/pages"}],"about":[{"href":"https:\/\/www.ufsm.br\/pro-reitorias\/proplan\/wp-json\/wp\/v2\/types\/page"}],"author":[{"embeddable":true,"href":"https:\/\/www.ufsm.br\/pro-reitorias\/proplan\/wp-json\/wp\/v2\/users\/205"}],"replies":[{"embeddable":true,"href":"https:\/\/www.ufsm.br\/pro-reitorias\/proplan\/wp-json\/wp\/v2\/comments?post=3467"}],"version-history":[{"count":0,"href":"https:\/\/www.ufsm.br\/pro-reitorias\/proplan\/wp-json\/wp\/v2\/pages\/3467\/revisions"}],"wp:attachment":[{"href":"https:\/\/www.ufsm.br\/pro-reitorias\/proplan\/wp-json\/wp\/v2\/media?parent=3467"}],"wp:term":[{"taxonomy":"category","embeddable":true,"href":"https:\/\/www.ufsm.br\/pro-reitorias\/proplan\/wp-json\/wp\/v2\/categories?post=3467"},{"taxonomy":"post_tag","embeddable":true,"href":"https:\/\/www.ufsm.br\/pro-reitorias\/proplan\/wp-json\/wp\/v2\/tags?post=3467"}],"curies":[{"name":"wp","href":"https:\/\/api.w.org\/{rel}","templated":true}]}}