{"id":3468,"date":"2020-03-28T17:33:50","date_gmt":"2020-03-28T20:33:50","guid":{"rendered":"https:\/\/www.ufsm.br\/pro-reitorias\/proplan\/?page_id=3468"},"modified":"2020-07-20T12:53:09","modified_gmt":"2020-07-20T15:53:09","slug":"resolucao-n-005-1993","status":"publish","type":"page","link":"https:\/\/www.ufsm.br\/pro-reitorias\/proplan\/resolucao-n-005-1993","title":{"rendered":"Resolu\u00e7\u00e3o N. 005\/1993"},"content":{"rendered":"\t\t<div data-elementor-type=\"wp-page\" data-elementor-id=\"3468\" class=\"elementor elementor-3468\">\n\t\t\t\t\t\t<section class=\"elementor-section elementor-top-section elementor-element elementor-element-1fc5f03 elementor-section-boxed elementor-section-height-default elementor-section-height-default\" data-id=\"1fc5f03\" data-element_type=\"section\">\n\t\t\t\t\t\t<div class=\"elementor-container elementor-column-gap-default\">\n\t\t\t\t\t<div class=\"elementor-column elementor-col-100 elementor-top-column elementor-element elementor-element-ee46276\" data-id=\"ee46276\" data-element_type=\"column\">\n\t\t\t<div class=\"elementor-widget-wrap elementor-element-populated\">\n\t\t\t\t\t\t<div class=\"elementor-element elementor-element-cfcc127 elementor-widget elementor-widget-html\" data-id=\"cfcc127\" data-element_type=\"widget\" data-widget_type=\"html.default\">\n\t\t\t\t<div class=\"elementor-widget-container\">\n\t\t\t\r\n\r\n\r\n<title><b>RESOLU\u00c7\u00c3O N. 005\/1993<\/b><\/title>\r\n\r\n\r\n<div align=\"center\"><img decoding=\"async\" src=\"https:\/\/www.ufsm.br\/pro-reitorias\/proplan\/wp-content\/uploads\/sites\/344\/2019\/09\/brasao-da-republica-do-brasil-logo.png\" alt=\"Bras\u00e3o Rep\u00fablica Federativa do Brasil\" width=\"6%\" height=\"6%\"><\/div>    \r\n<h1><font color=\"blue\"><font size=\"5\"><div align=\"center\">SERVI\u00c7O P\u00daBLICO FEDERAL<\/b><\/font><\/font><\/div><\/H1>\r\n\r\n<p><div align=\"center\"><b><a href=\"https:\/\/portal.ufsm.br\/documentos\/publico\/documento.html?id=4508729\"><font color=\"blue\">RESOLU\u00c7\u00c3O N. 005\/1993<\/font><\/a><\/b><\/div><\/p>\r\n<br>\r\n<p><div align=\"right\"><font color=\"800000\"><strike>DISCIPLINA O TROTE AOS CALOUROS DA UFSM.<\/strike><\/font><\/div><\/p>\r\n<br>\r\n<p><a href=\"https:\/\/www.ufsm.br\/pro-reitorias\/proplan\/resolucao-n-022-2020\/\" target=\"_blank\"><font color=\"blue\">Revogada pela Resolu\u00e7\u00e3o N. 022\/2020<\/font><\/a><\/p>\r\n<br>\r\n<br><div align=\"justify\">\r\n<strike>\r\n<p>O Reitor da Universidade Federal de Santa Maria, no uso de suas atribui\u00e7\u00f5es legais e estatut\u00e1rias, e de acordo com O contido no processo n\u00ba <a href=\"https:\/\/portal.ufsm.br\/documentos\/publico\/processo\/documento.html?idDocumento=13608\" target=\"_blank\"><font color=\"blue\"><u>001290\/93-43<\/u><\/font><\/a>, cumprindo decis\u00e3o do Egr\u00e9gio Conselho Universit\u00e1rio, decidido na 489\u00aa sess\u00e3o, de 29 de janeiro de 1993, e considerando:<\/p>\r\n<p><b>a) <\/b>que a Universidade tem entre seus objetivos promover o saber nos seus mais diversos campos, contribuindo desta forma para sua pr\u00f3pria humaniza\u00e7\u00e3o e da sociedade;<\/p>\r\n<p><b>b) <\/b>que os estudantes devem encontrar na Universidade um espa\u00e7o de liberdade para construir sua hist\u00f3ria em solidariedade com os demais; e<\/p>\r\n<p><b>c) <\/b>que o trote aos calouros n\u00e3o deve se constituir num ritual no qual se repete a viol\u00eancia e as rela\u00e7\u00f5es de domina\u00e7\u00e3o, mas uma recep\u00e7\u00e3o de iguais para iguais;<\/p>\r\n<br>\r\n<p><b><div align=\"center\">RESOLVE:<\/b><\/div><\/p>\r\n<br>\r\n<p><b>Artigo 1\u00ba - <\/b>O princ\u00edpio b\u00e1sico da recep\u00e7\u00e3o aos calouros na UFSM \u00e9 o do respeito a pessoa humana, de conformidade com os termos do cap\u00edtulo 1 artigo 5\u00ba da Constitui\u00e7\u00e3o Federal, que trata dos direitos e deveres individuais e coletivos.<\/p>\r\n\r\n<p><b>Artigo 2\u00ba - <\/b>Todas as pr\u00e1ticas conhecidas no meio estudantil como o trote, desde que infringentes ao disposto no artigo anterior s\u00e3o pass\u00edveis de san\u00e7\u00f5es.<\/p>\r\n<p><b>\u00a7 1\u00ba - <\/b>O aluno que se sentir violentado em seus direitos, que vier a ser coagido a praticar atos constrangedores ou que seja submetido a atos que firam sua integridade em qualquer dimens\u00e3o tem assegurado o direito de denunciar o fato ao Coordenado do respectivo Curso.<\/p>\r\n<p><b>\u00a7 2\u00ba - <\/b>Compete a PRAE fazer o registro e devido encaminhamento de qualquer transgress\u00e3o desta norma com vistas a aplica\u00e7\u00e3o das medidas cab\u00edveis.<\/p>\r\n<p><b>\u00a7 3\u00ba - <\/b>Semestralmente ser\u00e1 nomeada pelo Professor Reitor uma Comiss\u00e3o Especial de Sindic\u00e2ncia para analisar e emitir parecer sobre os casos encaminhados.<\/p>\r\n<p><b>\u00a7 4\u00ba - <\/b>As san\u00e7\u00f5es disciplinares para os infratores ser\u00e3o aplicadas conforme os artigos 182 e 183 do Regimento Geral da UFSM.<\/p>\r\n\r\n<p>GABINETE DO REITOR DA UNIVERSIDADE FEDERAL DE SANTA MARIA, aos nove dias do m\u00eas de fevereiro de mil novecentos e noventa e tr\u00eas.<\/p>\r\n<\/div>\r\n<p>Professor Tabajara Ga\u00facho da Costa,<\/p>\r\n<p>Reitor.<\/p>\r\n<\/strike>\r\n\r\n<p><font color=\"red0000\">Este texto n\u00e3o substitui o documento original, publicado no Portal de Documentos.<\/font> Dispon\u00edvel em: <a href=\"https:\/\/portal.ufsm.br\/documentos\/publico\/documento.html?id=4508729\"><font color=\"blue\">https:\/\/portal.ufsm.br\/documentos\/publico\/documento.html?id=4508729<\/font><\/a>\r\n\r\n\t\t<\/div>\n\t\t\t\t<\/div>\n\t\t\t\t\t<\/div>\n\t\t<\/div>\n\t\t\t\t\t<\/div>\n\t\t<\/section>\n\t\t\t\t<\/div>\n\t\t","protected":false},"excerpt":{"rendered":"<p>RESOLU\u00c7\u00c3O N. 005\/1993 SERVI\u00c7O P\u00daBLICO FEDERAL RESOLU\u00c7\u00c3O N. 005\/1993 DISCIPLINA O TROTE AOS CALOUROS DA UFSM. Revogada pela Resolu\u00e7\u00e3o N. 022\/2020 O Reitor da Universidade Federal de Santa Maria, no uso de suas atribui\u00e7\u00f5es legais e estatut\u00e1rias, e de acordo com O contido no processo n\u00ba 001290\/93-43, cumprindo decis\u00e3o do Egr\u00e9gio Conselho Universit\u00e1rio, decidido na [&hellip;]<\/p>\n","protected":false},"author":205,"featured_media":0,"parent":0,"menu_order":0,"comment_status":"closed","ping_status":"closed","template":"","meta":{"footnotes":""},"categories":[],"tags":[],"class_list":["post-3468","page","type-page","status-publish","hentry"],"acf":[],"_links":{"self":[{"href":"https:\/\/www.ufsm.br\/pro-reitorias\/proplan\/wp-json\/wp\/v2\/pages\/3468","targetHints":{"allow":["GET"]}}],"collection":[{"href":"https:\/\/www.ufsm.br\/pro-reitorias\/proplan\/wp-json\/wp\/v2\/pages"}],"about":[{"href":"https:\/\/www.ufsm.br\/pro-reitorias\/proplan\/wp-json\/wp\/v2\/types\/page"}],"author":[{"embeddable":true,"href":"https:\/\/www.ufsm.br\/pro-reitorias\/proplan\/wp-json\/wp\/v2\/users\/205"}],"replies":[{"embeddable":true,"href":"https:\/\/www.ufsm.br\/pro-reitorias\/proplan\/wp-json\/wp\/v2\/comments?post=3468"}],"version-history":[{"count":0,"href":"https:\/\/www.ufsm.br\/pro-reitorias\/proplan\/wp-json\/wp\/v2\/pages\/3468\/revisions"}],"wp:attachment":[{"href":"https:\/\/www.ufsm.br\/pro-reitorias\/proplan\/wp-json\/wp\/v2\/media?parent=3468"}],"wp:term":[{"taxonomy":"category","embeddable":true,"href":"https:\/\/www.ufsm.br\/pro-reitorias\/proplan\/wp-json\/wp\/v2\/categories?post=3468"},{"taxonomy":"post_tag","embeddable":true,"href":"https:\/\/www.ufsm.br\/pro-reitorias\/proplan\/wp-json\/wp\/v2\/tags?post=3468"}],"curies":[{"name":"wp","href":"https:\/\/api.w.org\/{rel}","templated":true}]}}