{"id":3469,"date":"2020-03-28T18:33:13","date_gmt":"2020-03-28T21:33:13","guid":{"rendered":"https:\/\/www.ufsm.br\/pro-reitorias\/proplan\/?page_id=3469"},"modified":"2020-05-29T12:13:11","modified_gmt":"2020-05-29T15:13:11","slug":"resolucao-n-007-1993","status":"publish","type":"page","link":"https:\/\/www.ufsm.br\/pro-reitorias\/proplan\/resolucao-n-007-1993","title":{"rendered":"Resolu\u00e7\u00e3o N. 007\/1993"},"content":{"rendered":"\t\t<div data-elementor-type=\"wp-page\" data-elementor-id=\"3469\" class=\"elementor elementor-3469\">\n\t\t\t\t\t\t<section class=\"elementor-section elementor-top-section elementor-element elementor-element-d5bac52 elementor-section-boxed elementor-section-height-default elementor-section-height-default\" data-id=\"d5bac52\" data-element_type=\"section\">\n\t\t\t\t\t\t<div class=\"elementor-container elementor-column-gap-default\">\n\t\t\t\t\t<div class=\"elementor-column elementor-col-100 elementor-top-column elementor-element elementor-element-b75f71e\" data-id=\"b75f71e\" data-element_type=\"column\">\n\t\t\t<div class=\"elementor-widget-wrap elementor-element-populated\">\n\t\t\t\t\t\t<div class=\"elementor-element elementor-element-6cfd9c1 elementor-widget elementor-widget-html\" data-id=\"6cfd9c1\" data-element_type=\"widget\" data-widget_type=\"html.default\">\n\t\t\t\t<div class=\"elementor-widget-container\">\n\t\t\t\r\n\r\n\r\n<title><b>RESOLU\u00c7\u00c3O N. 007\/1993<\/b><\/title>\r\n\r\n\r\n<div align=\"center\"><img decoding=\"async\" src=\"https:\/\/www.ufsm.br\/pro-reitorias\/proplan\/wp-content\/uploads\/sites\/344\/2019\/09\/brasao-da-republica-do-brasil-logo.png\" alt=\"Bras\u00e3o Rep\u00fablica Federativa do Brasil\" width=\"6%\" height=\"6%\"><\/div>    \r\n<h1><font color=\"blue\"><font size=\"5\"><div align=\"center\">SERVI\u00c7O P\u00daBLICO FEDERAL<\/b><\/font><\/font><\/div><\/H1>\r\n\r\n<p><div align=\"center\"><b><a href=\"https:\/\/portal.ufsm.br\/documentos\/publico\/documento.html?id=4508722\"><font color=\"blue\">RESOLU\u00c7\u00c3O N. 007\/1993<\/font><\/a><\/b><\/div><\/p>\r\n<br>\r\n<p><div align=\"right\"><font color=\"800000\"><strike>Regulamenta a contrata\u00e7\u00e3o de Professores Visitantes, de acordo com o Artigo 8\u00ba do anexo ao Decreto n\u00ba 94664 de 23\/07\/87.<\/strike><\/font><\/div><\/p>\r\n<br>\r\n<p><a href=\"https:\/\/www.ufsm.br\/pro-reitorias\/proplan\/resolucao-n-022-1994\/\"><font color=\"blue\">Alterada pela Resolu\u00e7\u00e3o N. 022\/1994<\/font><\/a><\/p>\r\n<p><a href=\"https:\/\/www.ufsm.br\/pro-reitorias\/proplan\/resolucao-n-005-1999\/\"><font color=\"blue\">Revogada pela Resolu\u00e7\u00e3o N. 005\/1999<\/font><\/a><\/p>\r\n<br>\r\n<br><div align=\"justify\">\r\n<strike>\r\n<p><b>O REITOR DA UNIVERSIDADE FEDERAL DE SANTA MARIA,<\/b> no uso de suas atribui\u00e7\u00f5es legais e estatut\u00e1rias, tendo em vista a decis\u00e3o aprovada pelo Conselho de Ensino, Pesquisa e Extens\u00e3o na sess\u00e3o n\u00ba 4072, realizada em 21 de Julho e na 415\u00aa, de 15\/12\/92,<\/p>\r\n<br>\r\n<p><b><div align=\"center\">RESOLVE:<\/b><\/div><\/p>\r\n<br>\r\n<p>Declarar que a contrata\u00e7\u00e3o de Professor Visitante por esta Universidade far-se-\u00e1 de acordo com as seguintes normas internas complementares ao que disp\u00f5e o artigo 8\u00ba e seus par\u00e1grafos 1\u00ba e 2\u00ba do anexo ao <a href=\"http:\/\/www.planalto.gov.br\/ccivil_03\/decreto\/antigos\/d94664.htm\" target=\"_blank\"><font color=\"blue\"><u>Decreto n\u00ba 94664, de 23\/07\/1987<\/u><\/font><\/a>:<\/p>\r\n\r\n<p><b>Art. 1\u00ba - <\/b>Poder\u00e3o ser contratados Professores Visitantes para atendimento exclusivamente e de Programas de P\u00f3s-Gradua\u00e7\u00e3o \"Stricto Sensu\", ficando suas atividades vinculadas ao Ensino e Pesquisa.<\/p>\r\n<p><b>Art. 2\u00ba - <\/b>Somente ser\u00e3o contratados como Professores Visitantes portadores do t\u00edtulo de Doutor ou de Not\u00f3rio Saber obtido na forma da legisla\u00e7\u00e3o vigente.<\/p>\r\n<p><b>Art. 3\u00ba - <\/b>A contrata\u00e7\u00e3o de Professor Visitante resultar\u00e1 de proposta elaborada pelo Departamento, ouvido o Curso de P\u00f3s-Gradua\u00e7\u00e3o correspondente, aprovada pelo Conselho do Centro e homologada pelo Conselho de Ensino, Pesquisa e Extens\u00e3o.<\/p>\r\n<p><b>Art. 4\u00ba - <\/b>Para aprova\u00e7\u00e3o no Conselho do Centro, a proposta deve conter parecer t\u00e9cnico da Pr\u00f3-Reitoria de P\u00f3s-Gradua\u00e7\u00e3o e Pesquisa e garantia da exist\u00eancia dos recursos necess\u00e1rios, dada pela Administra\u00e7\u00e3o Superior da Universidade.<\/p>\r\n<p><b>Art. 5\u00ba - <\/b>A escolha do Professor Visitante far-se-\u00e1 atrav\u00e9s de processo seletivo simplificado divulgado na imprensa e consistira essencialmente no exame do \"Curriculum Vitae\u201d, de car\u00e1ter eliminat\u00f3rio. A crit\u00e9rio da banca examinadora a escolha poder\u00e1 ser complementada por uma entrevista.<\/p>\r\n<p><b><strike>Art. 6\u00ba - <\/b>O contrato de loca\u00e7\u00e3o de servi\u00e7os de Professor Visitante, vigorar\u00e1 pelo prazo m\u00e1ximo de 4 anos e conter\u00e1 cl\u00e1usula detalhando os objetivos a serem atingidos em etapas previstas no projeto, cujo n\u00e3o atendimento caracterizara justa causa para rescis\u00e3o.<\/strike> <a href=\"https:\/\/www.ufsm.br\/pro-reitorias\/proplan\/resolucao-n-022-1994\/\"><font color=\"blue\">(Alterado pela Resolu\u00e7\u00e3o N. 022\/1994)<\/font><\/a><\/p>\r\n<p><b><strike>Par\u00e1grafo \u00danico - <\/b>Os Professores Visitantes contratados pela Universidade Federal de Santa Maria, o ser\u00e3o como Professores Titulares, Doutores em Dedica\u00e7\u00e3o Exclusiva. N\u00e3o sendo poss\u00edvel ao docente a sua dedica\u00e7\u00e3o exclusiva \u00e0 Universidade, ele poder\u00e1 ser contratado por outros regimes. Em qualquer caso ele o ser\u00e1 por tempo determinado e amplamente variado.<\/strike> <a href=\"https:\/\/www.ufsm.br\/pro-reitorias\/proplan\/resolucao-n-022-1994\/\"><font color=\"blue\">(Alterado pela Resolu\u00e7\u00e3o N. 022\/1994)<\/font><\/a><\/p>\r\n\r\n<p><b>Art. 6\u00ba - <\/b>O contrato de loca\u00e7\u00e3o de servi\u00e7os de Professor Visitante se dar\u00e1 em conformidade com o art. 3\u00ba e seu \u00a7 2\u00ba, juntamente com o art. 4\u00ba, seus incisos II e IV e seu par\u00e1grafo \u00fanico da <a href=\"http:\/\/www.planalto.gov.br\/ccivil_03\/LEIS\/L8745cons.htm\" target=\"_blank\"><font color=\"blue\"><u>Lei n\u00ba 8.745, de 09 de dezembro de 1993<\/u><\/font><\/a>. <a href=\"https:\/\/www.ufsm.br\/pro-reitorias\/proplan\/resolucao-n-022-1994\/\"><font color=\"blue\">(Reda\u00e7\u00e3o dada pela Resolu\u00e7\u00e3o N. 022\/1994)<\/font><\/a><\/p>\r\n<p><b>\u00a7 1\u00ba - <\/b>Os Professores Visitantes contratados pela Universidade Federal de Santa Maria, ter\u00e3o sua remunera\u00e7\u00e3o regulada, pelo art. 70, incisos I e II juntamente com seu par\u00e1grafo \u00fanico, da <a href=\"http:\/\/www.planalto.gov.br\/ccivil_03\/LEIS\/L8745cons.htm\" target=\"_blank\"><font color=\"blue\"><u>Lei n\u00ba 8.745, de 09 de dezembro de 1993<\/u><\/font><\/a>. <a href=\"https:\/\/www.ufsm.br\/pro-reitorias\/proplan\/resolucao-n-022-1994\/\"><font color=\"blue\">(Reda\u00e7\u00e3o dada pela Resolu\u00e7\u00e3o N. 022\/1994)<\/font><\/a><\/p>\r\n<p><b>\u00a7 2\u00ba - <\/b>O enquadramento do Professor Visitante contratado estar\u00e1 especificado em Edital de Processo Seletivo, de acordo com as normas internas da UFSM, amplamente divulgado, inclusive no DOU. <a href=\"https:\/\/www.ufsm.br\/pro-reitorias\/proplan\/resolucao-n-022-1994\/\"><font color=\"blue\">(Reda\u00e7\u00e3o dada pela Resolu\u00e7\u00e3o N. 022\/1994)<\/font><\/a><\/p>\r\n<p><b>\u00a7 3\u00ba - <\/b>Para os efeitos do \u00a7 1\u00ba e 2\u00ba, n\u00e3o se consideram as vantagens de natureza individual dos servidores ocupantes de cargos tomados como paradigma.<\/p>\r\n\r\n<p><b>Art. 7\u00ba - <\/b>Esta Resolu\u00e7\u00e3o entra em vigor na data de sua divulga\u00e7\u00e3o, revogando-se a <a href=\"https:\/\/www.ufsm.br\/pro-reitorias\/proplan\/resolucao-n-010-1992\/\" target=\"_blank\"><font color=\"blue\"><u>Resolu\u00e7\u00e3o 0010\/92<\/u><\/font><\/a>.<\/p>\r\n\r\n<p>GABINETE DO REITOR DA UNIVERSIDADE FEDERAL DE SANTA MARIA, aos dezoito dias do m\u00eas de mar\u00e7o de mil, novecentos e noventa e tr\u00eas.<\/p>\r\n<\/div>\r\n<p>Professor Tabajara Ga\u00facho da Costa,<\/p>\r\n<p>Reitor.<\/p>\r\n<\/strike>\r\n<p><font color=\"red0000\">Este texto n\u00e3o substitui o documento original, publicado no Portal de Documentos.<\/font> Dispon\u00edvel em: <a href=\"https:\/\/portal.ufsm.br\/documentos\/publico\/documento.html?id=4508722\"><font color=\"blue\">https:\/\/portal.ufsm.br\/documentos\/publico\/documento.html?id=4508722<\/font><\/a>\r\n\r\n\t\t<\/div>\n\t\t\t\t<\/div>\n\t\t\t\t\t<\/div>\n\t\t<\/div>\n\t\t\t\t\t<\/div>\n\t\t<\/section>\n\t\t\t\t<\/div>\n\t\t","protected":false},"excerpt":{"rendered":"<p>RESOLU\u00c7\u00c3O N. 007\/1993 SERVI\u00c7O P\u00daBLICO FEDERAL RESOLU\u00c7\u00c3O N. 007\/1993 Regulamenta a contrata\u00e7\u00e3o de Professores Visitantes, de acordo com o Artigo 8\u00ba do anexo ao Decreto n\u00ba 94664 de 23\/07\/87. Alterada pela Resolu\u00e7\u00e3o N. 022\/1994 Revogada pela Resolu\u00e7\u00e3o N. 005\/1999 O REITOR DA UNIVERSIDADE FEDERAL DE SANTA MARIA, no uso de suas atribui\u00e7\u00f5es legais e estatut\u00e1rias, [&hellip;]<\/p>\n","protected":false},"author":205,"featured_media":0,"parent":0,"menu_order":0,"comment_status":"closed","ping_status":"closed","template":"","meta":{"footnotes":""},"categories":[],"tags":[],"class_list":["post-3469","page","type-page","status-publish","hentry"],"acf":[],"_links":{"self":[{"href":"https:\/\/www.ufsm.br\/pro-reitorias\/proplan\/wp-json\/wp\/v2\/pages\/3469","targetHints":{"allow":["GET"]}}],"collection":[{"href":"https:\/\/www.ufsm.br\/pro-reitorias\/proplan\/wp-json\/wp\/v2\/pages"}],"about":[{"href":"https:\/\/www.ufsm.br\/pro-reitorias\/proplan\/wp-json\/wp\/v2\/types\/page"}],"author":[{"embeddable":true,"href":"https:\/\/www.ufsm.br\/pro-reitorias\/proplan\/wp-json\/wp\/v2\/users\/205"}],"replies":[{"embeddable":true,"href":"https:\/\/www.ufsm.br\/pro-reitorias\/proplan\/wp-json\/wp\/v2\/comments?post=3469"}],"version-history":[{"count":0,"href":"https:\/\/www.ufsm.br\/pro-reitorias\/proplan\/wp-json\/wp\/v2\/pages\/3469\/revisions"}],"wp:attachment":[{"href":"https:\/\/www.ufsm.br\/pro-reitorias\/proplan\/wp-json\/wp\/v2\/media?parent=3469"}],"wp:term":[{"taxonomy":"category","embeddable":true,"href":"https:\/\/www.ufsm.br\/pro-reitorias\/proplan\/wp-json\/wp\/v2\/categories?post=3469"},{"taxonomy":"post_tag","embeddable":true,"href":"https:\/\/www.ufsm.br\/pro-reitorias\/proplan\/wp-json\/wp\/v2\/tags?post=3469"}],"curies":[{"name":"wp","href":"https:\/\/api.w.org\/{rel}","templated":true}]}}