{"id":3471,"date":"2020-03-28T18:33:22","date_gmt":"2020-03-28T21:33:22","guid":{"rendered":"https:\/\/www.ufsm.br\/pro-reitorias\/proplan\/?page_id=3471"},"modified":"2020-06-18T09:04:57","modified_gmt":"2020-06-18T12:04:57","slug":"resolucao-n-009-1993","status":"publish","type":"page","link":"https:\/\/www.ufsm.br\/pro-reitorias\/proplan\/resolucao-n-009-1993","title":{"rendered":"Resolu\u00e7\u00e3o N. 009\/1993"},"content":{"rendered":"\t\t<div data-elementor-type=\"wp-page\" data-elementor-id=\"3471\" class=\"elementor elementor-3471\">\n\t\t\t\t\t\t<section class=\"elementor-section elementor-top-section elementor-element elementor-element-a684996 elementor-section-boxed elementor-section-height-default elementor-section-height-default\" data-id=\"a684996\" data-element_type=\"section\">\n\t\t\t\t\t\t<div class=\"elementor-container elementor-column-gap-default\">\n\t\t\t\t\t<div class=\"elementor-column elementor-col-100 elementor-top-column elementor-element elementor-element-f9b75b5\" data-id=\"f9b75b5\" data-element_type=\"column\">\n\t\t\t<div class=\"elementor-widget-wrap elementor-element-populated\">\n\t\t\t\t\t\t<div class=\"elementor-element elementor-element-54b6de1 elementor-widget elementor-widget-html\" data-id=\"54b6de1\" data-element_type=\"widget\" data-widget_type=\"html.default\">\n\t\t\t\t<div class=\"elementor-widget-container\">\n\t\t\t\r\n\r\n\r\n<title><b>RESOLU\u00c7\u00c3O N. 009\/1993<\/b><\/title>\r\n\r\n\r\n<div align=\"center\"><img decoding=\"async\" src=\"https:\/\/www.ufsm.br\/pro-reitorias\/proplan\/wp-content\/uploads\/sites\/344\/2019\/09\/brasao-da-republica-do-brasil-logo.png\" alt=\"Bras\u00e3o Rep\u00fablica Federativa do Brasil\" width=\"6%\" height=\"6%\"><\/div>    \r\n<h1><font color=\"blue\"><font size=\"5\"><div align=\"center\">SERVI\u00c7O P\u00daBLICO FEDERAL<\/b><\/font><\/font><\/div><\/H1>\r\n\r\n<p><div align=\"center\"><b><a href=\"https:\/\/portal.ufsm.br\/documentos\/publico\/documento.html?id=4508726\"><font color=\"blue\">RESOLU\u00c7\u00c3O N. 009\/1993<\/font><\/a><\/b><\/div><\/p>\r\n<br>\r\n<p><div align=\"right\"><font color=\"800000\"><strike>Suspende atividades previstas no Calend\u00e1rio Escolar\/93-UFSM.<\/strike><\/font><\/div><\/p>\r\n<br>\r\n<p><a href=\"https:\/\/www.ufsm.br\/pro-reitorias\/proplan\/resolucao-n-010-1993\/\"><font color=\"blue\">Suspensa pela Resolu\u00e7\u00e3o N. 010\/1993<\/font><\/a><\/p>\r\n<p><a href=\"https:\/\/www.ufsm.br\/pro-reitorias\/proplan\/resolucao-n-008-2020\/\"><font color=\"blue\">Revogada pela Resolu\u00e7\u00e3o N. 008\/2020<\/font><\/a><\/p>\r\n<br>\r\n<br><div align=\"justify\">\r\n<strike>\r\n<p>O REITOR DA UNIVERSIDADE FEDERAL DE SANTA MARIA e Presidente do Conselho de Ensino, Pesquisa e Extens\u00e3o, no uso de suas atribui\u00e7\u00f5es legais e estatut\u00e1rias, e de acordo com o Art. 28, al\u00ednea q, do Estatuto da UFSM,<\/p>\r\n<p>- considerando os termos do Of\u00edcio n\u00ba 50\/93, do Senhor Pr\u00f3-Reitor de Gradua\u00e7\u00e3o, com o \"de acordo\" da Pr\u00f3-Reitoria de P\u00f3s-Gradua\u00e7\u00e3o e Pesquisa, e<\/p>\r\n<p>- considerando o estado de paralisa\u00e7\u00e3o dos segmentos docente e t\u00e9cnico-administrativo.<\/p>\r\n<br>\r\n<p><div align=\"center\">RESOLVE:<\/div><\/p>\r\n<br>\r\n<p>Art. 1\u00ba Suspender todas as atividades previstas no Calend\u00e1rio Escolar\/93-UFSM, at\u00e9 que o Colendo Conselho de Ensino, Pesquisa e Extens\u00e3o aprove novo calend\u00e1rio.<\/p>\r\n<p>Art. 2\u00ba Esta Resolu\u00e7\u00e3o entra em vigor na data de sua emiss\u00e3o.<\/p>\r\n<p>Art. 3\u00ba Revogam-se as disposi\u00e7\u00f5es em contrario.<\/p>\r\n\r\n<p>GABINETE DO REITOR DA UNIVERSIDADE FEDERAL DE SANTA MARIA, aos vinte dias do m\u00eas de maio de mil novecentos e noventa e tr\u00eas.<\/p>\r\n<\/div>\r\n<p>Prof. Tabajara Ga\u00facho da Costa,<\/p>\r\n<p>Reitor.<\/p>\r\n<\/strike>\r\n<p><font color=\"red0000\">Este texto n\u00e3o substitui o documento original, publicado no Portal de Documentos.<\/font> Dispon\u00edvel em: <a href=\"https:\/\/portal.ufsm.br\/documentos\/publico\/documento.html?id=4508726\"><font color=\"blue\">https:\/\/portal.ufsm.br\/documentos\/publico\/documento.html?id=4508726<\/font><\/a>\r\n\r\n\t\t<\/div>\n\t\t\t\t<\/div>\n\t\t\t\t\t<\/div>\n\t\t<\/div>\n\t\t\t\t\t<\/div>\n\t\t<\/section>\n\t\t\t\t<\/div>\n\t\t","protected":false},"excerpt":{"rendered":"<p>&lt;b&gt;RESOLU\u00c7\u00c3O N. 009\/1993&lt;\/b&gt; SERVI\u00c7O P\u00daBLICO FEDERAL RESOLU\u00c7\u00c3O N. 009\/1993 Suspende atividades previstas no Calend\u00e1rio Escolar\/93-UFSM. Suspensa pela Resolu\u00e7\u00e3o N. 010\/1993 Revogada pela Resolu\u00e7\u00e3o N. 008\/2020 O REITOR DA UNIVERSIDADE FEDERAL DE SANTA MARIA e Presidente do Conselho de Ensino, Pesquisa e Extens\u00e3o, no uso de suas atribui\u00e7\u00f5es legais e estatut\u00e1rias, e de acordo com o [&hellip;]<\/p>\n","protected":false},"author":205,"featured_media":0,"parent":0,"menu_order":0,"comment_status":"closed","ping_status":"closed","template":"","meta":{"footnotes":""},"categories":[],"tags":[],"class_list":["post-3471","page","type-page","status-publish","hentry"],"acf":[],"_links":{"self":[{"href":"https:\/\/www.ufsm.br\/pro-reitorias\/proplan\/wp-json\/wp\/v2\/pages\/3471","targetHints":{"allow":["GET"]}}],"collection":[{"href":"https:\/\/www.ufsm.br\/pro-reitorias\/proplan\/wp-json\/wp\/v2\/pages"}],"about":[{"href":"https:\/\/www.ufsm.br\/pro-reitorias\/proplan\/wp-json\/wp\/v2\/types\/page"}],"author":[{"embeddable":true,"href":"https:\/\/www.ufsm.br\/pro-reitorias\/proplan\/wp-json\/wp\/v2\/users\/205"}],"replies":[{"embeddable":true,"href":"https:\/\/www.ufsm.br\/pro-reitorias\/proplan\/wp-json\/wp\/v2\/comments?post=3471"}],"version-history":[{"count":0,"href":"https:\/\/www.ufsm.br\/pro-reitorias\/proplan\/wp-json\/wp\/v2\/pages\/3471\/revisions"}],"wp:attachment":[{"href":"https:\/\/www.ufsm.br\/pro-reitorias\/proplan\/wp-json\/wp\/v2\/media?parent=3471"}],"wp:term":[{"taxonomy":"category","embeddable":true,"href":"https:\/\/www.ufsm.br\/pro-reitorias\/proplan\/wp-json\/wp\/v2\/categories?post=3471"},{"taxonomy":"post_tag","embeddable":true,"href":"https:\/\/www.ufsm.br\/pro-reitorias\/proplan\/wp-json\/wp\/v2\/tags?post=3471"}],"curies":[{"name":"wp","href":"https:\/\/api.w.org\/{rel}","templated":true}]}}