{"id":3480,"date":"2020-03-28T19:02:10","date_gmt":"2020-03-28T22:02:10","guid":{"rendered":"https:\/\/www.ufsm.br\/pro-reitorias\/proplan\/?page_id=3480"},"modified":"2020-05-29T13:56:05","modified_gmt":"2020-05-29T16:56:05","slug":"resolucao-n-017-1993","status":"publish","type":"page","link":"https:\/\/www.ufsm.br\/pro-reitorias\/proplan\/resolucao-n-017-1993","title":{"rendered":"Resolu\u00e7\u00e3o N. 017\/1993"},"content":{"rendered":"\t\t<div data-elementor-type=\"wp-page\" data-elementor-id=\"3480\" class=\"elementor elementor-3480\">\n\t\t\t\t\t\t<section class=\"elementor-section elementor-top-section elementor-element elementor-element-31f098f elementor-section-boxed elementor-section-height-default elementor-section-height-default\" data-id=\"31f098f\" data-element_type=\"section\">\n\t\t\t\t\t\t<div class=\"elementor-container elementor-column-gap-default\">\n\t\t\t\t\t<div class=\"elementor-column elementor-col-100 elementor-top-column elementor-element elementor-element-9fe4ef5\" data-id=\"9fe4ef5\" data-element_type=\"column\">\n\t\t\t<div class=\"elementor-widget-wrap elementor-element-populated\">\n\t\t\t\t\t\t<div class=\"elementor-element elementor-element-c150a2d elementor-widget elementor-widget-html\" data-id=\"c150a2d\" data-element_type=\"widget\" data-widget_type=\"html.default\">\n\t\t\t\t<div class=\"elementor-widget-container\">\n\t\t\t\r\n\r\n\r\n<title><b>RESOLU\u00c7\u00c3O N. 017\/1993<\/b><\/title>\r\n\r\n\r\n<div align=\"center\"><img decoding=\"async\" src=\"https:\/\/www.ufsm.br\/pro-reitorias\/proplan\/wp-content\/uploads\/sites\/344\/2019\/09\/brasao-da-republica-do-brasil-logo.png\" alt=\"Bras\u00e3o Rep\u00fablica Federativa do Brasil\" width=\"6%\" height=\"6%\"><\/div>    \r\n<h1><font color=\"blue\"><font size=\"5\"><div align=\"center\">SERVI\u00c7O P\u00daBLICO FEDERAL<\/b><\/font><\/font><\/div><\/H1>\r\n\r\n<p><div align=\"center\"><b><a href=\"https:\/\/portal.ufsm.br\/documentos\/publico\/documento.html?id=4508708\"><font color=\"blue\">RESOLU\u00c7\u00c3O N. 017\/1993<\/font><\/a><\/b><\/div><\/p>\r\n<br>\r\n<p><div align=\"right\"><font color=\"800000\"><strike>Revoga Resolu\u00e7\u00e3o n\u00ba 030\/UFSM, de 17 de Agosto de 1987.<\/strike><\/font><\/div><\/p>\r\n<br>\r\n<p><a href=\"https:\/\/www.ufsm.br\/pro-reitorias\/proplan\/resolucao-n-027-1994\/\"><font color=\"blue\">Revogada pela Resolu\u00e7\u00e3o N. 027\/1994<\/font><\/a><\/p>\r\n<br>\r\n<br><div align=\"justify\">\r\n<strike>\r\n<p><b>O REITOR DA UNIVERSIDADE FEDERAL DE SANTA MARIA,<\/b> no uso de suas atribui\u00e7\u00f5es legais e estatut\u00e1rias e,<\/p>\r\n<p>- Considerando que a Portaria Ministerial n\u00ba 139, de 21 de Janeiro de 1993 revogou o Artigo 5\u00ba da Portaria Ministerial n\u00ba 837, de 31 de agosto de 1990;<\/p>\r\n<p>- Considerando o que consta do Processo n\u00ba <a href=\"https:\/\/portal.ufsm.br\/documentos\/publico\/processo\/documento.html?idDocumento=117555\" target=\"_blank\"><font color=\"blue\"><u>12.928\/93-34<\/u><\/font><\/a>;<\/p>\r\n<p>- Considerando a aprova\u00e7\u00e3o do Parecer n\u00ba 038\/93, na Sess\u00e3o 425\u00aa do Conselho de Ensino, Pesquisa e Extens\u00e3o,<\/p>\r\n<br>\r\n<p><b><div align=\"center\">RESOLVE:<\/b><\/div><\/p>\r\n<br>\r\n<p><b>Art. 1\u00ba - <\/b>Fica revogada a <a href=\"https:\/\/www.ufsm.br\/pro-reitorias\/proplan\/resolucao-n-030-1987\/\" target=\"_blank\"><font color=\"blue\"><u>Resolu\u00e7\u00e3o n\u00ba 030\/UFSM, de 17 de Agosto de 1987<\/u><\/font><\/a>, que vedava a matricula\/vincula\u00e7\u00e3o simult\u00e2nea de aluno a mais de um Curso, Habilita\u00e7\u00e3o, Modalidade ou Op\u00e7\u00e3o nesta Universidade.<\/p>\r\n<p><b>Art. 2\u00ba - <\/b>A matr\u00edcula\/vincula\u00e7\u00e3o simult\u00e2nea a mais de um Curso de Gradua\u00e7\u00e3o ou as suas respectivas habilita\u00e7\u00f5es, modalidades ou op\u00e7\u00f5es, qualquer que seja o processo de obten\u00e7\u00e3o de vaga, dever\u00e1, obrigatoriamente, respeitar o limite m\u00e1ximo de 540 horas de carga hor\u00e1ria permitida \u00e0 matr\u00edcula, ressalvados os casos previstos nas Normativas Gerais de Matr\u00edcula da UFSM.<\/p>\r\n<p><b>Art. 3\u00ba - <\/b>Esta Resolu\u00e7\u00e3o entrar\u00e1 em vigor na data de sua publica\u00e7\u00e3o, revogadas as disposi\u00e7\u00f5es em contr\u00e1rio.<\/p>\r\n\r\n<\/div>\r\n<p>Prof. Tabajara Ga\u00facho da Costa,<\/p>\r\n<p>Reitor.<\/p>\r\n<\/strike>\r\n<p><font color=\"red0000\">Este texto n\u00e3o substitui o documento original, publicado no Portal de Documentos.<\/font> Dispon\u00edvel em: <a href=\"https:\/\/portal.ufsm.br\/documentos\/publico\/documento.html?id=4508708\"><font color=\"blue\">https:\/\/portal.ufsm.br\/documentos\/publico\/documento.html?id=4508708<\/font><\/a>\r\n\r\n\t\t<\/div>\n\t\t\t\t<\/div>\n\t\t\t\t\t<\/div>\n\t\t<\/div>\n\t\t\t\t\t<\/div>\n\t\t<\/section>\n\t\t\t\t<\/div>\n\t\t","protected":false},"excerpt":{"rendered":"<p>RESOLU\u00c7\u00c3O N. 017\/1993 SERVI\u00c7O P\u00daBLICO FEDERAL RESOLU\u00c7\u00c3O N. 017\/1993 Revoga Resolu\u00e7\u00e3o n\u00ba 030\/UFSM, de 17 de Agosto de 1987. Revogada pela Resolu\u00e7\u00e3o N. 027\/1994 O REITOR DA UNIVERSIDADE FEDERAL DE SANTA MARIA, no uso de suas atribui\u00e7\u00f5es legais e estatut\u00e1rias e, &#8211; Considerando que a Portaria Ministerial n\u00ba 139, de 21 de Janeiro de 1993 [&hellip;]<\/p>\n","protected":false},"author":205,"featured_media":0,"parent":0,"menu_order":0,"comment_status":"closed","ping_status":"closed","template":"","meta":{"footnotes":""},"categories":[],"tags":[],"class_list":["post-3480","page","type-page","status-publish","hentry"],"acf":[],"_links":{"self":[{"href":"https:\/\/www.ufsm.br\/pro-reitorias\/proplan\/wp-json\/wp\/v2\/pages\/3480","targetHints":{"allow":["GET"]}}],"collection":[{"href":"https:\/\/www.ufsm.br\/pro-reitorias\/proplan\/wp-json\/wp\/v2\/pages"}],"about":[{"href":"https:\/\/www.ufsm.br\/pro-reitorias\/proplan\/wp-json\/wp\/v2\/types\/page"}],"author":[{"embeddable":true,"href":"https:\/\/www.ufsm.br\/pro-reitorias\/proplan\/wp-json\/wp\/v2\/users\/205"}],"replies":[{"embeddable":true,"href":"https:\/\/www.ufsm.br\/pro-reitorias\/proplan\/wp-json\/wp\/v2\/comments?post=3480"}],"version-history":[{"count":0,"href":"https:\/\/www.ufsm.br\/pro-reitorias\/proplan\/wp-json\/wp\/v2\/pages\/3480\/revisions"}],"wp:attachment":[{"href":"https:\/\/www.ufsm.br\/pro-reitorias\/proplan\/wp-json\/wp\/v2\/media?parent=3480"}],"wp:term":[{"taxonomy":"category","embeddable":true,"href":"https:\/\/www.ufsm.br\/pro-reitorias\/proplan\/wp-json\/wp\/v2\/categories?post=3480"},{"taxonomy":"post_tag","embeddable":true,"href":"https:\/\/www.ufsm.br\/pro-reitorias\/proplan\/wp-json\/wp\/v2\/tags?post=3480"}],"curies":[{"name":"wp","href":"https:\/\/api.w.org\/{rel}","templated":true}]}}