{"id":3503,"date":"2020-04-03T13:47:36","date_gmt":"2020-04-03T16:47:36","guid":{"rendered":"https:\/\/www.ufsm.br\/pro-reitorias\/proplan\/?page_id=3503"},"modified":"2020-04-03T13:50:17","modified_gmt":"2020-04-03T16:50:17","slug":"resolucao-n-006-1992","status":"publish","type":"page","link":"https:\/\/www.ufsm.br\/pro-reitorias\/proplan\/resolucao-n-006-1992","title":{"rendered":"Resolu\u00e7\u00e3o N. 006\/1992"},"content":{"rendered":"\t\t<div data-elementor-type=\"wp-page\" data-elementor-id=\"3503\" class=\"elementor elementor-3503\">\n\t\t\t\t\t\t<section class=\"elementor-section elementor-top-section elementor-element elementor-element-27a334c elementor-section-boxed elementor-section-height-default elementor-section-height-default\" data-id=\"27a334c\" data-element_type=\"section\">\n\t\t\t\t\t\t<div class=\"elementor-container elementor-column-gap-default\">\n\t\t\t\t\t<div class=\"elementor-column elementor-col-100 elementor-top-column elementor-element elementor-element-2c1c637\" data-id=\"2c1c637\" data-element_type=\"column\">\n\t\t\t<div class=\"elementor-widget-wrap elementor-element-populated\">\n\t\t\t\t\t\t<div class=\"elementor-element elementor-element-ae1a0f4 elementor-widget elementor-widget-html\" data-id=\"ae1a0f4\" data-element_type=\"widget\" data-widget_type=\"html.default\">\n\t\t\t\t<div class=\"elementor-widget-container\">\n\t\t\t\r\n\r\n\r\n<title><b>RESOLU\u00c7\u00c3O N. 006\/1992<\/b><\/title>\r\n\r\n\r\n<div align=\"center\"><img decoding=\"async\" src=\"https:\/\/www.ufsm.br\/pro-reitorias\/proplan\/wp-content\/uploads\/sites\/344\/2019\/09\/brasao-da-republica-do-brasil-logo.png\" alt=\"Bras\u00e3o Rep\u00fablica Federativa do Brasil\" width=\"6%\" height=\"6%\"><\/div>    \r\n<h1><font color=\"blue\"><font size=\"5\"><div align=\"center\">SERVI\u00c7O P\u00daBLICO FEDERAL<\/b><\/font><\/font><\/div><\/H1>\r\n\r\n<p><div align=\"center\"><b><a href=\"https:\/\/portal.ufsm.br\/documentos\/publico\/documento.html?id=4508759\"><font color=\"blue\">RESOLU\u00c7\u00c3O N. 006\/1992<\/font><\/a><\/b><\/div><\/p>\r\n\r\n<br>\r\n<p><div align=\"right\"><font color=\"800000\">IMPLANTA, NO \u00c2MBITO DA UNIVERSIDADE FEDERAL DE SANTA MARIA, SISTEM\u00c1TICA DE REGISTRO E ACOMPANHAMENTO DE PROJETOS E INSTITUCIONALIZA O FUNCIONAMENTO INTEGRADO DOS GABINETES DE PROJETOS.<\/font><\/div><\/p>\r\n<br>\r\n<br><div align=\"justify\">\r\n<p>O REITOR DA UNIVERSIDADE FEDERAL DE SANTA MARIA, no uso de suas atribui\u00e7\u00f5es legais e estatut\u00e1rias, e considerando:<\/p>\r\n<p>- a dispers\u00e3o, duplicidade ou aus\u00eancia de informa\u00e7\u00f5es atualizadas e sistematizadas sobre ensino, pesquisa e extens\u00e3o;<\/p>\r\n<p>- a necessidade de centraliza\u00e7\u00e3o de dados, atrav\u00e9s da implementa\u00e7\u00e3o de um Banco de Dados atualizado e permanente de projetos e atividades, integrado ao sistema de Informa\u00e7\u00f5es da UFSM;<\/p>\r\n<p>- a necessidade de cadastro e acompanhamento das atividades de pesquisa e extens\u00e3o e atividades extra-curriculares de ensino, possibilitando a divulga\u00e7\u00e3o, o acompanhamento e a avalia\u00e7\u00e3o do desempenho da Institui\u00e7\u00e3o;<\/p>\r\n<p>- a necessidade de prestar apoio t\u00e9cnico e administrativo ao desenvolvimento de trabalhos junto a comunidade cient\u00edfica,<\/p>\r\n<br>\r\n<p><b><div align=\"center\">RESOLVE:<\/b><\/div><\/p>\r\n<br>\r\n<p><b>Art. 1\u00ba - <\/b>Implantar o Sistema de Registro e Acompanhamento de projetos e\/ou atividades no \u00e2mbito da UFSM, cujos objetivos, justificativa, metodologia e instrumentos de operacionaliza\u00e7\u00e3o est\u00e3o definidos no ANEXO \"ORGANIZA\u00c7\u00c3O INSTITUCIONAL DO FUNCIONAMENTO INTEGRADO DOS GABINETES DE PROJETOS - GAPS - na UFSM\".<\/p>\r\n<p><b>Art. 2\u00ba - <\/b>Institucionalizar, na UFSM, o funcionamento integrado dos Gabinetes de Projetos das Unidades de Ensino, como \u00f3rg\u00e3os respons\u00e1veis pelo apoio t\u00e9cnico administrativo, registro e acompanhamento de projetos relacionados \u00e0s atividades de ensino, pesquisa e extens\u00e3o.<\/p>\r\n<p><b>Art. 3\u00ba - <\/b>Criar e manter um Banco de Dados atualizado e permanente de informa\u00e7\u00f5es relacionados aos projetos de ensino, de pesquisa e de extens\u00e3o, integrado ao Sistema de Informa\u00e7\u00f5es da UFSM, em implementa\u00e7\u00e3o, via rede de terminais instalada e em expans\u00e3o na UFSM.<\/p>\r\n<p><b>Art. 4\u00ba - <\/b>Determinar que o cadastramento e manuten\u00e7\u00e3o dos dados referentes aos projetos e\/ou atividades seja de responsabilidade dos GAPS das respectivas Unidades de Ensino.<\/p>\r\n<p><b>Art. 5\u00ba - <\/b>Determinar que a Coordena\u00e7\u00e3o do Banco de Dados referente a projetos e\/ou atividades de ensino, pesquisa e extens\u00e3o seja de responsabilidade da Pr\u00f3-Reitoria de Planejamento.<\/p>\r\n<p><b>Art. 6\u00ba - <\/b>Esta resolu\u00e7\u00e3o entrara em vigor na data de sua publica\u00e7\u00e3o, revogadas as disposi\u00e7\u00f5es em contr\u00e1rio.<\/p>\r\n\r\n<p>GABINETE DO REITOR DA UNIVERSIDADE FEDERAL DE SANTA MARIA, aos doze dias do m\u00eas de junho do ano de mil novecentos e noventa e dois.<\/p>\r\n<\/div>\r\n<p>Professor Tabajara Ga\u00facho da Costa,<\/p>\r\n<p>Reitor.<\/p>\r\n\r\n<p><font color=\"red0000\">Este texto n\u00e3o substitui o documento original, publicado no Portal de Documentos.<\/font> Dispon\u00edvel em: <a href=\"https:\/\/portal.ufsm.br\/documentos\/publico\/documento.html?id=4508759\"><font color=\"blue\">https:\/\/portal.ufsm.br\/documentos\/publico\/documento.html?id=4508759<\/font><\/a>\r\n\r\n\t\t<\/div>\n\t\t\t\t<\/div>\n\t\t\t\t\t<\/div>\n\t\t<\/div>\n\t\t\t\t\t<\/div>\n\t\t<\/section>\n\t\t\t\t<\/div>\n\t\t","protected":false},"excerpt":{"rendered":"<p>RESOLU\u00c7\u00c3O N. 006\/1992 SERVI\u00c7O P\u00daBLICO FEDERAL RESOLU\u00c7\u00c3O N. 006\/1992 IMPLANTA, NO \u00c2MBITO DA UNIVERSIDADE FEDERAL DE SANTA MARIA, SISTEM\u00c1TICA DE REGISTRO E ACOMPANHAMENTO DE PROJETOS E INSTITUCIONALIZA O FUNCIONAMENTO INTEGRADO DOS GABINETES DE PROJETOS. O REITOR DA UNIVERSIDADE FEDERAL DE SANTA MARIA, no uso de suas atribui\u00e7\u00f5es legais e estatut\u00e1rias, e considerando: &#8211; a dispers\u00e3o, [&hellip;]<\/p>\n","protected":false},"author":205,"featured_media":0,"parent":0,"menu_order":0,"comment_status":"closed","ping_status":"closed","template":"","meta":{"footnotes":""},"categories":[],"tags":[],"class_list":["post-3503","page","type-page","status-publish","hentry"],"acf":[],"_links":{"self":[{"href":"https:\/\/www.ufsm.br\/pro-reitorias\/proplan\/wp-json\/wp\/v2\/pages\/3503","targetHints":{"allow":["GET"]}}],"collection":[{"href":"https:\/\/www.ufsm.br\/pro-reitorias\/proplan\/wp-json\/wp\/v2\/pages"}],"about":[{"href":"https:\/\/www.ufsm.br\/pro-reitorias\/proplan\/wp-json\/wp\/v2\/types\/page"}],"author":[{"embeddable":true,"href":"https:\/\/www.ufsm.br\/pro-reitorias\/proplan\/wp-json\/wp\/v2\/users\/205"}],"replies":[{"embeddable":true,"href":"https:\/\/www.ufsm.br\/pro-reitorias\/proplan\/wp-json\/wp\/v2\/comments?post=3503"}],"version-history":[{"count":0,"href":"https:\/\/www.ufsm.br\/pro-reitorias\/proplan\/wp-json\/wp\/v2\/pages\/3503\/revisions"}],"wp:attachment":[{"href":"https:\/\/www.ufsm.br\/pro-reitorias\/proplan\/wp-json\/wp\/v2\/media?parent=3503"}],"wp:term":[{"taxonomy":"category","embeddable":true,"href":"https:\/\/www.ufsm.br\/pro-reitorias\/proplan\/wp-json\/wp\/v2\/categories?post=3503"},{"taxonomy":"post_tag","embeddable":true,"href":"https:\/\/www.ufsm.br\/pro-reitorias\/proplan\/wp-json\/wp\/v2\/tags?post=3503"}],"curies":[{"name":"wp","href":"https:\/\/api.w.org\/{rel}","templated":true}]}}