{"id":3505,"date":"2020-04-03T13:48:54","date_gmt":"2020-04-03T16:48:54","guid":{"rendered":"https:\/\/www.ufsm.br\/pro-reitorias\/proplan\/?page_id=3505"},"modified":"2020-05-29T14:00:26","modified_gmt":"2020-05-29T17:00:26","slug":"resolucao-n-010-1992","status":"publish","type":"page","link":"https:\/\/www.ufsm.br\/pro-reitorias\/proplan\/resolucao-n-010-1992","title":{"rendered":"Resolu\u00e7\u00e3o N. 010\/1992"},"content":{"rendered":"\t\t<div data-elementor-type=\"wp-page\" data-elementor-id=\"3505\" class=\"elementor elementor-3505\">\n\t\t\t\t\t\t<section class=\"elementor-section elementor-top-section elementor-element elementor-element-cf43867 elementor-section-boxed elementor-section-height-default elementor-section-height-default\" data-id=\"cf43867\" data-element_type=\"section\">\n\t\t\t\t\t\t<div class=\"elementor-container elementor-column-gap-default\">\n\t\t\t\t\t<div class=\"elementor-column elementor-col-100 elementor-top-column elementor-element elementor-element-c12a7c3\" data-id=\"c12a7c3\" data-element_type=\"column\">\n\t\t\t<div class=\"elementor-widget-wrap elementor-element-populated\">\n\t\t\t\t\t\t<div class=\"elementor-element elementor-element-eb6fcfc elementor-widget elementor-widget-html\" data-id=\"eb6fcfc\" data-element_type=\"widget\" data-widget_type=\"html.default\">\n\t\t\t\t<div class=\"elementor-widget-container\">\n\t\t\t\r\n\r\n\r\n<title><b>RESOLU\u00c7\u00c3O N. 010\/1992<\/b><\/title>\r\n\r\n\r\n<div align=\"center\"><img decoding=\"async\" src=\"https:\/\/www.ufsm.br\/pro-reitorias\/proplan\/wp-content\/uploads\/sites\/344\/2019\/09\/brasao-da-republica-do-brasil-logo.png\" alt=\"Bras\u00e3o Rep\u00fablica Federativa do Brasil\" width=\"6%\" height=\"6%\"><\/div>    \r\n<h1><font color=\"blue\"><font size=\"5\"><div align=\"center\">SERVI\u00c7O P\u00daBLICO FEDERAL<\/b><\/font><\/font><\/div><\/H1>\r\n\r\n<p><div align=\"center\"><b><a href=\"https:\/\/portal.ufsm.br\/documentos\/publico\/documento.html?id=4508752\"><font color=\"blue\">RESOLU\u00c7\u00c3O N. 010\/1992<\/font><\/a><\/b><\/div><\/p>\r\n<br>\r\n<p><div align=\"right\"><font color=\"800000\"><strike>Regulamenta a contrata\u00e7\u00e3o de Professores Visitantes, de acordo com o Artigo 8\u00ba do anexo ao Decreto n\u00ba 94664 de 23\/07\/87.<\/strike><\/font><\/div><\/p>\r\n<br>\r\n<p><a href=\"https:\/\/www.ufsm.br\/pro-reitorias\/proplan\/resolucao-n-007-1993\/\"><font color=\"blue\">Revogada pela Resolu\u00e7\u00e3o N. 007\/1993<\/font><\/a><\/p>\r\n<br>\r\n<br><div align=\"justify\">\r\n<strike>\r\n<p>O REITOR DA UNIVERSIDADE FEDERAL DE SANTA MARIA, no uso de suas atribui\u00e7\u00f5es legais e estatut\u00e1rias, tendo em vista a decis\u00e3o aprovada pelo Conselho de Ensino, Pesquisa e Extens\u00e3o na sess\u00e3o n\u00ba407\u00aa realizada em 21 de Julho de 1992.<\/p>\r\n<br>\r\n<p><b><div align=\"center\">RESOLVE:<\/b><\/div><\/p>\r\n<br>\r\n<p>Declarar que a contrata\u00e7\u00e3o de Professor Visitante por esta Universidade far-se-\u00e1 de acordo com as seguintes normas internas complementares ao que disp\u00f5e o artigo 8\u00ba e seus par\u00e1grafos 1\u00ba e 2\u00ba do anexo ao <a href=\"http:\/\/www.planalto.gov.br\/ccivil_03\/decreto\/antigos\/d94664.htm\" target=\"_blank\"><font color=\"blue\"><u>Decreto n\u00ba 94664, de 23\/07\/1987<\/u><\/font><\/a>:<\/p>\r\n\r\n<p><b>Art. 1\u00ba - <\/b>Poder\u00e3o ser contratados Professores Visitantes para atendimento exclusivamente e de Programas de P\u00f3s-Gradua\u00e7\u00e3o \"Sctrito Sensu', ficando suas atividades vinculadas ao ensino e pesquisa.<\/p>\r\n<p><b>Art. 2\u00ba - <\/b>Somente ser\u00e3o contratados como Professores Visitantes portadores do t\u00edtulo de Doutor ou de Not\u00f3rio Saber obtido na forma da legisla\u00e7\u00e3o vigente.<\/p>\r\n<p><b>Art. 3\u00ba - <\/b>A contrata\u00e7\u00e3o de Professor Visitante resultar\u00e1 de proposta elaborada pelo Departamento, ouvido o Curso de P\u00f3s-Gradua\u00e7\u00e3o correspondente, aprovada pelo Conselho do Centro e homologada pelo Conselho de Ensino, Pesquisa e Extens\u00e3o.<\/p>\r\n<p><b>Art. 4\u00ba - <\/b>Para aprova\u00e7\u00e3o no Conselho do Centro, a proposta deve conter parecer t\u00e9cnico da Pr\u00f3-Reitoria de P\u00f3s-Gradua\u00e7\u00e3o e Pesquisa e garantia da exist\u00eancia dos recursos necess\u00e1rios, dada pela Administra\u00e7\u00e3o Superior da Universidade.<\/p>\r\n<p><b>Art. 5\u00ba - <\/b>A escolha do Professor Visitante far-se-\u00e1 atrav\u00e9s de processo seletivo simplificado divulgado na imprensa e consistira essencialmente no exame do \"Curriculum Vitae\", de car\u00e1ter eliminat\u00f3rio. A crit\u00e9rio da banca examinadora, a escolha poder\u00e1 ser complementada por uma entrevista.<\/p>\r\n<p><b>Art. 6\u00ba - <\/b>O contrato de loca\u00e7\u00e3o de servi\u00e7os de Professor Visitante, vigorara pelo prazo m\u00e1ximo de 4 anos e conter\u00e1 cl\u00e1usula detalhando os objetivos a serem atingidos em etapas previstas no projeto, cujo n\u00e3o atendimento caracterizar\u00e1 justa causa para rescis\u00e3o.<\/p>\r\n<p><b>Par\u00e1grafo \u00danico - <\/b>O contrato de loca\u00e7\u00e3o de Servi\u00e7os de Professor Visitante ser\u00e1 em tempo integral.<\/p>\r\n\r\n<p><b>Art. 7\u00ba - <\/b>Esta Resolu\u00e7\u00e3o entra em vigor na data de sua divulga\u00e7\u00e3o, revogando-se \u00e0s disposi\u00e7\u00f5es em contr\u00e1rio.<\/p>\r\n\r\n<p>GABINETE DO REITOR DA UNIVERSIDADE FEDERAL DE SANTA MARIA, aos vinte e dois dias do m\u00eas de Julho de um mil novecentos e noventa e dois.<\/p>\r\n<\/div>\r\n<p>Professor Tabajara Ga\u00facho da Costa,<\/p>\r\n<p>Reitor.<\/p>\r\n<\/strike>\r\n<p><font color=\"red0000\">Este texto n\u00e3o substitui o documento original, publicado no Portal de Documentos.<\/font> Dispon\u00edvel em: <a href=\"https:\/\/portal.ufsm.br\/documentos\/publico\/documento.html?id=4508752\"><font color=\"blue\">https:\/\/portal.ufsm.br\/documentos\/publico\/documento.html?id=4508752<\/font><\/a>\r\n\r\n\t\t<\/div>\n\t\t\t\t<\/div>\n\t\t\t\t\t<\/div>\n\t\t<\/div>\n\t\t\t\t\t<\/div>\n\t\t<\/section>\n\t\t\t\t<\/div>\n\t\t","protected":false},"excerpt":{"rendered":"<p>RESOLU\u00c7\u00c3O N. 010\/1992 SERVI\u00c7O P\u00daBLICO FEDERAL RESOLU\u00c7\u00c3O N. 010\/1992 Regulamenta a contrata\u00e7\u00e3o de Professores Visitantes, de acordo com o Artigo 8\u00ba do anexo ao Decreto n\u00ba 94664 de 23\/07\/87. Revogada pela Resolu\u00e7\u00e3o N. 007\/1993 O REITOR DA UNIVERSIDADE FEDERAL DE SANTA MARIA, no uso de suas atribui\u00e7\u00f5es legais e estatut\u00e1rias, tendo em vista a decis\u00e3o [&hellip;]<\/p>\n","protected":false},"author":205,"featured_media":0,"parent":0,"menu_order":0,"comment_status":"closed","ping_status":"closed","template":"","meta":{"footnotes":""},"categories":[],"tags":[],"class_list":["post-3505","page","type-page","status-publish","hentry"],"acf":[],"_links":{"self":[{"href":"https:\/\/www.ufsm.br\/pro-reitorias\/proplan\/wp-json\/wp\/v2\/pages\/3505","targetHints":{"allow":["GET"]}}],"collection":[{"href":"https:\/\/www.ufsm.br\/pro-reitorias\/proplan\/wp-json\/wp\/v2\/pages"}],"about":[{"href":"https:\/\/www.ufsm.br\/pro-reitorias\/proplan\/wp-json\/wp\/v2\/types\/page"}],"author":[{"embeddable":true,"href":"https:\/\/www.ufsm.br\/pro-reitorias\/proplan\/wp-json\/wp\/v2\/users\/205"}],"replies":[{"embeddable":true,"href":"https:\/\/www.ufsm.br\/pro-reitorias\/proplan\/wp-json\/wp\/v2\/comments?post=3505"}],"version-history":[{"count":0,"href":"https:\/\/www.ufsm.br\/pro-reitorias\/proplan\/wp-json\/wp\/v2\/pages\/3505\/revisions"}],"wp:attachment":[{"href":"https:\/\/www.ufsm.br\/pro-reitorias\/proplan\/wp-json\/wp\/v2\/media?parent=3505"}],"wp:term":[{"taxonomy":"category","embeddable":true,"href":"https:\/\/www.ufsm.br\/pro-reitorias\/proplan\/wp-json\/wp\/v2\/categories?post=3505"},{"taxonomy":"post_tag","embeddable":true,"href":"https:\/\/www.ufsm.br\/pro-reitorias\/proplan\/wp-json\/wp\/v2\/tags?post=3505"}],"curies":[{"name":"wp","href":"https:\/\/api.w.org\/{rel}","templated":true}]}}